{"id":139,"date":"2020-12-14T14:09:35","date_gmt":"2020-12-14T13:09:35","guid":{"rendered":"https:\/\/onetech.dev\/covid\/?page_id=139"},"modified":"2026-04-22T15:11:26","modified_gmt":"2026-04-22T14:11:26","slug":"oncologie-pediatrique","status":"publish","type":"page","link":"https:\/\/onetech.dev\/covid\/oncologie-pediatrique","title":{"rendered":"Oncologie P\u00e9diatrique"},"content":{"rendered":"<section class=\"l-section wpb_row height_small\"><div class=\"l-section-h i-cf\"><div class=\"g-cols vc_row via_grid cols_1 laptops-cols_inherit tablets-cols_inherit mobiles-cols_1 valign_top type_default stacking_default\"><div class=\"wpb_column vc_column_container type_sticky\"><div class=\"vc_column-inner\" style=\"top:180px\"><div class=\"w-image us_custom_fb33871a us_animate_this has_height align_center\"><div class=\"w-image-h\"><img decoding=\"async\" width=\"900\" height=\"127\" src=\"https:\/\/onetech.dev\/covid\/data\/irc_logo.png\" class=\"attachment-full size-full\" alt=\"\" loading=\"lazy\" srcset=\"https:\/\/onetech.dev\/covid\/data\/irc_logo.png 900w, https:\/\/onetech.dev\/covid\/data\/irc_logo-300x42.png 300w, https:\/\/onetech.dev\/covid\/data\/irc_logo-150x21.png 150w\" sizes=\"auto, (max-width: 900px) 100vw, 900px\" \/><\/div><\/div><div class=\"ult-spacer spacer-69f4102d48af6\" data-id=\"69f4102d48af6\" data-height=\"35\" data-height-mobile=\"35\" data-height-tab=\"35\" data-height-tab-portrait=\"\" data-height-mobile-landscape=\"\" style=\"clear:both;display:block;\"><\/div><h3 class=\"w-text us_custom_7ccf62ca has_text_color\"><span class=\"w-text-h\"><span class=\"w-text-value\">RECOMMANDATIONS G\u00c9N\u00c9RALES<\/span><\/span><\/h3><\/div><\/div><\/div><\/div><\/section><section class=\"l-section wpb_row height_small\"><div class=\"l-section-h i-cf\"><div class=\"g-cols vc_row via_grid cols_1 laptops-cols_inherit tablets-cols_inherit mobiles-cols_1 valign_top type_default stacking_default\"><div class=\"wpb_column vc_column_container\"><div class=\"vc_column-inner\"><div class=\"g-cols wpb_row via_grid cols_2-1 laptops-cols_inherit tablets-cols_inherit mobiles-cols_1 valign_top type_default stacking_default\" style=\"--columns-gap:3rem;\"><div class=\"wpb_column vc_column_container\"><div class=\"vc_column-inner\"><div class=\"aio-icon-component    style_2\"><a class=\"aio-icon-box-link\" ><div id=\"Info-box-wrap-6281\" class=\"aio-icon-box left-icon\" style=\"\"  ><div class=\"aio-icon-left\"><div class=\"ult-just-icon-wrapper  \"><div class=\"align-icon\" style=\"text-align:center;\">\n<div class=\"aio-icon-img \" style=\"font-size:50px;background:#03254C;border-style:solid;border-color:#03254C;border-width:1px;padding:20px;border-radius:500px;display:inline-block;\" >\n\t<img decoding=\"async\" class=\"img-icon\" alt=\"null\" src=\"https:\/\/onetech.dev\/covid\/data\/child.png\"\/>\n<\/div><\/div><\/div><\/div><div class=\"aio-ibd-block\"><div class=\"aio-icon-header\" ><h6 class=\"aio-icon-title ult-responsive\"  data-ultimate-target='#Info-box-wrap-6281 .aio-icon-title'  data-responsive-json-new='{\"font-size\":\"\",\"line-height\":\"\"}'  style=\"font-weight:bold;color:#03254C;\">Oncologie P\u00e9diatrique<\/h6><\/div> <!-- header --><\/div> <!-- aio-ibd-block --><\/div> <!-- aio-icon-box --><\/a><\/div> <!-- aio-icon-component --><\/div><\/div><div class=\"wpb_column vc_column_container\"><div class=\"vc_column-inner\"><div class=\"w-btn-wrapper align_right\"><a class=\"w-btn us-btn-style_1 icon_atleft\" href=\"https:\/\/onetech.dev\/covid\/\"><i class=\"far fa-backward\"><\/i><span class=\"w-btn-label\">Retour<\/span><\/a><\/div><\/div><\/div><\/div><div class=\"ult-spacer spacer-69f4102d4996b\" data-id=\"69f4102d4996b\" data-height=\"25\" data-height-mobile=\"25\" data-height-tab=\"25\" data-height-tab-portrait=\"\" data-height-mobile-landscape=\"\" style=\"clear:both;display:block;\"><\/div><div class=\"g-cols wpb_row via_grid cols_1 laptops-cols_inherit tablets-cols_inherit mobiles-cols_1 valign_top type_default stacking_default\" style=\"--columns-gap:3rem;\"><div class=\"wpb_column vc_column_container us_custom_7e20fa79 us_animate_this\"><div class=\"vc_column-inner\"><div class=\"w-tabs us_custom_064d3121 style_default switch_click accordion has_scrolling\" style=\"--sections-title-size:18px\"><div class=\"w-tabs-sections titles-align_none icon_chevron cpos_right\"><div class=\"w-tabs-section active\" id=\"q415\"><button class=\"w-tabs-section-header active\" aria-controls=\"content-q415\" aria-expanded=\"true\"><div class=\"w-tabs-section-title\">Recommandations G\u00e9n\u00e9rales<\/div><div class=\"w-tabs-section-control\"><\/div><\/button><div  class=\"w-tabs-section-content us_custom_ea76afbe\" id=\"content-q415\"><div class=\"w-tabs-section-content-h i-cf\"><div class=\"wpb_text_column\"><div class=\"wpb_wrapper\"><p style=\"text-align: justify;\">En principe, les activit\u00e9s quotidiennes dans les unit\u00e9s d\u2019h\u00e9matologie oncologie p\u00e9diatrique en terme de diagnostic, de traitement et de soins de support ne devraient pas \u00eatre compromises pendant cette pand\u00e9mie bien qu&rsquo;il semble prudent de reporter les intensifications th\u00e9rapeutiques (allo et autogreffes) lorsque cela est possible. Certaines mesures sont primordiales et devraient \u00eatre prises pour tous les enfants atteints de\u00a0 cancer:<\/p>\n<ul>\n<li style=\"text-align: justify;\">Respecter les mesures d\u2019isolement ; ceci comprend le confinement \u00e0 domicile entre les cures\u00a0 et l&rsquo;admission, dans la mesure du possible, en chambre individuelle pendant le s\u00e9jour \u00e0 l&rsquo;h\u00f4pital.<\/li>\n<li style=\"text-align: justify;\">Annuler et reporter les rendez-vous des consultations de suivi non urgentes. Favoriser la t\u00e9l\u00e9consultation et la surveillance t\u00e9l\u00e9phonique et limiter\u00a0 les visites ambulatoires.<\/li>\n<li style=\"text-align: justify;\">Limiter l\u2019acc\u00e8s \u00e0 l\u2019unit\u00e9\u00a0 de soins \u00e0 un seul parent, respecter les r\u00e8gles de distanciation sociale, de port de masque et Veiller au respect des consignes de s\u00e9curit\u00e9 relatives aux visites des patients.<\/li>\n<li style=\"text-align: justify;\">Organiser l\u2019\u00e9ducation th\u00e9rapeutique et la sensibilisation pour les parents en \u00e9vitant les s\u00e9ances collectives<\/li>\n<li style=\"text-align: justify;\">D\u00e9pister les patients pr\u00e9sentant des sympt\u00f4mes \u00e9vocateurs de l&rsquo;infection et identifier une salle sp\u00e9ciale pour les accueillir en attendant la mise en place de la proc\u00e9dure de d\u00e9pistage. Pour les cas suspects, s\u2019aligner sur les directives de l\u2019h\u00f4pital et les prendre en charge\u00a0au niveau des sites identifi\u00e9s par l\u2019administration.<\/li>\n<li style=\"text-align: justify;\">L&rsquo;utilisation d&rsquo;\u00e9quipements de protection individuelle appropri\u00e9s par le personnel de soins\u00a0et mettre \u00e0 la disposition du personnel soignant : solution hydro-alcoolique, savon, papier pour l\u2019hygi\u00e8ne des mains, masques chirurgicaux et \u00e9ventuellement visi\u00e8res de protection pour le personnel le plus expos\u00e9<\/li>\n<li style=\"text-align: justify;\">Limiter le flux des personnes circulantes au sein des unit\u00e9s d\u2019oncologie p\u00e9diatrique incluant le personnel non n\u00e9cessaire (institutrices, data managers, di\u00e9t\u00e9ticiennes etc.). Limiter aussi la circulation du personnel entre l\u2019unit\u00e9 d\u2019oncologie P\u00e9diatrique et les autres services de l\u2019h\u00f4pital<\/li>\n<li style=\"text-align: justify;\">Adapter le planning de travail des \u00e9quipes et changer le mode de roulement du personnel. Organiser le travail par \u00e9quipes fixes en \u00e9vitant le contact entre les diff\u00e9rentes \u00e9quipes. D\u00e9pistage et confinement du personnel suspect selon les r\u00e8gles en vigueur<\/li>\n<li style=\"text-align: justify;\">Maintenir de fa\u00e7on r\u00e9guli\u00e8re des r\u00e9unions de concertation pluridisciplinaires en\u00a0privil\u00e9giant la t\u00e9l\u00e9conf\u00e9rence et le contact t\u00e9l\u00e9phonique<\/li>\n<li style=\"text-align: justify;\">Assurer\u00a0 la continuit\u00e9 des soins m\u00e9dicaux et chirurgicaux indispensables en favorisant la coop\u00e9ration entre les centres hospitaliers r\u00e9gionaux<\/li>\n<li style=\"text-align: justify;\">Assurer la coordination du transport des patients conform\u00e9ment \u00e0 la\u00a0 circulaire minist\u00e9rielle (n\u00b0 33- DHSA- 2020), en informant la direction r\u00e9gionale qui met \u00e0 leur disposition les autorisations et ambulances n\u00e9cessaires \u00e0 leur d\u00e9placement<\/li>\n<li style=\"text-align: justify;\">Mettre \u00e0 contribution les ONG partenaires pour soutenir les familles en mati\u00e8re de transport entre le domicile et l\u2019h\u00f4pital et aussi approvisionner les patients hospitalis\u00e9s en denr\u00e9es alimentaires. Ils peuvent aussi contribuer \u00e0 l\u2019approvisionnement des \u00e9quipes en produits de protection.<\/li>\n<\/ul>\n<\/div><\/div><\/div><\/div><\/div><\/div><\/div><\/div><\/div><\/div><div class=\"ult-spacer spacer-69f4102d4a696\" data-id=\"69f4102d4a696\" data-height=\"35\" data-height-mobile=\"35\" data-height-tab=\"35\" data-height-tab-portrait=\"\" data-height-mobile-landscape=\"\" style=\"clear:both;display:block;\"><\/div><div class=\"g-cols wpb_row us_custom_60e9caca us_animate_this via_grid cols_1 laptops-cols_inherit tablets-cols_inherit mobiles-cols_1 valign_top type_default stacking_default\" style=\"--columns-gap:3rem;\"><div class=\"wpb_column vc_column_container\"><div class=\"vc_column-inner\"><div class=\"w-text us_custom_7ccf62ca has_text_color\"><span class=\"w-text-h\"><span class=\"w-text-value\">PARTENAIRES<\/span><\/span><\/div><\/div><\/div><\/div><div class=\"w-image align_center\"><div class=\"w-image-h\"><img decoding=\"async\" width=\"1300\" height=\"231\" src=\"https:\/\/onetech.dev\/covid\/data\/partenaire.png\" class=\"attachment-full size-full\" alt=\"\" loading=\"lazy\" srcset=\"https:\/\/onetech.dev\/covid\/data\/partenaire.png 1300w, https:\/\/onetech.dev\/covid\/data\/partenaire-300x53.png 300w, https:\/\/onetech.dev\/covid\/data\/partenaire-1024x182.png 1024w, https:\/\/onetech.dev\/covid\/data\/partenaire-150x27.png 150w\" sizes=\"auto, (max-width: 1300px) 100vw, 1300px\" \/><\/div><\/div><\/div><\/div><\/div><\/div><\/section>\n","protected":false},"excerpt":{"rendered":"RECOMMANDATIONS G\u00c9N\u00c9RALES Oncologie P\u00e9diatrique RetourRecommandations G\u00e9n\u00e9rales En principe, les activit\u00e9s quotidiennes dans les unit\u00e9s d\u2019h\u00e9matologie oncologie p\u00e9diatrique en terme de diagnostic, de traitement et de soins de support ne devraient pas \u00eatre compromises pendant cette pand\u00e9mie bien qu&rsquo;il semble prudent de reporter les intensifications th\u00e9rapeutiques (allo et autogreffes) lorsque cela est possible. Certaines mesures sont...","protected":false},"author":1,"featured_media":0,"parent":0,"menu_order":0,"comment_status":"closed","ping_status":"closed","template":"","meta":{"footnotes":""},"class_list":["post-139","page","type-page","status-publish","hentry"],"_links":{"self":[{"href":"https:\/\/onetech.dev\/covid\/wp-json\/wp\/v2\/pages\/139","targetHints":{"allow":["GET"]}}],"collection":[{"href":"https:\/\/onetech.dev\/covid\/wp-json\/wp\/v2\/pages"}],"about":[{"href":"https:\/\/onetech.dev\/covid\/wp-json\/wp\/v2\/types\/page"}],"author":[{"embeddable":true,"href":"https:\/\/onetech.dev\/covid\/wp-json\/wp\/v2\/users\/1"}],"replies":[{"embeddable":true,"href":"https:\/\/onetech.dev\/covid\/wp-json\/wp\/v2\/comments?post=139"}],"version-history":[{"count":1,"href":"https:\/\/onetech.dev\/covid\/wp-json\/wp\/v2\/pages\/139\/revisions"}],"predecessor-version":[{"id":140,"href":"https:\/\/onetech.dev\/covid\/wp-json\/wp\/v2\/pages\/139\/revisions\/140"}],"wp:attachment":[{"href":"https:\/\/onetech.dev\/covid\/wp-json\/wp\/v2\/media?parent=139"}],"curies":[{"name":"wp","href":"https:\/\/api.w.org\/{rel}","templated":true}]}}