{"id":152,"date":"2020-12-14T13:36:22","date_gmt":"2020-12-14T12:36:22","guid":{"rendered":"https:\/\/onetech.dev\/covid\/?page_id=152"},"modified":"2026-04-22T15:29:59","modified_gmt":"2026-04-22T14:29:59","slug":"oto-rhino-laryngologie","status":"publish","type":"page","link":"https:\/\/onetech.dev\/covid\/oto-rhino-laryngologie","title":{"rendered":"Oto-Rhino Laryngologie"},"content":{"rendered":"<section class=\"l-section wpb_row height_small\"><div class=\"l-section-h i-cf\"><div class=\"g-cols vc_row via_grid cols_1 laptops-cols_inherit tablets-cols_inherit mobiles-cols_1 valign_top type_default stacking_default\"><div class=\"wpb_column vc_column_container type_sticky\"><div class=\"vc_column-inner\" style=\"top:180px\"><div class=\"w-image us_custom_fb33871a us_animate_this has_height align_center\"><div class=\"w-image-h\"><img decoding=\"async\" width=\"900\" height=\"127\" src=\"https:\/\/onetech.dev\/covid\/data\/irc_logo.png\" class=\"attachment-full size-full\" alt=\"\" loading=\"lazy\" srcset=\"https:\/\/onetech.dev\/covid\/data\/irc_logo.png 900w, https:\/\/onetech.dev\/covid\/data\/irc_logo-300x42.png 300w, https:\/\/onetech.dev\/covid\/data\/irc_logo-150x21.png 150w\" sizes=\"auto, (max-width: 900px) 100vw, 900px\" \/><\/div><\/div><div class=\"ult-spacer spacer-69f4127a3126e\" data-id=\"69f4127a3126e\" data-height=\"35\" data-height-mobile=\"35\" data-height-tab=\"35\" data-height-tab-portrait=\"\" data-height-mobile-landscape=\"\" style=\"clear:both;display:block;\"><\/div><h3 class=\"w-text us_custom_7ccf62ca has_text_color\"><span class=\"w-text-h\"><span class=\"w-text-value\">RECOMMANDATIONS G\u00c9N\u00c9RALES<\/span><\/span><\/h3><\/div><\/div><\/div><\/div><\/section><section class=\"l-section wpb_row height_small\"><div class=\"l-section-h i-cf\"><div class=\"g-cols vc_row via_grid cols_1 laptops-cols_inherit tablets-cols_inherit mobiles-cols_1 valign_top type_default stacking_default\"><div class=\"wpb_column vc_column_container\"><div class=\"vc_column-inner\"><div class=\"g-cols wpb_row via_grid cols_2-1 laptops-cols_inherit tablets-cols_inherit mobiles-cols_1 valign_top type_default stacking_default\" style=\"--columns-gap:3rem;\"><div class=\"wpb_column vc_column_container\"><div class=\"vc_column-inner\"><div class=\"aio-icon-component    style_2\"><a class=\"aio-icon-box-link\" ><div id=\"Info-box-wrap-1206\" class=\"aio-icon-box left-icon\" style=\"\"  ><div class=\"aio-icon-left\"><div class=\"ult-just-icon-wrapper  \"><div class=\"align-icon\" style=\"text-align:center;\">\n<div class=\"aio-icon-img \" style=\"font-size:50px;background:#03254C;border-style:solid;border-color:#03254C;border-width:1px;padding:20px;border-radius:500px;display:inline-block;\" >\n\t<img decoding=\"async\" class=\"img-icon\" alt=\"null\" src=\"https:\/\/onetech.dev\/covid\/data\/sore-throat.png\"\/>\n<\/div><\/div><\/div><\/div><div class=\"aio-ibd-block\"><div class=\"aio-icon-header\" ><h6 class=\"aio-icon-title ult-responsive\"  data-ultimate-target='#Info-box-wrap-1206 .aio-icon-title'  data-responsive-json-new='{\"font-size\":\"\",\"line-height\":\"\"}'  style=\"font-weight:bold;color:#03254C;\">Oto-Rhino Laryngologie<\/h6><\/div> <!-- header --><\/div> <!-- aio-ibd-block --><\/div> <!-- aio-icon-box --><\/a><\/div> <!-- aio-icon-component --><\/div><\/div><div class=\"wpb_column vc_column_container\"><div class=\"vc_column-inner\"><div class=\"w-btn-wrapper align_right\"><a class=\"w-btn us-btn-style_1 icon_atleft\" href=\"https:\/\/onetech.dev\/covid\/\"><i class=\"far fa-backward\"><\/i><span class=\"w-btn-label\">Retour<\/span><\/a><\/div><\/div><\/div><\/div><div class=\"ult-spacer spacer-69f4127a320c2\" data-id=\"69f4127a320c2\" data-height=\"25\" data-height-mobile=\"25\" data-height-tab=\"25\" data-height-tab-portrait=\"\" data-height-mobile-landscape=\"\" style=\"clear:both;display:block;\"><\/div><div class=\"g-cols wpb_row via_grid cols_1 laptops-cols_inherit tablets-cols_inherit mobiles-cols_1 valign_top type_default stacking_default\" style=\"--columns-gap:3rem;\"><div class=\"wpb_column vc_column_container us_custom_7e20fa79 us_animate_this\"><div class=\"vc_column-inner\"><div class=\"w-tabs us_custom_064d3121 style_default switch_click accordion has_scrolling\" style=\"--sections-title-size:18px\"><div class=\"w-tabs-sections titles-align_none icon_chevron cpos_right\"><div class=\"w-tabs-section active\" id=\"q999\"><button class=\"w-tabs-section-header active\" aria-controls=\"content-q999\" aria-expanded=\"true\"><div class=\"w-tabs-section-title\">1) UCNT<\/div><div class=\"w-tabs-section-control\"><\/div><\/button><div  class=\"w-tabs-section-content us_custom_ea76afbe\" id=\"content-q999\"><div class=\"w-tabs-section-content-h i-cf\"><div class=\"wpb_text_column\"><div class=\"wpb_wrapper\"><p style=\"text-align: justify;\">Le cancer du nasopharynx NPC est trait\u00e9 par radioth\u00e9rapie exclusive pour les tumeurs T1N0 et par radioth\u00e9rapie chimioth\u00e9rapie concomitante (RCC) pour les tumeurs plus avanc\u00e9es. La dose est de 70 Gy en 35 fractions ou mieux en 33 fractions + cisplatine 40 mg\/m2 hebdomadaire ou 100 mg toutes les 3 semaines qui est le protocole adopt\u00e9 pendant cette p\u00e9riode de pand\u00e9mie<\/p>\n<\/div><\/div><\/div><\/div><\/div><div class=\"w-tabs-section\" id=\"wbd4\"><button class=\"w-tabs-section-header\" aria-controls=\"content-wbd4\" aria-expanded=\"false\"><div class=\"w-tabs-section-title\">2) Autres cancers ORL<\/div><div class=\"w-tabs-section-control\"><\/div><\/button><div  class=\"w-tabs-section-content us_custom_71d3e3d1\" id=\"content-wbd4\"><div class=\"w-tabs-section-content-h i-cf\"><div class=\"wpb_text_column\"><div class=\"wpb_wrapper\"><p style=\"text-align: justify;\">&#8211; Tumeurs en place, stades avanc\u00e9s: 70 Gy en 35 fractions + chimioth\u00e9rapie selon le protocole d\u00e9crit pour le nasopharynx<\/p>\n<p style=\"text-align: justify;\">&#8211; Tumeurs op\u00e9r\u00e9es stades avanc\u00e9s ou N+ ou marges positives : RCC selon le m\u00eame protocole, la dose de radioth\u00e9rapie exclusive est de:<\/p>\n<ul style=\"text-align: justify;\">\n<li>60 Gy en 30 fractions si marges n\u00e9gatives ou N+ sans effraction capsulaire,<\/li>\n<li>66 Gy en 33 fractions associ\u00e9e \u00e0 une chimioth\u00e9rapie concomitante si marge positive (R1) ou N+ avec effraction capsulaire<\/li>\n<\/ul>\n<p style=\"text-align: justify;\">La rapidit\u00e9 d&rsquo;instaurer une radioth\u00e9rapie ou une RCC peut am\u00e9liorer le contr\u00f4le local de plus de 20%. On doit tout faire pour que les patients avec un cancer ORL commencent t\u00f4t, sans arr\u00eat en essayant de les hospitaliser surtout pendant cette p\u00e9riode de pand\u00e9mie COVID19<\/p>\n<p style=\"text-align: justify;\"><u>R\u00e9f\u00e9rences\u00a0:<\/u><\/p>\n<ul>\n<li style=\"text-align: justify;\">Al-Shamsi HO, Alhazzani W, Alhuraiji A, Coomes EA, Chemaly RF, Almuhanna M, Wolff RA, Ibrahim NK, Chua MLK, Hotte SJ, Meyers BM, Elfiki T, Curigliano G, Eng C, Grothey A, Xie C.A pratical approach to the management of cancer patients during the Novel coronavirus Disease 2019 pandemic : An international Collaborative group.<\/li>\n<li style=\"text-align: justify;\">Oncologist. 2020 Apr 3. doi: 10.1634\/theoncologist.2020-0213.<\/li>\n<li style=\"text-align: justify;\">ASTRO. COVID-19 Recommendations to Radiation Oncology Practices. Available at: https:\/\/www.astro.org\/Daily-Practice\/COVID-19-Recommendations-and-Information (1st April 2020, date last accessed).<\/li>\n<\/ul>\n<\/div><\/div><\/div><\/div><\/div><\/div><\/div><\/div><\/div><\/div><div class=\"ult-spacer spacer-69f4127a32f50\" data-id=\"69f4127a32f50\" data-height=\"35\" data-height-mobile=\"35\" data-height-tab=\"35\" data-height-tab-portrait=\"\" data-height-mobile-landscape=\"\" style=\"clear:both;display:block;\"><\/div><div class=\"g-cols wpb_row us_custom_60e9caca us_animate_this via_grid cols_1 laptops-cols_inherit tablets-cols_inherit mobiles-cols_1 valign_top type_default stacking_default\" style=\"--columns-gap:3rem;\"><div class=\"wpb_column vc_column_container\"><div class=\"vc_column-inner\"><div class=\"w-text us_custom_7ccf62ca has_text_color\"><span class=\"w-text-h\"><span class=\"w-text-value\">PARTENAIRES<\/span><\/span><\/div><\/div><\/div><\/div><div class=\"w-image align_center\"><div class=\"w-image-h\"><img decoding=\"async\" width=\"1300\" height=\"231\" src=\"https:\/\/onetech.dev\/covid\/data\/partenaire.png\" class=\"attachment-full size-full\" alt=\"\" loading=\"lazy\" srcset=\"https:\/\/onetech.dev\/covid\/data\/partenaire.png 1300w, https:\/\/onetech.dev\/covid\/data\/partenaire-300x53.png 300w, https:\/\/onetech.dev\/covid\/data\/partenaire-1024x182.png 1024w, https:\/\/onetech.dev\/covid\/data\/partenaire-150x27.png 150w\" sizes=\"auto, (max-width: 1300px) 100vw, 1300px\" \/><\/div><\/div><\/div><\/div><\/div><\/div><\/section>\n","protected":false},"excerpt":{"rendered":"RECOMMANDATIONS G\u00c9N\u00c9RALES Oto-Rhino Laryngologie Retour1) UCNT Le cancer du nasopharynx NPC est trait\u00e9 par radioth\u00e9rapie exclusive pour les tumeurs T1N0 et par radioth\u00e9rapie chimioth\u00e9rapie concomitante (RCC) pour les tumeurs plus avanc\u00e9es. La dose est de 70 Gy en 35 fractions ou mieux en 33 fractions + cisplatine 40 mg\/m2 hebdomadaire ou 100 mg toutes les...","protected":false},"author":1,"featured_media":0,"parent":0,"menu_order":0,"comment_status":"closed","ping_status":"closed","template":"","meta":{"footnotes":""},"class_list":["post-152","page","type-page","status-publish","hentry"],"_links":{"self":[{"href":"https:\/\/onetech.dev\/covid\/wp-json\/wp\/v2\/pages\/152","targetHints":{"allow":["GET"]}}],"collection":[{"href":"https:\/\/onetech.dev\/covid\/wp-json\/wp\/v2\/pages"}],"about":[{"href":"https:\/\/onetech.dev\/covid\/wp-json\/wp\/v2\/types\/page"}],"author":[{"embeddable":true,"href":"https:\/\/onetech.dev\/covid\/wp-json\/wp\/v2\/users\/1"}],"replies":[{"embeddable":true,"href":"https:\/\/onetech.dev\/covid\/wp-json\/wp\/v2\/comments?post=152"}],"version-history":[{"count":1,"href":"https:\/\/onetech.dev\/covid\/wp-json\/wp\/v2\/pages\/152\/revisions"}],"predecessor-version":[{"id":153,"href":"https:\/\/onetech.dev\/covid\/wp-json\/wp\/v2\/pages\/152\/revisions\/153"}],"wp:attachment":[{"href":"https:\/\/onetech.dev\/covid\/wp-json\/wp\/v2\/media?parent=152"}],"curies":[{"name":"wp","href":"https:\/\/api.w.org\/{rel}","templated":true}]}}