{"id":82,"date":"2020-12-14T13:36:48","date_gmt":"2020-12-14T12:36:48","guid":{"rendered":"https:\/\/onetech.dev\/covid\/?page_id=82"},"modified":"2026-04-22T11:38:30","modified_gmt":"2026-04-22T10:38:30","slug":"videotheque","status":"publish","type":"page","link":"https:\/\/onetech.dev\/covid\/videotheque","title":{"rendered":"Vid\u00e9oth\u00e8que"},"content":{"rendered":"<section class=\"l-section wpb_row height_small\"><div class=\"l-section-h i-cf\"><div class=\"g-cols vc_row via_grid cols_1 laptops-cols_inherit tablets-cols_inherit mobiles-cols_1 valign_top type_default stacking_default\"><div class=\"wpb_column vc_column_container type_sticky\"><div class=\"vc_column-inner\" style=\"top:180px\"><div class=\"w-image us_custom_fb33871a us_animate_this has_height align_center\"><div class=\"w-image-h\"><img decoding=\"async\" width=\"900\" height=\"127\" src=\"https:\/\/onetech.dev\/covid\/data\/irc_logo.png\" class=\"attachment-full size-full\" alt=\"\" loading=\"lazy\" srcset=\"https:\/\/onetech.dev\/covid\/data\/irc_logo.png 900w, https:\/\/onetech.dev\/covid\/data\/irc_logo-300x42.png 300w, https:\/\/onetech.dev\/covid\/data\/irc_logo-150x21.png 150w\" sizes=\"auto, (max-width: 900px) 100vw, 900px\" \/><\/div><\/div><\/div><\/div><\/div><\/div><\/section><section class=\"l-section wpb_row height_small\"><div class=\"l-section-h i-cf\"><div class=\"g-cols vc_row via_grid cols_1 laptops-cols_inherit tablets-cols_inherit mobiles-cols_1 valign_top type_default stacking_default\"><div class=\"wpb_column vc_column_container\"><div class=\"vc_column-inner\"><div class=\"g-cols wpb_row via_grid cols_2-1 laptops-cols_inherit tablets-cols_inherit mobiles-cols_1 valign_middle type_default stacking_default\" style=\"--columns-gap:3rem;\"><div class=\"wpb_column vc_column_container\"><div class=\"vc_column-inner\"><div class=\"w-text us_custom_003b934e has_text_color\"><span class=\"w-text-h\"><span class=\"w-text-value\">Vid\u00e9oth\u00e8que<\/span><\/span><\/div><\/div><\/div><div class=\"wpb_column vc_column_container\"><div class=\"vc_column-inner\"><div class=\"w-btn-wrapper align_right\"><a class=\"w-btn us-btn-style_1 icon_atleft\" href=\"https:\/\/onetech.dev\/covid\/\"><i class=\"far fa-backward\"><\/i><span class=\"w-btn-label\">Retour<\/span><\/a><\/div><\/div><\/div><\/div><div class=\"ult-spacer spacer-69f4101522a81\" data-id=\"69f4101522a81\" data-height=\"25\" data-height-mobile=\"25\" data-height-tab=\"25\" data-height-tab-portrait=\"\" data-height-mobile-landscape=\"\" style=\"clear:both;display:block;\"><\/div><div class=\"w-tabs us_custom_064d3121 style_default switch_click accordion has_scrolling\" style=\"--sections-title-size:18px\"><div class=\"w-tabs-sections titles-align_none icon_chevron cpos_right\"><div class=\"w-tabs-section\" id=\"z156\"><button class=\"w-tabs-section-header\" aria-controls=\"content-z156\" aria-expanded=\"false\"><div class=\"w-tabs-section-title\">Radiologie<\/div><div class=\"w-tabs-section-control\"><\/div><\/button><div  class=\"w-tabs-section-content us_custom_ea76afbe\" id=\"content-z156\"><div class=\"w-tabs-section-content-h i-cf\"><div class=\"w-video align_none ratio_16x9 has_iframe\"><div class=\"w-video-h\"><iframe title=\"Youtube video player\" src=\"\/\/www.youtube.com\/embed\/twCit8dbyDg?autoplay=0&controls=1&origin=https:\/\/onetech.dev\/covid&loop=0&mute=0\" allowfullscreen=\"1\" loading=\"lazy\"><\/iframe><\/div><\/div><\/div><\/div><\/div><div class=\"w-tabs-section\" id=\"y305\"><button class=\"w-tabs-section-header\" aria-controls=\"content-y305\" aria-expanded=\"false\"><div class=\"w-tabs-section-title\">Oncologie M\u00e9dicale<\/div><div class=\"w-tabs-section-control\"><\/div><\/button><div  class=\"w-tabs-section-content us_custom_71d3e3d1\" id=\"content-y305\"><div class=\"w-tabs-section-content-h i-cf\"><div class=\"w-video align_none ratio_16x9 has_iframe\"><div class=\"w-video-h\"><iframe title=\"Youtube video player\" src=\"\/\/www.youtube.com\/embed\/ywMpphLCQRs?autoplay=0&controls=1&origin=https:\/\/onetech.dev\/covid&loop=0&mute=0\" allowfullscreen=\"1\" loading=\"lazy\"><\/iframe><\/div><\/div><\/div><\/div><\/div><div class=\"w-tabs-section\" id=\"n499\"><button class=\"w-tabs-section-header\" aria-controls=\"content-n499\" aria-expanded=\"false\"><div class=\"w-tabs-section-title\">Radioth\u00e9rapie<\/div><div class=\"w-tabs-section-control\"><\/div><\/button><div  class=\"w-tabs-section-content us_custom_71d3e3d1\" id=\"content-n499\"><div class=\"w-tabs-section-content-h i-cf\"><div class=\"w-video align_none ratio_16x9 has_iframe\"><div class=\"w-video-h\"><iframe title=\"Youtube video player\" src=\"\/\/www.youtube.com\/embed\/JteGMo72PCY?autoplay=0&controls=1&origin=https:\/\/onetech.dev\/covid&loop=0&mute=0\" allowfullscreen=\"1\" loading=\"lazy\"><\/iframe><\/div><\/div><\/div><\/div><\/div><div class=\"w-tabs-section\" id=\"b62f\"><button class=\"w-tabs-section-header\" aria-controls=\"content-b62f\" aria-expanded=\"false\"><div class=\"w-tabs-section-title\">Chirurgie Oncologique<\/div><div class=\"w-tabs-section-control\"><\/div><\/button><div  class=\"w-tabs-section-content us_custom_71d3e3d1\" id=\"content-b62f\"><div class=\"w-tabs-section-content-h i-cf\"><div class=\"w-video align_none ratio_16x9 has_iframe\"><div class=\"w-video-h\"><iframe title=\"Youtube video player\" src=\"\/\/www.youtube.com\/embed\/4I7devcPT-c?autoplay=0&controls=1&origin=https:\/\/onetech.dev\/covid&loop=0&mute=0\" allowfullscreen=\"1\" loading=\"lazy\"><\/iframe><\/div><\/div><\/div><\/div><\/div><div class=\"w-tabs-section\" id=\"f7be\"><button class=\"w-tabs-section-header\" aria-controls=\"content-f7be\" aria-expanded=\"false\"><div class=\"w-tabs-section-title\">Soins Palliatifs<\/div><div class=\"w-tabs-section-control\"><\/div><\/button><div  class=\"w-tabs-section-content us_custom_71d3e3d1\" id=\"content-f7be\"><div class=\"w-tabs-section-content-h i-cf\"><div class=\"w-video align_none ratio_16x9 has_iframe\"><div class=\"w-video-h\"><iframe title=\"Youtube video player\" src=\"\/\/www.youtube.com\/embed\/fJLgMdn3ImA?autoplay=0&controls=1&origin=https:\/\/onetech.dev\/covid&loop=0&mute=0\" allowfullscreen=\"1\" loading=\"lazy\"><\/iframe><\/div><\/div><\/div><\/div><\/div><div class=\"w-tabs-section\" id=\"i949\"><button class=\"w-tabs-section-header\" aria-controls=\"content-i949\" aria-expanded=\"false\"><div class=\"w-tabs-section-title\">Oncoh\u00e9matologie<\/div><div class=\"w-tabs-section-control\"><\/div><\/button><div  class=\"w-tabs-section-content us_custom_71d3e3d1\" id=\"content-i949\"><div class=\"w-tabs-section-content-h i-cf\"><div class=\"w-video align_none ratio_16x9 has_iframe\"><div class=\"w-video-h\"><iframe title=\"Youtube video player\" src=\"\/\/www.youtube.com\/embed\/ZCQGC1OSD7c?autoplay=0&controls=1&origin=https:\/\/onetech.dev\/covid&loop=0&mute=0\" allowfullscreen=\"1\" loading=\"lazy\"><\/iframe><\/div><\/div><\/div><\/div><\/div><div class=\"w-tabs-section\" id=\"fc6e\"><button class=\"w-tabs-section-header\" aria-controls=\"content-fc6e\" aria-expanded=\"false\"><div class=\"w-tabs-section-title\">Oncologie P\u00e9diatrique<\/div><div class=\"w-tabs-section-control\"><\/div><\/button><div  class=\"w-tabs-section-content us_custom_71d3e3d1\" id=\"content-fc6e\"><div class=\"w-tabs-section-content-h i-cf\"><div class=\"w-video align_none ratio_16x9 has_iframe\"><div class=\"w-video-h\"><iframe title=\"Youtube video player\" src=\"\/\/www.youtube.com\/embed\/Vrs5cH8qVJA?autoplay=0&controls=1&origin=https:\/\/onetech.dev\/covid&loop=0&mute=0\" allowfullscreen=\"1\" loading=\"lazy\"><\/iframe><\/div><\/div><div class=\"ult-spacer spacer-69f4101523afd\" data-id=\"69f4101523afd\" data-height=\"25\" data-height-mobile=\"25\" data-height-tab=\"25\" data-height-tab-portrait=\"\" data-height-mobile-landscape=\"\" style=\"clear:both;display:block;\"><\/div><div class=\"w-video align_none ratio_16x9 has_iframe\"><div class=\"w-video-h\"><iframe title=\"Youtube video player\" src=\"\/\/www.youtube.com\/embed\/QYWVEIpQxmo?autoplay=0&controls=1&origin=https:\/\/onetech.dev\/covid&loop=0&mute=0\" allowfullscreen=\"1\" loading=\"lazy\"><\/iframe><\/div><\/div><\/div><\/div><\/div><div class=\"w-tabs-section\" id=\"be04\"><button class=\"w-tabs-section-header\" aria-controls=\"content-be04\" aria-expanded=\"false\"><div class=\"w-tabs-section-title\">Prise en charge d\u2019un cancer<\/div><div class=\"w-tabs-section-control\"><\/div><\/button><div  class=\"w-tabs-section-content us_custom_71d3e3d1\" id=\"content-be04\"><div class=\"w-tabs-section-content-h i-cf\"><div class=\"w-video align_none ratio_16x9 has_iframe\"><div class=\"w-video-h\"><iframe title=\"Youtube video player\" src=\"\/\/www.youtube.com\/embed\/Y5I1YH5ATJM?autoplay=0&controls=1&origin=https:\/\/onetech.dev\/covid&loop=0&mute=0\" allowfullscreen=\"1\" loading=\"lazy\"><\/iframe><\/div><\/div><\/div><\/div><\/div><\/div><\/div><div class=\"ult-spacer spacer-69f410152480d\" data-id=\"69f410152480d\" data-height=\"35\" data-height-mobile=\"35\" data-height-tab=\"35\" data-height-tab-portrait=\"\" data-height-mobile-landscape=\"\" style=\"clear:both;display:block;\"><\/div><div class=\"g-cols wpb_row us_custom_60e9caca us_animate_this via_grid cols_1 laptops-cols_inherit tablets-cols_inherit mobiles-cols_1 valign_top type_default stacking_default\" style=\"--columns-gap:3rem;\"><div class=\"wpb_column vc_column_container\"><div class=\"vc_column-inner\"><div class=\"w-text us_custom_7ccf62ca has_text_color\"><span class=\"w-text-h\"><span class=\"w-text-value\">PARTENAIRES<\/span><\/span><\/div><div class=\"w-image align_center\"><div class=\"w-image-h\"><img decoding=\"async\" width=\"1300\" height=\"231\" src=\"https:\/\/onetech.dev\/covid\/data\/partenaire.png\" class=\"attachment-full size-full\" alt=\"\" loading=\"lazy\" srcset=\"https:\/\/onetech.dev\/covid\/data\/partenaire.png 1300w, https:\/\/onetech.dev\/covid\/data\/partenaire-300x53.png 300w, https:\/\/onetech.dev\/covid\/data\/partenaire-1024x182.png 1024w, https:\/\/onetech.dev\/covid\/data\/partenaire-150x27.png 150w\" sizes=\"auto, (max-width: 1300px) 100vw, 1300px\" \/><\/div><\/div><\/div><\/div><\/div><\/div><\/div><\/div><\/div><\/section>\n","protected":false},"excerpt":{"rendered":"Vid\u00e9oth\u00e8queRetourRadiologieOncologie M\u00e9dicaleRadioth\u00e9rapieChirurgie OncologiqueSoins PalliatifsOncoh\u00e9matologieOncologie P\u00e9diatriquePrise en charge d\u2019un cancerPARTENAIRES","protected":false},"author":1,"featured_media":0,"parent":0,"menu_order":0,"comment_status":"closed","ping_status":"closed","template":"","meta":{"footnotes":""},"class_list":["post-82","page","type-page","status-publish","hentry"],"_links":{"self":[{"href":"https:\/\/onetech.dev\/covid\/wp-json\/wp\/v2\/pages\/82","targetHints":{"allow":["GET"]}}],"collection":[{"href":"https:\/\/onetech.dev\/covid\/wp-json\/wp\/v2\/pages"}],"about":[{"href":"https:\/\/onetech.dev\/covid\/wp-json\/wp\/v2\/types\/page"}],"author":[{"embeddable":true,"href":"https:\/\/onetech.dev\/covid\/wp-json\/wp\/v2\/users\/1"}],"replies":[{"embeddable":true,"href":"https:\/\/onetech.dev\/covid\/wp-json\/wp\/v2\/comments?post=82"}],"version-history":[{"count":2,"href":"https:\/\/onetech.dev\/covid\/wp-json\/wp\/v2\/pages\/82\/revisions"}],"predecessor-version":[{"id":84,"href":"https:\/\/onetech.dev\/covid\/wp-json\/wp\/v2\/pages\/82\/revisions\/84"}],"wp:attachment":[{"href":"https:\/\/onetech.dev\/covid\/wp-json\/wp\/v2\/media?parent=82"}],"curies":[{"name":"wp","href":"https:\/\/api.w.org\/{rel}","templated":true}]}}