{"id":1042,"date":"2026-04-20T15:31:21","date_gmt":"2026-04-20T14:31:21","guid":{"rendered":"https:\/\/onetech.dev\/irc\/?page_id=1042"},"modified":"2026-04-20T15:32:06","modified_gmt":"2026-04-20T14:32:06","slug":"redcap-irc","status":"publish","type":"page","link":"https:\/\/onetech.dev\/irc\/recherche\/redcap-irc","title":{"rendered":"Plateforme de recherche"},"content":{"rendered":"<section class=\"l-section wpb_row height_auto\"><div class=\"l-section-h i-cf\"><div class=\"g-cols vc_row via_grid cols_1 laptops-cols_inherit tablets-cols_inherit mobiles-cols_1 valign_top type_default stacking_default\"><div class=\"wpb_column vc_column_container\"><div class=\"vc_column-inner\"><div class=\"ult-spacer spacer-69f3fdd650cdb\" data-id=\"69f3fdd650cdb\" data-height=\"25\" data-height-mobile=\"25\" data-height-tab=\"25\" data-height-tab-portrait=\"\" data-height-mobile-landscape=\"\" style=\"clear:both;display:block;\"><\/div><div id=\"uvc-type-wrap-8456\"  data-ultimate-target='#uvc-type-wrap-8456'  data-responsive-json-new='{\"font-size\":\"desktop:26px;\",\"line-height\":\"\"}'  class=\"uvc-type-wrap  ult-adjust-bottom-margin ult-responsive  uvc-type-align-center  uvc-wrap-248598384869f3fdd650d04\" style=\"text-align:center;\"><span  data-ultimate-target='#uvc-type-wrap-8456 .mycustfancy'  data-responsive-json-new='{\"font-size\":\"desktop:26px;\",\"line-height\":\"\"}'  class=\"ultimate-typewriter-prefix mycustfancy ult-responsive\" style=\"font-weight:bold;color:#1B76BC; text-transform: unset;\">Projets de<\/span><span id=\"typed-248598384869f3fdd650d04\" class=\"ultimate-typed-main fancytext-typewriter-background-enabled\" style=\"color:#1B76BC;background:#00000000; font-weight:bold; text-transform: unset;\"><\/span><script type=\"text\/javascript\">\n\t\t\t\t\t\tjQuery(function($){ \n\t\t\t\t\t\t\t$(document).ready(function(){\n\t\t\t\t\t\t\t\tif( typeof jQuery(\"#typed-248598384869f3fdd650d04\").typed == \"function\"){\n\t\t\t\t\t\t\t\t\t$(\"#typed-248598384869f3fdd650d04\").typed({\n\t\t\t\t\t\t\t\t\t\tstrings: [\"Recherche\"],\n\t\t\t\t\t\t\t\t\t\ttypeSpeed: 35,\n\t\t\t\t\t\t\t\t\t\tbackSpeed: 0,\n\t\t\t\t\t\t\t\t\t\tstartDelay: \"200\",\n\t\t\t\t\t\t\t\t\t\tbackDelay: \"1500\",\n\t\t\t\t\t\t\t\t\t\tloop: true,\n\t\t\t\t\t\t\t\t\t\tloopCount: false,\n\t\t\t\t\t\t\t\t\t\tshowCursor: true,\n\t\t\t\t\t\t\t\t\t\tcursorChar: \"|\",\n\t\t\t\t\t\t\t\t\t\tattr: null\n\t\t\t\t\t\t\t\t\t});\n\t\t\t\t\t\t\t\t}\n\t\t\t\t\t\t\t});\n\t\t\t\t\t\t});\n\t\t\t\t\t<\/script><\/div><div class=\"ult-spacer spacer-69f3fdd650f71\" data-id=\"69f3fdd650f71\" data-height=\"10\" data-height-mobile=\"10\" data-height-tab=\"10\" data-height-tab-portrait=\"\" data-height-mobile-landscape=\"\" style=\"clear:both;display:block;\"><\/div><\/div><\/div><\/div><\/div><\/section><section class=\"l-section wpb_row height_auto width_custom\" style=\"--site-content-width:1200px;\"><div class=\"l-section-h i-cf\"><div class=\"g-cols vc_row via_grid cols_2 laptops-cols_inherit tablets-cols_inherit mobiles-cols_1 valign_top type_default stacking_default\"><div class=\"wpb_column vc_column_container us_custom_7e20fa79 us_animate_this\"><div class=\"vc_column-inner\"><div class=\"w-text us_custom_ab9cf480 has_text_color\"><span class=\"w-text-h\"><span class=\"w-text-value\">C\u2019est quoi REDCap ?<\/span><\/span><\/div><div class=\"ult-spacer spacer-69f3fdd6517f2\" data-id=\"69f3fdd6517f2\" data-height=\"10\" data-height-mobile=\"10\" data-height-tab=\"10\" data-height-tab-portrait=\"\" data-height-mobile-landscape=\"\" style=\"clear:both;display:block;\"><\/div><div class=\"wpb_text_column\"><div class=\"wpb_wrapper\"><p style=\"text-align: justify;\">Dans le cadre de sa mission de la promotion de la recherche sur le cancer au Maroc et conform\u00e9ment aux orientations et recommandations du Plan National de Pr\u00e9vention et de Contr\u00f4le du Cancer (<strong>PNPCC 2020- 2029<\/strong>), pour le d\u00e9veloppement et l\u2019accompagnement des <strong>projets de recherche<\/strong>, l\u2019Institut de Recherche sur le Cancer (IRC) a mis en place <strong>une plateforme d\u00e9di\u00e9e pour la gestion des donn\u00e9es cliniques et translationnelles.<\/strong> Il s\u2019agit de la plateforme REDCap (Research Electronic Data Capture).<\/p>\n<p style=\"text-align: justify;\">En effet, la mise en place d\u2019une telle solution r\u00e9pond \u00e0 un fort besoin exprim\u00e9 par la communaut\u00e9 des chercheurs afin de mettre \u00e0 leurs disposition les outils n\u00e9cessaires pour mener leurs \u00e9tudes dans les meilleures conditions, en m\u00eame temps, le d\u00e9ploiement d\u2019une solution pareille serait une \u00e9bauche tr\u00e8s importance dont l\u2019IRC peut profiter pour cartographier les acteurs majeurs de la recherche sur le cancer.<\/p>\n<p style=\"text-align: justify;\">Pour plus de d\u00e9tails sur REDCap, veuillez consulter le site officiel:<br \/>\n<a href=\"https:\/\/www.project-redcap.org\/\" target=\"_blank\" rel=\"noopener\">www.project-redcap.org<\/a><\/p>\n<\/div><\/div><div class=\"ult-spacer spacer-69f3fdd651a9c\" data-id=\"69f3fdd651a9c\" data-height=\"25\" data-height-mobile=\"25\" data-height-tab=\"25\" data-height-tab-portrait=\"\" data-height-mobile-landscape=\"\" style=\"clear:both;display:block;\"><\/div><div class=\"w-text us_custom_ab9cf480 has_text_color\"><span class=\"w-text-h\"><span class=\"w-text-value\">Pourquoi REDCap ?<\/span><\/span><\/div><div class=\"ult-spacer spacer-69f3fdd651b80\" data-id=\"69f3fdd651b80\" data-height=\"10\" data-height-mobile=\"10\" data-height-tab=\"10\" data-height-tab-portrait=\"\" data-height-mobile-landscape=\"\" style=\"clear:both;display:block;\"><\/div><div class=\"wpb_text_column\"><div class=\"wpb_wrapper\"><p style=\"text-align: justify;\">Le d\u00e9ploiement de plateforme REDcap au profit de la communaut\u00e9 des <b>chercheurs en oncologie<\/b> au Maroc va permettre de :<\/p>\n<ul>\n<li style=\"text-align: justify;\">Faciliter la gestion des donn\u00e9es cliniques des diff\u00e9rents types d\u2019\u00e9tudes.<\/li>\n<li style=\"text-align: justify;\">Mettre \u00e0 la disposition des chercheurs un service en ligne leurs permettant d\u2019am\u00e9liorer davantage le d\u00e9roulement des \u00e9tudes cliniques qu\u2019ils m\u00e8nent.<\/li>\n<li style=\"text-align: justify;\">Faire adh\u00e9rer les chercheurs \u00e0 une approche de gestion de donn\u00e9es cliniques standardis\u00e9e et qui respecte les recommandations internationales.<\/li>\n<li style=\"text-align: justify;\">Soutenir la <strong>recherche en oncologie<\/strong> sur les domaines d\u2019int\u00e9r\u00eat suivants :\n<ol>\n<li>Epid\u00e9miologie et Sant\u00e9 Publique<\/li>\n<li>Recherche Clinique<\/li>\n<li>Essais Cliniques<\/li>\n<li>Sciences Humaines, sociales, Juridiques, et \u00e9conomie de sant\u00e9<\/li>\n<li>Biopathologie et Recherche Biom\u00e9dicale<\/li>\n<li>Nouvelles Technologies, Innovation, Ing\u00e9nierie et Syst\u00e8mes d\u2019information<\/li>\n<\/ol>\n<\/li>\n<\/ul>\n<\/div><\/div><\/div><\/div><div class=\"wpb_column vc_column_container us_custom_47474b22 us_animate_this\"><div class=\"vc_column-inner\"><div class=\"w-text us_custom_ab9cf480 has_text_color\"><span class=\"w-text-h\"><span class=\"w-text-value\">Qui peut avoir acc\u00e8s \u00e0 REDCap ?<\/span><\/span><\/div><div class=\"ult-spacer spacer-69f3fdd651f95\" data-id=\"69f3fdd651f95\" data-height=\"10\" data-height-mobile=\"10\" data-height-tab=\"10\" data-height-tab-portrait=\"\" data-height-mobile-landscape=\"\" style=\"clear:both;display:block;\"><\/div><div class=\"wpb_text_column\"><div class=\"wpb_wrapper\"><p style=\"text-align: justify;\">Vous \u00eates chercheur, vous avez un projet de recherche dans l\u2019un des domaines d\u2019int\u00e9r\u00eat cit\u00e9s avant, et vous voulez avoir acc\u00e8s \u00e0 une plateforme \u00e9lectronique pour g\u00e9rer vos donn\u00e9es cliniques, \u201d REDCap-IRC \u201d est faite pour vous.<\/p>\n<p style=\"text-align: justify;\">Pour avoir acc\u00e8s, il suffit de remplir et envoyer le formulaire ci dessous.<\/p>\n<\/div><\/div><div class=\"ult-spacer spacer-69f3fdd6520bb\" data-id=\"69f3fdd6520bb\" data-height=\"25\" data-height-mobile=\"25\" data-height-tab=\"25\" data-height-tab-portrait=\"\" data-height-mobile-landscape=\"\" style=\"clear:both;display:block;\"><\/div><div class=\"w-text us_custom_ab9cf480 has_text_color\"><span class=\"w-text-h\"><span class=\"w-text-value\">Qui peut avoir acc\u00e8s \u00e0 REDCap ?<\/span><\/span><\/div><div class=\"ult-spacer spacer-69f3fdd6521a1\" data-id=\"69f3fdd6521a1\" data-height=\"10\" data-height-mobile=\"10\" data-height-tab=\"10\" data-height-tab-portrait=\"\" data-height-mobile-landscape=\"\" style=\"clear:both;display:block;\"><\/div><div id=\"ultimate-video-189469f3fdd6521cf\" class=\"ult-video  ult-adjust-bottom-margin ultimate-video-189469f3fdd6521cf ultv-3056 \"><div class=\"ultv-video ultv-aspect-ratio-16_9 ultv-subscribe-responsive-none\" data-videotype=\"uv_iframe\">\n\t\t\t\t\t\t<div class=\"ultv-video__outer-wrap\" data-autoplay=\"0\" data-device=\"false\"  data-iconbg=\"#3A3A3A\" data-overcolor=\"\" data-defaultbg=\"#1f1f1e\" data-defaultplay=\"defaulticon\"><div class=\"ultv-video__play\" data-src=\"https:\/\/www.youtube.com\/embed\/n3wtKzST5XM?rel=0&#038;start&#038;end&#038;controls=1&#038;mute=0&#038;modestbranding=0&#038;autoplay=1\">\n\t\t\t\t\t\t\t\t<img decoding=\"async\" class=\"ultv-video__thumb\" src=\"https:\/\/i.ytimg.com\/vi\/n3wtKzST5XM\/maxresdefault.jpg\"\/>\n\t\t\t\t\t\t\t\t<div class=\"ultv-video__play-icon  ultv-animation-none\" style=\"width:75px\"><svg height=\"100%\" version=\"1.1\" viewBox=\"0 0 68 48\" width=\"100%\"><path class=\"ultv-youtube-icon-bg\" d=\"m .66,37.62 c 0,0 .66,4.70 2.70,6.77 2.58,2.71 5.98,2.63 7.49,2.91 5.43,.52 23.10,.68 23.12,.68 .00,-1.3e-5 14.29,-0.02 23.81,-0.71 1.32,-0.15 4.22,-0.17 6.81,-2.89 2.03,-2.07 2.70,-6.77 2.70,-6.77 0,0 .67,-5.52 .67,-11.04 l 0,-5.17 c 0,-5.52 -0.67,-11.04 -0.67,-11.04 0,0 -0.66,-4.70 -2.70,-6.77 C 62.03,.86 59.13,.84 57.80,.69 48.28,0 34.00,0 34.00,0 33.97,0 19.69,0 10.18,.69 8.85,.84 5.95,.86 3.36,3.58 1.32,5.65 .66,10.35 .66,10.35 c 0,0 -0.55,4.50 -0.66,9.45 l 0,8.36 c .10,4.94 .66,9.45 .66,9.45 z\" fill=\"#1f1f1e\" ><\/path><path d=\"m 26.96,13.67 18.37,9.62 -18.37,9.55 -0.00,-19.17 z\" fill=\"#fff\"><\/path><path d=\"M 45.02,23.46 45.32,23.28 26.96,13.67 43.32,22.34 45.02,23.46 z\" fill=\"#ccc\"><\/path><\/svg><\/div> <\/div> <\/div><\/div><\/div><div class=\"w-text us_custom_ab9cf480 has_text_color\"><span class=\"w-text-h\"><span class=\"w-text-value\">Demande d\u2019acquisition d\u2019un compte<\/span><\/span><\/div><div class=\"ult-spacer spacer-69f3fdd652326\" data-id=\"69f3fdd652326\" data-height=\"10\" data-height-mobile=\"10\" data-height-tab=\"10\" data-height-tab-portrait=\"\" data-height-mobile-landscape=\"\" style=\"clear:both;display:block;\"><\/div>\n<div class=\"wpcf7 no-js\" id=\"wpcf7-f1049-o1\" lang=\"fr-FR\" dir=\"ltr\" data-wpcf7-id=\"1049\">\n<div class=\"screen-reader-response\"><p role=\"status\" aria-live=\"polite\" aria-atomic=\"true\"><\/p> <ul><\/ul><\/div>\n<form action=\"\/irc\/wp-json\/wp\/v2\/pages\/1042#wpcf7-f1049-o1\" method=\"post\" class=\"wpcf7-form init\" aria-label=\"Formulaire de contact\" enctype=\"multipart\/form-data\" novalidate=\"novalidate\" data-status=\"init\">\n<fieldset class=\"hidden-fields-container\"><input type=\"hidden\" name=\"_wpcf7\" value=\"1049\" \/><input type=\"hidden\" name=\"_wpcf7_version\" value=\"6.1.5\" \/><input type=\"hidden\" name=\"_wpcf7_locale\" value=\"fr_FR\" \/><input type=\"hidden\" name=\"_wpcf7_unit_tag\" value=\"wpcf7-f1049-o1\" \/><input type=\"hidden\" name=\"_wpcf7_container_post\" value=\"0\" \/><input type=\"hidden\" name=\"_wpcf7_posted_data_hash\" value=\"\" \/><input type=\"hidden\" name=\"_wpcf7cf_hidden_group_fields\" value=\"[]\" \/><input type=\"hidden\" name=\"_wpcf7cf_hidden_groups\" value=\"[]\" \/><input type=\"hidden\" name=\"_wpcf7cf_visible_groups\" value=\"[]\" \/><input type=\"hidden\" name=\"_wpcf7cf_repeaters\" value=\"[]\" \/><input type=\"hidden\" name=\"_wpcf7cf_steps\" value=\"{}\" \/><input type=\"hidden\" name=\"_wpcf7cf_options\" value=\"{&quot;form_id&quot;:1049,&quot;conditions&quot;:[],&quot;settings&quot;:{&quot;animation&quot;:&quot;yes&quot;,&quot;animation_intime&quot;:200,&quot;animation_outtime&quot;:200,&quot;conditions_ui&quot;:&quot;normal&quot;,&quot;notice_dismissed&quot;:false}}\" \/>\n<\/fieldset>\n<p><label> Nom <span style=\"color: red\">*<\/span><br \/>\n<span class=\"wpcf7-form-control-wrap\" data-name=\"nom\"><input size=\"40\" maxlength=\"400\" class=\"wpcf7-form-control wpcf7-text wpcf7-validates-as-required\" aria-required=\"true\" aria-invalid=\"false\" value=\"\" type=\"text\" name=\"nom\" \/><\/span> <\/label>\n<\/p>\n<p><label> Pr\u00e9nom <span style=\"color: red\">*<\/span><br \/>\n<span class=\"wpcf7-form-control-wrap\" data-name=\"prenom\"><input size=\"40\" maxlength=\"400\" class=\"wpcf7-form-control wpcf7-text wpcf7-validates-as-required\" aria-required=\"true\" aria-invalid=\"false\" value=\"\" type=\"text\" name=\"prenom\" \/><\/span> <\/label>\n<\/p>\n<p><label> Adresse de messagerie <span style=\"color: red\">*<\/span><br \/>\n<span class=\"wpcf7-form-control-wrap\" data-name=\"email\"><input size=\"40\" maxlength=\"400\" class=\"wpcf7-form-control wpcf7-email wpcf7-validates-as-required wpcf7-text wpcf7-validates-as-email\" aria-required=\"true\" aria-invalid=\"false\" value=\"\" type=\"email\" name=\"email\" \/><\/span> <\/label>\n<\/p>\n<p><label> Protocole de recherche pour le projet ou l'\u00e9tude <span style=\"color: red\">*<\/span><br \/>\n<span class=\"wpcf7-form-control-wrap\" data-name=\"file-636\"><input size=\"40\" class=\"wpcf7-form-control wpcf7-file wpcf7-validates-as-required\" accept=\".pdf\" aria-required=\"true\" aria-invalid=\"false\" type=\"file\" name=\"file-636\" \/><\/span> <\/label>\n<\/p>\n<div>\n\t<p><span class=\"wpcf7-form-control-wrap\" data-name=\"acceptance\"><span class=\"wpcf7-form-control wpcf7-acceptance optional\"><span class=\"wpcf7-list-item\"><input type=\"checkbox\" name=\"acceptance\" value=\"1\" id=\"acceptance\" aria-invalid=\"false\" \/><\/span><\/span><\/span>J'accepte les Termes et <a href=\"\/irc\/recherche\/redcap-irc\/redcap-conditions-dutilisation\">les Conditions G\u00e9n\u00e9rales d'Utilisation <\/a>Conform\u00e9ment \u00e0 la loi 09-08, vous pouvez exercer vos droits d'acc\u00e8s, de rectification et d'opposition en vous adressons \u00e0 l'unit\u00e9 SI & Bases de donn\u00e9es par mail \u00e0 la boite: redcap-admin@irc.ma<br \/>\nNum\u00e9ro de la d\u00e9claration : D-1134\/2024\n\t<\/p>\n<\/div>\n<p><label><input class=\"wpcf7-form-control wpcf7-submit has-spinner\" type=\"submit\" value=\"Envoyer\" \/><\/label>\n<\/p><div class=\"wpcf7-response-output\" aria-hidden=\"true\"><\/div>\n<\/form>\n<\/div>\n<div class=\"wpb_text_column\"><div class=\"wpb_wrapper\"><p style=\"text-align: justify;\">Pour plus d&rsquo;informations: 06 66 18 24 38 \/06 62 78 13 27<\/p>\n<\/div><\/div><\/div><\/div><\/div><\/div><\/section><section class=\"l-section wpb_row height_small\"><div class=\"l-section-h i-cf\"><div class=\"g-cols vc_row via_grid cols_1 laptops-cols_inherit tablets-cols_inherit mobiles-cols_1 valign_top type_default stacking_default\"><div class=\"wpb_column vc_column_container\"><div class=\"vc_column-inner\"><\/div><\/div><\/div><\/div><\/section>\n","protected":false},"excerpt":{"rendered":"Projets deC\u2019est quoi REDCap ?Dans le cadre de sa mission de la promotion de la recherche sur le cancer au Maroc et conform\u00e9ment aux orientations et recommandations du Plan National de Pr\u00e9vention et de Contr\u00f4le du Cancer (PNPCC 2020- 2029), pour le d\u00e9veloppement et l\u2019accompagnement des projets de recherche, l\u2019Institut de Recherche sur le Cancer...","protected":false},"author":1,"featured_media":0,"parent":478,"menu_order":0,"comment_status":"closed","ping_status":"closed","template":"","meta":{"_acf_changed":false,"footnotes":""},"class_list":["post-1042","page","type-page","status-publish","hentry"],"acf":[],"lang":"fr","translations":{"fr":1042},"pll_sync_post":[],"_links":{"self":[{"href":"https:\/\/onetech.dev\/irc\/wp-json\/wp\/v2\/pages\/1042","targetHints":{"allow":["GET"]}}],"collection":[{"href":"https:\/\/onetech.dev\/irc\/wp-json\/wp\/v2\/pages"}],"about":[{"href":"https:\/\/onetech.dev\/irc\/wp-json\/wp\/v2\/types\/page"}],"author":[{"embeddable":true,"href":"https:\/\/onetech.dev\/irc\/wp-json\/wp\/v2\/users\/1"}],"replies":[{"embeddable":true,"href":"https:\/\/onetech.dev\/irc\/wp-json\/wp\/v2\/comments?post=1042"}],"version-history":[{"count":7,"href":"https:\/\/onetech.dev\/irc\/wp-json\/wp\/v2\/pages\/1042\/revisions"}],"predecessor-version":[{"id":1050,"href":"https:\/\/onetech.dev\/irc\/wp-json\/wp\/v2\/pages\/1042\/revisions\/1050"}],"up":[{"embeddable":true,"href":"https:\/\/onetech.dev\/irc\/wp-json\/wp\/v2\/pages\/478"}],"wp:attachment":[{"href":"https:\/\/onetech.dev\/irc\/wp-json\/wp\/v2\/media?parent=1042"}],"curies":[{"name":"wp","href":"https:\/\/api.w.org\/{rel}","templated":true}]}}