{"id":1068,"date":"2026-04-20T16:25:43","date_gmt":"2026-04-20T15:25:43","guid":{"rendered":"https:\/\/onetech.dev\/irc\/?page_id=1068"},"modified":"2026-04-20T17:01:56","modified_gmt":"2026-04-20T16:01:56","slug":"presentation","status":"publish","type":"page","link":"https:\/\/onetech.dev\/irc\/recherche\/presentation","title":{"rendered":"Pr\u00e9sentation &#8211; R\u00e9seau IRC Associ\u00e9s"},"content":{"rendered":"<section class=\"l-section wpb_row height_auto\"><div class=\"l-section-h i-cf\"><div class=\"g-cols vc_row via_grid cols_1 laptops-cols_inherit tablets-cols_inherit mobiles-cols_1 valign_top type_default stacking_default\"><div class=\"wpb_column vc_column_container\"><div class=\"vc_column-inner\"><div class=\"ult-spacer spacer-69f3fdd75b8a4\" data-id=\"69f3fdd75b8a4\" data-height=\"25\" data-height-mobile=\"25\" data-height-tab=\"25\" data-height-tab-portrait=\"\" data-height-mobile-landscape=\"\" style=\"clear:both;display:block;\"><\/div><div id=\"uvc-type-wrap-5943\"  data-ultimate-target='#uvc-type-wrap-5943'  data-responsive-json-new='{\"font-size\":\"desktop:26px;\",\"line-height\":\"\"}'  class=\"uvc-type-wrap  ult-adjust-bottom-margin ult-responsive  uvc-type-align-center uvc-type-no-prefix uvc-wrap-61760500869f3fdd75b8ce\" style=\"text-align:center;\"><span id=\"typed-61760500869f3fdd75b8ce\" class=\"ultimate-typed-main fancytext-typewriter-background-enabled\" style=\"color:#1B76BC;background:#00000000; font-weight:bold; text-transform: unset;\"><\/span><script type=\"text\/javascript\">\n\t\t\t\t\t\tjQuery(function($){ \n\t\t\t\t\t\t\t$(document).ready(function(){\n\t\t\t\t\t\t\t\tif( typeof jQuery(\"#typed-61760500869f3fdd75b8ce\").typed == \"function\"){\n\t\t\t\t\t\t\t\t\t$(\"#typed-61760500869f3fdd75b8ce\").typed({\n\t\t\t\t\t\t\t\t\t\tstrings: [\"Recherche\"],\n\t\t\t\t\t\t\t\t\t\ttypeSpeed: 35,\n\t\t\t\t\t\t\t\t\t\tbackSpeed: 0,\n\t\t\t\t\t\t\t\t\t\tstartDelay: \"200\",\n\t\t\t\t\t\t\t\t\t\tbackDelay: \"1500\",\n\t\t\t\t\t\t\t\t\t\tloop: true,\n\t\t\t\t\t\t\t\t\t\tloopCount: false,\n\t\t\t\t\t\t\t\t\t\tshowCursor: true,\n\t\t\t\t\t\t\t\t\t\tcursorChar: \"|\",\n\t\t\t\t\t\t\t\t\t\tattr: null\n\t\t\t\t\t\t\t\t\t});\n\t\t\t\t\t\t\t\t}\n\t\t\t\t\t\t\t});\n\t\t\t\t\t\t});\n\t\t\t\t\t<\/script><\/div><div class=\"ult-spacer spacer-69f3fdd75ba9a\" data-id=\"69f3fdd75ba9a\" data-height=\"10\" data-height-mobile=\"10\" data-height-tab=\"10\" data-height-tab-portrait=\"\" data-height-mobile-landscape=\"\" style=\"clear:both;display:block;\"><\/div><\/div><\/div><\/div><\/div><\/section><section class=\"l-section wpb_row height_auto width_custom\" style=\"--site-content-width:1300px;\"><div class=\"l-section-h i-cf\"><div class=\"g-cols vc_row via_grid cols_1-3 laptops-cols_inherit tablets-cols_inherit mobiles-cols_1 valign_top type_default stacking_default\"><div class=\"wpb_column vc_column_container us_custom_7e20fa79 us_animate_this type_sticky\"><div class=\"vc_column-inner\" style=\"top:180px\"><nav class=\"w-menu us_custom_d97262c1 has_text_color layout_ver style_blocks us_menu_1 with_children type_accordion icontype_chevron iconpos_after\" style=\"--main-gap:0rem;--main-ver-indent:0.8em;--main-hor-indent:0.8em;--main-color:var(--color-header-middle-bg);--main-hover-color:#f7941f;--main-active-color:#f7941f;--sub-gap:25px;\"><ul id=\"menu-reseau-irc-associes\" class=\"menu\"><li id=\"menu-item-1081\" class=\"menu-item menu-item-type-post_type menu-item-object-page menu-item-1081\"><a href=\"https:\/\/onetech.dev\/irc\/recherche\/presentation\"><b><\/b><span>Pr\u00e9sentation<\/span><\/a><\/li><li id=\"menu-item-1094\" class=\"menu-item menu-item-type-post_type menu-item-object-page menu-item-1094\"><a href=\"https:\/\/onetech.dev\/irc\/recherche\/recherche-clinique\"><b><\/b><span>Recherche Clinique<\/span><\/a><\/li><li id=\"menu-item-1100\" class=\"menu-item menu-item-type-post_type menu-item-object-page menu-item-1100\"><a href=\"https:\/\/onetech.dev\/irc\/recherche\/epidemiologie-et-sante-publique\"><b><\/b><span>\u00c9pid\u00e9miologie et sant\u00e9 publique<\/span><\/a><\/li><li id=\"menu-item-1109\" class=\"menu-item menu-item-type-post_type menu-item-object-page menu-item-1109\"><a href=\"https:\/\/onetech.dev\/irc\/recherche\/biopathologie-et-recherche-biomedicale\"><b><\/b><span>Biopathologie et recherche biom\u00e9dicale<\/span><\/a><\/li><li id=\"menu-item-1108\" class=\"menu-item menu-item-type-post_type menu-item-object-page menu-item-1108\"><a href=\"https:\/\/onetech.dev\/irc\/recherche\/nouvelles-technologies-si\"><b><\/b><span>Nouvelles Technologies, SI et IA<\/span><\/a><\/li><li id=\"menu-item-1107\" class=\"menu-item menu-item-type-post_type menu-item-object-page menu-item-1107\"><a href=\"https:\/\/onetech.dev\/irc\/recherche\/sciences-humaines-sociales-et-economiques\"><b><\/b><span>Sciences humaines, sociales et \u00e9co<\/span><\/a><\/li><\/ul><style>@media ( max-width:600px ){.us_menu_1 .menu{display:block!important}.us_menu_1 .menu>li{margin:0 0 var(--main-gap,0rem)!important}}<\/style><\/nav><div class=\"ult-spacer spacer-69f3fdd75d536\" data-id=\"69f3fdd75d536\" data-height=\"10\" data-height-mobile=\"10\" data-height-tab=\"10\" data-height-tab-portrait=\"\" data-height-mobile-landscape=\"\" style=\"clear:both;display:block;\"><\/div><\/div><\/div><div class=\"wpb_column vc_column_container us_custom_47474b22 us_animate_this\"><div class=\"vc_column-inner\"><div class=\"w-text us_custom_a4dcccfd has_text_color\"><span class=\"w-text-h\"><span class=\"w-text-value\">R\u00e9seau IRC Associ\u00e9s<\/span><\/span><\/div><div class=\"ult-spacer spacer-69f3fdd75d86c\" data-id=\"69f3fdd75d86c\" data-height=\"15\" data-height-mobile=\"15\" data-height-tab=\"15\" data-height-tab-portrait=\"\" data-height-mobile-landscape=\"\" style=\"clear:both;display:block;\"><\/div><div class=\"w-text us_custom_631881a4 has_text_color\"><span class=\"w-text-h\"><span class=\"w-text-value\">Pr\u00e9sentation<\/span><\/span><\/div><div class=\"ult-spacer spacer-69f3fdd75d941\" data-id=\"69f3fdd75d941\" data-height=\"25\" data-height-mobile=\"25\" data-height-tab=\"25\" data-height-tab-portrait=\"\" data-height-mobile-landscape=\"\" style=\"clear:both;display:block;\"><\/div><div class=\"g-cols wpb_row us_custom_06f61aa8 us_animate_this via_grid cols_2-1 laptops-cols_inherit tablets-cols_inherit mobiles-cols_1 valign_middle type_default stacking_default\" style=\"--columns-gap:0rem;\"><div class=\"wpb_column vc_column_container us_custom_4abaea22\"><div class=\"vc_column-inner\"><div id=\"uvc-type-wrap-7062\"  data-ultimate-target='#uvc-type-wrap-7062'  data-responsive-json-new='{\"font-size\":\"desktop:26px;\",\"line-height\":\"\"}'  class=\"uvc-type-wrap  ult-adjust-bottom-margin ult-responsive  uvc-type-align-center  uvc-wrap-418933154269f3fdd75dd09\" style=\"text-align:center;\"><span  data-ultimate-target='#uvc-type-wrap-7062 .mycustfancy'  data-responsive-json-new='{\"font-size\":\"desktop:26px;\",\"line-height\":\"\"}'  class=\"ultimate-typewriter-prefix mycustfancy ult-responsive\" style=\"font-weight:bold;color:#1B76BC; text-transform: unset;\">Rejoindre le R\u00e9seau<\/span><span id=\"typed-418933154269f3fdd75dd09\" class=\"ultimate-typed-main fancytext-typewriter-background-enabled\" style=\"color:#1B76BC;background:#00000000; font-weight:bold; text-transform: unset;\"><\/span><script type=\"text\/javascript\">\n\t\t\t\t\t\tjQuery(function($){ \n\t\t\t\t\t\t\t$(document).ready(function(){\n\t\t\t\t\t\t\t\tif( typeof jQuery(\"#typed-418933154269f3fdd75dd09\").typed == \"function\"){\n\t\t\t\t\t\t\t\t\t$(\"#typed-418933154269f3fdd75dd09\").typed({\n\t\t\t\t\t\t\t\t\t\tstrings: [\"IRC Associ\u00e9s\"],\n\t\t\t\t\t\t\t\t\t\ttypeSpeed: 35,\n\t\t\t\t\t\t\t\t\t\tbackSpeed: 0,\n\t\t\t\t\t\t\t\t\t\tstartDelay: \"200\",\n\t\t\t\t\t\t\t\t\t\tbackDelay: \"1500\",\n\t\t\t\t\t\t\t\t\t\tloop: true,\n\t\t\t\t\t\t\t\t\t\tloopCount: false,\n\t\t\t\t\t\t\t\t\t\tshowCursor: true,\n\t\t\t\t\t\t\t\t\t\tcursorChar: \"|\",\n\t\t\t\t\t\t\t\t\t\tattr: null\n\t\t\t\t\t\t\t\t\t});\n\t\t\t\t\t\t\t\t}\n\t\t\t\t\t\t\t});\n\t\t\t\t\t\t});\n\t\t\t\t\t<\/script><\/div><\/div><\/div><div class=\"wpb_column vc_column_container\"><div class=\"vc_column-inner\"><div class=\"w-btn-wrapper align_center\"><a class=\"w-btn us-btn-style_1 icon_atleft\" href=\"https:\/\/onetech.dev\/irc\/accueil\/reseau-marocain-des-chercheurs-associes\/inscription\"><i class=\"far fa-file-signature\"><\/i><span class=\"w-btn-label\">Cliquez-moi<\/span><\/a><\/div><\/div><\/div><\/div><div class=\"ult-spacer spacer-69f3fdd75e127\" data-id=\"69f3fdd75e127\" data-height=\"25\" data-height-mobile=\"25\" data-height-tab=\"25\" data-height-tab-portrait=\"\" data-height-mobile-landscape=\"\" style=\"clear:both;display:block;\"><\/div><div class=\"g-cols wpb_row us_custom_60e9caca us_animate_this via_grid cols_1 laptops-cols_inherit tablets-cols_inherit mobiles-cols_1 valign_top type_default stacking_default\" style=\"--columns-gap:3rem;\"><div class=\"wpb_column vc_column_container\"><div class=\"vc_column-inner\"><div class=\"w-text us_custom_ab9cf480 has_text_color\"><span class=\"w-text-h\"><span class=\"w-text-value\">Contexte<\/span><\/span><\/div><div class=\"ult-spacer spacer-69f3fdd75e498\" data-id=\"69f3fdd75e498\" data-height=\"15\" data-height-mobile=\"15\" data-height-tab=\"15\" data-height-tab-portrait=\"\" data-height-mobile-landscape=\"\" style=\"clear:both;display:block;\"><\/div><div class=\"wpb_text_column\"><div class=\"wpb_wrapper\"><p style=\"text-align: justify;\">Depuis sa cr\u00e9ation, l\u2019Institut de Recherche sur le Cancer (IRC) a pris un tr\u00e8s fort engagement pour le d\u00e9veloppement, l\u2019organisation et la promotion de la recherche sur le cancer au Maroc.<\/p>\n<p style=\"text-align: justify;\">C\u2019est dans cette perspective que l\u2019IRC a d\u00e9velopp\u00e9 une strat\u00e9gie dynamique visant \u00e0 f\u00e9d\u00e9rer les op\u00e9rateurs de recherche sur le cancer \u00e0 travers la mise en place des r\u00e9seaux de Chercheurs, Doctorants et Structures de Recherches Associ\u00e9es \u00e0 l\u2019IRC.<\/p>\n<\/div><\/div><div class=\"ult-spacer spacer-69f3fdd75e6f4\" data-id=\"69f3fdd75e6f4\" data-height=\"25\" data-height-mobile=\"25\" data-height-tab=\"25\" data-height-tab-portrait=\"\" data-height-mobile-landscape=\"\" style=\"clear:both;display:block;\"><\/div><\/div><\/div><\/div><div class=\"g-cols wpb_row us_custom_60e9caca us_animate_this via_grid cols_1 laptops-cols_inherit tablets-cols_inherit mobiles-cols_1 valign_top type_default stacking_default\" style=\"--columns-gap:3rem;\"><div class=\"wpb_column vc_column_container\"><div class=\"vc_column-inner\"><div class=\"w-text us_custom_ab9cf480 has_text_color\"><span class=\"w-text-h\"><span class=\"w-text-value\">Processus d\u2019adh\u00e9sion IRC associ\u00e9<\/span><\/span><\/div><div class=\"ult-spacer spacer-69f3fdd75ea5a\" data-id=\"69f3fdd75ea5a\" data-height=\"25\" data-height-mobile=\"25\" data-height-tab=\"25\" data-height-tab-portrait=\"\" data-height-mobile-landscape=\"\" style=\"clear:both;display:block;\"><\/div><div class=\"w-image align_center\"><div class=\"w-image-h\"><img decoding=\"async\" width=\"481\" height=\"522\" src=\"https:\/\/onetech.dev\/irc\/data\/drawit-diagram1.png\" class=\"attachment-full size-full\" alt=\"\" loading=\"lazy\" srcset=\"https:\/\/onetech.dev\/irc\/data\/drawit-diagram1.png 481w, https:\/\/onetech.dev\/irc\/data\/drawit-diagram1-323x350.png 323w, https:\/\/onetech.dev\/irc\/data\/drawit-diagram1-138x150.png 138w\" sizes=\"auto, (max-width: 481px) 100vw, 481px\" \/><\/div><\/div><div class=\"ult-spacer spacer-69f3fdd75ef49\" data-id=\"69f3fdd75ef49\" data-height=\"25\" data-height-mobile=\"25\" data-height-tab=\"25\" data-height-tab-portrait=\"\" data-height-mobile-landscape=\"\" style=\"clear:both;display:block;\"><\/div><\/div><\/div><\/div><div class=\"g-cols wpb_row us_custom_60e9caca us_animate_this via_grid cols_1 laptops-cols_inherit tablets-cols_inherit mobiles-cols_1 valign_top type_default stacking_default\" style=\"--columns-gap:3rem;\"><div class=\"wpb_column vc_column_container\"><div class=\"vc_column-inner\"><div class=\"w-text us_custom_ab9cf480 has_text_color\"><span class=\"w-text-h\"><span class=\"w-text-value\">Retomb\u00e9es<\/span><\/span><\/div><div class=\"ult-spacer spacer-69f3fdd75f2d5\" data-id=\"69f3fdd75f2d5\" data-height=\"15\" data-height-mobile=\"15\" data-height-tab=\"15\" data-height-tab-portrait=\"\" data-height-mobile-landscape=\"\" style=\"clear:both;display:block;\"><\/div><div class=\"wpb_text_column\"><div class=\"wpb_wrapper\"><p style=\"text-align: justify;\"><strong>Le projet de cr\u00e9ation de r\u00e9seau scientifique s\u2019est fix\u00e9 plusieurs objectifs :<\/strong><\/p>\n<ol>\n<li style=\"text-align: justify;\">F\u00e9d\u00e9rer les ressources et cr\u00e9er des synergies ;<\/li>\n<li style=\"text-align: justify;\">Renforcer la visibilit\u00e9 des chercheurs et des structures de recherche dans le domaine de l\u2019oncologie<\/li>\n<li style=\"text-align: justify;\">Cr\u00e9er un environnement propice pour une recherche comp\u00e9titive.<\/li>\n<\/ol>\n<\/div><\/div><div class=\"ult-spacer spacer-69f3fdd75f472\" data-id=\"69f3fdd75f472\" data-height=\"20\" data-height-mobile=\"20\" data-height-tab=\"20\" data-height-tab-portrait=\"\" data-height-mobile-landscape=\"\" style=\"clear:both;display:block;\"><\/div><div class=\"wpb_text_column\"><div class=\"wpb_wrapper\"><p style=\"text-align: justify;\"><strong>Ce r\u00e9seau permettra au chercheur :<\/strong><\/p>\n<ol>\n<li style=\"text-align: justify;\">De postuler aux appels \u00e0 projets (AAP), aux consortiums et aux appels \u00e0 mini projets (AAmP)<\/li>\n<li style=\"text-align: justify;\">D\u2019\u00eatre inform\u00e9 et participer aux diff\u00e9rentes manifestations organis\u00e9es ou coorganis\u00e9es par L\u2019IRC<\/li>\n<li style=\"text-align: justify;\">De participer et \u00eatre membre actif dans les diff\u00e9rentes approches innovantes (Moroccan Oncology Big Data, les biobanques, la pathologie num\u00e9rique, les projets r\u00e9gions, l\u2019ing\u00e9nierie, intelligence artificielle, OMICS\u2026)<\/li>\n<li style=\"text-align: justify;\">D\u2019\u00eatre prioritaire et avantag\u00e9 dans la participation aux cours et formations (pr\u00e9sentiel ou \u00e0 distance)<\/li>\n<li style=\"text-align: justify;\">D\u2019\u00eatre inform\u00e9, de participer et d\u2019int\u00e9grer les projets, collaborations et partenariats internationaux.<\/li>\n<\/ol>\n<\/div><\/div><div class=\"ult-spacer spacer-69f3fdd75f5f8\" data-id=\"69f3fdd75f5f8\" data-height=\"20\" data-height-mobile=\"20\" data-height-tab=\"20\" data-height-tab-portrait=\"\" data-height-mobile-landscape=\"\" style=\"clear:both;display:block;\"><\/div><div class=\"wpb_text_column\"><div class=\"wpb_wrapper\"><p style=\"text-align: justify;\"><strong>Les domaines d\u2019int\u00e9r\u00eat identifi\u00e9s sont les suivants :<\/strong><\/p>\n<ol>\n<li style=\"text-align: justify;\">Epid\u00e9miologie et Sant\u00e9 Publique<\/li>\n<li style=\"text-align: justify;\">Recherche Clinique<\/li>\n<li style=\"text-align: justify;\">Essais Cliniques<\/li>\n<li style=\"text-align: justify;\">Sciences Humaines, sociales, Juridiques, et \u00e9conomie de sant\u00e9<\/li>\n<li style=\"text-align: justify;\">Biopathologie et Recherche Biom\u00e9dicale<\/li>\n<li style=\"text-align: justify;\">Nouvelles Technologies, Innovation, Ing\u00e9nierie et Syst\u00e8mes d\u2019information<\/li>\n<\/ol>\n<\/div><\/div><div class=\"ult-spacer spacer-69f3fdd75f763\" data-id=\"69f3fdd75f763\" data-height=\"25\" data-height-mobile=\"25\" data-height-tab=\"25\" data-height-tab-portrait=\"\" data-height-mobile-landscape=\"\" style=\"clear:both;display:block;\"><\/div><\/div><\/div><\/div><\/div><\/div><\/div><\/div><\/section><section class=\"l-section wpb_row height_small\"><div class=\"l-section-h i-cf\"><div class=\"g-cols vc_row via_grid cols_1 laptops-cols_inherit tablets-cols_inherit mobiles-cols_1 valign_top type_default stacking_default\"><div class=\"wpb_column vc_column_container\"><div class=\"vc_column-inner\"><\/div><\/div><\/div><\/div><\/section>\n","protected":false},"excerpt":{"rendered":"Pr\u00e9sentationRecherche Clinique\u00c9pid\u00e9miologie et sant\u00e9 publiqueBiopathologie et recherche biom\u00e9dicaleNouvelles Technologies, SI et IASciences humaines, sociales et \u00e9coR\u00e9seau IRC Associ\u00e9sPr\u00e9sentationRejoindre le R\u00e9seauCliquez-moiContexte Depuis sa cr\u00e9ation, l\u2019Institut de Recherche sur le Cancer (IRC) a pris un tr\u00e8s fort engagement pour le d\u00e9veloppement, l\u2019organisation et la promotion de la recherche sur le cancer au Maroc. C\u2019est dans cette perspective...","protected":false},"author":1,"featured_media":0,"parent":478,"menu_order":0,"comment_status":"closed","ping_status":"closed","template":"","meta":{"_acf_changed":false,"footnotes":""},"class_list":["post-1068","page","type-page","status-publish","hentry"],"acf":[],"lang":"fr","translations":{"fr":1068},"pll_sync_post":[],"_links":{"self":[{"href":"https:\/\/onetech.dev\/irc\/wp-json\/wp\/v2\/pages\/1068","targetHints":{"allow":["GET"]}}],"collection":[{"href":"https:\/\/onetech.dev\/irc\/wp-json\/wp\/v2\/pages"}],"about":[{"href":"https:\/\/onetech.dev\/irc\/wp-json\/wp\/v2\/types\/page"}],"author":[{"embeddable":true,"href":"https:\/\/onetech.dev\/irc\/wp-json\/wp\/v2\/users\/1"}],"replies":[{"embeddable":true,"href":"https:\/\/onetech.dev\/irc\/wp-json\/wp\/v2\/comments?post=1068"}],"version-history":[{"count":14,"href":"https:\/\/onetech.dev\/irc\/wp-json\/wp\/v2\/pages\/1068\/revisions"}],"predecessor-version":[{"id":1089,"href":"https:\/\/onetech.dev\/irc\/wp-json\/wp\/v2\/pages\/1068\/revisions\/1089"}],"up":[{"embeddable":true,"href":"https:\/\/onetech.dev\/irc\/wp-json\/wp\/v2\/pages\/478"}],"wp:attachment":[{"href":"https:\/\/onetech.dev\/irc\/wp-json\/wp\/v2\/media?parent=1068"}],"curies":[{"name":"wp","href":"https:\/\/api.w.org\/{rel}","templated":true}]}}