{"id":1118,"date":"2026-04-20T17:39:31","date_gmt":"2026-04-20T16:39:31","guid":{"rendered":"https:\/\/onetech.dev\/irc\/?page_id=1118"},"modified":"2026-04-23T10:47:30","modified_gmt":"2026-04-23T09:47:30","slug":"appels-a-mini-projets-projets-de-recherche","status":"publish","type":"page","link":"https:\/\/onetech.dev\/irc\/recherche\/appels-a-mini-projets-projets-de-recherche","title":{"rendered":"Appels \u00e0 mini projets &#8211; Projets de recherche"},"content":{"rendered":"<section class=\"l-section wpb_row height_auto\"><div class=\"l-section-h i-cf\"><div class=\"g-cols vc_row via_grid cols_1 laptops-cols_inherit tablets-cols_inherit mobiles-cols_1 valign_top type_default stacking_default\"><div class=\"wpb_column vc_column_container\"><div class=\"vc_column-inner\"><div class=\"ult-spacer spacer-69f4008135e7c\" data-id=\"69f4008135e7c\" data-height=\"25\" data-height-mobile=\"25\" data-height-tab=\"25\" data-height-tab-portrait=\"\" data-height-mobile-landscape=\"\" style=\"clear:both;display:block;\"><\/div><div id=\"uvc-type-wrap-7902\"  data-ultimate-target='#uvc-type-wrap-7902'  data-responsive-json-new='{\"font-size\":\"desktop:26px;\",\"line-height\":\"\"}'  class=\"uvc-type-wrap  ult-adjust-bottom-margin ult-responsive  uvc-type-align-center uvc-type-no-prefix uvc-wrap-330112589169f4008135ea7\" style=\"text-align:center;\"><span id=\"typed-330112589169f4008135ea7\" class=\"ultimate-typed-main fancytext-typewriter-background-enabled\" style=\"color:#1B76BC;background:#00000000; font-weight:bold; text-transform: unset;\"><\/span><script type=\"text\/javascript\">\n\t\t\t\t\t\tjQuery(function($){ \n\t\t\t\t\t\t\t$(document).ready(function(){\n\t\t\t\t\t\t\t\tif( typeof jQuery(\"#typed-330112589169f4008135ea7\").typed == \"function\"){\n\t\t\t\t\t\t\t\t\t$(\"#typed-330112589169f4008135ea7\").typed({\n\t\t\t\t\t\t\t\t\t\tstrings: [\"Recherche\"],\n\t\t\t\t\t\t\t\t\t\ttypeSpeed: 35,\n\t\t\t\t\t\t\t\t\t\tbackSpeed: 0,\n\t\t\t\t\t\t\t\t\t\tstartDelay: \"200\",\n\t\t\t\t\t\t\t\t\t\tbackDelay: \"1500\",\n\t\t\t\t\t\t\t\t\t\tloop: true,\n\t\t\t\t\t\t\t\t\t\tloopCount: false,\n\t\t\t\t\t\t\t\t\t\tshowCursor: true,\n\t\t\t\t\t\t\t\t\t\tcursorChar: \"|\",\n\t\t\t\t\t\t\t\t\t\tattr: null\n\t\t\t\t\t\t\t\t\t});\n\t\t\t\t\t\t\t\t}\n\t\t\t\t\t\t\t});\n\t\t\t\t\t\t});\n\t\t\t\t\t<\/script><\/div><div class=\"ult-spacer spacer-69f4008136151\" data-id=\"69f4008136151\" data-height=\"10\" data-height-mobile=\"10\" data-height-tab=\"10\" data-height-tab-portrait=\"\" data-height-mobile-landscape=\"\" style=\"clear:both;display:block;\"><\/div><\/div><\/div><\/div><\/div><\/section><section class=\"l-section wpb_row height_auto width_custom\" style=\"--site-content-width:1200px;\"><div class=\"l-section-h i-cf\"><div class=\"g-cols vc_row via_grid cols_1-3 laptops-cols_inherit tablets-cols_inherit mobiles-cols_1 valign_top type_default stacking_default\"><div class=\"wpb_column vc_column_container us_custom_7e20fa79 us_animate_this type_sticky\"><div class=\"vc_column-inner\" style=\"top:180px\"><nav class=\"w-menu us_custom_d97262c1 has_text_color layout_ver style_blocks us_menu_1 with_children type_accordion icontype_chevron iconpos_after\" style=\"--main-gap:0rem;--main-ver-indent:0.8em;--main-hor-indent:0.8em;--main-color:var(--color-header-middle-bg);--main-hover-color:#f7941f;--main-active-color:#f7941f;--sub-gap:25px;\"><ul id=\"menu-projets-de-recherche\" class=\"menu\"><li id=\"menu-item-1121\" class=\"menu-item menu-item-type-post_type menu-item-object-page menu-item-has-children menu-item-1121\"><a href=\"https:\/\/onetech.dev\/irc\/recherche\/appels-a-projets\"><b><\/b><span>Appels \u00e0 projets<\/span><\/a><ul class=\"sub-menu\"><li id=\"menu-item-1178\" class=\"menu-item menu-item-type-post_type menu-item-object-page menu-item-1178\"><a href=\"https:\/\/onetech.dev\/irc\/recherche\/appels-a-projets\/aap-2024\"><b><\/b><span>&ensp; &#8226; AAP 2024<\/span><\/a><\/li><li id=\"menu-item-1165\" class=\"menu-item menu-item-type-post_type menu-item-object-page menu-item-1165\"><a href=\"https:\/\/onetech.dev\/irc\/recherche\/appels-a-projets\/aap-2017\"><b><\/b><span>&ensp; &#8226; AAP 2017<\/span><\/a><\/li><li id=\"menu-item-1160\" class=\"menu-item menu-item-type-post_type menu-item-object-page menu-item-1160\"><a href=\"https:\/\/onetech.dev\/irc\/recherche\/appels-a-projets\/aap-2016\"><b><\/b><span>&ensp; &#8226; AAP 2016<\/span><\/a><\/li><li id=\"menu-item-1150\" class=\"menu-item menu-item-type-post_type menu-item-object-page menu-item-1150\"><a href=\"https:\/\/onetech.dev\/irc\/recherche\/appels-a-projets\/aap-2013\"><b><\/b><span>&ensp; &#8226; AAP 2013<\/span><\/a><\/li><\/ul><\/li><li id=\"menu-item-1120\" class=\"menu-item menu-item-type-post_type menu-item-object-page menu-item-has-children menu-item-1120\"><a href=\"https:\/\/onetech.dev\/irc\/recherche\/appels-a-mini-projets-projets-de-recherche\"><b><\/b><span>Appels \u00e0 mini projets<\/span><\/a><ul class=\"sub-menu\"><li id=\"menu-item-1263\" class=\"menu-item menu-item-type-post_type menu-item-object-page menu-item-1263\"><a href=\"https:\/\/onetech.dev\/irc\/recherche\/appels-a-mini-projets-projets-de-recherche\/aamp-2023\"><b><\/b><span>&ensp; &#8226; AAmP 2023<\/span><\/a><\/li><li id=\"menu-item-1266\" class=\"menu-item menu-item-type-post_type menu-item-object-page menu-item-1266\"><a href=\"https:\/\/onetech.dev\/irc\/recherche\/appels-a-mini-projets-projets-de-recherche\/aamp-2019\"><b><\/b><span>&ensp; &#8226; AAmP 2019<\/span><\/a><\/li><\/ul><\/li><li id=\"menu-item-1137\" class=\"menu-item menu-item-type-post_type menu-item-object-page menu-item-has-children menu-item-1137\"><a href=\"https:\/\/onetech.dev\/irc\/recherche\/projets-internationaux\"><b><\/b><span>Projets internationaux<\/span><\/a><ul class=\"sub-menu\"><li id=\"menu-item-1136\" class=\"menu-item menu-item-type-post_type menu-item-object-page menu-item-1136\"><a href=\"https:\/\/onetech.dev\/irc\/recherche\/projets-internationaux\/projet-edsmar3\"><b><\/b><span>&ensp; &#8226; Projet EDSMAR3<\/span><\/a><\/li><li id=\"menu-item-1135\" class=\"menu-item menu-item-type-post_type menu-item-object-page menu-item-1135\"><a href=\"https:\/\/onetech.dev\/irc\/recherche\/projets-internationaux\/consortium\"><b><\/b><span>&ensp; &#8226; Consortium<\/span><\/a><\/li><\/ul><\/li><\/ul><style>@media ( max-width:600px ){.us_menu_1 .menu{display:block!important}.us_menu_1 .menu>li{margin:0 0 var(--main-gap,0rem)!important}}<\/style><\/nav><div class=\"ult-spacer spacer-69f400813857d\" data-id=\"69f400813857d\" data-height=\"10\" data-height-mobile=\"10\" data-height-tab=\"10\" data-height-tab-portrait=\"\" data-height-mobile-landscape=\"\" style=\"clear:both;display:block;\"><\/div><\/div><\/div><div class=\"wpb_column vc_column_container us_custom_47474b22 us_animate_this\"><div class=\"vc_column-inner\"><div class=\"w-text us_custom_a4dcccfd has_text_color\"><span class=\"w-text-h\"><span class=\"w-text-value\">Projets de Recherche<\/span><\/span><\/div><div class=\"ult-spacer spacer-69f400813886c\" data-id=\"69f400813886c\" data-height=\"25\" data-height-mobile=\"25\" data-height-tab=\"25\" data-height-tab-portrait=\"\" data-height-mobile-landscape=\"\" style=\"clear:both;display:block;\"><\/div><div class=\"w-text us_custom_631881a4 has_text_color\"><span class=\"w-text-h\"><span class=\"w-text-value\">Appels \u00e0 mini projets<\/span><\/span><\/div><div class=\"ult-spacer spacer-69f4008138940\" data-id=\"69f4008138940\" data-height=\"15\" data-height-mobile=\"15\" data-height-tab=\"15\" data-height-tab-portrait=\"\" data-height-mobile-landscape=\"\" style=\"clear:both;display:block;\"><\/div><div class=\"w-text us_custom_343fa6c4 has_text_color\"><span class=\"w-text-h\"><span class=\"w-text-value\">AAmP 2023<\/span><\/span><\/div><div class=\"ult-spacer spacer-69f40081389fc\" data-id=\"69f40081389fc\" data-height=\"15\" data-height-mobile=\"15\" data-height-tab=\"15\" data-height-tab-portrait=\"\" data-height-mobile-landscape=\"\" style=\"clear:both;display:block;\"><\/div><div class=\"w-text us_custom_451d5dde has_text_color\"><span class=\"w-text-h\"><span class=\"w-text-value\">Liste des projets retenus :<\/span><\/span><\/div><div class=\"ult-spacer spacer-69f4008138abd\" data-id=\"69f4008138abd\" data-height=\"25\" data-height-mobile=\"25\" data-height-tab=\"25\" data-height-tab-portrait=\"\" data-height-mobile-landscape=\"\" style=\"clear:both;display:block;\"><\/div><div class=\"w-html\">\n<table id=\"tablepress-16\" class=\"tablepress tablepress-id-16\">\n<thead>\n<tr class=\"row-1\">\n\t<th class=\"column-1\">Num Demande<\/th><th class=\"column-2\">Titre Projet<\/th><th class=\"column-3\">Coordinateur principal<\/th>\n<\/tr>\n<\/thead>\n<tbody class=\"row-striping\">\n<tr class=\"row-2\">\n\t<td class=\"column-1\">1142<\/td><td class=\"column-2\">Int\u00e9gration de la G\u00e9n\u00e9tique dans la Gestion du Cancer de la Prostate \u00e0 Faible Risque<\/td><td class=\"column-3\">Malki, Mohamed amine<\/td>\n<\/tr>\n<tr class=\"row-3\">\n\t<td class=\"column-1\">1144<\/td><td class=\"column-2\">Deep learning for designing molecules with optimized properties for treating cancer.<\/td><td class=\"column-3\">Mousannif, Hajar<\/td>\n<\/tr>\n<tr class=\"row-4\">\n\t<td class=\"column-1\">1166<\/td><td class=\"column-2\">\u00c9tude pilote d\u2019un panel personnalis\u00e9 pour le s\u00e9quen\u00e7age cibl\u00e9 de nouvelle g\u00e9n\u00e9ration des cancers solides. \"A Pilot Study of a custom panel for targeted Next Generation Sequencing in Solid Cancers\"<\/td><td class=\"column-3\">ARIFI, Samia<\/td>\n<\/tr>\n<tr class=\"row-5\">\n\t<td class=\"column-1\">1193<\/td><td class=\"column-2\">Evaluation du programme de d\u00e9pistage du cancer du col de l\u2019ut\u00e9rus \u00e0 la r\u00e9gion Tanger T\u00e9touan Al Houceima, 2024<\/td><td class=\"column-3\">Najdi, Adil<\/td>\n<\/tr>\n<tr class=\"row-6\">\n\t<td class=\"column-1\">1024<\/td><td class=\"column-2\">D\u00e9veloppement d\u2019un algorithme d'intelligence artificielle pour un meilleur d\u00e9pistage des l\u00e9sions cervicales par l\u2019inspection visuelle \u00e0 l\u2019acide ac\u00e9tique<\/td><td class=\"column-3\">EL MZIBRI, Mohammed<\/td>\n<\/tr>\n<tr class=\"row-7\">\n\t<td class=\"column-1\">1252<\/td><td class=\"column-2\">Implication de l\u2019EBV dans la lymphomagen\u00e8se B chez les patients marocains<\/td><td class=\"column-3\">EL MCHICHI, Bouchra<\/td>\n<\/tr>\n<tr class=\"row-8\">\n\t<td class=\"column-1\">1271<\/td><td class=\"column-2\">Biomarqueurs pronostiques et pr\u00e9dictifs dans l'ad\u00e9nocarcinome pancr\u00e9atique<\/td><td class=\"column-3\">CHBANI, Laila<\/td>\n<\/tr>\n<tr class=\"row-9\">\n\t<td class=\"column-1\">1291<\/td><td class=\"column-2\">Elaboration et conception d'un prototype de tests non-invasifs de diagnostic, de d\u00e9pistage et de pronostic des cancers colorectaux<\/td><td class=\"column-3\">Mansour, Hicham<\/td>\n<\/tr>\n<tr class=\"row-10\">\n\t<td class=\"column-1\">1317<\/td><td class=\"column-2\">R\u00e9volutionner la Radioth\u00e9rapie Comment l\u2019impl\u00e9mentation du Lean Management peut am\u00e9liorer les performances du service de Radioth\u00e9rapie du CHU Hassan II de F\u00e8s?<\/td><td class=\"column-3\">KHALFI, Samia<\/td>\n<\/tr>\n<tr class=\"row-11\">\n\t<td class=\"column-1\">1361<\/td><td class=\"column-2\">Data base clinique, mol\u00e9culaire, th\u00e9rapeutique et \u00e9volutive  du cancer de prostate m\u00e9tastatique hormono-sensibles \u00e0 l\u2019institut  National d\u2019oncologie de Rabat.<\/td><td class=\"column-3\">INRHAOUN, Hanane<\/td>\n<\/tr>\n<\/tbody>\n<\/table>\n<!-- #tablepress-16 from cache --><\/div><div class=\"ult-spacer spacer-69f4008139178\" data-id=\"69f4008139178\" data-height=\"25\" data-height-mobile=\"25\" data-height-tab=\"25\" data-height-tab-portrait=\"\" data-height-mobile-landscape=\"\" style=\"clear:both;display:block;\"><\/div><div class=\"wpb_text_column\"><div class=\"wpb_wrapper\"><p style=\"text-align: justify;\">*NB : Projets retenus sous r\u00e9serve de l\u2019application des remarques propos\u00e9es par le comit\u00e9 d\u2019\u00e9valuation.<\/p>\n<\/div><\/div><div class=\"ult-spacer spacer-69f40081393dd\" data-id=\"69f40081393dd\" data-height=\"25\" data-height-mobile=\"25\" data-height-tab=\"25\" data-height-tab-portrait=\"\" data-height-mobile-landscape=\"\" style=\"clear:both;display:block;\"><\/div><div class=\"g-cols wpb_row via_grid cols_2-1 laptops-cols_inherit tablets-cols_inherit mobiles-cols_1 valign_top type_default stacking_default\" style=\"--columns-gap:3rem;\"><div class=\"wpb_column vc_column_container\"><div class=\"vc_column-inner\"><div class=\"w-image align_center\"><div class=\"w-image-h\"><img decoding=\"async\" width=\"2000\" height=\"1125\" src=\"https:\/\/onetech.dev\/irc\/data\/Presentation12-1_page-0001.jpg\" class=\"attachment-full size-full\" alt=\"\" loading=\"lazy\" srcset=\"https:\/\/onetech.dev\/irc\/data\/Presentation12-1_page-0001.jpg 2000w, https:\/\/onetech.dev\/irc\/data\/Presentation12-1_page-0001-350x197.jpg 350w, https:\/\/onetech.dev\/irc\/data\/Presentation12-1_page-0001-1024x576.jpg 1024w, https:\/\/onetech.dev\/irc\/data\/Presentation12-1_page-0001-150x84.jpg 150w\" sizes=\"auto, (max-width: 2000px) 100vw, 2000px\" \/><\/div><\/div><div class=\"wpb_text_column\"><div class=\"wpb_wrapper\"><p><strong>Sp\u00e9cificit\u00e9s de l\u2019AAmP 2023:<\/strong><\/p>\n<ol>\n<li>Un financement maximal de 150 000.00 DH.<\/li>\n<li>Une subvention doit au moins aboutir \u00e0 une publication.<\/li>\n<\/ol>\n<\/div><\/div><\/div><\/div><div class=\"wpb_column vc_column_container\"><div class=\"vc_column-inner\"><div class=\"w-image align_center\"><a ref=\"magnificPopup\" href=\"https:\/\/onetech.dev\/irc\/data\/Plan-de-travail-1.png\" aria-label=\"Plan-de-travail-1\" class=\"w-image-h\"><img decoding=\"async\" width=\"842\" height=\"1191\" src=\"https:\/\/onetech.dev\/irc\/data\/Plan-de-travail-1.png\" class=\"attachment-full size-full\" alt=\"\" loading=\"lazy\" srcset=\"https:\/\/onetech.dev\/irc\/data\/Plan-de-travail-1.png 842w, https:\/\/onetech.dev\/irc\/data\/Plan-de-travail-1-247x350.png 247w, https:\/\/onetech.dev\/irc\/data\/Plan-de-travail-1-724x1024.png 724w, https:\/\/onetech.dev\/irc\/data\/Plan-de-travail-1-106x150.png 106w\" sizes=\"auto, (max-width: 842px) 100vw, 842px\" \/><\/a><\/div><\/div><\/div><\/div><div class=\"ult-spacer spacer-69f4008139ff4\" data-id=\"69f4008139ff4\" data-height=\"25\" data-height-mobile=\"25\" data-height-tab=\"25\" data-height-tab-portrait=\"\" data-height-mobile-landscape=\"\" style=\"clear:both;display:block;\"><\/div><div class=\"wpb_text_column\"><div class=\"wpb_wrapper\"><p><strong>Domaines de recherche cibl\u00e9s:<\/strong><\/p>\n<ol>\n<li>Recherche en \u00e9pid\u00e9miologie.<\/li>\n<li>Recherche en sant\u00e9 publique.<\/li>\n<li>Recherche clinique.<\/li>\n<li>Recherche translationnelle.<\/li>\n<li style=\"text-align: justify;\">Recherche en biopathologie (biologie, anatomopathologie, g\u00e9n\u00e9tique ).<\/li>\n<li style=\"text-align: justify;\">Recherche en nouvelles technologies, innovation Ing\u00e9nierie et syst\u00e8mes d\u2019information.<\/li>\n<li style=\"text-align: justify;\">Recherche en sciences humaines, sociales et \u00e9conomiques.<\/li>\n<\/ol>\n<\/div><\/div><div class=\"ult-spacer spacer-69f400813a1a0\" data-id=\"69f400813a1a0\" data-height=\"25\" data-height-mobile=\"25\" data-height-tab=\"25\" data-height-tab-portrait=\"\" data-height-mobile-landscape=\"\" style=\"clear:both;display:block;\"><\/div><div class=\"wpb_text_column\"><div class=\"wpb_wrapper\"><p><strong>Documents scientifique et Proc\u00e9dures:<\/strong><br \/>\nPour plus de d\u00e9tails, veuillez consulter:<\/p>\n<ol>\n<li><a href=\"https:\/\/onetech.dev\/irc\/data\/Termes-de-references-AAmP-2023.pdf\" target=\"_blank\" rel=\"noopener\">Document scientifique AAmP-2023<\/a><\/li>\n<li><a href=\"https:\/\/onetech.dev\/irc\/data\/Procedures-AAmP-2023.pdf\" target=\"_blank\" rel=\"noopener\">Manuel des proc\u00e9dures de l\u2019AAmP<\/a><\/li>\n<\/ol>\n<\/div><\/div><\/div><\/div><\/div><\/div><\/section><section class=\"l-section wpb_row height_small\"><div class=\"l-section-h i-cf\"><div class=\"g-cols vc_row via_grid cols_1 laptops-cols_inherit tablets-cols_inherit mobiles-cols_1 valign_top type_default stacking_default\"><div class=\"wpb_column vc_column_container\"><div class=\"vc_column-inner\"><\/div><\/div><\/div><\/div><\/section>\n","protected":false},"excerpt":{"rendered":"Appels \u00e0 projets&ensp; &#8226; AAP 2024&ensp; &#8226; AAP 2017&ensp; &#8226; AAP 2016&ensp; &#8226; AAP 2013Appels \u00e0 mini projets&ensp; &#8226; AAmP 2023&ensp; &#8226; AAmP 2019Projets internationaux&ensp; &#8226; Projet EDSMAR3&ensp; &#8226; ConsortiumProjets de RechercheAppels \u00e0 mini projetsAAmP 2023Liste des projets retenus : Num DemandeTitre ProjetCoordinateur principal 1142Int\u00e9gration de la G\u00e9n\u00e9tique dans la Gestion du Cancer de la...","protected":false},"author":1,"featured_media":0,"parent":478,"menu_order":0,"comment_status":"closed","ping_status":"closed","template":"","meta":{"_acf_changed":false,"footnotes":""},"class_list":["post-1118","page","type-page","status-publish","hentry"],"acf":[],"lang":"fr","translations":{"fr":1118},"pll_sync_post":[],"_links":{"self":[{"href":"https:\/\/onetech.dev\/irc\/wp-json\/wp\/v2\/pages\/1118","targetHints":{"allow":["GET"]}}],"collection":[{"href":"https:\/\/onetech.dev\/irc\/wp-json\/wp\/v2\/pages"}],"about":[{"href":"https:\/\/onetech.dev\/irc\/wp-json\/wp\/v2\/types\/page"}],"author":[{"embeddable":true,"href":"https:\/\/onetech.dev\/irc\/wp-json\/wp\/v2\/users\/1"}],"replies":[{"embeddable":true,"href":"https:\/\/onetech.dev\/irc\/wp-json\/wp\/v2\/comments?post=1118"}],"version-history":[{"count":4,"href":"https:\/\/onetech.dev\/irc\/wp-json\/wp\/v2\/pages\/1118\/revisions"}],"predecessor-version":[{"id":1259,"href":"https:\/\/onetech.dev\/irc\/wp-json\/wp\/v2\/pages\/1118\/revisions\/1259"}],"up":[{"embeddable":true,"href":"https:\/\/onetech.dev\/irc\/wp-json\/wp\/v2\/pages\/478"}],"wp:attachment":[{"href":"https:\/\/onetech.dev\/irc\/wp-json\/wp\/v2\/media?parent=1118"}],"curies":[{"name":"wp","href":"https:\/\/api.w.org\/{rel}","templated":true}]}}