{"id":1144,"date":"2026-04-20T20:16:18","date_gmt":"2026-04-20T19:16:18","guid":{"rendered":"https:\/\/onetech.dev\/irc\/?page_id=1144"},"modified":"2026-04-20T21:05:03","modified_gmt":"2026-04-20T20:05:03","slug":"aap-2013","status":"publish","type":"page","link":"https:\/\/onetech.dev\/irc\/recherche\/appels-a-projets\/aap-2013","title":{"rendered":"AAP 2013 &#8211; Appels \u00e0 projets"},"content":{"rendered":"<section class=\"l-section wpb_row height_auto\"><div class=\"l-section-h i-cf\"><div class=\"g-cols vc_row via_grid cols_1 laptops-cols_inherit tablets-cols_inherit mobiles-cols_1 valign_top type_default stacking_default\"><div class=\"wpb_column vc_column_container\"><div class=\"vc_column-inner\"><div class=\"ult-spacer spacer-69f40bbe6b98f\" data-id=\"69f40bbe6b98f\" data-height=\"25\" data-height-mobile=\"25\" data-height-tab=\"25\" data-height-tab-portrait=\"\" data-height-mobile-landscape=\"\" style=\"clear:both;display:block;\"><\/div><div id=\"uvc-type-wrap-1998\"  data-ultimate-target='#uvc-type-wrap-1998'  data-responsive-json-new='{\"font-size\":\"desktop:26px;\",\"line-height\":\"\"}'  class=\"uvc-type-wrap  ult-adjust-bottom-margin ult-responsive  uvc-type-align-center uvc-type-no-prefix uvc-wrap-215047736769f40bbe6b9ba\" style=\"text-align:center;\"><span id=\"typed-215047736769f40bbe6b9ba\" class=\"ultimate-typed-main fancytext-typewriter-background-enabled\" style=\"color:#1B76BC;background:#00000000; font-weight:bold; text-transform: unset;\"><\/span><script type=\"text\/javascript\">\n\t\t\t\t\t\tjQuery(function($){ \n\t\t\t\t\t\t\t$(document).ready(function(){\n\t\t\t\t\t\t\t\tif( typeof jQuery(\"#typed-215047736769f40bbe6b9ba\").typed == \"function\"){\n\t\t\t\t\t\t\t\t\t$(\"#typed-215047736769f40bbe6b9ba\").typed({\n\t\t\t\t\t\t\t\t\t\tstrings: [\"Recherche\"],\n\t\t\t\t\t\t\t\t\t\ttypeSpeed: 35,\n\t\t\t\t\t\t\t\t\t\tbackSpeed: 0,\n\t\t\t\t\t\t\t\t\t\tstartDelay: \"200\",\n\t\t\t\t\t\t\t\t\t\tbackDelay: \"1500\",\n\t\t\t\t\t\t\t\t\t\tloop: true,\n\t\t\t\t\t\t\t\t\t\tloopCount: false,\n\t\t\t\t\t\t\t\t\t\tshowCursor: true,\n\t\t\t\t\t\t\t\t\t\tcursorChar: \"|\",\n\t\t\t\t\t\t\t\t\t\tattr: null\n\t\t\t\t\t\t\t\t\t});\n\t\t\t\t\t\t\t\t}\n\t\t\t\t\t\t\t});\n\t\t\t\t\t\t});\n\t\t\t\t\t<\/script><\/div><div class=\"ult-spacer spacer-69f40bbe6bce7\" data-id=\"69f40bbe6bce7\" data-height=\"10\" data-height-mobile=\"10\" data-height-tab=\"10\" data-height-tab-portrait=\"\" data-height-mobile-landscape=\"\" style=\"clear:both;display:block;\"><\/div><\/div><\/div><\/div><\/div><\/section><section class=\"l-section wpb_row height_auto width_custom\" style=\"--site-content-width:1200px;\"><div class=\"l-section-h i-cf\"><div class=\"g-cols vc_row via_grid cols_1-3 laptops-cols_inherit tablets-cols_inherit mobiles-cols_1 valign_top type_default stacking_default\"><div class=\"wpb_column vc_column_container us_custom_7e20fa79 us_animate_this type_sticky\"><div class=\"vc_column-inner\" style=\"top:180px\"><nav class=\"w-menu us_custom_d97262c1 has_text_color layout_ver style_blocks us_menu_1 with_children type_accordion icontype_chevron iconpos_after\" style=\"--main-gap:0rem;--main-ver-indent:0.8em;--main-hor-indent:0.8em;--main-color:var(--color-header-middle-bg);--main-hover-color:#f7941f;--main-active-color:#f7941f;--sub-gap:25px;\"><ul id=\"menu-projets-de-recherche\" class=\"menu\"><li id=\"menu-item-1121\" class=\"menu-item menu-item-type-post_type menu-item-object-page menu-item-has-children menu-item-1121\"><a href=\"https:\/\/onetech.dev\/irc\/recherche\/appels-a-projets\"><b><\/b><span>Appels \u00e0 projets<\/span><\/a><ul class=\"sub-menu\"><li id=\"menu-item-1178\" class=\"menu-item menu-item-type-post_type menu-item-object-page menu-item-1178\"><a href=\"https:\/\/onetech.dev\/irc\/recherche\/appels-a-projets\/aap-2024\"><b><\/b><span>&ensp; &#8226; AAP 2024<\/span><\/a><\/li><li id=\"menu-item-1165\" class=\"menu-item menu-item-type-post_type menu-item-object-page menu-item-1165\"><a href=\"https:\/\/onetech.dev\/irc\/recherche\/appels-a-projets\/aap-2017\"><b><\/b><span>&ensp; &#8226; AAP 2017<\/span><\/a><\/li><li id=\"menu-item-1160\" class=\"menu-item menu-item-type-post_type menu-item-object-page menu-item-1160\"><a href=\"https:\/\/onetech.dev\/irc\/recherche\/appels-a-projets\/aap-2016\"><b><\/b><span>&ensp; &#8226; AAP 2016<\/span><\/a><\/li><li id=\"menu-item-1150\" class=\"menu-item menu-item-type-post_type menu-item-object-page menu-item-1150\"><a href=\"https:\/\/onetech.dev\/irc\/recherche\/appels-a-projets\/aap-2013\"><b><\/b><span>&ensp; &#8226; AAP 2013<\/span><\/a><\/li><\/ul><\/li><li id=\"menu-item-1120\" class=\"menu-item menu-item-type-post_type menu-item-object-page menu-item-has-children menu-item-1120\"><a href=\"https:\/\/onetech.dev\/irc\/recherche\/appels-a-mini-projets-projets-de-recherche\"><b><\/b><span>Appels \u00e0 mini projets<\/span><\/a><ul class=\"sub-menu\"><li id=\"menu-item-1263\" class=\"menu-item menu-item-type-post_type menu-item-object-page menu-item-1263\"><a href=\"https:\/\/onetech.dev\/irc\/recherche\/appels-a-mini-projets-projets-de-recherche\/aamp-2023\"><b><\/b><span>&ensp; &#8226; AAmP 2023<\/span><\/a><\/li><li id=\"menu-item-1266\" class=\"menu-item menu-item-type-post_type menu-item-object-page menu-item-1266\"><a href=\"https:\/\/onetech.dev\/irc\/recherche\/appels-a-mini-projets-projets-de-recherche\/aamp-2019\"><b><\/b><span>&ensp; &#8226; AAmP 2019<\/span><\/a><\/li><\/ul><\/li><li id=\"menu-item-1137\" class=\"menu-item menu-item-type-post_type menu-item-object-page menu-item-has-children menu-item-1137\"><a href=\"https:\/\/onetech.dev\/irc\/recherche\/projets-internationaux\"><b><\/b><span>Projets internationaux<\/span><\/a><ul class=\"sub-menu\"><li id=\"menu-item-1136\" class=\"menu-item menu-item-type-post_type menu-item-object-page menu-item-1136\"><a href=\"https:\/\/onetech.dev\/irc\/recherche\/projets-internationaux\/projet-edsmar3\"><b><\/b><span>&ensp; &#8226; Projet EDSMAR3<\/span><\/a><\/li><li id=\"menu-item-1135\" class=\"menu-item menu-item-type-post_type menu-item-object-page menu-item-1135\"><a href=\"https:\/\/onetech.dev\/irc\/recherche\/projets-internationaux\/consortium\"><b><\/b><span>&ensp; &#8226; Consortium<\/span><\/a><\/li><\/ul><\/li><\/ul><style>@media ( max-width:600px ){.us_menu_1 .menu{display:block!important}.us_menu_1 .menu>li{margin:0 0 var(--main-gap,0rem)!important}}<\/style><\/nav><div class=\"ult-spacer spacer-69f40bbe6ef19\" data-id=\"69f40bbe6ef19\" data-height=\"10\" data-height-mobile=\"10\" data-height-tab=\"10\" data-height-tab-portrait=\"\" data-height-mobile-landscape=\"\" style=\"clear:both;display:block;\"><\/div><\/div><\/div><div class=\"wpb_column vc_column_container us_custom_47474b22 us_animate_this\"><div class=\"vc_column-inner\"><div class=\"w-text us_custom_a4dcccfd has_text_color\"><span class=\"w-text-h\"><span class=\"w-text-value\">Projets de Recherche<\/span><\/span><\/div><div class=\"ult-spacer spacer-69f40bbe6f1c7\" data-id=\"69f40bbe6f1c7\" data-height=\"25\" data-height-mobile=\"25\" data-height-tab=\"25\" data-height-tab-portrait=\"\" data-height-mobile-landscape=\"\" style=\"clear:both;display:block;\"><\/div><div class=\"w-text us_custom_631881a4 has_text_color\"><span class=\"w-text-h\"><span class=\"w-text-value\">Appels \u00e0 projets<\/span><\/span><\/div><div class=\"ult-spacer spacer-69f40bbe6f28b\" data-id=\"69f40bbe6f28b\" data-height=\"15\" data-height-mobile=\"15\" data-height-tab=\"15\" data-height-tab-portrait=\"\" data-height-mobile-landscape=\"\" style=\"clear:both;display:block;\"><\/div><div class=\"w-text us_custom_343fa6c4 has_text_color\"><span class=\"w-text-h\"><span class=\"w-text-value\">AAP 2013<\/span><\/span><\/div><div class=\"ult-spacer spacer-69f40bbe6f33d\" data-id=\"69f40bbe6f33d\" data-height=\"15\" data-height-mobile=\"15\" data-height-tab=\"15\" data-height-tab-portrait=\"\" data-height-mobile-landscape=\"\" style=\"clear:both;display:block;\"><\/div><div class=\"w-text us_custom_451d5dde has_text_color\"><span class=\"w-text-h\"><span class=\"w-text-value\">Liste des projets retenus :<\/span><\/span><\/div><div class=\"ult-spacer spacer-69f40bbe6f3ea\" data-id=\"69f40bbe6f3ea\" data-height=\"25\" data-height-mobile=\"25\" data-height-tab=\"25\" data-height-tab-portrait=\"\" data-height-mobile-landscape=\"\" style=\"clear:both;display:block;\"><\/div><div class=\"w-html\">\n<table id=\"tablepress-12\" class=\"tablepress tablepress-id-12\">\n<thead>\n<tr class=\"row-1\">\n\t<th class=\"column-1\">Titre Projet<\/th><th colspan=\"2\" class=\"column-2\">Coordinateur principal<\/th>\n<\/tr>\n<\/thead>\n<tbody class=\"row-striping\">\n<tr class=\"row-2\">\n\t<td class=\"column-1\">Registre National des Cancers de l\u2019Enfant et de l\u2019AdolescentRegistre National des Cancers de l\u2019Enfant et de l\u2019Adolescent<\/td><td class=\"column-2\">AMINE Mohamed<\/td><td class=\"column-3\"><a href=\"\/irc\/recherche\/appels-a-projets\/aap-2013\/aap-1\">D\u00e9tails<\/a><\/td>\n<\/tr>\n<tr class=\"row-3\">\n\t<td class=\"column-1\">Oncologie P\u00e9diatrique sans Douleur<\/td><td class=\"column-2\">HESSISSEN Leila<\/td><td class=\"column-3\"><a href=\"\/irc\/recherche\/appels-a-projets\/aap-2013\/aap-2\">D\u00e9tails<\/a><\/td>\n<\/tr>\n<tr class=\"row-4\">\n\t<td class=\"column-1\">Chimioth\u00e9rapie m\u00e9tronomique en H\u00e9mato-oncologie p\u00e9diatrique<\/td><td class=\"column-2\">EL KABABRI Maria<\/td><td class=\"column-3\"><a href=\"\/irc\/recherche\/appels-a-projets\/aap-2013\/aap-3\">D\u00e9tails<\/a><\/td>\n<\/tr>\n<tr class=\"row-5\">\n\t<td class=\"column-1\">\u00c9tude sur les facteurs de risque comportementaux, nutritionnels et g\u00e9n\u00e9tiques des cancers colorectaux au Maroc<\/td><td class=\"column-2\">ELRHAZI Karima<\/td><td class=\"column-3\"><a href=\"\/irc\/recherche\/appels-a-projets\/aap-2013\/aap-4\">D\u00e9tails<\/a><\/td>\n<\/tr>\n<tr class=\"row-6\">\n\t<td class=\"column-1\">\u00c9tude de caract\u00e9risation pharmacologique et phyto-chimique des extraits de trois plantes utilis\u00e9es en m\u00e9decine traditionnelle marocaine et recherche de nouvelles substances actives anticanc\u00e9reuses<\/td><td class=\"column-2\">MEDDAH Bouchra<\/td><td class=\"column-3\"><a href=\"\/irc\/recherche\/appels-a-projets\/aap-2013\/aap-5\">D\u00e9tails<\/a><\/td>\n<\/tr>\n<tr class=\"row-7\">\n\t<td class=\"column-1\">\u00c9tude Observationnelle clinique, mol\u00e9culaire et th\u00e9rapeutique des cancers du sein inflammatoires<\/td><td class=\"column-2\">ERRIHANI Hassan<\/td><td class=\"column-3\"><a href=\"\/irc\/recherche\/appels-a-projets\/aap-2013\/aap-6\">D\u00e9tails<\/a><\/td>\n<\/tr>\n<tr class=\"row-8\">\n\t<td class=\"column-1\">Le cancer du sein triple n\u00e9gatif (TNBC) : Etude du profil g\u00e9n\u00e9tique, Mod\u00e9lisation des marqueurs biologiques et Etude de l\u2019impact de l\u2019utilisation des plantes m\u00e9dicinales sur le traitement des patientes recrut\u00e9es au CHU Mohamed VI de Marrakech.<\/td><td class=\"column-2\">ZYAD Abdelmajid<\/td><td class=\"column-3\"><a href=\"\/irc\/recherche\/appels-a-projets\/aap-2013\/aap-7\">D\u00e9tails<\/a><\/td>\n<\/tr>\n<tr class=\"row-9\">\n\t<td class=\"column-1\">D\u00e9veloppement de Biocapteurs Nanotechnologiques \u00e0 partir des Biomarqueurs pour le Diagnostic Pr\u00e9coce des Cancers Gyn\u00e9co-mammaires \u00e0 Etiologie Virale au Maroc\t<\/td><td class=\"column-2\">ENNAJI Mly Mustapha<\/td><td class=\"column-3\"><a href=\"\/irc\/recherche\/appels-a-projets\/aap-2013\/aap-8\">D\u00e9tails<\/a><\/td>\n<\/tr>\n<tr class=\"row-10\">\n\t<td class=\"column-1\">Mod\u00e9lisation d'indice de risque de cancer du sein<\/td><td class=\"column-2\">BENIDER Abdellatif\t<\/td><td class=\"column-3\"><a href=\"\/irc\/recherche\/appels-a-projets\/aap-2013\/aap-9\">D\u00e9tails<\/a><\/td>\n<\/tr>\n<\/tbody>\n<\/table>\n<!-- #tablepress-12 from cache --><\/div><\/div><\/div><\/div><\/div><\/section><section class=\"l-section wpb_row height_small\"><div class=\"l-section-h i-cf\"><div class=\"g-cols vc_row via_grid cols_1 laptops-cols_inherit tablets-cols_inherit mobiles-cols_1 valign_top type_default stacking_default\"><div class=\"wpb_column vc_column_container\"><div class=\"vc_column-inner\"><\/div><\/div><\/div><\/div><\/section>\n","protected":false},"excerpt":{"rendered":"Appels \u00e0 projets&ensp; &#8226; AAP 2024&ensp; &#8226; AAP 2017&ensp; &#8226; AAP 2016&ensp; &#8226; AAP 2013Appels \u00e0 mini projets&ensp; &#8226; AAmP 2023&ensp; &#8226; AAmP 2019Projets internationaux&ensp; &#8226; Projet EDSMAR3&ensp; &#8226; ConsortiumProjets de RechercheAppels \u00e0 projetsAAP 2013Liste des projets retenus : Titre ProjetCoordinateur principal Registre National des Cancers de l\u2019Enfant et de l\u2019AdolescentRegistre National des Cancers de...","protected":false},"author":1,"featured_media":0,"parent":1114,"menu_order":0,"comment_status":"closed","ping_status":"closed","template":"","meta":{"_acf_changed":false,"footnotes":""},"class_list":["post-1144","page","type-page","status-publish","hentry"],"acf":[],"lang":"fr","translations":{"fr":1144},"pll_sync_post":[],"_links":{"self":[{"href":"https:\/\/onetech.dev\/irc\/wp-json\/wp\/v2\/pages\/1144","targetHints":{"allow":["GET"]}}],"collection":[{"href":"https:\/\/onetech.dev\/irc\/wp-json\/wp\/v2\/pages"}],"about":[{"href":"https:\/\/onetech.dev\/irc\/wp-json\/wp\/v2\/types\/page"}],"author":[{"embeddable":true,"href":"https:\/\/onetech.dev\/irc\/wp-json\/wp\/v2\/users\/1"}],"replies":[{"embeddable":true,"href":"https:\/\/onetech.dev\/irc\/wp-json\/wp\/v2\/comments?post=1144"}],"version-history":[{"count":5,"href":"https:\/\/onetech.dev\/irc\/wp-json\/wp\/v2\/pages\/1144\/revisions"}],"predecessor-version":[{"id":1152,"href":"https:\/\/onetech.dev\/irc\/wp-json\/wp\/v2\/pages\/1144\/revisions\/1152"}],"up":[{"embeddable":true,"href":"https:\/\/onetech.dev\/irc\/wp-json\/wp\/v2\/pages\/1114"}],"wp:attachment":[{"href":"https:\/\/onetech.dev\/irc\/wp-json\/wp\/v2\/media?parent=1144"}],"curies":[{"name":"wp","href":"https:\/\/api.w.org\/{rel}","templated":true}]}}