{"id":1154,"date":"2026-04-20T20:28:04","date_gmt":"2026-04-20T19:28:04","guid":{"rendered":"https:\/\/onetech.dev\/irc\/?page_id=1154"},"modified":"2026-04-20T20:29:12","modified_gmt":"2026-04-20T19:29:12","slug":"aap-2016","status":"publish","type":"page","link":"https:\/\/onetech.dev\/irc\/recherche\/appels-a-projets\/aap-2016","title":{"rendered":"AAP 2016 &#8211; Appels \u00e0 projets"},"content":{"rendered":"<section class=\"l-section wpb_row height_auto\"><div class=\"l-section-h i-cf\"><div class=\"g-cols vc_row via_grid cols_1 laptops-cols_inherit tablets-cols_inherit mobiles-cols_1 valign_top type_default stacking_default\"><div class=\"wpb_column vc_column_container\"><div class=\"vc_column-inner\"><div class=\"ult-spacer spacer-69f40d3445afd\" data-id=\"69f40d3445afd\" data-height=\"25\" data-height-mobile=\"25\" data-height-tab=\"25\" data-height-tab-portrait=\"\" data-height-mobile-landscape=\"\" style=\"clear:both;display:block;\"><\/div><div id=\"uvc-type-wrap-5569\"  data-ultimate-target='#uvc-type-wrap-5569'  data-responsive-json-new='{\"font-size\":\"desktop:26px;\",\"line-height\":\"\"}'  class=\"uvc-type-wrap  ult-adjust-bottom-margin ult-responsive  uvc-type-align-center uvc-type-no-prefix uvc-wrap-371708939069f40d3445b25\" style=\"text-align:center;\"><span id=\"typed-371708939069f40d3445b25\" class=\"ultimate-typed-main fancytext-typewriter-background-enabled\" style=\"color:#1B76BC;background:#00000000; font-weight:bold; text-transform: unset;\"><\/span><script type=\"text\/javascript\">\n\t\t\t\t\t\tjQuery(function($){ \n\t\t\t\t\t\t\t$(document).ready(function(){\n\t\t\t\t\t\t\t\tif( typeof jQuery(\"#typed-371708939069f40d3445b25\").typed == \"function\"){\n\t\t\t\t\t\t\t\t\t$(\"#typed-371708939069f40d3445b25\").typed({\n\t\t\t\t\t\t\t\t\t\tstrings: [\"Recherche\"],\n\t\t\t\t\t\t\t\t\t\ttypeSpeed: 35,\n\t\t\t\t\t\t\t\t\t\tbackSpeed: 0,\n\t\t\t\t\t\t\t\t\t\tstartDelay: \"200\",\n\t\t\t\t\t\t\t\t\t\tbackDelay: \"1500\",\n\t\t\t\t\t\t\t\t\t\tloop: true,\n\t\t\t\t\t\t\t\t\t\tloopCount: false,\n\t\t\t\t\t\t\t\t\t\tshowCursor: true,\n\t\t\t\t\t\t\t\t\t\tcursorChar: \"|\",\n\t\t\t\t\t\t\t\t\t\tattr: null\n\t\t\t\t\t\t\t\t\t});\n\t\t\t\t\t\t\t\t}\n\t\t\t\t\t\t\t});\n\t\t\t\t\t\t});\n\t\t\t\t\t<\/script><\/div><div class=\"ult-spacer spacer-69f40d3445d2c\" data-id=\"69f40d3445d2c\" data-height=\"10\" data-height-mobile=\"10\" data-height-tab=\"10\" data-height-tab-portrait=\"\" data-height-mobile-landscape=\"\" style=\"clear:both;display:block;\"><\/div><\/div><\/div><\/div><\/div><\/section><section class=\"l-section wpb_row height_auto width_custom\" style=\"--site-content-width:1200px;\"><div class=\"l-section-h i-cf\"><div class=\"g-cols vc_row via_grid cols_1-3 laptops-cols_inherit tablets-cols_inherit mobiles-cols_1 valign_top type_default stacking_default\"><div class=\"wpb_column vc_column_container us_custom_7e20fa79 us_animate_this type_sticky\"><div class=\"vc_column-inner\" style=\"top:180px\"><nav class=\"w-menu us_custom_d97262c1 has_text_color layout_ver style_blocks us_menu_1 with_children type_accordion icontype_chevron iconpos_after\" style=\"--main-gap:0rem;--main-ver-indent:0.8em;--main-hor-indent:0.8em;--main-color:var(--color-header-middle-bg);--main-hover-color:#f7941f;--main-active-color:#f7941f;--sub-gap:25px;\"><ul id=\"menu-projets-de-recherche\" class=\"menu\"><li id=\"menu-item-1121\" class=\"menu-item menu-item-type-post_type menu-item-object-page menu-item-has-children menu-item-1121\"><a href=\"https:\/\/onetech.dev\/irc\/recherche\/appels-a-projets\"><b><\/b><span>Appels \u00e0 projets<\/span><\/a><ul class=\"sub-menu\"><li id=\"menu-item-1178\" class=\"menu-item menu-item-type-post_type menu-item-object-page menu-item-1178\"><a href=\"https:\/\/onetech.dev\/irc\/recherche\/appels-a-projets\/aap-2024\"><b><\/b><span>&ensp; &#8226; AAP 2024<\/span><\/a><\/li><li id=\"menu-item-1165\" class=\"menu-item menu-item-type-post_type menu-item-object-page menu-item-1165\"><a href=\"https:\/\/onetech.dev\/irc\/recherche\/appels-a-projets\/aap-2017\"><b><\/b><span>&ensp; &#8226; AAP 2017<\/span><\/a><\/li><li id=\"menu-item-1160\" class=\"menu-item menu-item-type-post_type menu-item-object-page menu-item-1160\"><a href=\"https:\/\/onetech.dev\/irc\/recherche\/appels-a-projets\/aap-2016\"><b><\/b><span>&ensp; &#8226; AAP 2016<\/span><\/a><\/li><li id=\"menu-item-1150\" class=\"menu-item menu-item-type-post_type menu-item-object-page menu-item-1150\"><a href=\"https:\/\/onetech.dev\/irc\/recherche\/appels-a-projets\/aap-2013\"><b><\/b><span>&ensp; &#8226; AAP 2013<\/span><\/a><\/li><\/ul><\/li><li id=\"menu-item-1120\" class=\"menu-item menu-item-type-post_type menu-item-object-page menu-item-has-children menu-item-1120\"><a href=\"https:\/\/onetech.dev\/irc\/recherche\/appels-a-mini-projets-projets-de-recherche\"><b><\/b><span>Appels \u00e0 mini projets<\/span><\/a><ul class=\"sub-menu\"><li id=\"menu-item-1263\" class=\"menu-item menu-item-type-post_type menu-item-object-page menu-item-1263\"><a href=\"https:\/\/onetech.dev\/irc\/recherche\/appels-a-mini-projets-projets-de-recherche\/aamp-2023\"><b><\/b><span>&ensp; &#8226; AAmP 2023<\/span><\/a><\/li><li id=\"menu-item-1266\" class=\"menu-item menu-item-type-post_type menu-item-object-page menu-item-1266\"><a href=\"https:\/\/onetech.dev\/irc\/recherche\/appels-a-mini-projets-projets-de-recherche\/aamp-2019\"><b><\/b><span>&ensp; &#8226; AAmP 2019<\/span><\/a><\/li><\/ul><\/li><li id=\"menu-item-1137\" class=\"menu-item menu-item-type-post_type menu-item-object-page menu-item-has-children menu-item-1137\"><a href=\"https:\/\/onetech.dev\/irc\/recherche\/projets-internationaux\"><b><\/b><span>Projets internationaux<\/span><\/a><ul class=\"sub-menu\"><li id=\"menu-item-1136\" class=\"menu-item menu-item-type-post_type menu-item-object-page menu-item-1136\"><a href=\"https:\/\/onetech.dev\/irc\/recherche\/projets-internationaux\/projet-edsmar3\"><b><\/b><span>&ensp; &#8226; Projet EDSMAR3<\/span><\/a><\/li><li id=\"menu-item-1135\" class=\"menu-item menu-item-type-post_type menu-item-object-page menu-item-1135\"><a href=\"https:\/\/onetech.dev\/irc\/recherche\/projets-internationaux\/consortium\"><b><\/b><span>&ensp; &#8226; Consortium<\/span><\/a><\/li><\/ul><\/li><\/ul><style>@media ( max-width:600px ){.us_menu_1 .menu{display:block!important}.us_menu_1 .menu>li{margin:0 0 var(--main-gap,0rem)!important}}<\/style><\/nav><div class=\"ult-spacer spacer-69f40d34481f2\" data-id=\"69f40d34481f2\" data-height=\"10\" data-height-mobile=\"10\" data-height-tab=\"10\" data-height-tab-portrait=\"\" data-height-mobile-landscape=\"\" style=\"clear:both;display:block;\"><\/div><\/div><\/div><div class=\"wpb_column vc_column_container us_custom_47474b22 us_animate_this\"><div class=\"vc_column-inner\"><div class=\"w-text us_custom_a4dcccfd has_text_color\"><span class=\"w-text-h\"><span class=\"w-text-value\">Projets de Recherche<\/span><\/span><\/div><div class=\"ult-spacer spacer-69f40d34484d7\" data-id=\"69f40d34484d7\" data-height=\"25\" data-height-mobile=\"25\" data-height-tab=\"25\" data-height-tab-portrait=\"\" data-height-mobile-landscape=\"\" style=\"clear:both;display:block;\"><\/div><div class=\"w-text us_custom_631881a4 has_text_color\"><span class=\"w-text-h\"><span class=\"w-text-value\">Appels \u00e0 projets<\/span><\/span><\/div><div class=\"ult-spacer spacer-69f40d3448598\" data-id=\"69f40d3448598\" data-height=\"15\" data-height-mobile=\"15\" data-height-tab=\"15\" data-height-tab-portrait=\"\" data-height-mobile-landscape=\"\" style=\"clear:both;display:block;\"><\/div><div class=\"w-text us_custom_343fa6c4 has_text_color\"><span class=\"w-text-h\"><span class=\"w-text-value\">AAP 2016<\/span><\/span><\/div><div class=\"ult-spacer spacer-69f40d344864b\" data-id=\"69f40d344864b\" data-height=\"15\" data-height-mobile=\"15\" data-height-tab=\"15\" data-height-tab-portrait=\"\" data-height-mobile-landscape=\"\" style=\"clear:both;display:block;\"><\/div><div class=\"w-text us_custom_451d5dde has_text_color\"><span class=\"w-text-h\"><span class=\"w-text-value\">Liste des projets retenus :<\/span><\/span><\/div><div class=\"ult-spacer spacer-69f40d34486f8\" data-id=\"69f40d34486f8\" data-height=\"25\" data-height-mobile=\"25\" data-height-tab=\"25\" data-height-tab-portrait=\"\" data-height-mobile-landscape=\"\" style=\"clear:both;display:block;\"><\/div><div class=\"w-html\">\n<table id=\"tablepress-13\" class=\"tablepress tablepress-id-13\">\n<thead>\n<tr class=\"row-1\">\n\t<th class=\"column-1\">Titre Projet<\/th><th colspan=\"2\" class=\"column-2\">Coordinateur principal<\/th>\n<\/tr>\n<\/thead>\n<tbody class=\"row-striping\">\n<tr class=\"row-2\">\n\t<td class=\"column-1\">les sarcomes des tissus mous de l\u2019adulte : Marqueurs mol\u00e9culaires et facteurs pronostiques<\/td><td class=\"column-2\">Laila CHBANI<\/td><td class=\"column-3\"><a href=\"\/irc\/recherche\/appels-a-projets\/aap-2016\/aap-1\">D\u00e9tails<\/a><\/td>\n<\/tr>\n<tr class=\"row-3\">\n\t<td class=\"column-1\">Data base clinique, mol\u00e9culaire et th\u00e9rapeutique des cancers colorectaux au Maroc<\/td><td class=\"column-2\">Hind M'RABTI<\/td><td class=\"column-3\"><a href=\"\/irc\/recherche\/appels-a-projets\/aap-2016\/aap-2\">D\u00e9tails<\/a><\/td>\n<\/tr>\n<tr class=\"row-4\">\n\t<td class=\"column-1\">\u00c9valuation de la corr\u00e9lation pronostique de la TEP-SCAN, des biomarqueurs mol\u00e9culaires viraux et des marqueurs pr\u00e9dictifs de radior\u00e9sistance dans la prise en change du cancer du nasopharynx au Maroc<\/td><td class=\"column-2\">EL KHYATTI<\/td><td class=\"column-3\"><a href=\"\/irc\/recherche\/appels-a-projets\/aap-2016\/aap-3\">D\u00e9tails<\/a><\/td>\n<\/tr>\n<tr class=\"row-5\">\n\t<td class=\"column-1\">Observation de la qualit\u00e9 des actes de chirurgie pour cancers digestifs : Projet pilote<\/td><td class=\"column-2\">Amine BENKABBOU<\/td><td class=\"column-3\"><a href=\"\/irc\/recherche\/appels-a-projets\/aap-2016\/aap-4\">D\u00e9tails<\/a><\/td>\n<\/tr>\n<tr class=\"row-6\">\n\t<td class=\"column-1\">Programme de d\u00e9pistage du cancer Colorectal protocole du projet pilote de d\u00e9monstration<\/td><td class=\"column-2\">Laila AMRANI<\/td><td class=\"column-3\"><a href=\"\/irc\/recherche\/appels-a-projets\/aap-2016\/aap-5\">D\u00e9tails<\/a><\/td>\n<\/tr>\n<tr class=\"row-7\">\n\t<td class=\"column-1\">D\u00e9veloppement d\u2019outils informatiques d\u2019accompagnement et d\u2019\u00e9ducation th\u00e9rapeutique de patient atteints de cancer pour la gestion des effets secondaires du traitement<\/td><td class=\"column-2\">Asmaa QUESSAR<\/td><td class=\"column-3\"><a href=\"\/irc\/recherche\/appels-a-projets\/aap-2016\/aap-6\">D\u00e9tails<\/a><\/td>\n<\/tr>\n<tr class=\"row-8\">\n\t<td class=\"column-1\">Ressentis des difficult\u00e9s d\u2019acc\u00e8s aux soins des personnes atteintes du cancer et ramedistes - REDDAC<\/td><td class=\"column-2\">FERRIE Jean Noel<\/td><td class=\"column-3\"><a href=\"\/irc\/recherche\/appels-a-projets\/aap-2016\/aap-7\">D\u00e9tails<\/a><\/td>\n<\/tr>\n<\/tbody>\n<\/table>\n<!-- #tablepress-13 from cache --><\/div><\/div><\/div><\/div><\/div><\/section><section class=\"l-section wpb_row height_small\"><div class=\"l-section-h i-cf\"><div class=\"g-cols vc_row via_grid cols_1 laptops-cols_inherit tablets-cols_inherit mobiles-cols_1 valign_top type_default stacking_default\"><div class=\"wpb_column vc_column_container\"><div class=\"vc_column-inner\"><\/div><\/div><\/div><\/div><\/section>\n","protected":false},"excerpt":{"rendered":"Appels \u00e0 projets&ensp; &#8226; AAP 2024&ensp; &#8226; AAP 2017&ensp; &#8226; AAP 2016&ensp; &#8226; AAP 2013Appels \u00e0 mini projets&ensp; &#8226; AAmP 2023&ensp; &#8226; AAmP 2019Projets internationaux&ensp; &#8226; Projet EDSMAR3&ensp; &#8226; ConsortiumProjets de RechercheAppels \u00e0 projetsAAP 2016Liste des projets retenus : Titre ProjetCoordinateur principal les sarcomes des tissus mous de l\u2019adulte : Marqueurs mol\u00e9culaires et facteurs pronostiquesLaila...","protected":false},"author":1,"featured_media":0,"parent":1114,"menu_order":0,"comment_status":"closed","ping_status":"closed","template":"","meta":{"_acf_changed":false,"footnotes":""},"class_list":["post-1154","page","type-page","status-publish","hentry"],"acf":[],"lang":"fr","translations":{"fr":1154},"pll_sync_post":[],"_links":{"self":[{"href":"https:\/\/onetech.dev\/irc\/wp-json\/wp\/v2\/pages\/1154","targetHints":{"allow":["GET"]}}],"collection":[{"href":"https:\/\/onetech.dev\/irc\/wp-json\/wp\/v2\/pages"}],"about":[{"href":"https:\/\/onetech.dev\/irc\/wp-json\/wp\/v2\/types\/page"}],"author":[{"embeddable":true,"href":"https:\/\/onetech.dev\/irc\/wp-json\/wp\/v2\/users\/1"}],"replies":[{"embeddable":true,"href":"https:\/\/onetech.dev\/irc\/wp-json\/wp\/v2\/comments?post=1154"}],"version-history":[{"count":2,"href":"https:\/\/onetech.dev\/irc\/wp-json\/wp\/v2\/pages\/1154\/revisions"}],"predecessor-version":[{"id":1159,"href":"https:\/\/onetech.dev\/irc\/wp-json\/wp\/v2\/pages\/1154\/revisions\/1159"}],"up":[{"embeddable":true,"href":"https:\/\/onetech.dev\/irc\/wp-json\/wp\/v2\/pages\/1114"}],"wp:attachment":[{"href":"https:\/\/onetech.dev\/irc\/wp-json\/wp\/v2\/media?parent=1154"}],"curies":[{"name":"wp","href":"https:\/\/api.w.org\/{rel}","templated":true}]}}