{"id":1168,"date":"2026-04-20T20:57:40","date_gmt":"2026-04-20T19:57:40","guid":{"rendered":"https:\/\/onetech.dev\/irc\/?page_id=1168"},"modified":"2026-04-20T20:57:40","modified_gmt":"2026-04-20T19:57:40","slug":"aap-2024","status":"publish","type":"page","link":"https:\/\/onetech.dev\/irc\/recherche\/appels-a-projets\/aap-2024","title":{"rendered":"AAP 2024 &#8211; Appels \u00e0 projets"},"content":{"rendered":"<section class=\"l-section wpb_row height_auto\"><div class=\"l-section-h i-cf\"><div class=\"g-cols vc_row via_grid cols_1 laptops-cols_inherit tablets-cols_inherit mobiles-cols_1 valign_top type_default stacking_default\"><div class=\"wpb_column vc_column_container\"><div class=\"vc_column-inner\"><div class=\"ult-spacer spacer-69f3fdd7a6783\" data-id=\"69f3fdd7a6783\" data-height=\"25\" data-height-mobile=\"25\" data-height-tab=\"25\" data-height-tab-portrait=\"\" data-height-mobile-landscape=\"\" style=\"clear:both;display:block;\"><\/div><div id=\"uvc-type-wrap-1080\"  data-ultimate-target='#uvc-type-wrap-1080'  data-responsive-json-new='{\"font-size\":\"desktop:26px;\",\"line-height\":\"\"}'  class=\"uvc-type-wrap  ult-adjust-bottom-margin ult-responsive  uvc-type-align-center uvc-type-no-prefix uvc-wrap-8766127169f3fdd7a67a9\" style=\"text-align:center;\"><span id=\"typed-8766127169f3fdd7a67a9\" class=\"ultimate-typed-main fancytext-typewriter-background-enabled\" style=\"color:#1B76BC;background:#00000000; font-weight:bold; text-transform: unset;\"><\/span><script type=\"text\/javascript\">\n\t\t\t\t\t\tjQuery(function($){ \n\t\t\t\t\t\t\t$(document).ready(function(){\n\t\t\t\t\t\t\t\tif( typeof jQuery(\"#typed-8766127169f3fdd7a67a9\").typed == \"function\"){\n\t\t\t\t\t\t\t\t\t$(\"#typed-8766127169f3fdd7a67a9\").typed({\n\t\t\t\t\t\t\t\t\t\tstrings: [\"Recherche\"],\n\t\t\t\t\t\t\t\t\t\ttypeSpeed: 35,\n\t\t\t\t\t\t\t\t\t\tbackSpeed: 0,\n\t\t\t\t\t\t\t\t\t\tstartDelay: \"200\",\n\t\t\t\t\t\t\t\t\t\tbackDelay: \"1500\",\n\t\t\t\t\t\t\t\t\t\tloop: true,\n\t\t\t\t\t\t\t\t\t\tloopCount: false,\n\t\t\t\t\t\t\t\t\t\tshowCursor: true,\n\t\t\t\t\t\t\t\t\t\tcursorChar: \"|\",\n\t\t\t\t\t\t\t\t\t\tattr: null\n\t\t\t\t\t\t\t\t\t});\n\t\t\t\t\t\t\t\t}\n\t\t\t\t\t\t\t});\n\t\t\t\t\t\t});\n\t\t\t\t\t<\/script><\/div><div class=\"ult-spacer spacer-69f3fdd7a698d\" data-id=\"69f3fdd7a698d\" data-height=\"10\" data-height-mobile=\"10\" data-height-tab=\"10\" data-height-tab-portrait=\"\" data-height-mobile-landscape=\"\" style=\"clear:both;display:block;\"><\/div><\/div><\/div><\/div><\/div><\/section><section class=\"l-section wpb_row height_auto width_custom\" style=\"--site-content-width:1200px;\"><div class=\"l-section-h i-cf\"><div class=\"g-cols vc_row via_grid cols_1-3 laptops-cols_inherit tablets-cols_inherit mobiles-cols_1 valign_top type_default stacking_default\"><div class=\"wpb_column vc_column_container us_custom_7e20fa79 us_animate_this type_sticky\"><div class=\"vc_column-inner\" style=\"top:180px\"><nav class=\"w-menu us_custom_d97262c1 has_text_color layout_ver style_blocks us_menu_1 with_children type_accordion icontype_chevron iconpos_after\" style=\"--main-gap:0rem;--main-ver-indent:0.8em;--main-hor-indent:0.8em;--main-color:var(--color-header-middle-bg);--main-hover-color:#f7941f;--main-active-color:#f7941f;--sub-gap:25px;\"><ul id=\"menu-projets-de-recherche\" class=\"menu\"><li id=\"menu-item-1121\" class=\"menu-item menu-item-type-post_type menu-item-object-page menu-item-has-children menu-item-1121\"><a href=\"https:\/\/onetech.dev\/irc\/recherche\/appels-a-projets\"><b><\/b><span>Appels \u00e0 projets<\/span><\/a><ul class=\"sub-menu\"><li id=\"menu-item-1178\" class=\"menu-item menu-item-type-post_type menu-item-object-page menu-item-1178\"><a href=\"https:\/\/onetech.dev\/irc\/recherche\/appels-a-projets\/aap-2024\"><b><\/b><span>&ensp; &#8226; AAP 2024<\/span><\/a><\/li><li id=\"menu-item-1165\" class=\"menu-item menu-item-type-post_type menu-item-object-page menu-item-1165\"><a href=\"https:\/\/onetech.dev\/irc\/recherche\/appels-a-projets\/aap-2017\"><b><\/b><span>&ensp; &#8226; AAP 2017<\/span><\/a><\/li><li id=\"menu-item-1160\" class=\"menu-item menu-item-type-post_type menu-item-object-page menu-item-1160\"><a href=\"https:\/\/onetech.dev\/irc\/recherche\/appels-a-projets\/aap-2016\"><b><\/b><span>&ensp; &#8226; AAP 2016<\/span><\/a><\/li><li id=\"menu-item-1150\" class=\"menu-item menu-item-type-post_type menu-item-object-page menu-item-1150\"><a href=\"https:\/\/onetech.dev\/irc\/recherche\/appels-a-projets\/aap-2013\"><b><\/b><span>&ensp; &#8226; AAP 2013<\/span><\/a><\/li><\/ul><\/li><li id=\"menu-item-1120\" class=\"menu-item menu-item-type-post_type menu-item-object-page menu-item-has-children menu-item-1120\"><a href=\"https:\/\/onetech.dev\/irc\/recherche\/appels-a-mini-projets-projets-de-recherche\"><b><\/b><span>Appels \u00e0 mini projets<\/span><\/a><ul class=\"sub-menu\"><li id=\"menu-item-1263\" class=\"menu-item menu-item-type-post_type menu-item-object-page menu-item-1263\"><a href=\"https:\/\/onetech.dev\/irc\/recherche\/appels-a-mini-projets-projets-de-recherche\/aamp-2023\"><b><\/b><span>&ensp; &#8226; AAmP 2023<\/span><\/a><\/li><li id=\"menu-item-1266\" class=\"menu-item menu-item-type-post_type menu-item-object-page menu-item-1266\"><a href=\"https:\/\/onetech.dev\/irc\/recherche\/appels-a-mini-projets-projets-de-recherche\/aamp-2019\"><b><\/b><span>&ensp; &#8226; AAmP 2019<\/span><\/a><\/li><\/ul><\/li><li id=\"menu-item-1137\" class=\"menu-item menu-item-type-post_type menu-item-object-page menu-item-has-children menu-item-1137\"><a href=\"https:\/\/onetech.dev\/irc\/recherche\/projets-internationaux\"><b><\/b><span>Projets internationaux<\/span><\/a><ul class=\"sub-menu\"><li id=\"menu-item-1136\" class=\"menu-item menu-item-type-post_type menu-item-object-page menu-item-1136\"><a href=\"https:\/\/onetech.dev\/irc\/recherche\/projets-internationaux\/projet-edsmar3\"><b><\/b><span>&ensp; &#8226; Projet EDSMAR3<\/span><\/a><\/li><li id=\"menu-item-1135\" class=\"menu-item menu-item-type-post_type menu-item-object-page menu-item-1135\"><a href=\"https:\/\/onetech.dev\/irc\/recherche\/projets-internationaux\/consortium\"><b><\/b><span>&ensp; &#8226; Consortium<\/span><\/a><\/li><\/ul><\/li><\/ul><style>@media ( max-width:600px ){.us_menu_1 .menu{display:block!important}.us_menu_1 .menu>li{margin:0 0 var(--main-gap,0rem)!important}}<\/style><\/nav><div class=\"ult-spacer spacer-69f3fdd7a8a90\" data-id=\"69f3fdd7a8a90\" data-height=\"10\" data-height-mobile=\"10\" data-height-tab=\"10\" data-height-tab-portrait=\"\" data-height-mobile-landscape=\"\" style=\"clear:both;display:block;\"><\/div><\/div><\/div><div class=\"wpb_column vc_column_container us_custom_47474b22 us_animate_this\"><div class=\"vc_column-inner\"><div class=\"w-text us_custom_a4dcccfd has_text_color\"><span class=\"w-text-h\"><span class=\"w-text-value\">Projets de Recherche<\/span><\/span><\/div><div class=\"ult-spacer spacer-69f3fdd7a8d4b\" data-id=\"69f3fdd7a8d4b\" data-height=\"25\" data-height-mobile=\"25\" data-height-tab=\"25\" data-height-tab-portrait=\"\" data-height-mobile-landscape=\"\" style=\"clear:both;display:block;\"><\/div><div class=\"w-text us_custom_631881a4 has_text_color\"><span class=\"w-text-h\"><span class=\"w-text-value\">Appels \u00e0 projets<\/span><\/span><\/div><div class=\"ult-spacer spacer-69f3fdd7a8e13\" data-id=\"69f3fdd7a8e13\" data-height=\"15\" data-height-mobile=\"15\" data-height-tab=\"15\" data-height-tab-portrait=\"\" data-height-mobile-landscape=\"\" style=\"clear:both;display:block;\"><\/div><div class=\"w-text us_custom_343fa6c4 has_text_color\"><span class=\"w-text-h\"><span class=\"w-text-value\">AAP 2024<\/span><\/span><\/div><div class=\"ult-spacer spacer-69f3fdd7a8ece\" data-id=\"69f3fdd7a8ece\" data-height=\"15\" data-height-mobile=\"15\" data-height-tab=\"15\" data-height-tab-portrait=\"\" data-height-mobile-landscape=\"\" style=\"clear:both;display:block;\"><\/div><div class=\"w-text us_custom_451d5dde has_text_color\"><span class=\"w-text-h\"><span class=\"w-text-value\">Liste des projets retenus :<\/span><\/span><\/div><div class=\"ult-spacer spacer-69f3fdd7a8f86\" data-id=\"69f3fdd7a8f86\" data-height=\"25\" data-height-mobile=\"25\" data-height-tab=\"25\" data-height-tab-portrait=\"\" data-height-mobile-landscape=\"\" style=\"clear:both;display:block;\"><\/div><div class=\"w-html\">\n<table id=\"tablepress-15\" class=\"tablepress tablepress-id-15\">\n<thead>\n<tr class=\"row-1\">\n\t<th class=\"column-1\">N\u00b0<\/th><th class=\"column-2\">Titre Projet<\/th><th class=\"column-3\">Coordinateur principal<\/th>\n<\/tr>\n<\/thead>\n<tbody class=\"row-striping\">\n<tr class=\"row-2\">\n\t<td class=\"column-1\">1673<\/td><td class=\"column-2\">Microbiome Respiratoire et Cancer Bronchopulmonaire<\/td><td class=\"column-3\">ELBIAZE MOHAMMED<\/td>\n<\/tr>\n<tr class=\"row-3\">\n\t<td class=\"column-1\">1533<\/td><td class=\"column-2\">Identification de nouveaux marqueurs dans le d\u00e9veloppement des lymphomes B et leurs implications dans le diagnostique et la prise en charge th\u00e9rapeutique.<\/td><td class=\"column-3\">EL MCHICHI BOUCHRA<\/td>\n<\/tr>\n<tr class=\"row-4\">\n\t<td class=\"column-1\">1544<\/td><td class=\"column-2\">Characterization of the gastric microbiota and its association with the development of gastric cancer in Morrocan population:Gastric biomarkers<\/td><td class=\"column-3\">BOURA HASNA<\/td>\n<\/tr>\n<tr class=\"row-5\">\n\t<td class=\"column-1\">1567<\/td><td class=\"column-2\">D\u00e9veloppement d\u2019un test de d\u00e9pistage primaire du cancer du col de l\u2019ut\u00e9rus au point de service \u00e0 partir des pr\u00e9l\u00e8vements urinaires<\/td><td class=\"column-3\">LAMSISI MARYAME<\/td>\n<\/tr>\n<tr class=\"row-6\">\n\t<td class=\"column-1\">1658<\/td><td class=\"column-2\">Diagnostic Mol\u00e9culaire des Cancers H\u00e9r\u00e9ditaires du Tube Digestif par Panel Pan-Cancers Digestifs<\/td><td class=\"column-3\">IBN MAJDOUB HASSANI KARIM<\/td>\n<\/tr>\n<tr class=\"row-7\">\n\t<td class=\"column-1\">1713<\/td><td class=\"column-2\">\u00c9valuation de la qualit\u00e9 de vie des enfants atteints de cancer et de leurs parents \u2018\u2019 Une \u00e9tude mixte combinant une approche transversale et une cohorte<\/td><td class=\"column-3\">El Fakir SAMIRA<\/td>\n<\/tr>\n<tr class=\"row-8\">\n\t<td class=\"column-1\">1716<\/td><td class=\"column-2\">Adaptation transculturelle du questionnaire de qualit\u00e9 de vie EORTC QLQ BLM 30 chez des patients atteints de tumeur de vessie<\/td><td class=\"column-3\">NACIRI SARAH<\/td>\n<\/tr>\n<tr class=\"row-9\">\n\t<td class=\"column-1\">1693<\/td><td class=\"column-2\">Comblement des lacunes diagnostiques du syndrome de Lynch : S\u00e9quen\u00e7age par nanopores du g\u00e8ne PMS2 au Maroc<\/td><td class=\"column-3\">AHAKOUD MOHAMED<\/td>\n<\/tr>\n<\/tbody>\n<\/table>\n<!-- #tablepress-15 from cache --><\/div><div class=\"ult-spacer spacer-69f3fdd7a96fc\" data-id=\"69f3fdd7a96fc\" data-height=\"25\" data-height-mobile=\"25\" data-height-tab=\"25\" data-height-tab-portrait=\"\" data-height-mobile-landscape=\"\" style=\"clear:both;display:block;\"><\/div><div class=\"wpb_text_column\"><div class=\"wpb_wrapper\"><p style=\"text-align: justify;\">*NB : Projets retenus sous r\u00e9serve de l\u2019application des remarques propos\u00e9es par le comit\u00e9 d\u2019\u00e9valuation.<\/p>\n<\/div><\/div><div class=\"ult-spacer spacer-69f3fdd7a9943\" data-id=\"69f3fdd7a9943\" data-height=\"25\" data-height-mobile=\"25\" data-height-tab=\"25\" data-height-tab-portrait=\"\" data-height-mobile-landscape=\"\" style=\"clear:both;display:block;\"><\/div><div class=\"g-cols wpb_row via_grid cols_2-1 laptops-cols_inherit tablets-cols_inherit mobiles-cols_1 valign_bottom type_default stacking_default\" style=\"--columns-gap:3rem;\"><div class=\"wpb_column vc_column_container\"><div class=\"vc_column-inner\"><div class=\"wpb_text_column\"><div class=\"wpb_wrapper\"><p><strong>Domaines de recherche cibl\u00e9s:<\/strong><\/p>\n<ol>\n<li>Recherche en \u00e9pid\u00e9miologie.<\/li>\n<li>Recherche en sant\u00e9 publique.<\/li>\n<li>Recherche clinique.<\/li>\n<li>Recherche translationnelle.<\/li>\n<li style=\"text-align: justify;\">Recherche en biopathologie (biologie, anatomopathologie, g\u00e9n\u00e9tique ).<\/li>\n<li style=\"text-align: justify;\">Recherche en nouvelles technologies, innovation Ing\u00e9nierie et syst\u00e8mes d\u2019information.<\/li>\n<li style=\"text-align: justify;\">Recherche en sciences humaines, sociales et \u00e9conomiques.<\/li>\n<\/ol>\n<\/div><\/div><\/div><\/div><div class=\"wpb_column vc_column_container\"><div class=\"vc_column-inner\"><div class=\"w-image align_center\"><a ref=\"magnificPopup\" href=\"https:\/\/onetech.dev\/irc\/data\/IRC-AAP-2024.jpg\" aria-label=\"IRC-AAP-2024\" class=\"w-image-h\"><img decoding=\"async\" width=\"848\" height=\"1200\" src=\"https:\/\/onetech.dev\/irc\/data\/IRC-AAP-2024.jpg\" class=\"attachment-full size-full\" alt=\"\" loading=\"lazy\" srcset=\"https:\/\/onetech.dev\/irc\/data\/IRC-AAP-2024.jpg 848w, https:\/\/onetech.dev\/irc\/data\/IRC-AAP-2024-247x350.jpg 247w, https:\/\/onetech.dev\/irc\/data\/IRC-AAP-2024-724x1024.jpg 724w, https:\/\/onetech.dev\/irc\/data\/IRC-AAP-2024-106x150.jpg 106w\" sizes=\"auto, (max-width: 848px) 100vw, 848px\" \/><\/a><\/div><\/div><\/div><\/div><div class=\"ult-spacer spacer-69f3fdd7aa34a\" data-id=\"69f3fdd7aa34a\" data-height=\"25\" data-height-mobile=\"25\" data-height-tab=\"25\" data-height-tab-portrait=\"\" data-height-mobile-landscape=\"\" style=\"clear:both;display:block;\"><\/div><div class=\"wpb_text_column\"><div class=\"wpb_wrapper\"><p style=\"text-align: justify;\"><strong>Une attention particuli\u00e8re sera accord\u00e9e aux projets ciblant les th\u00e9matiques suivantes :<\/strong><\/p>\n<ol>\n<li>Cancers professionnels.<\/li>\n<li>Qualit\u00e9 de vie et cancer.<\/li>\n<li>Innovation en diagnostic et d\u00e9pistage du cancer.<\/li>\n<\/ol>\n<p><strong>Documents scientifique et Proc\u00e9dures:<\/strong><br \/>\nPour plus de d\u00e9tails, veuillez consulter:<\/p>\n<ol>\n<li><a href=\"https:\/\/onetech.dev\/irc\/data\/1-Termes-de-references-AAP-20024-1.pdf\" target=\"_blank\" rel=\"noopener\">Termes de r\u00e9f\u00e9rence<\/a><\/li>\n<li><a href=\"https:\/\/onetech.dev\/irc\/data\/Procedures-AAP-2024.pdf\" target=\"_blank\" rel=\"noopener\">Manuel des proc\u00e9dures de l\u2019AAP<\/a><\/li>\n<\/ol>\n<\/div><\/div><\/div><\/div><\/div><\/div><\/section><section class=\"l-section wpb_row height_small\"><div class=\"l-section-h i-cf\"><div class=\"g-cols vc_row via_grid cols_1 laptops-cols_inherit tablets-cols_inherit mobiles-cols_1 valign_top type_default stacking_default\"><div class=\"wpb_column vc_column_container\"><div class=\"vc_column-inner\"><\/div><\/div><\/div><\/div><\/section>\n","protected":false},"excerpt":{"rendered":"Appels \u00e0 projets&ensp; &#8226; AAP 2024&ensp; &#8226; AAP 2017&ensp; &#8226; AAP 2016&ensp; &#8226; AAP 2013Appels \u00e0 mini projets&ensp; &#8226; AAmP 2023&ensp; &#8226; AAmP 2019Projets internationaux&ensp; &#8226; Projet EDSMAR3&ensp; &#8226; ConsortiumProjets de RechercheAppels \u00e0 projetsAAP 2024Liste des projets retenus : N\u00b0Titre ProjetCoordinateur principal 1673Microbiome Respiratoire et Cancer BronchopulmonaireELBIAZE MOHAMMED 1533Identification de nouveaux marqueurs dans le d\u00e9veloppement...","protected":false},"author":1,"featured_media":0,"parent":1114,"menu_order":0,"comment_status":"closed","ping_status":"closed","template":"","meta":{"_acf_changed":false,"footnotes":""},"class_list":["post-1168","page","type-page","status-publish","hentry"],"acf":[],"lang":"fr","translations":{"fr":1168},"pll_sync_post":[],"_links":{"self":[{"href":"https:\/\/onetech.dev\/irc\/wp-json\/wp\/v2\/pages\/1168","targetHints":{"allow":["GET"]}}],"collection":[{"href":"https:\/\/onetech.dev\/irc\/wp-json\/wp\/v2\/pages"}],"about":[{"href":"https:\/\/onetech.dev\/irc\/wp-json\/wp\/v2\/types\/page"}],"author":[{"embeddable":true,"href":"https:\/\/onetech.dev\/irc\/wp-json\/wp\/v2\/users\/1"}],"replies":[{"embeddable":true,"href":"https:\/\/onetech.dev\/irc\/wp-json\/wp\/v2\/comments?post=1168"}],"version-history":[{"count":6,"href":"https:\/\/onetech.dev\/irc\/wp-json\/wp\/v2\/pages\/1168\/revisions"}],"predecessor-version":[{"id":1177,"href":"https:\/\/onetech.dev\/irc\/wp-json\/wp\/v2\/pages\/1168\/revisions\/1177"}],"up":[{"embeddable":true,"href":"https:\/\/onetech.dev\/irc\/wp-json\/wp\/v2\/pages\/1114"}],"wp:attachment":[{"href":"https:\/\/onetech.dev\/irc\/wp-json\/wp\/v2\/media?parent=1168"}],"curies":[{"name":"wp","href":"https:\/\/api.w.org\/{rel}","templated":true}]}}