{"id":1191,"date":"2026-04-22T17:13:25","date_gmt":"2026-04-22T16:13:25","guid":{"rendered":"https:\/\/onetech.dev\/irc\/?page_id=1191"},"modified":"2026-04-22T17:13:36","modified_gmt":"2026-04-22T16:13:36","slug":"aap-3","status":"publish","type":"page","link":"https:\/\/onetech.dev\/irc\/recherche\/appels-a-projets\/aap-2013\/aap-3","title":{"rendered":"Chimioth\u00e9rapie m\u00e9tronomique en H\u00e9mato-Oncologie P\u00e9diatrique"},"content":{"rendered":"<section class=\"l-section wpb_row height_medium\"><div class=\"l-section-h i-cf\"><div class=\"g-cols vc_row via_grid cols_1 laptops-cols_inherit tablets-cols_inherit mobiles-cols_1 valign_top type_default stacking_default\"><div class=\"wpb_column vc_column_container\"><div class=\"vc_column-inner\"><div class=\"g-cols wpb_row via_grid cols_1-3 laptops-cols_inherit tablets-cols_inherit mobiles-cols_1 valign_top type_default stacking_default\" style=\"--columns-gap:3rem;\"><div class=\"wpb_column vc_column_container\"><div class=\"vc_column-inner\"><div class=\"wpb_text_column\"><div class=\"wpb_wrapper\"><p><span style=\"color: #1c75bc;\"><strong>Date de d\u00e9but :<\/strong><\/span><br \/>\n06\/02\/2016<\/p>\n<p><span style=\"color: #1c75bc;\"><strong>Date de cl\u00f4ture :<\/strong><\/span><br \/>\n30\/04\/2017<\/p>\n<p><strong><span style=\"color: #1c75bc;\">Site(s) de l\u2019\u00e9tude :<\/span><\/strong><br \/>\nH\u00f4pital d\u2019Enfant de Rabat<\/p>\n<p><strong><span style=\"color: #1c75bc;\">Financement :<\/span><\/strong><br \/>\nIRC<\/p>\n<p><span style=\"color: #1c75bc;\"><strong>T\u00e9l\u00e9chargement<\/strong><\/span><br \/>\n<a href=\"https:\/\/onetech.dev\/irc\/data\/PROJECT-3.docx\" target=\"_blank\" rel=\"noopener noreferrer\">Fichier<\/a><\/p>\n<\/div><\/div><\/div><\/div><div class=\"wpb_column vc_column_container\"><div class=\"vc_column-inner\"><div class=\"wpb_text_column\"><div class=\"wpb_wrapper\"><p><strong>Chimioth\u00e9rapie m\u00e9tronomique en H\u00e9mato-Oncologie P\u00e9diatrique<\/strong><\/p>\n<p style=\"text-align: justify;\">A ce jour et avec les meilleurs traitements disponibles, 25 \u00e0 30% des enfants d\u00e9c\u00e8dent de leur cancer ou des complications li\u00e9es aux traitements. De plus, en raison de la non-sp\u00e9cificit\u00e9 des agents anticanc\u00e9reux, la gu\u00e9rison a un prix important avec l\u2019apparition d\u2019effets ind\u00e9sirables imm\u00e9diats, retard\u00e9s, voire tardifs. Ainsi, de nouvelles approches th\u00e9rapeutiques sont indispensables afin de tenter de gu\u00e9rir plus d\u2019enfants et dans la mesure du possible \u00e0 un moindre cout de financier et avec des toxicit\u00e9s aigues acceptables<\/p>\n<p style=\"text-align: justify;\">Il s\u2019agit du concept de \u00ab chimioth\u00e9rapie m\u00e9tronomique \u00bb dont le principe est bas\u00e9 sur l\u2019administration de chimioth\u00e9rapie conventionnelle d\u2019une fa\u00e7on prolong\u00e9, fr\u00e9quente et \u00e0 des faibles doses donnant un effet antiangio g\u00e9niques<\/p>\n<p style=\"text-align: justify;\">Ce projet sera \u00e9tudi\u00e9 dans les autres services d\u2019H\u00e9matologie et d\u2019oncologie p\u00e9diatrique du royaume.<\/p>\n<p>Le projet s\u2019\u00e9tale sur deux dimensions :<\/p>\n<p style=\"text-align: justify;\">\u2013 Une dimension organisationnelle qui couvre la standardisation de la prise en charge des enfants porteurs d\u2019une tumeur solide\/leuc\u00e9mie en rechute ou en progression ou dont l\u2019\u00e9tat g\u00e9n\u00e9ral est trop faible pour supporter un traitement de chimioth\u00e9rapie protocolaire en utilisant un nouveau concept dit \u00ab chimioth\u00e9rapie m\u00e9tronomique \u00bb au niveau des 4 services d\u2019H\u00e9matologie et d\u2019Oncologie P\u00e9diatrique au Maroc (Rabat, Casablanca, F\u00e8s, Marrakech)<\/p>\n<p style=\"text-align: justify;\">\u2013 La dimension d\u2019am\u00e9lioration touche le patient directement vie l\u2019am\u00e9lioration de la qualit\u00e9 de la vie et les soignants indirectement vie la formation continue et la sensibilisation<\/p>\n<p><strong>Principal lnvestigator \/ program Director<\/strong><\/p>\n<p>El KABABRI Maria<br \/>\nH\u00f4pital d\u2019Enfant de Rabat<\/p>\n<p><strong>Collaborators<\/strong><\/p>\n<p>CHERKAOUI Siham<br \/>\nCHU Ibn Rochd, Casablanca<\/p>\n<p>BENMILOUD Sara<br \/>\nCHU Hassan II F\u00e8s<\/p>\n<p>EL HOUZDI Jamila<br \/>\nCHU Mohammed VI\/Facult\u00e9 de M\u00e9decine et de Pharmacie de Marrakech<\/p>\n<\/div><\/div><\/div><\/div><\/div><\/div><\/div><\/div><\/div><\/section>\n","protected":false},"excerpt":{"rendered":"Date de d\u00e9but : 06\/02\/2016 Date de cl\u00f4ture : 30\/04\/2017 Site(s) de l\u2019\u00e9tude : H\u00f4pital d\u2019Enfant de Rabat Financement : IRC T\u00e9l\u00e9chargement Fichier Chimioth\u00e9rapie m\u00e9tronomique en H\u00e9mato-Oncologie P\u00e9diatrique A ce jour et avec les meilleurs traitements disponibles, 25 \u00e0 30% des enfants d\u00e9c\u00e8dent de leur cancer ou des complications li\u00e9es aux traitements. De plus, en...","protected":false},"author":1,"featured_media":0,"parent":1144,"menu_order":0,"comment_status":"closed","ping_status":"closed","template":"","meta":{"_acf_changed":false,"footnotes":""},"class_list":["post-1191","page","type-page","status-publish","hentry"],"acf":[],"lang":"fr","translations":{"fr":1191},"pll_sync_post":[],"_links":{"self":[{"href":"https:\/\/onetech.dev\/irc\/wp-json\/wp\/v2\/pages\/1191","targetHints":{"allow":["GET"]}}],"collection":[{"href":"https:\/\/onetech.dev\/irc\/wp-json\/wp\/v2\/pages"}],"about":[{"href":"https:\/\/onetech.dev\/irc\/wp-json\/wp\/v2\/types\/page"}],"author":[{"embeddable":true,"href":"https:\/\/onetech.dev\/irc\/wp-json\/wp\/v2\/users\/1"}],"replies":[{"embeddable":true,"href":"https:\/\/onetech.dev\/irc\/wp-json\/wp\/v2\/comments?post=1191"}],"version-history":[{"count":2,"href":"https:\/\/onetech.dev\/irc\/wp-json\/wp\/v2\/pages\/1191\/revisions"}],"predecessor-version":[{"id":1194,"href":"https:\/\/onetech.dev\/irc\/wp-json\/wp\/v2\/pages\/1191\/revisions\/1194"}],"up":[{"embeddable":true,"href":"https:\/\/onetech.dev\/irc\/wp-json\/wp\/v2\/pages\/1144"}],"wp:attachment":[{"href":"https:\/\/onetech.dev\/irc\/wp-json\/wp\/v2\/media?parent=1191"}],"curies":[{"name":"wp","href":"https:\/\/api.w.org\/{rel}","templated":true}]}}