{"id":1195,"date":"2026-04-22T17:15:12","date_gmt":"2026-04-22T16:15:12","guid":{"rendered":"https:\/\/onetech.dev\/irc\/?page_id=1195"},"modified":"2026-04-22T17:15:54","modified_gmt":"2026-04-22T16:15:54","slug":"aap-4","status":"publish","type":"page","link":"https:\/\/onetech.dev\/irc\/recherche\/appels-a-projets\/aap-2013\/aap-4","title":{"rendered":"Etude sur les facteurs de risque comportementaux"},"content":{"rendered":"<section class=\"l-section wpb_row height_medium\"><div class=\"l-section-h i-cf\"><div class=\"g-cols vc_row via_grid cols_1 laptops-cols_inherit tablets-cols_inherit mobiles-cols_1 valign_top type_default stacking_default\"><div class=\"wpb_column vc_column_container\"><div class=\"vc_column-inner\"><div class=\"g-cols wpb_row via_grid cols_1-3 laptops-cols_inherit tablets-cols_inherit mobiles-cols_1 valign_top type_default stacking_default\" style=\"--columns-gap:3rem;\"><div class=\"wpb_column vc_column_container\"><div class=\"vc_column-inner\"><div class=\"wpb_text_column\"><div class=\"wpb_wrapper\"><p><span style=\"color: #1c75bc;\"><strong>Date de d\u00e9but :<\/strong><\/span><br \/>\n##\/##\/####<\/p>\n<p><span style=\"color: #1c75bc;\"><strong>Date de cl\u00f4ture :<\/strong><\/span><br \/>\n##\/##\/####<\/p>\n<p><strong><span style=\"color: #1c75bc;\">Site(s) de l\u2019\u00e9tude:<\/span><\/strong><br \/>\n######<\/p>\n<p><strong><span style=\"color: #1c75bc;\">Financement :<\/span><\/strong><br \/>\nIRC<\/p>\n<p><span style=\"color: #1c75bc;\"><strong>T\u00e9l\u00e9chargement<\/strong><\/span><br \/>\n<a href=\"https:\/\/onetech.dev\/irc\/data\/PROJECT-12.docx\" target=\"_blank\" rel=\"noopener noreferrer\">Fichier<\/a><\/p>\n<\/div><\/div><\/div><\/div><div class=\"wpb_column vc_column_container\"><div class=\"vc_column-inner\"><div class=\"wpb_text_column\"><div class=\"wpb_wrapper\"><p><strong>Etude sur les facteurs de risque comportementaux, nutritionnels et g\u00e9n\u00e9tiques des cancers colorectaux au Maroc<\/strong><\/p>\n<p style=\"text-align: justify;\">Au Maroc, comme ailleurs, les cancers colorectaux sont les plus fr\u00e9quents des cancers digestifs. Chez les hommes, le cancer colorectal suit le cancer du poumon et de la prostate; et chez la femme, il se place tout de suite apr\u00e8s le cancer du sein et du col de l\u2019ut\u00e9rus.<\/p>\n<p style=\"text-align: justify;\">Les facteurs de risque du cancer sont complexes. 50 \u00e0 80% des cancers colorectaux sont consid\u00e9r\u00e9s comme dus aux facteurs environnementaux tels le mode de vie et les habitudes alimentaires, et 20% sont d\u2019origine g\u00e9n\u00e9tique.<\/p>\n<p style=\"text-align: justify;\">L\u2019objectif principal de l\u2019\u00e9tude est de rechercher l\u2019association entre le mode d\u2019alimentation, le comportement et les facteurs g\u00e9n\u00e9tiques et le risque de survenue du cancer colorectal au Maroc.<\/p>\n<p style=\"text-align: justify;\">Il s\u2019agit d\u2019une \u00e9tude cas t\u00e9moins, nationale multicentrique au niveau des principaux centres d\u2019oncologie du Maroc repr\u00e9sentant ainsi les principales r\u00e9gions du Maroc: Rabat (Institut National d\u2019Oncologie), Casablanca, F\u00e8s, Marrakech, Agadir, Oujda et des services de gastroent\u00e9rologie. Les donn\u00e9es sont recueillies aupr\u00e8s des cas et t\u00e9moins \u00e0 travers un questionnaire r\u00e9trospectif de l\u2019ann\u00e9e qui pr\u00e9c\u00e8de l\u2019enqu\u00eate. Les questions sur l\u2019\u00e9ventuel changement de l\u2019alimentation (modification dans les habitudes alimentaires) avant le diagnostic et peut \u00eatre avant le d\u00e9but de l\u2019apparition des premiers sympt\u00f4mes ; sont aussi pos\u00e9es \u00e0 travers un fr\u00e9quentiel alimentaire adapt\u00e9 au contexte marocain.<\/p>\n<p><strong>Principal lnvestigator \/ program Director<\/strong><\/p>\n<p>Karima ELRHAZI<br \/>\n###<\/p>\n<p><strong>Collaborators<br \/>\n<\/strong>###<\/p>\n<\/div><\/div><\/div><\/div><\/div><\/div><\/div><\/div><\/div><\/section>\n","protected":false},"excerpt":{"rendered":"Date de d\u00e9but : ##\/##\/#### Date de cl\u00f4ture : ##\/##\/#### Site(s) de l\u2019\u00e9tude: ###### Financement : IRC T\u00e9l\u00e9chargement Fichier Etude sur les facteurs de risque comportementaux, nutritionnels et g\u00e9n\u00e9tiques des cancers colorectaux au Maroc Au Maroc, comme ailleurs, les cancers colorectaux sont les plus fr\u00e9quents des cancers digestifs. Chez les hommes, le cancer colorectal suit...","protected":false},"author":1,"featured_media":0,"parent":1144,"menu_order":0,"comment_status":"closed","ping_status":"closed","template":"","meta":{"_acf_changed":false,"footnotes":""},"class_list":["post-1195","page","type-page","status-publish","hentry"],"acf":[],"lang":"fr","translations":{"fr":1195},"pll_sync_post":[],"_links":{"self":[{"href":"https:\/\/onetech.dev\/irc\/wp-json\/wp\/v2\/pages\/1195","targetHints":{"allow":["GET"]}}],"collection":[{"href":"https:\/\/onetech.dev\/irc\/wp-json\/wp\/v2\/pages"}],"about":[{"href":"https:\/\/onetech.dev\/irc\/wp-json\/wp\/v2\/types\/page"}],"author":[{"embeddable":true,"href":"https:\/\/onetech.dev\/irc\/wp-json\/wp\/v2\/users\/1"}],"replies":[{"embeddable":true,"href":"https:\/\/onetech.dev\/irc\/wp-json\/wp\/v2\/comments?post=1195"}],"version-history":[{"count":3,"href":"https:\/\/onetech.dev\/irc\/wp-json\/wp\/v2\/pages\/1195\/revisions"}],"predecessor-version":[{"id":1198,"href":"https:\/\/onetech.dev\/irc\/wp-json\/wp\/v2\/pages\/1195\/revisions\/1198"}],"up":[{"embeddable":true,"href":"https:\/\/onetech.dev\/irc\/wp-json\/wp\/v2\/pages\/1144"}],"wp:attachment":[{"href":"https:\/\/onetech.dev\/irc\/wp-json\/wp\/v2\/media?parent=1195"}],"curies":[{"name":"wp","href":"https:\/\/api.w.org\/{rel}","templated":true}]}}