{"id":1200,"date":"2026-04-22T17:16:58","date_gmt":"2026-04-22T16:16:58","guid":{"rendered":"https:\/\/onetech.dev\/irc\/?page_id=1200"},"modified":"2026-04-22T17:17:13","modified_gmt":"2026-04-22T16:17:13","slug":"aap-5","status":"publish","type":"page","link":"https:\/\/onetech.dev\/irc\/recherche\/appels-a-projets\/aap-2013\/aap-5","title":{"rendered":"Etude de caract\u00e9risation pharmacologique et photochimique"},"content":{"rendered":"<section class=\"l-section wpb_row height_medium\"><div class=\"l-section-h i-cf\"><div class=\"g-cols vc_row via_grid cols_1 laptops-cols_inherit tablets-cols_inherit mobiles-cols_1 valign_top type_default stacking_default\"><div class=\"wpb_column vc_column_container\"><div class=\"vc_column-inner\"><div class=\"g-cols wpb_row via_grid cols_1-3 laptops-cols_inherit tablets-cols_inherit mobiles-cols_1 valign_top type_default stacking_default\" style=\"--columns-gap:3rem;\"><div class=\"wpb_column vc_column_container\"><div class=\"vc_column-inner\"><div class=\"wpb_text_column\"><div class=\"wpb_wrapper\"><p><span style=\"color: #1c75bc;\"><strong>Date de d\u00e9but :<\/strong><\/span><br \/>\n01\/07\/2014<\/p>\n<p><span style=\"color: #1c75bc;\"><strong>Date de cl\u00f4ture :<\/strong><\/span><br \/>\n30\/06\/2017<\/p>\n<p><strong><span style=\"color: #1c75bc;\">Site(s) de l\u2019\u00e9tude:<\/span><\/strong><br \/>\nFacult\u00e9 de M\u00e9decine et de Pharmacie de Rabat<\/p>\n<p><strong><span style=\"color: #1c75bc;\">Financement :<\/span><\/strong><br \/>\nIRC<\/p>\n<p><span style=\"color: #1c75bc;\"><strong>T\u00e9l\u00e9chargement<\/strong><\/span><br \/>\n<a href=\"https:\/\/onetech.dev\/irc\/data\/PROJECT-7.docx\" target=\"_blank\" rel=\"noopener noreferrer\">Fichier<\/a><\/p>\n<\/div><\/div><\/div><\/div><div class=\"wpb_column vc_column_container\"><div class=\"vc_column-inner\"><div class=\"wpb_text_column\"><div class=\"wpb_wrapper\"><p style=\"text-align: justify;\"><strong>Etude de caract\u00e9risation pharmacologique et photochimique des extraits de trois plantes utilis\u00e9es en m\u00e9decine traditionnelle marocaine et recherche de nouvelles substances actives anticanc\u00e9reuses<\/strong><\/p>\n<p style=\"text-align: justify;\">Le cancer est l\u2019une des causes majeures de d\u00e9c\u00e8s dans le monde. L\u2019utilisation th\u00e9rapeutique des plantes m\u00e9dicinales constitue une partie int\u00e9grante des traditions de toutes les cultures. Depuis plusieurs ann\u00e9es, de nombreux extraits de plantes ont \u00e9t\u00e9 utilis\u00e9s pour soigner plusieurs types de maladie. Certaines li\u00e9es \u00e0 des croissances cellulaires anormales (verrues, tumeurs,..). Selon plusieurs \u00e9tudes scientifiques, le recours aux plantes m\u00e9dicinales est assez fr\u00e9quent dans la m\u00e9decine traditionnelle.<\/p>\n<p style=\"text-align: justify;\">Ce projet de recherche est tr\u00e8s important car non seulement, il permettra la valorisation des plantes m\u00e9dicinales marocaines. Mais aussi, sa mise en \u0153uvre sera une \u00e9valuation scientifique sur l\u2019approche pharmacologique et toxicologique de l\u2019usage des produits naturels.<br \/>\nPar ailleurs ces plantes pr\u00e9sentent un risque majeur sur la sant\u00e9, l\u2019\u00e9volution de la maladie essentiellement quand il s\u2019agit du cancer. Notre projet a pour objectifs principaux :<\/p>\n<p style=\"text-align: justify;\">\u00b7 \u00c9tudier par approche scientifique des plantes m\u00e9dicinales couramment utilis\u00e9es par la population marocaine \u00e0 but th\u00e9rapeutique dans le cancer, et qui sont diff\u00e9remment appliqu\u00e9es par rapport aux usages de la m\u00e9decine conventionnelle.<br \/>\n\u00b7 S\u00e9lectionner des esp\u00e8ces v\u00e9g\u00e9tales originales, utilis\u00e9es par la population marocaine<br \/>\n\u00b7 Mener une \u00e9tude multicentrique de pr\u00e9venance, sur l\u2019utilisation des plantes m\u00e9dicinales chez les patients suivis dans cinq centres d\u2019oncologie au Maroc,<br \/>\n\u00b7 Isoler de nouvelles mol\u00e9cules responsables de l\u2019activit\u00e9 anticanc\u00e9reuse et \u00e9tudier leurs m\u00e9canismes d\u2019action,<br \/>\n\u00b7 Screening phytochimique pour \u00e9valuer la composition qualitative et quantitative des phytoactifs,<br \/>\n\u00b7 Evaluer la toxicit\u00e9 aig\u00fce et chronique des esp\u00e8ces v\u00e9g\u00e9tales \u00e9tudi\u00e9es, pour \u00e9valuer leur impact sur les param\u00e8tres cliniques, biologiques sur des animaux de laboratoire,<br \/>\n\u00b7 Caract\u00e9risation des effets pharmacologiques anticanc\u00e9reux des plantes m\u00e9dicinales s\u00e9lectionn\u00e9es sur :<br \/>\n\u2013 Mod\u00e8les in vitro sur des lign\u00e9es cellulaires canc\u00e9reuses<br \/>\n\u2013 Mod\u00e8les in vivo<br \/>\n\u2013 Mod\u00e8les animaux du cancer<\/p>\n<p><strong>Principal lnvestigator \/ program Director<\/strong><\/p>\n<p>MEDDAH Bouchra<br \/>\nFacult\u00e9 de M\u00e9decine et de Pharmacie de Rabat<\/p>\n<p><strong>Collaborators<\/strong><\/p>\n<p>Khalil HAMMANI<br \/>\nFacult\u00e9 Polydisciplinaire de Taza<\/p>\n<p>Yves A. DECLERCK<br \/>\nThe Saban Research Institute\/ Children Hospital Los Angeles<\/p>\n<\/div><\/div><\/div><\/div><\/div><\/div><\/div><\/div><\/div><\/section>\n","protected":false},"excerpt":{"rendered":"Date de d\u00e9but : 01\/07\/2014 Date de cl\u00f4ture : 30\/06\/2017 Site(s) de l\u2019\u00e9tude: Facult\u00e9 de M\u00e9decine et de Pharmacie de Rabat Financement : IRC T\u00e9l\u00e9chargement Fichier Etude de caract\u00e9risation pharmacologique et photochimique des extraits de trois plantes utilis\u00e9es en m\u00e9decine traditionnelle marocaine et recherche de nouvelles substances actives anticanc\u00e9reuses Le cancer est l\u2019une des causes...","protected":false},"author":1,"featured_media":0,"parent":1144,"menu_order":0,"comment_status":"closed","ping_status":"closed","template":"","meta":{"_acf_changed":false,"footnotes":""},"class_list":["post-1200","page","type-page","status-publish","hentry"],"acf":[],"lang":"fr","translations":{"fr":1200},"pll_sync_post":[],"_links":{"self":[{"href":"https:\/\/onetech.dev\/irc\/wp-json\/wp\/v2\/pages\/1200","targetHints":{"allow":["GET"]}}],"collection":[{"href":"https:\/\/onetech.dev\/irc\/wp-json\/wp\/v2\/pages"}],"about":[{"href":"https:\/\/onetech.dev\/irc\/wp-json\/wp\/v2\/types\/page"}],"author":[{"embeddable":true,"href":"https:\/\/onetech.dev\/irc\/wp-json\/wp\/v2\/users\/1"}],"replies":[{"embeddable":true,"href":"https:\/\/onetech.dev\/irc\/wp-json\/wp\/v2\/comments?post=1200"}],"version-history":[{"count":2,"href":"https:\/\/onetech.dev\/irc\/wp-json\/wp\/v2\/pages\/1200\/revisions"}],"predecessor-version":[{"id":1202,"href":"https:\/\/onetech.dev\/irc\/wp-json\/wp\/v2\/pages\/1200\/revisions\/1202"}],"up":[{"embeddable":true,"href":"https:\/\/onetech.dev\/irc\/wp-json\/wp\/v2\/pages\/1144"}],"wp:attachment":[{"href":"https:\/\/onetech.dev\/irc\/wp-json\/wp\/v2\/media?parent=1200"}],"curies":[{"name":"wp","href":"https:\/\/api.w.org\/{rel}","templated":true}]}}