{"id":1203,"date":"2026-04-22T17:18:40","date_gmt":"2026-04-22T16:18:40","guid":{"rendered":"https:\/\/onetech.dev\/irc\/?page_id=1203"},"modified":"2026-04-22T17:18:53","modified_gmt":"2026-04-22T16:18:53","slug":"aap-6","status":"publish","type":"page","link":"https:\/\/onetech.dev\/irc\/recherche\/appels-a-projets\/aap-2013\/aap-6","title":{"rendered":"Etude observationnelle clinique"},"content":{"rendered":"<section class=\"l-section wpb_row height_medium\"><div class=\"l-section-h i-cf\"><div class=\"g-cols vc_row via_grid cols_1 laptops-cols_inherit tablets-cols_inherit mobiles-cols_1 valign_top type_default stacking_default\"><div class=\"wpb_column vc_column_container\"><div class=\"vc_column-inner\"><div class=\"g-cols wpb_row via_grid cols_1-3 laptops-cols_inherit tablets-cols_inherit mobiles-cols_1 valign_top type_default stacking_default\" style=\"--columns-gap:3rem;\"><div class=\"wpb_column vc_column_container\"><div class=\"vc_column-inner\"><div class=\"wpb_text_column\"><div class=\"wpb_wrapper\"><p><span style=\"color: #1c75bc;\"><strong>Date de d\u00e9but :<\/strong><\/span><br \/>\n01\/10\/2014<\/p>\n<p><span style=\"color: #1c75bc;\"><strong>Date de cl\u00f4ture :<\/strong><\/span><br \/>\n30\/09\/2017<\/p>\n<p><strong><span style=\"color: #1c75bc;\">Site(s) de l\u2019\u00e9tude :<\/span><\/strong><br \/>\nFacult\u00e9 de M\u00e9decine et de Pharmacie de Rabat<\/p>\n<p><strong><span style=\"color: #1c75bc;\">Financement :<\/span><\/strong><\/p>\n<p>FLSC<\/p>\n<p><span style=\"color: #1c75bc;\"><strong>T\u00e9l\u00e9chargement<\/strong><\/span><br \/>\n<a href=\"https:\/\/onetech.dev\/irc\/data\/PROJECT-8.docx\" target=\"_blank\" rel=\"noopener noreferrer\">Fichier<\/a><\/p>\n<\/div><\/div><\/div><\/div><div class=\"wpb_column vc_column_container\"><div class=\"vc_column-inner\"><div class=\"wpb_text_column\"><div class=\"wpb_wrapper\"><p style=\"text-align: justify;\"><strong>Etude observationnelle clinique, mol\u00e9culaire et th\u00e9rapeutique des cancers se sein Inflammatoires<\/strong><\/p>\n<p style=\"text-align: justify;\">Le cancer inflammatoire du sein (IBC) est une forme rare et agressive du cancer du sein. IL est caract\u00e9ris\u00e9 essentiellement par sa distribution \u00e9pid\u00e9miologique, sa pr\u00e9sentation clinique et son potentiel de diss\u00e9mination m\u00e9tastatique rapide<\/p>\n<p style=\"text-align: justify;\">La pr\u00e9valence du ce type de cancer au Maroc nous permet d\u2019envisager une \u00e9tude de type registre observationnel non interventionnel comme premi\u00e8re \u00e9tape en attendant la r\u00e9alisation d\u2019essais cliniques de phase I, II ou III qui n\u00e9cessitent des moyens plus importants.<\/p>\n<p style=\"text-align: justify;\">La recherche propos\u00e9e vise :<br \/>\n\u2022 A d\u00e9terminer l\u2019\u00e9pid\u00e9miologie du cancer du sein inflammatoire \u00e0 l\u2019institut national d\u2019oncologie<br \/>\n\u2022 A caract\u00e9riser la biologie mol\u00e9culaire des cancers du sein inflammatoires dans une population marocaine.<br \/>\n\u2022 A mesurer l\u2019impact des pratiques th\u00e9rapeutiques et leur d\u00e9roulement utilis\u00e9s \u00e0 l\u2019institut national d\u2019oncologie.<br \/>\n\u2022 A \u00e9tudier l\u2019apport de la biopsie cutan\u00e9e comparativement aux techniques de diagnostic clinique (Gold standard)<\/p>\n<p><strong>Principal lnvestigator \/ program Director<\/strong><\/p>\n<p>ERRIHANI Hassan<br \/>\nFacult\u00e9 de M\u00e9decine et de Pharmacie de Rabat<\/p>\n<p><strong>Collaborators<\/strong><\/p>\n<p>El KHANOUSSI Bassma<br \/>\nINO<\/p>\n<p>BOUJIDA Najib<br \/>\n##<\/p>\n<p>El OTMANI azzedine<br \/>\n##<\/p>\n<\/div><\/div><\/div><\/div><\/div><\/div><\/div><\/div><\/div><\/section>\n","protected":false},"excerpt":{"rendered":"Date de d\u00e9but : 01\/10\/2014 Date de cl\u00f4ture : 30\/09\/2017 Site(s) de l\u2019\u00e9tude : Facult\u00e9 de M\u00e9decine et de Pharmacie de Rabat Financement : FLSC T\u00e9l\u00e9chargement Fichier Etude observationnelle clinique, mol\u00e9culaire et th\u00e9rapeutique des cancers se sein Inflammatoires Le cancer inflammatoire du sein (IBC) est une forme rare et agressive du cancer du sein. IL...","protected":false},"author":1,"featured_media":0,"parent":1144,"menu_order":0,"comment_status":"closed","ping_status":"closed","template":"","meta":{"_acf_changed":false,"footnotes":""},"class_list":["post-1203","page","type-page","status-publish","hentry"],"acf":[],"lang":"fr","translations":{"fr":1203},"pll_sync_post":[],"_links":{"self":[{"href":"https:\/\/onetech.dev\/irc\/wp-json\/wp\/v2\/pages\/1203","targetHints":{"allow":["GET"]}}],"collection":[{"href":"https:\/\/onetech.dev\/irc\/wp-json\/wp\/v2\/pages"}],"about":[{"href":"https:\/\/onetech.dev\/irc\/wp-json\/wp\/v2\/types\/page"}],"author":[{"embeddable":true,"href":"https:\/\/onetech.dev\/irc\/wp-json\/wp\/v2\/users\/1"}],"replies":[{"embeddable":true,"href":"https:\/\/onetech.dev\/irc\/wp-json\/wp\/v2\/comments?post=1203"}],"version-history":[{"count":2,"href":"https:\/\/onetech.dev\/irc\/wp-json\/wp\/v2\/pages\/1203\/revisions"}],"predecessor-version":[{"id":1206,"href":"https:\/\/onetech.dev\/irc\/wp-json\/wp\/v2\/pages\/1203\/revisions\/1206"}],"up":[{"embeddable":true,"href":"https:\/\/onetech.dev\/irc\/wp-json\/wp\/v2\/pages\/1144"}],"wp:attachment":[{"href":"https:\/\/onetech.dev\/irc\/wp-json\/wp\/v2\/media?parent=1203"}],"curies":[{"name":"wp","href":"https:\/\/api.w.org\/{rel}","templated":true}]}}