{"id":1207,"date":"2026-04-22T17:20:32","date_gmt":"2026-04-22T16:20:32","guid":{"rendered":"https:\/\/onetech.dev\/irc\/?page_id=1207"},"modified":"2026-04-22T17:20:52","modified_gmt":"2026-04-22T16:20:52","slug":"aap-7","status":"publish","type":"page","link":"https:\/\/onetech.dev\/irc\/recherche\/appels-a-projets\/aap-2013\/aap-7","title":{"rendered":"Le cancer du sein triple n\u00e9gatif (TNBC)"},"content":{"rendered":"<section class=\"l-section wpb_row height_medium\"><div class=\"l-section-h i-cf\"><div class=\"g-cols vc_row via_grid cols_1 laptops-cols_inherit tablets-cols_inherit mobiles-cols_1 valign_top type_default stacking_default\"><div class=\"wpb_column vc_column_container\"><div class=\"vc_column-inner\"><div class=\"g-cols wpb_row via_grid cols_1-3 laptops-cols_inherit tablets-cols_inherit mobiles-cols_1 valign_top type_default stacking_default\" style=\"--columns-gap:3rem;\"><div class=\"wpb_column vc_column_container\"><div class=\"vc_column-inner\"><div class=\"wpb_text_column\"><div class=\"wpb_wrapper\"><p><span style=\"color: #1c75bc;\"><strong>Date de d\u00e9but :<\/strong><\/span><br \/>\n01\/07\/2014<\/p>\n<p><span style=\"color: #1c75bc;\"><strong>Date de cl\u00f4ture :<\/strong><\/span><br \/>\n01\/07\/2017<\/p>\n<p><strong><span style=\"color: #1c75bc;\">Site(s) de l\u2019\u00e9tude :<\/span><\/strong><br \/>\nUniversit\u00e9 Sultan Moulay Slimane, Facult\u00e9 des sciences et techniques<\/p>\n<p><strong><span style=\"color: #1c75bc;\">Financement :<\/span><\/strong><br \/>\nFLSC<\/p>\n<p><span style=\"color: #1c75bc;\"><strong>T\u00e9l\u00e9chargement<\/strong><\/span><br \/>\n<a href=\"https:\/\/onetech.dev\/irc\/data\/PROJECT-9.docx\" target=\"_blank\" rel=\"noopener noreferrer\">Fichier<\/a><\/p>\n<\/div><\/div><\/div><\/div><div class=\"wpb_column vc_column_container\"><div class=\"vc_column-inner\"><div class=\"wpb_text_column\"><div class=\"wpb_wrapper\"><p><strong>Le cancer du sein triple n\u00e9gatif (TNBC)<\/strong><\/p>\n<p style=\"text-align: justify;\">Etude du profil g\u00e9n\u00e9tique, mod\u00e9lisation des marqueurs biologiques et \u00e9tude de l\u2019impact de l\u2019utilisation des plantes m\u00e9dicinales sur le traitement des patients recrut\u00e9es au CHU Mohamed VI de Marrakech.<\/p>\n<p style=\"text-align: justify;\">Le cancer tripe n\u00e9gatif (TNBC) englobe un groupe h\u00e9t\u00e9rog\u00e8ne de sous-ensembles de tumeurs qui sont caract\u00e9ris\u00e9es par l\u2019absence d\u2019expression des r\u00e9cepteurs hormonaux aux estrog\u00e8nes (ER) et progest\u00e9rone (PR) et par l\u2019expression de HER2 non amplifi\u00e9e. 10-24% des cancers du sein invasifs entrent dans cette cat\u00e9gorie. Ces tumeurs pr\u00e9sentent un risque \u00e9lev\u00e9 de rechute, quelle que soit le grade et le stade, et repr\u00e9sentent pour une grande partie le sein m\u00e9tastasique. L\u2019objectif du projet comporte trois parties compl\u00e9mentaires :<\/p>\n<p style=\"text-align: justify;\">\u2013 Etudier sur des biopsies fraiche de TNBC sans traitement et apr\u00e8s traitement in vitro par diff\u00e9rentes mol\u00e9cules de chimioth\u00e9rapie (1\u00e8re, 2\u00e8me et 3\u00e8me ligne), l\u2019expression des g\u00e8nes impliqu\u00e9s particuli\u00e8rement dans :<\/p>\n<ul>\n<li>La r\u00e9ponse imm\u00e9diate aux l\u00e9sions (Fos, Jun, Gadd, p53)<\/li>\n<li>La r\u00e9sistance \u00e0 la chimioth\u00e9rapie (MDR-1, MRP,\u2026)<\/li>\n<li>La r\u00e9paration de l\u2019ADN (MGMT)<\/li>\n<li>Le control de l\u2019apoptose (Bcl-2, Myc, Fas-L, Bax)<\/li>\n<\/ul>\n<p>\u2013 Mod\u00e9lisation de marqueur biologique (CA15.3) dans le cancer de sein et le TNBC en particulier suit au traitement chimio-th\u00e9rapeutique.<\/p>\n<p>\u2013 Etude de l\u2019impact de l\u2019utilisation des plantes m\u00e9dicinales sur la sant\u00e9 des malades trait\u00e9s pour le cancer du sein en g\u00e9n\u00e9ral et le TNBC en particulier.<\/p>\n<p><strong>Principal lnvestigator \/ program Director<\/strong><\/p>\n<p>ZYAD Aabdelmajid<br \/>\nUniversit\u00e9 Sultan Moulay Slimane, Facult\u00e9 des sciences et techniques<\/p>\n<p><strong>Collaborators<\/strong><\/p>\n<p>Khouchani Mouna<br \/>\nCHU Mohamed VI-Marrakech<\/p>\n<p>Badiaa Belaabidia<br \/>\nFacult\u00e9 de m\u00e9decine et de pharmacie d Marrakech<\/p>\n<p>El Maroufy Hamid<br \/>\nFacult\u00e9 des sciences et techniques de B\u00e9ni Mellal<\/p>\n<\/div><\/div><\/div><\/div><\/div><\/div><\/div><\/div><\/div><\/section>\n","protected":false},"excerpt":{"rendered":"Date de d\u00e9but : 01\/07\/2014 Date de cl\u00f4ture : 01\/07\/2017 Site(s) de l\u2019\u00e9tude : Universit\u00e9 Sultan Moulay Slimane, Facult\u00e9 des sciences et techniques Financement : FLSC T\u00e9l\u00e9chargement Fichier Le cancer du sein triple n\u00e9gatif (TNBC) Etude du profil g\u00e9n\u00e9tique, mod\u00e9lisation des marqueurs biologiques et \u00e9tude de l\u2019impact de l\u2019utilisation des plantes m\u00e9dicinales sur le traitement...","protected":false},"author":1,"featured_media":0,"parent":1144,"menu_order":0,"comment_status":"closed","ping_status":"closed","template":"","meta":{"_acf_changed":false,"footnotes":""},"class_list":["post-1207","page","type-page","status-publish","hentry"],"acf":[],"lang":"fr","translations":{"fr":1207},"pll_sync_post":[],"_links":{"self":[{"href":"https:\/\/onetech.dev\/irc\/wp-json\/wp\/v2\/pages\/1207","targetHints":{"allow":["GET"]}}],"collection":[{"href":"https:\/\/onetech.dev\/irc\/wp-json\/wp\/v2\/pages"}],"about":[{"href":"https:\/\/onetech.dev\/irc\/wp-json\/wp\/v2\/types\/page"}],"author":[{"embeddable":true,"href":"https:\/\/onetech.dev\/irc\/wp-json\/wp\/v2\/users\/1"}],"replies":[{"embeddable":true,"href":"https:\/\/onetech.dev\/irc\/wp-json\/wp\/v2\/comments?post=1207"}],"version-history":[{"count":2,"href":"https:\/\/onetech.dev\/irc\/wp-json\/wp\/v2\/pages\/1207\/revisions"}],"predecessor-version":[{"id":1210,"href":"https:\/\/onetech.dev\/irc\/wp-json\/wp\/v2\/pages\/1207\/revisions\/1210"}],"up":[{"embeddable":true,"href":"https:\/\/onetech.dev\/irc\/wp-json\/wp\/v2\/pages\/1144"}],"wp:attachment":[{"href":"https:\/\/onetech.dev\/irc\/wp-json\/wp\/v2\/media?parent=1207"}],"curies":[{"name":"wp","href":"https:\/\/api.w.org\/{rel}","templated":true}]}}