{"id":1211,"date":"2026-04-22T17:22:19","date_gmt":"2026-04-22T16:22:19","guid":{"rendered":"https:\/\/onetech.dev\/irc\/?page_id=1211"},"modified":"2026-04-22T17:22:33","modified_gmt":"2026-04-22T16:22:33","slug":"aap-8","status":"publish","type":"page","link":"https:\/\/onetech.dev\/irc\/recherche\/appels-a-projets\/aap-2013\/aap-8","title":{"rendered":"D\u00e9veloppement de Biocapteurs Nanotechnologiques"},"content":{"rendered":"<section class=\"l-section wpb_row height_medium\"><div class=\"l-section-h i-cf\"><div class=\"g-cols vc_row via_grid cols_1 laptops-cols_inherit tablets-cols_inherit mobiles-cols_1 valign_top type_default stacking_default\"><div class=\"wpb_column vc_column_container\"><div class=\"vc_column-inner\"><div class=\"g-cols wpb_row via_grid cols_1-3 laptops-cols_inherit tablets-cols_inherit mobiles-cols_1 valign_top type_default stacking_default\" style=\"--columns-gap:3rem;\"><div class=\"wpb_column vc_column_container\"><div class=\"vc_column-inner\"><div class=\"wpb_text_column\"><div class=\"wpb_wrapper\"><p><span style=\"color: #1c75bc;\"><strong>Date de d\u00e9but\u00a0:<\/strong><\/span><br \/>\n##\/##\/####<\/p>\n<p><span style=\"color: #1c75bc;\"><strong>Date de cl\u00f4ture :<\/strong><\/span><br \/>\n##\/##\/####<\/p>\n<p><strong><span style=\"color: #1c75bc;\">Site(s) de l\u2019\u00e9tude :<\/span><\/strong><br \/>\n######<\/p>\n<p><strong><span style=\"color: #1c75bc;\">Financement :<\/span><\/strong><br \/>\nIRC<\/p>\n<p><span style=\"color: #1c75bc;\"><strong>T\u00e9l\u00e9chargement<\/strong><\/span><br \/>\n<a href=\"https:\/\/onetech.dev\/irc\/data\/PROJECT-12.docx\" target=\"_blank\" rel=\"noopener noreferrer\">Fichier<\/a><\/p>\n<\/div><\/div><\/div><\/div><div class=\"wpb_column vc_column_container\"><div class=\"vc_column-inner\"><div class=\"wpb_text_column\"><div class=\"wpb_wrapper\"><p style=\"text-align: justify;\"><strong>D\u00e9veloppement de Biocapteurs Nanotechnologiques \u00e0 partir des Biomarqueurs pour le Diagnostic Pr\u00e9coce des Cancers Gyn\u00e9co-mammaires \u00e0 Etiologie Virale au Maroc<\/strong><\/p>\n<p style=\"text-align: justify;\">Il est n\u00e9cessaire d\u2019am\u00e9liorer les moyens de d\u00e9tection et de d\u00e9pistage pour une meilleure prise en charge pr\u00e9coce des malades. L\u2019une des pistes prometteuses est de poser les bases d\u2019un diagnostic pr\u00e9coce des 3 cancers cibles : les cancers du sein, du col ut\u00e9rin et de l\u2019ovaire. Pour cela, nous proposons de d\u00e9velopper un outil de diagnostic par des moyens nanotechnologiques ayant des caract\u00e9ristiques d\u2019utilisation simple, rapide, ne n\u00e9cessitant aucune instrumentation sophistiqu\u00e9 et pouvant \u00eatre utilis\u00e9 dans un environnement hospitalier, donc proche du malade. Notre projet propose d\u2019orienter sa recherche sur des microARN (miRNAs) qui sont actuellement les biomarqueurs les plus prometteurs dans le diagnostic pr\u00e9coce des cancers, et leurs utilisations ouvre des nouvelles perspectives sur la mise au point des nouveaux outils de diagnostic pr\u00e9coce des diff\u00e9rents cancers. Les m\u00e9thodes classiques de d\u00e9tection de miARNs, comme la PCR, la RT-PCR, le northern-blot ou les microarrays, offrent une grande pr\u00e9cision et des approches analytiques tr\u00e8s sensibles pour la mesure des miARNs<\/p>\n<p><strong>Principal lnvestigator \/ program Director<\/strong><\/p>\n<p>Mly Mustapha ENNAJI<br \/>\n###<\/p>\n<p><strong>Collaborators<br \/>\n<\/strong>###<\/p>\n<\/div><\/div><\/div><\/div><\/div><\/div><\/div><\/div><\/div><\/section>\n","protected":false},"excerpt":{"rendered":"Date de d\u00e9but\u00a0: ##\/##\/#### Date de cl\u00f4ture : ##\/##\/#### Site(s) de l\u2019\u00e9tude : ###### Financement : IRC T\u00e9l\u00e9chargement Fichier D\u00e9veloppement de Biocapteurs Nanotechnologiques \u00e0 partir des Biomarqueurs pour le Diagnostic Pr\u00e9coce des Cancers Gyn\u00e9co-mammaires \u00e0 Etiologie Virale au Maroc Il est n\u00e9cessaire d\u2019am\u00e9liorer les moyens de d\u00e9tection et de d\u00e9pistage pour une meilleure prise en...","protected":false},"author":1,"featured_media":0,"parent":1144,"menu_order":0,"comment_status":"closed","ping_status":"closed","template":"","meta":{"_acf_changed":false,"footnotes":""},"class_list":["post-1211","page","type-page","status-publish","hentry"],"acf":[],"lang":"fr","translations":{"fr":1211},"pll_sync_post":[],"_links":{"self":[{"href":"https:\/\/onetech.dev\/irc\/wp-json\/wp\/v2\/pages\/1211","targetHints":{"allow":["GET"]}}],"collection":[{"href":"https:\/\/onetech.dev\/irc\/wp-json\/wp\/v2\/pages"}],"about":[{"href":"https:\/\/onetech.dev\/irc\/wp-json\/wp\/v2\/types\/page"}],"author":[{"embeddable":true,"href":"https:\/\/onetech.dev\/irc\/wp-json\/wp\/v2\/users\/1"}],"replies":[{"embeddable":true,"href":"https:\/\/onetech.dev\/irc\/wp-json\/wp\/v2\/comments?post=1211"}],"version-history":[{"count":2,"href":"https:\/\/onetech.dev\/irc\/wp-json\/wp\/v2\/pages\/1211\/revisions"}],"predecessor-version":[{"id":1213,"href":"https:\/\/onetech.dev\/irc\/wp-json\/wp\/v2\/pages\/1211\/revisions\/1213"}],"up":[{"embeddable":true,"href":"https:\/\/onetech.dev\/irc\/wp-json\/wp\/v2\/pages\/1144"}],"wp:attachment":[{"href":"https:\/\/onetech.dev\/irc\/wp-json\/wp\/v2\/media?parent=1211"}],"curies":[{"name":"wp","href":"https:\/\/api.w.org\/{rel}","templated":true}]}}