{"id":1214,"date":"2026-04-22T17:23:47","date_gmt":"2026-04-22T16:23:47","guid":{"rendered":"https:\/\/onetech.dev\/irc\/?page_id=1214"},"modified":"2026-04-22T17:24:01","modified_gmt":"2026-04-22T16:24:01","slug":"aap-9","status":"publish","type":"page","link":"https:\/\/onetech.dev\/irc\/recherche\/appels-a-projets\/aap-2013\/aap-9","title":{"rendered":"Mod\u00e9lisation d\u2019indice de risque de cancer du sein"},"content":{"rendered":"<section class=\"l-section wpb_row height_medium\"><div class=\"l-section-h i-cf\"><div class=\"g-cols vc_row via_grid cols_1 laptops-cols_inherit tablets-cols_inherit mobiles-cols_1 valign_top type_default stacking_default\"><div class=\"wpb_column vc_column_container\"><div class=\"vc_column-inner\"><div class=\"g-cols wpb_row via_grid cols_1-3 laptops-cols_inherit tablets-cols_inherit mobiles-cols_1 valign_top type_default stacking_default\" style=\"--columns-gap:3rem;\"><div class=\"wpb_column vc_column_container\"><div class=\"vc_column-inner\"><div class=\"wpb_text_column\"><div class=\"wpb_wrapper\"><p><span style=\"color: #1c75bc;\"><strong>Date de d\u00e9but :<\/strong><\/span><br \/>\n##\/##\/####<\/p>\n<p><span style=\"color: #1c75bc;\"><strong>Date de cl\u00f4ture :<\/strong><\/span><br \/>\n##\/##\/####<\/p>\n<p><strong><span style=\"color: #1c75bc;\">Site(s) de l\u2019\u00e9tude :<\/span><\/strong><br \/>\n######<\/p>\n<p><strong><span style=\"color: #1c75bc;\">Financement :<\/span><\/strong><br \/>\n######<\/p>\n<p><span style=\"color: #1c75bc;\"><strong>T\u00e9l\u00e9chargement<\/strong><\/span><br \/>\n<a href=\"https:\/\/onetech.dev\/irc\/data\/PROJECT-12.docx\" target=\"_blank\" rel=\"noopener noreferrer\">Fichier<\/a><\/p>\n<\/div><\/div><\/div><\/div><div class=\"wpb_column vc_column_container\"><div class=\"vc_column-inner\"><div class=\"wpb_text_column\"><div class=\"wpb_wrapper\"><p><strong>Mod\u00e9lisation d\u2019indice de risque de cancer du sein<\/strong><\/p>\n<p style=\"text-align: justify;\">Le cancer du sein est une maladie multifactorielle due \u00e0 la forte interaction de nombreux facteurs de risque, y compris la susceptibilit\u00e9 g\u00e9n\u00e9tique, l\u2019environnement et le mode de vie. Cette pathologie est un probl\u00e8me majeur de sant\u00e9 publique. Son incidence varie selon les r\u00e9gions, les groupes ethniques et l\u2019environnement, ce qui n\u00e9cessite l\u2019\u00e9tude locale des profils de facteurs de risque Selon les estimations actuelles, une femme sur huit d\u00e9veloppera un cancer du sein. Ce chiffre a persuad\u00e9 les professionnels m\u00e9dicaux et universitaires de mettre au point une multitude d\u2019algorithmes pour \u00e9valuer le risque d\u2019un individu de d\u00e9velopper un cancer du sein.<\/p>\n<p style=\"text-align: justify;\">Des progr\u00e8s importants ont \u00e9t\u00e9 r\u00e9alis\u00e9s depuis le premier algorithme publi\u00e9 en 1983: Mod\u00e8le Gail. Nous avons examin\u00e9 chaque algorithme en d\u00e9tail, les m\u00e9thodes d\u2019extraction, inputs, outputs, les m\u00e9thodes d\u2019\u00e9tudes et notre population cible: la population marocaine,<\/p>\n<p style=\"text-align: justify;\">afin d\u2019effectuer des analyses comparatives. \u00c0 l\u2019heure actuelle, les 27 algorithmes de pr\u00e9diction du risque existants n\u2019ont pas \u00e9t\u00e9 enti\u00e8rement test\u00e9s sur toutes les sous-populations raciales. Nous avons cr\u00e9\u00e9 un framework \u00abprogrammation informatique\u00bb pour la simulation de s\u00e9ries illimit\u00e9es de patients \u00abClinical Avatars\u00bb pour explorer les \u00e9carts raciaux et ethniques dans les algorithmes de pr\u00e9diction du risque, afin de tester leur exactitude et choisir le plus appropri\u00e9 pour la population marocaine.<\/p>\n<p style=\"text-align: justify;\">L\u2019ambition de ce projet est de pr\u00e9parer le terrain pour l\u2019implantation de la m\u00e9decine personnalis\u00e9e chez notre prestataire de soins m\u00e9dicaux, en lui fournissant l\u2019\u00e9valuation du risque de cancer du sein comme une premi\u00e8re \u00e9tape, et qui permettra de stratifier les femmes marocaines en groupes \u00e0 risque, influen\u00e7ant la d\u00e9cision des femmes de suivre une strat\u00e9gie pr\u00e9ventif de r\u00e9duction de risque, et ouvrir la porte \u00e0 la m\u00e9decine pr\u00e9ventive qui recommande une strat\u00e9gie pharmacologique de r\u00e9duction de risques de cancer du sein par chimio-pr\u00e9vention avec le tamoxif\u00e8ne.<\/p>\n<p><strong>Principal lnvestigator \/ program Director<\/strong><\/p>\n<p>Abdellatif BENIDER<br \/>\n###<\/p>\n<p><strong>Collaborators<br \/>\n<\/strong>###<\/p>\n<\/div><\/div><\/div><\/div><\/div><\/div><\/div><\/div><\/div><\/section>\n","protected":false},"excerpt":{"rendered":"Date de d\u00e9but : ##\/##\/#### Date de cl\u00f4ture : ##\/##\/#### Site(s) de l\u2019\u00e9tude : ###### Financement : ###### T\u00e9l\u00e9chargement Fichier Mod\u00e9lisation d\u2019indice de risque de cancer du sein Le cancer du sein est une maladie multifactorielle due \u00e0 la forte interaction de nombreux facteurs de risque, y compris la susceptibilit\u00e9 g\u00e9n\u00e9tique, l\u2019environnement et le mode...","protected":false},"author":1,"featured_media":0,"parent":1144,"menu_order":0,"comment_status":"closed","ping_status":"closed","template":"","meta":{"_acf_changed":false,"footnotes":""},"class_list":["post-1214","page","type-page","status-publish","hentry"],"acf":[],"lang":"fr","translations":{"fr":1214},"pll_sync_post":[],"_links":{"self":[{"href":"https:\/\/onetech.dev\/irc\/wp-json\/wp\/v2\/pages\/1214","targetHints":{"allow":["GET"]}}],"collection":[{"href":"https:\/\/onetech.dev\/irc\/wp-json\/wp\/v2\/pages"}],"about":[{"href":"https:\/\/onetech.dev\/irc\/wp-json\/wp\/v2\/types\/page"}],"author":[{"embeddable":true,"href":"https:\/\/onetech.dev\/irc\/wp-json\/wp\/v2\/users\/1"}],"replies":[{"embeddable":true,"href":"https:\/\/onetech.dev\/irc\/wp-json\/wp\/v2\/comments?post=1214"}],"version-history":[{"count":2,"href":"https:\/\/onetech.dev\/irc\/wp-json\/wp\/v2\/pages\/1214\/revisions"}],"predecessor-version":[{"id":1216,"href":"https:\/\/onetech.dev\/irc\/wp-json\/wp\/v2\/pages\/1214\/revisions\/1216"}],"up":[{"embeddable":true,"href":"https:\/\/onetech.dev\/irc\/wp-json\/wp\/v2\/pages\/1144"}],"wp:attachment":[{"href":"https:\/\/onetech.dev\/irc\/wp-json\/wp\/v2\/media?parent=1214"}],"curies":[{"name":"wp","href":"https:\/\/api.w.org\/{rel}","templated":true}]}}