{"id":1225,"date":"2026-04-23T10:14:28","date_gmt":"2026-04-23T09:14:28","guid":{"rendered":"https:\/\/onetech.dev\/irc\/?page_id=1225"},"modified":"2026-04-23T10:14:47","modified_gmt":"2026-04-23T09:14:47","slug":"aap-3","status":"publish","type":"page","link":"https:\/\/onetech.dev\/irc\/recherche\/appels-a-projets\/aap-2016\/aap-3","title":{"rendered":"\u00c9valuation de la corr\u00e9lation pronostique de la TEP-SCAN"},"content":{"rendered":"<section class=\"l-section wpb_row height_medium\"><div class=\"l-section-h i-cf\"><div class=\"g-cols vc_row via_grid cols_1 laptops-cols_inherit tablets-cols_inherit mobiles-cols_1 valign_top type_default stacking_default\"><div class=\"wpb_column vc_column_container\"><div class=\"vc_column-inner\"><div class=\"g-cols wpb_row via_grid cols_1-3 laptops-cols_inherit tablets-cols_inherit mobiles-cols_1 valign_top type_default stacking_default\" style=\"--columns-gap:3rem;\"><div class=\"wpb_column vc_column_container\"><div class=\"vc_column-inner\"><div class=\"wpb_text_column\"><div class=\"wpb_wrapper\"><p><span style=\"color: #1c75bc;\"><strong>Date de d\u00e9but :<\/strong><\/span><br \/>\n24\/01\/2017<\/p>\n<p><span style=\"color: #1c75bc;\"><strong>Date de cl\u00f4ture :<\/strong><\/span><br \/>\n23\/01\/2020<\/p>\n<p><strong><span style=\"color: #1c75bc;\">Site(s) de l\u2019\u00e9tude :<\/span><\/strong><br \/>\nCentre Mohamed VI de traitement du cancer de Casablanca<\/p>\n<p><strong><span style=\"color: #1c75bc;\">Financement :<\/span><\/strong><br \/>\nIRC<\/p>\n<p><span style=\"color: #1c75bc;\"><strong>T\u00e9l\u00e9chargement<\/strong><\/span><br \/>\n<a href=\"https:\/\/onetech.dev\/irc\/data\/PROJECT-12.docx\" target=\"_blank\" rel=\"noopener noreferrer\">Fichier<\/a><\/p>\n<\/div><\/div><\/div><\/div><div class=\"wpb_column vc_column_container\"><div class=\"vc_column-inner\"><div class=\"wpb_text_column\"><div class=\"wpb_wrapper\"><p style=\"text-align: justify;\"><strong>\u00c9valuation de la corr\u00e9lation pronostique de la TEP-SCAN, des biomarqueurs mol\u00e9culaires viraux et des marqueurs pr\u00e9dictifs de radio r\u00e9sistance dans la prise en change du cancer du nasopharynx au Maroc<\/strong><\/p>\n<p style=\"text-align: justify;\">Les taux de m\u00e9tastases \u00e0 distance restent une cause majeure de d\u00e9c\u00e8s pour les cancers du nasopharynx (NPC) initialement non m\u00e9tastatiques, ce qui laisse supposer qu\u2019un certain nombre de patients seraient sous-stadifi\u00e9s par l\u2019imagerie conventionnelle. Cependant, malgr\u00e9 l\u2019existence des facteurs pronostiques classiques et l\u2019av\u00e8nement r\u00e9cent de facteurs biologiques encore en \u00e9valuation, le clinicien reste largement d\u00e9muni pour d\u00e9cider et orienter le traitement au cours des diff\u00e9rents stades \u00e9volutifs de la maladie. En effet, certaines explorations aussi bien biologiques que radiologiques sont encore en \u00e9valuation et pourraient avoir une valeur importante dans l\u2019\u00e9valuation de la maladie m\u00e9tastatique, tels :<\/p>\n<ul>\n<li style=\"text-align: justify;\">la TEP scan couramment utilis\u00e9e dans la prise en charge des cancers : au diagnostic, elle am\u00e9liore la qualit\u00e9 du bilan d\u2019extension de la maladie du fait d\u2019une sensibilit\u00e9 sup\u00e9rieure au scanner et au terme du traitement, elle permet une meilleure \u00e9valuation de la r\u00e9ponse, notamment en permettant de conclure sur l\u2019aspect cicatriciel de masses r\u00e9siduelles.<\/li>\n<li style=\"text-align: justify;\">biomarqueurs mol\u00e9culaires du NPC : un int\u00e9r\u00eat particulier a \u00e9t\u00e9 donn\u00e9 \u00e0 la mesure de la charge virale et \u00e0 l\u2019\u00e9valuation des microARN viraux du virus Epstein-Barr (EBV), qui appara\u00eet corr\u00e9l\u00e9e \u00e0 la survie et au pronostic du NPC. Aussi, certains polymorphismes g\u00e9n\u00e9tiques et des modifications \u00e9pi-g\u00e9n\u00e9tiques sont d\u2019une grande importance dans l\u2019\u00e9valuation de la r\u00e9ponse au traitement radio-th\u00e9rapeutique.<\/li>\n<\/ul>\n<p style=\"text-align: justify;\">A date, aucune \u00e9tude n\u2019a \u00e9valu\u00e9 la corr\u00e9lation de la TEP scan, les diff\u00e9rents param\u00e8tres biologiques et la survie sans r\u00e9cidive dans le contexte marocain.<\/p>\n<p>Objectif strat\u00e9gique<\/p>\n<p style=\"text-align: justify;\">Evaluer la sensibilit\u00e9 et la sp\u00e9cificit\u00e9 de la TEP combin\u00e9e \u00e0 des bio-marqueurs pronostiques compar\u00e9es au bilan radiologique conventionnel dans la stadification initiale des UCNT.<\/p>\n<p><strong>Principal lnvestigator \/ program Director<\/strong><\/p>\n<p>EL KHYATTI<br \/>\n###<\/p>\n<p><strong>Collaborators<br \/>\n<\/strong>###<\/p>\n<\/div><\/div><\/div><\/div><\/div><\/div><\/div><\/div><\/div><\/section>\n","protected":false},"excerpt":{"rendered":"Date de d\u00e9but : 24\/01\/2017 Date de cl\u00f4ture : 23\/01\/2020 Site(s) de l\u2019\u00e9tude : Centre Mohamed VI de traitement du cancer de Casablanca Financement : IRC T\u00e9l\u00e9chargement Fichier \u00c9valuation de la corr\u00e9lation pronostique de la TEP-SCAN, des biomarqueurs mol\u00e9culaires viraux et des marqueurs pr\u00e9dictifs de radio r\u00e9sistance dans la prise en change du cancer du...","protected":false},"author":1,"featured_media":0,"parent":1154,"menu_order":0,"comment_status":"closed","ping_status":"closed","template":"","meta":{"_acf_changed":false,"footnotes":""},"class_list":["post-1225","page","type-page","status-publish","hentry"],"acf":[],"lang":"fr","translations":{"fr":1225},"pll_sync_post":[],"_links":{"self":[{"href":"https:\/\/onetech.dev\/irc\/wp-json\/wp\/v2\/pages\/1225","targetHints":{"allow":["GET"]}}],"collection":[{"href":"https:\/\/onetech.dev\/irc\/wp-json\/wp\/v2\/pages"}],"about":[{"href":"https:\/\/onetech.dev\/irc\/wp-json\/wp\/v2\/types\/page"}],"author":[{"embeddable":true,"href":"https:\/\/onetech.dev\/irc\/wp-json\/wp\/v2\/users\/1"}],"replies":[{"embeddable":true,"href":"https:\/\/onetech.dev\/irc\/wp-json\/wp\/v2\/comments?post=1225"}],"version-history":[{"count":2,"href":"https:\/\/onetech.dev\/irc\/wp-json\/wp\/v2\/pages\/1225\/revisions"}],"predecessor-version":[{"id":1227,"href":"https:\/\/onetech.dev\/irc\/wp-json\/wp\/v2\/pages\/1225\/revisions\/1227"}],"up":[{"embeddable":true,"href":"https:\/\/onetech.dev\/irc\/wp-json\/wp\/v2\/pages\/1154"}],"wp:attachment":[{"href":"https:\/\/onetech.dev\/irc\/wp-json\/wp\/v2\/media?parent=1225"}],"curies":[{"name":"wp","href":"https:\/\/api.w.org\/{rel}","templated":true}]}}