{"id":1228,"date":"2026-04-23T10:16:19","date_gmt":"2026-04-23T09:16:19","guid":{"rendered":"https:\/\/onetech.dev\/irc\/?page_id=1228"},"modified":"2026-04-23T10:16:37","modified_gmt":"2026-04-23T09:16:37","slug":"aap-4","status":"publish","type":"page","link":"https:\/\/onetech.dev\/irc\/recherche\/appels-a-projets\/aap-2016\/aap-4","title":{"rendered":"Observation de la qualit\u00e9 des actes de chirurgie pour cancers digestifs"},"content":{"rendered":"<section class=\"l-section wpb_row height_medium\"><div class=\"l-section-h i-cf\"><div class=\"g-cols vc_row via_grid cols_1 laptops-cols_inherit tablets-cols_inherit mobiles-cols_1 valign_top type_default stacking_default\"><div class=\"wpb_column vc_column_container\"><div class=\"vc_column-inner\"><div class=\"g-cols wpb_row via_grid cols_1-3 laptops-cols_inherit tablets-cols_inherit mobiles-cols_1 valign_top type_default stacking_default\" style=\"--columns-gap:3rem;\"><div class=\"wpb_column vc_column_container\"><div class=\"vc_column-inner\"><div class=\"wpb_text_column\"><div class=\"wpb_wrapper\"><p><span style=\"color: #1c75bc;\"><strong>Date de d\u00e9but :<\/strong><\/span><br \/>\n10\/02\/2017<\/p>\n<p><span style=\"color: #1c75bc;\"><strong>Date de cl\u00f4ture :<\/strong><\/span><br \/>\n09\/02\/2020<\/p>\n<p><strong><span style=\"color: #1c75bc;\">Site(s) de l\u2019\u00e9tude :<\/span><\/strong><br \/>\nCentre r\u00e9gional d&rsquo;Oncologie \u00e0 Oujda<\/p>\n<p><strong><span style=\"color: #1c75bc;\">Financement :<\/span><\/strong><br \/>\nIRC<\/p>\n<p><span style=\"color: #1c75bc;\"><strong>T\u00e9l\u00e9chargement<\/strong><\/span><br \/>\n<a href=\"https:\/\/onetech.dev\/irc\/data\/PROJECT-12.docx\" target=\"_blank\" rel=\"noopener noreferrer\">Fichier<\/a><\/p>\n<\/div><\/div><\/div><\/div><div class=\"wpb_column vc_column_container\"><div class=\"vc_column-inner\"><div class=\"wpb_text_column\"><div class=\"wpb_wrapper\"><p><strong>Observation de la qualit\u00e9 des actes de chirurgie pour cancers digestifs : Projet pilote<\/strong><\/p>\n<p style=\"text-align: justify;\">La chirurgie pour cancers digestifs est r\u00e9gie par des normes de bonne pratique, valid\u00e9es et diffus\u00e9es par la communaut\u00e9 scientifique. Ces normes contrastent avec la disparit\u00e9 majeure des r\u00e9sultats \u00e0 court et\/ou \u00e0 long terme enregistr\u00e9e chez les patients.<\/p>\n<p style=\"text-align: justify;\">Dans de nombreux pays, cela a justifi\u00e9 la mise en place de syst\u00e8mes d\u2019assurance qualit\u00e9 pour une ou plusieurs localisations de cancer digestif.<\/p>\n<p style=\"text-align: justify;\">Ces exp\u00e9riences d\u2019audit chirurgical ont montr\u00e9 un impact positif, rapide et cout-efficace sur les taux de complications, les taux de r\u00e9cidive ainsi que sur la survie globale m\u00eame en l\u2019absence de mesures interventionnelles. Les donn\u00e9es recueillies ont par ailleurs permis d\u2019am\u00e9liorer la prise en charge de sous-groupes de patients habituellement exclus des essais cliniques.<br \/>\nAu Maroc, le Plan National de Pr\u00e9vention et de Contr\u00f4le du Cancer pr\u00e9voit la mise en place d\u2019un syst\u00e8me d\u2019assurance qualit\u00e9 avec l\u2019instauration d\u2019un syst\u00e8me de suivi et d\u2019\u00e9valuation de la prise en charge des patients. Notre projet pilote s\u2019inscrit dans ce cadre, pour le groupe des patients candidats \u00e0 une chirurgie pour cancers digestifs.<\/p>\n<p><strong>Objectif<\/strong><\/p>\n<p style=\"text-align: justify;\">D\u00e9velopper un mod\u00e8le d\u2019assurance qualit\u00e9\u0301 de la prise en charge chirurgicale des patients atteints de cancers digestifs a\u0300 travers la mise en place d\u2019un observatoire<\/p>\n<p><strong>Principal lnvestigator \/ program Director<\/strong><\/p>\n<p>Amine BENKABBOU<br \/>\n###<\/p>\n<p><strong>Collaborators<br \/>\n<\/strong>###<\/p>\n<\/div><\/div><\/div><\/div><\/div><\/div><\/div><\/div><\/div><\/section>\n","protected":false},"excerpt":{"rendered":"Date de d\u00e9but : 10\/02\/2017 Date de cl\u00f4ture : 09\/02\/2020 Site(s) de l\u2019\u00e9tude : Centre r\u00e9gional d&rsquo;Oncologie \u00e0 Oujda Financement : IRC T\u00e9l\u00e9chargement Fichier Observation de la qualit\u00e9 des actes de chirurgie pour cancers digestifs : Projet pilote La chirurgie pour cancers digestifs est r\u00e9gie par des normes de bonne pratique, valid\u00e9es et diffus\u00e9es par...","protected":false},"author":1,"featured_media":0,"parent":1154,"menu_order":0,"comment_status":"closed","ping_status":"closed","template":"","meta":{"_acf_changed":false,"footnotes":""},"class_list":["post-1228","page","type-page","status-publish","hentry"],"acf":[],"lang":"fr","translations":{"fr":1228},"pll_sync_post":[],"_links":{"self":[{"href":"https:\/\/onetech.dev\/irc\/wp-json\/wp\/v2\/pages\/1228","targetHints":{"allow":["GET"]}}],"collection":[{"href":"https:\/\/onetech.dev\/irc\/wp-json\/wp\/v2\/pages"}],"about":[{"href":"https:\/\/onetech.dev\/irc\/wp-json\/wp\/v2\/types\/page"}],"author":[{"embeddable":true,"href":"https:\/\/onetech.dev\/irc\/wp-json\/wp\/v2\/users\/1"}],"replies":[{"embeddable":true,"href":"https:\/\/onetech.dev\/irc\/wp-json\/wp\/v2\/comments?post=1228"}],"version-history":[{"count":2,"href":"https:\/\/onetech.dev\/irc\/wp-json\/wp\/v2\/pages\/1228\/revisions"}],"predecessor-version":[{"id":1230,"href":"https:\/\/onetech.dev\/irc\/wp-json\/wp\/v2\/pages\/1228\/revisions\/1230"}],"up":[{"embeddable":true,"href":"https:\/\/onetech.dev\/irc\/wp-json\/wp\/v2\/pages\/1154"}],"wp:attachment":[{"href":"https:\/\/onetech.dev\/irc\/wp-json\/wp\/v2\/media?parent=1228"}],"curies":[{"name":"wp","href":"https:\/\/api.w.org\/{rel}","templated":true}]}}