{"id":1231,"date":"2026-04-23T10:18:19","date_gmt":"2026-04-23T09:18:19","guid":{"rendered":"https:\/\/onetech.dev\/irc\/?page_id=1231"},"modified":"2026-04-23T10:18:31","modified_gmt":"2026-04-23T09:18:31","slug":"aap-5","status":"publish","type":"page","link":"https:\/\/onetech.dev\/irc\/recherche\/appels-a-projets\/aap-2016\/aap-5","title":{"rendered":"Programme de d\u00e9pistage du cancer Colorectal protocole du projet pilote de d\u00e9monstration"},"content":{"rendered":"<section class=\"l-section wpb_row height_medium\"><div class=\"l-section-h i-cf\"><div class=\"g-cols vc_row via_grid cols_1 laptops-cols_inherit tablets-cols_inherit mobiles-cols_1 valign_top type_default stacking_default\"><div class=\"wpb_column vc_column_container\"><div class=\"vc_column-inner\"><div class=\"g-cols wpb_row via_grid cols_1-3 laptops-cols_inherit tablets-cols_inherit mobiles-cols_1 valign_top type_default stacking_default\" style=\"--columns-gap:3rem;\"><div class=\"wpb_column vc_column_container\"><div class=\"vc_column-inner\"><div class=\"wpb_text_column\"><div class=\"wpb_wrapper\"><p><span style=\"color: #1c75bc;\"><strong>Date de d\u00e9but :<\/strong><\/span><br \/>\n##\/##\/####<\/p>\n<p><span style=\"color: #1c75bc;\"><strong>Date de cl\u00f4ture :<\/strong><\/span><br \/>\n##\/##\/####<\/p>\n<p><strong><span style=\"color: #1c75bc;\">Site(s) de l\u2019\u00e9tude :<\/span><\/strong><br \/>\n######<\/p>\n<p><strong><span style=\"color: #1c75bc;\">Financement :<\/span><\/strong><br \/>\n######<\/p>\n<p><span style=\"color: #1c75bc;\"><strong>T\u00e9l\u00e9chargement<\/strong><\/span><br \/>\n<a href=\"https:\/\/onetech.dev\/irc\/data\/PROJECT-12.docx\" target=\"_blank\" rel=\"noopener noreferrer\">Fichier<\/a><\/p>\n<\/div><\/div><\/div><\/div><div class=\"wpb_column vc_column_container\"><div class=\"vc_column-inner\"><div class=\"wpb_text_column\"><div class=\"wpb_wrapper\"><p><strong>Programme de d\u00e9pistage du cancer Colorectal protocole du projet pilote de d\u00e9monstration<\/strong><\/p>\n<p style=\"text-align: justify;\">Au Maroc, le cancer colorectal (CCR) est le troisi\u00e8me cancer le plus courant chez les hommes et les femmes (2484 cas par an, soit 7,1% du total). Aucun programme organis\u00e9 de d\u00e9pistage du CCR n\u2019a \u00e9t\u00e9 mis en place. N\u00e9anmoins le pays reconnait un besoin justifi\u00e9 d\u2019\u00e9valuer la faisabilit\u00e9 et l\u2019efficacit\u00e9 du d\u00e9pistage du CCR implant\u00e9 au niveau des services de sant\u00e9 publique comme d\u2019une potentielle initiative de pr\u00e9vention et de contr\u00f4le dans le pays.<\/p>\n<p style=\"text-align: justify;\">L\u2019objectif principal du pr\u00e9sent projet de recherche est d\u2019\u00e9valuer l\u2019organisation, la mise en \u0153uvre, le suivi, la faisabilit\u00e9, l\u2019acceptabilit\u00e9 du d\u00e9pistage populationnel du CCR au Maroc par l\u2019int\u00e9gration du programme de d\u00e9pistage du CCR dans les services de sant\u00e9 publique existants d\u2019une r\u00e9gion afin de guider l\u2019\u00e9ventuelle g\u00e9n\u00e9ralisation du d\u00e9pistage du CCR \u00e0 l\u2019\u00e9chelle nationale.<\/p>\n<p><strong>Principal lnvestigator \/ program Director<\/strong><\/p>\n<p>LAILA AMRANI<br \/>\n###<\/p>\n<p><strong>Collaborators<br \/>\n<\/strong>###<\/p>\n<\/div><\/div><\/div><\/div><\/div><\/div><\/div><\/div><\/div><\/section>\n","protected":false},"excerpt":{"rendered":"Date de d\u00e9but : ##\/##\/#### Date de cl\u00f4ture : ##\/##\/#### Site(s) de l\u2019\u00e9tude : ###### Financement : ###### T\u00e9l\u00e9chargement Fichier Programme de d\u00e9pistage du cancer Colorectal protocole du projet pilote de d\u00e9monstration Au Maroc, le cancer colorectal (CCR) est le troisi\u00e8me cancer le plus courant chez les hommes et les femmes (2484 cas par an,...","protected":false},"author":1,"featured_media":0,"parent":1154,"menu_order":0,"comment_status":"closed","ping_status":"closed","template":"","meta":{"_acf_changed":false,"footnotes":""},"class_list":["post-1231","page","type-page","status-publish","hentry"],"acf":[],"lang":"fr","translations":{"fr":1231},"pll_sync_post":[],"_links":{"self":[{"href":"https:\/\/onetech.dev\/irc\/wp-json\/wp\/v2\/pages\/1231","targetHints":{"allow":["GET"]}}],"collection":[{"href":"https:\/\/onetech.dev\/irc\/wp-json\/wp\/v2\/pages"}],"about":[{"href":"https:\/\/onetech.dev\/irc\/wp-json\/wp\/v2\/types\/page"}],"author":[{"embeddable":true,"href":"https:\/\/onetech.dev\/irc\/wp-json\/wp\/v2\/users\/1"}],"replies":[{"embeddable":true,"href":"https:\/\/onetech.dev\/irc\/wp-json\/wp\/v2\/comments?post=1231"}],"version-history":[{"count":2,"href":"https:\/\/onetech.dev\/irc\/wp-json\/wp\/v2\/pages\/1231\/revisions"}],"predecessor-version":[{"id":1233,"href":"https:\/\/onetech.dev\/irc\/wp-json\/wp\/v2\/pages\/1231\/revisions\/1233"}],"up":[{"embeddable":true,"href":"https:\/\/onetech.dev\/irc\/wp-json\/wp\/v2\/pages\/1154"}],"wp:attachment":[{"href":"https:\/\/onetech.dev\/irc\/wp-json\/wp\/v2\/media?parent=1231"}],"curies":[{"name":"wp","href":"https:\/\/api.w.org\/{rel}","templated":true}]}}