{"id":1234,"date":"2026-04-23T10:20:09","date_gmt":"2026-04-23T09:20:09","guid":{"rendered":"https:\/\/onetech.dev\/irc\/?page_id=1234"},"modified":"2026-04-23T10:20:24","modified_gmt":"2026-04-23T09:20:24","slug":"aap-6","status":"publish","type":"page","link":"https:\/\/onetech.dev\/irc\/recherche\/appels-a-projets\/aap-2016\/aap-6","title":{"rendered":"D\u00e9veloppement d\u2019outils informatiques d\u2019accompagnement et d\u2019\u00e9ducation th\u00e9rapeutique"},"content":{"rendered":"<section class=\"l-section wpb_row height_medium\"><div class=\"l-section-h i-cf\"><div class=\"g-cols vc_row via_grid cols_1 laptops-cols_inherit tablets-cols_inherit mobiles-cols_1 valign_top type_default stacking_default\"><div class=\"wpb_column vc_column_container\"><div class=\"vc_column-inner\"><div class=\"g-cols wpb_row via_grid cols_1-3 laptops-cols_inherit tablets-cols_inherit mobiles-cols_1 valign_top type_default stacking_default\" style=\"--columns-gap:3rem;\"><div class=\"wpb_column vc_column_container\"><div class=\"vc_column-inner\"><div class=\"wpb_text_column\"><div class=\"wpb_wrapper\"><p><span style=\"color: #1c75bc;\"><strong>Date de d\u00e9but :<\/strong><\/span><br \/>\n10\/02\/2017<\/p>\n<p><span style=\"color: #1c75bc;\"><strong>Date de cl\u00f4ture :<\/strong><\/span><br \/>\n09\/02\/2019<\/p>\n<p><strong><span style=\"color: #1c75bc;\">Site(s) de l\u2019\u00e9tude :<\/span><\/strong><br \/>\nCHU Ibn Rochd\/H\u00f4pital Cheikh Khalifa<\/p>\n<p><strong><span style=\"color: #1c75bc;\">Financement :<\/span><\/strong><br \/>\nIRC<\/p>\n<p><span style=\"color: #1c75bc;\"><strong>T\u00e9l\u00e9chargement<\/strong><\/span><br \/>\n<a href=\"https:\/\/onetech.dev\/irc\/data\/PROJECT-12.docx\" target=\"_blank\" rel=\"noopener noreferrer\">Fichier<\/a><\/p>\n<\/div><\/div><\/div><\/div><div class=\"wpb_column vc_column_container\"><div class=\"vc_column-inner\"><div class=\"wpb_text_column\"><div class=\"wpb_wrapper\"><p style=\"text-align: justify;\"><strong>D\u00e9veloppement d\u2019outils informatiques d\u2019accompagnement et d\u2019\u00e9ducation th\u00e9rapeutique de patient atteints de cancer pour la gestion des effets secondaires du traitement<\/strong><\/p>\n<p style=\"text-align: justify;\">Le traitement contre le cancer est source de morbidit\u00e9 et de mortalit\u00e9, notamment post chimioth\u00e9rapie lorsqu\u2019un effet secondaire du traitement appara\u00eet alors que le patient n\u2019est plus sous surveillance par l\u2019\u00e9quipe m\u00e9dicale. A la suite d\u2019une cure, les d\u00e9fenses de l\u2019organisme des patients chutent et ils sont susceptibles de d\u00e9velopper des complications \u00e0 domicile. Si elles ne sont pas prises en charge ou trop tard, ces complications peuvent \u00eatre fatales pour le patient. Or le corps m\u00e9dical ne peut r\u00e9agir \u00e0 temps face \u00e0 l\u2019urgence. Parmi les causes principales on note :<\/p>\n<p style=\"text-align: justify;\">Une faible adh\u00e9sion du patient au traitement se traduisant par :<\/p>\n<ul>\n<li>Un patient mal inform\u00e9 et ne se manifestant pas<\/li>\n<li>L\u2019abandon du traitement ou son interruption m\u00eame momentan\u00e9e causant de graves rechutes<\/li>\n<li>L\u2019\u00e9loignement des centres<\/li>\n<li>Un acc\u00e8s parfois difficile au personnel soignant en cas de complication<\/li>\n<\/ul>\n<p><strong>Objectifs<\/strong><\/p>\n<p style=\"text-align: justify;\">L\u2019objectif g\u00e9n\u00e9ral du projet est le suivi \u00e0 distance de patients atteints de cancer pour la gestion des effets secondaires des traitements et leur adh\u00e9sion au traitement pour les rendre acteurs de leur traitement. Cet objectif se concr\u00e9tise par deux modules :<\/p>\n<ul>\n<li>Le d\u00e9veloppement d\u2019une plateforme de t\u00e9l\u00e9surveillance mettant en contact le patient et l\u2019\u00e9quipe m\u00e9dicale \u00e0 distance en inter-cures pour g\u00e9rer les effets secondaires du traitement<\/li>\n<li>Le d\u00e9veloppement de contenu p\u00e9dagogique \u00e0 destination des patients<\/li>\n<\/ul>\n<p><strong>Principal lnvestigator \/ program Director<\/strong><\/p>\n<p>Asmaa QUESSAR<br \/>\n###<\/p>\n<p><strong>Collaborators<br \/>\n<\/strong>###<\/p>\n<\/div><\/div><\/div><\/div><\/div><\/div><\/div><\/div><\/div><\/section>\n","protected":false},"excerpt":{"rendered":"Date de d\u00e9but : 10\/02\/2017 Date de cl\u00f4ture : 09\/02\/2019 Site(s) de l\u2019\u00e9tude : CHU Ibn Rochd\/H\u00f4pital Cheikh Khalifa Financement : IRC T\u00e9l\u00e9chargement Fichier D\u00e9veloppement d\u2019outils informatiques d\u2019accompagnement et d\u2019\u00e9ducation th\u00e9rapeutique de patient atteints de cancer pour la gestion des effets secondaires du traitement Le traitement contre le cancer est source de morbidit\u00e9 et de...","protected":false},"author":1,"featured_media":0,"parent":1154,"menu_order":0,"comment_status":"closed","ping_status":"closed","template":"","meta":{"_acf_changed":false,"footnotes":""},"class_list":["post-1234","page","type-page","status-publish","hentry"],"acf":[],"lang":"fr","translations":{"fr":1234},"pll_sync_post":[],"_links":{"self":[{"href":"https:\/\/onetech.dev\/irc\/wp-json\/wp\/v2\/pages\/1234","targetHints":{"allow":["GET"]}}],"collection":[{"href":"https:\/\/onetech.dev\/irc\/wp-json\/wp\/v2\/pages"}],"about":[{"href":"https:\/\/onetech.dev\/irc\/wp-json\/wp\/v2\/types\/page"}],"author":[{"embeddable":true,"href":"https:\/\/onetech.dev\/irc\/wp-json\/wp\/v2\/users\/1"}],"replies":[{"embeddable":true,"href":"https:\/\/onetech.dev\/irc\/wp-json\/wp\/v2\/comments?post=1234"}],"version-history":[{"count":2,"href":"https:\/\/onetech.dev\/irc\/wp-json\/wp\/v2\/pages\/1234\/revisions"}],"predecessor-version":[{"id":1236,"href":"https:\/\/onetech.dev\/irc\/wp-json\/wp\/v2\/pages\/1234\/revisions\/1236"}],"up":[{"embeddable":true,"href":"https:\/\/onetech.dev\/irc\/wp-json\/wp\/v2\/pages\/1154"}],"wp:attachment":[{"href":"https:\/\/onetech.dev\/irc\/wp-json\/wp\/v2\/media?parent=1234"}],"curies":[{"name":"wp","href":"https:\/\/api.w.org\/{rel}","templated":true}]}}