{"id":1241,"date":"2026-04-23T10:24:41","date_gmt":"2026-04-23T09:24:41","guid":{"rendered":"https:\/\/onetech.dev\/irc\/?page_id=1241"},"modified":"2026-04-23T10:24:55","modified_gmt":"2026-04-23T09:24:55","slug":"aap-1","status":"publish","type":"page","link":"https:\/\/onetech.dev\/irc\/recherche\/appels-a-projets\/aap-2017\/aap-1","title":{"rendered":"\u00c9valuation de l\u2019impact du programme national de d\u00e9tection pr\u00e9coce du cancer"},"content":{"rendered":"<section class=\"l-section wpb_row height_medium\"><div class=\"l-section-h i-cf\"><div class=\"g-cols vc_row via_grid cols_1 laptops-cols_inherit tablets-cols_inherit mobiles-cols_1 valign_top type_default stacking_default\"><div class=\"wpb_column vc_column_container\"><div class=\"vc_column-inner\"><div class=\"g-cols wpb_row via_grid cols_1-3 laptops-cols_inherit tablets-cols_inherit mobiles-cols_1 valign_top type_default stacking_default\" style=\"--columns-gap:3rem;\"><div class=\"wpb_column vc_column_container\"><div class=\"vc_column-inner\"><div class=\"wpb_text_column\"><div class=\"wpb_wrapper\"><p><span style=\"color: #1c75bc;\"><strong>Date de d\u00e9but :<\/strong><\/span><br \/>\n##\/##\/####<\/p>\n<p><span style=\"color: #1c75bc;\"><strong>Date de cl\u00f4ture :<\/strong><\/span><br \/>\n##\/##\/####<\/p>\n<p><strong><span style=\"color: #1c75bc;\">Site(s) de l\u2019\u00e9tude :<\/span><\/strong><br \/>\n######<\/p>\n<p><strong><span style=\"color: #1c75bc;\">Financement :<\/span><\/strong><br \/>\n######<\/p>\n<p><span style=\"color: #1c75bc;\"><strong>T\u00e9l\u00e9chargement<\/strong><\/span><br \/>\n<a href=\"https:\/\/onetech.dev\/irc\/data\/PROJECT-12.docx\" target=\"_blank\" rel=\"noopener noreferrer\">Fichier<\/a><\/p>\n<\/div><\/div><\/div><\/div><div class=\"wpb_column vc_column_container\"><div class=\"vc_column-inner\"><div class=\"wpb_text_column\"><div class=\"wpb_wrapper\"><p style=\"text-align: justify;\"><strong>\u00c9valuation de l\u2019impact du programme national de d\u00e9tection pr\u00e9coce du cancer du sein sur la r\u00e9duction du stade et l\u2019\u00e9volution de la qualit\u00e9 de vie des patientes atteintes de cancer du sein au Maroc<\/strong><\/p>\n<p style=\"text-align: justify;\">L\u2019\u00e9valuation de l\u2019impact du programme de d\u00e9tection pr\u00e9coce du cancer du sein, lanc\u00e9 au Maroc en 2010 sur le stade du diagnostic s\u2019av\u00e8re n\u00e9cessaire<\/p>\n<p style=\"text-align: justify;\">Objectifs : Comparer les cas du cancer du sein diagnostiqu\u00e9s dans le cadre du programme (participantes) et ceux diagnostiqu\u00e9s en dehors du programme (groupe de comparaison) en termes de stade de diagnostic, de prise en charge th\u00e9rapeutique et d\u2019\u00e9volution de la qualit\u00e9 de vie apr\u00e8s traitement.<\/p>\n<p style=\"text-align: justify;\">M\u00e9thodologie : il s\u2019agit d\u2019une \u00e9tude longitudinale portant sur 3000 cas de cancer du sein \u00e0 recruter durant l\u2019ann\u00e9e 2018 et 2019 au niveau des centres d\u2019oncologie de Casablanca et de Rabat. La collecte de donn\u00e9es sera faite par un personnel form\u00e9 \u00e0 l\u2019aide d\u2019un questionnaire puis compl\u00e9t\u00e9e \u00e0 partir des dossiers m\u00e9dicaux puis mises \u00e0 jour les trois mois. Des informations \u00e0 recueillir sont le stade clinique et histopathologique, le statut des r\u00e9cepteurs d\u2019oestrog\u00e8ne, la d\u00e9cision th\u00e9rapeutique de la r\u00e9union de concertation pluridisciplinaire, le rapport histopathologique postop\u00e9ratoire, et traitement adjuvant (ou n\u00e9o-adjuvant) re\u00e7u,<\/p>\n<p style=\"text-align: justify;\">etc., la r\u00e9ponse au traitement, le statut de la maladie et le statut vital \u00e0 un an du traitement seront collect\u00e9es.<\/p>\n<p>Pour l\u2019\u00e9valuation de la qualit\u00e9 de vie, nous utiliserons le questionnaire QLQ-C30 de L\u2019Organisation Europ\u00e9enne pour la Recherche et le Traitement du Cancer (EORTC).<\/p>\n<p style=\"text-align: justify;\">R\u00e9sultats : Nous allons calculer la dur\u00e9e moyenne entre un examen clinique positif ou l\u2019apparition des sympt\u00f4mes et la confirmation du diagnostic et le d\u00e9but du traitement par groupes. Nous allons aussi d\u00e9crire le stade du cancer du sein, l\u2019envahissement ganglionnaire, le statut immunohistochimie (IHC), le type de traitement re\u00e7u, le taux de chirurgie conservatrice du sein, le taux de r\u00e9ponse au traitement et les moyennes des scores des diff\u00e9rentes dimensions fonctionnelles et les sympt\u00f4mes et l\u2019\u00e9volution de la qualit\u00e9 de vie par groupes.<\/p>\n<p><strong>Principal lnvestigator \/ program Director<\/strong><\/p>\n<p>Karima BENDAHHOU<br \/>\n###<\/p>\n<p><strong>Collaborators<br \/>\n<\/strong>###<\/p>\n<\/div><\/div><\/div><\/div><\/div><\/div><\/div><\/div><\/div><\/section>\n","protected":false},"excerpt":{"rendered":"Date de d\u00e9but : ##\/##\/#### Date de cl\u00f4ture : ##\/##\/#### Site(s) de l\u2019\u00e9tude : ###### Financement : ###### T\u00e9l\u00e9chargement Fichier \u00c9valuation de l\u2019impact du programme national de d\u00e9tection pr\u00e9coce du cancer du sein sur la r\u00e9duction du stade et l\u2019\u00e9volution de la qualit\u00e9 de vie des patientes atteintes de cancer du sein au Maroc L\u2019\u00e9valuation...","protected":false},"author":1,"featured_media":0,"parent":1163,"menu_order":0,"comment_status":"closed","ping_status":"closed","template":"","meta":{"_acf_changed":false,"footnotes":""},"class_list":["post-1241","page","type-page","status-publish","hentry"],"acf":[],"lang":"fr","translations":{"fr":1241},"pll_sync_post":[],"_links":{"self":[{"href":"https:\/\/onetech.dev\/irc\/wp-json\/wp\/v2\/pages\/1241","targetHints":{"allow":["GET"]}}],"collection":[{"href":"https:\/\/onetech.dev\/irc\/wp-json\/wp\/v2\/pages"}],"about":[{"href":"https:\/\/onetech.dev\/irc\/wp-json\/wp\/v2\/types\/page"}],"author":[{"embeddable":true,"href":"https:\/\/onetech.dev\/irc\/wp-json\/wp\/v2\/users\/1"}],"replies":[{"embeddable":true,"href":"https:\/\/onetech.dev\/irc\/wp-json\/wp\/v2\/comments?post=1241"}],"version-history":[{"count":2,"href":"https:\/\/onetech.dev\/irc\/wp-json\/wp\/v2\/pages\/1241\/revisions"}],"predecessor-version":[{"id":1243,"href":"https:\/\/onetech.dev\/irc\/wp-json\/wp\/v2\/pages\/1241\/revisions\/1243"}],"up":[{"embeddable":true,"href":"https:\/\/onetech.dev\/irc\/wp-json\/wp\/v2\/pages\/1163"}],"wp:attachment":[{"href":"https:\/\/onetech.dev\/irc\/wp-json\/wp\/v2\/media?parent=1241"}],"curies":[{"name":"wp","href":"https:\/\/api.w.org\/{rel}","templated":true}]}}