{"id":1244,"date":"2026-04-23T10:26:19","date_gmt":"2026-04-23T09:26:19","guid":{"rendered":"https:\/\/onetech.dev\/irc\/?page_id=1244"},"modified":"2026-04-23T10:26:33","modified_gmt":"2026-04-23T09:26:33","slug":"aap-2","status":"publish","type":"page","link":"https:\/\/onetech.dev\/irc\/recherche\/appels-a-projets\/aap-2017\/aap-2","title":{"rendered":"Incidence, Facteurs de risque et Pr\u00e9vention des Douleurs chroniques"},"content":{"rendered":"<section class=\"l-section wpb_row height_medium\"><div class=\"l-section-h i-cf\"><div class=\"g-cols vc_row via_grid cols_1 laptops-cols_inherit tablets-cols_inherit mobiles-cols_1 valign_top type_default stacking_default\"><div class=\"wpb_column vc_column_container\"><div class=\"vc_column-inner\"><div class=\"g-cols wpb_row via_grid cols_1-3 laptops-cols_inherit tablets-cols_inherit mobiles-cols_1 valign_top type_default stacking_default\" style=\"--columns-gap:3rem;\"><div class=\"wpb_column vc_column_container\"><div class=\"vc_column-inner\"><div class=\"wpb_text_column\"><div class=\"wpb_wrapper\"><p><span style=\"color: #1c75bc;\"><strong>Date de d\u00e9but :<\/strong><\/span><br \/>\n##\/##\/####<\/p>\n<p><span style=\"color: #1c75bc;\"><strong>Date de cl\u00f4ture :<\/strong><\/span><br \/>\n##\/##\/####<\/p>\n<p><strong><span style=\"color: #1c75bc;\">Site(s) de l\u2019\u00e9tude :<\/span><\/strong><br \/>\n######<\/p>\n<p><strong><span style=\"color: #1c75bc;\">Financement :<\/span><\/strong><br \/>\n######<\/p>\n<p><span style=\"color: #1c75bc;\"><strong>T\u00e9l\u00e9chargement<\/strong><\/span><br \/>\n<a href=\"https:\/\/onetech.dev\/irc\/data\/PROJECT-12.docx\" target=\"_blank\" rel=\"noopener noreferrer\">Fichier<\/a><\/p>\n<\/div><\/div><\/div><\/div><div class=\"wpb_column vc_column_container\"><div class=\"vc_column-inner\"><div class=\"wpb_text_column\"><div class=\"wpb_wrapper\"><p style=\"text-align: justify;\"><strong>Incidence, Facteurs de risque et Pr\u00e9vention des Douleurs chroniques post-chirurgicales en Chirurgie Carcinologique du Sein<\/strong><\/p>\n<p style=\"text-align: justify;\">\u00ab Incidence, Facteurs de risque et Pr\u00e9vention des Douleurs chroniques post-chirurgicales en Chirurgie Carcinologique du Sein \u00bb.<\/p>\n<p style=\"text-align: justify;\">La douleur chronique post chirurgicale (DCPC) est une complication majeure de la chirurgie du sein responsable d\u2019une incapacit\u00e9 physique, de d\u00e9pression et de handicap. La pr\u00e9vention rel\u00e8ve essentiellement de la technique du ganglion sentinelle ou de l\u2019utilisation d\u2019antihyperalg\u00e9sique comme la K\u00e9tamine. L\u2019Anesth\u00e9sie-analg\u00e9sie locor\u00e9gionale dans la chirurgie du sein a connu beaucoup d\u2019avanc\u00e9es ces derni\u00e8res ann\u00e9es, cependant son impact dans la pr\u00e9vention des DCPC n\u2019est pas encore prouv\u00e9.<\/p>\n<p style=\"text-align: justify;\">L\u2019objectif de ce projet est de d\u00e9montrer l\u2019impact de l\u2019ALR dans la pr\u00e9vention des DCPC post mastectomie carcinologique.<br \/>\nLe projet consiste en un essai clinique randomis\u00e9 en double aveugle avec un groupe t\u00e9moin et un groupe ALR dont nous comparerons apr\u00e8s un suivi d\u2019une ann\u00e9e d\u2019au moins 1000 patientes trait\u00e9es, les donn\u00e9es \u00e9pid\u00e9miologique, cliniques, carcinologiques, anesth\u00e9siques, chirurgicales et algologiques-analg\u00e9siques.<\/p>\n<p style=\"text-align: justify;\">Les r\u00e9sultats escompt\u00e9s sont :<\/p>\n<ul>\n<li style=\"text-align: justify;\">L\u2019incidence de la DCPC dans la chirurgie du sein carcinologique au Maroc<\/li>\n<li style=\"text-align: justify;\">L\u2019identification des facteurs de risque de la population marocaine<\/li>\n<li style=\"text-align: justify;\">L\u2019impact de l\u2019ALR dans la pr\u00e9vention de la DCPC post-mastectomie.<\/li>\n<\/ul>\n<p><strong>Principal lnvestigator \/ program Director<\/strong><\/p>\n<p>Abdelilah GHANNAM<br \/>\n###<\/p>\n<p><strong>Collaborators<br \/>\n<\/strong>###<\/p>\n<\/div><\/div><\/div><\/div><\/div><\/div><\/div><\/div><\/div><\/section>\n","protected":false},"excerpt":{"rendered":"Date de d\u00e9but : ##\/##\/#### Date de cl\u00f4ture : ##\/##\/#### Site(s) de l\u2019\u00e9tude : ###### Financement : ###### T\u00e9l\u00e9chargement Fichier Incidence, Facteurs de risque et Pr\u00e9vention des Douleurs chroniques post-chirurgicales en Chirurgie Carcinologique du Sein \u00ab Incidence, Facteurs de risque et Pr\u00e9vention des Douleurs chroniques post-chirurgicales en Chirurgie Carcinologique du Sein \u00bb. La douleur chronique...","protected":false},"author":1,"featured_media":0,"parent":1163,"menu_order":0,"comment_status":"closed","ping_status":"closed","template":"","meta":{"_acf_changed":false,"footnotes":""},"class_list":["post-1244","page","type-page","status-publish","hentry"],"acf":[],"lang":"fr","translations":{"fr":1244},"pll_sync_post":[],"_links":{"self":[{"href":"https:\/\/onetech.dev\/irc\/wp-json\/wp\/v2\/pages\/1244","targetHints":{"allow":["GET"]}}],"collection":[{"href":"https:\/\/onetech.dev\/irc\/wp-json\/wp\/v2\/pages"}],"about":[{"href":"https:\/\/onetech.dev\/irc\/wp-json\/wp\/v2\/types\/page"}],"author":[{"embeddable":true,"href":"https:\/\/onetech.dev\/irc\/wp-json\/wp\/v2\/users\/1"}],"replies":[{"embeddable":true,"href":"https:\/\/onetech.dev\/irc\/wp-json\/wp\/v2\/comments?post=1244"}],"version-history":[{"count":2,"href":"https:\/\/onetech.dev\/irc\/wp-json\/wp\/v2\/pages\/1244\/revisions"}],"predecessor-version":[{"id":1246,"href":"https:\/\/onetech.dev\/irc\/wp-json\/wp\/v2\/pages\/1244\/revisions\/1246"}],"up":[{"embeddable":true,"href":"https:\/\/onetech.dev\/irc\/wp-json\/wp\/v2\/pages\/1163"}],"wp:attachment":[{"href":"https:\/\/onetech.dev\/irc\/wp-json\/wp\/v2\/media?parent=1244"}],"curies":[{"name":"wp","href":"https:\/\/api.w.org\/{rel}","templated":true}]}}