{"id":1247,"date":"2026-04-23T10:27:37","date_gmt":"2026-04-23T09:27:37","guid":{"rendered":"https:\/\/onetech.dev\/irc\/?page_id=1247"},"modified":"2026-04-23T10:27:48","modified_gmt":"2026-04-23T09:27:48","slug":"aap-3","status":"publish","type":"page","link":"https:\/\/onetech.dev\/irc\/recherche\/appels-a-projets\/aap-2017\/aap-3","title":{"rendered":"Caract\u00e9risation des communaut\u00e9s microbiennes"},"content":{"rendered":"<section class=\"l-section wpb_row height_medium\"><div class=\"l-section-h i-cf\"><div class=\"g-cols vc_row via_grid cols_1 laptops-cols_inherit tablets-cols_inherit mobiles-cols_1 valign_top type_default stacking_default\"><div class=\"wpb_column vc_column_container\"><div class=\"vc_column-inner\"><div class=\"g-cols wpb_row via_grid cols_1-3 laptops-cols_inherit tablets-cols_inherit mobiles-cols_1 valign_top type_default stacking_default\" style=\"--columns-gap:3rem;\"><div class=\"wpb_column vc_column_container\"><div class=\"vc_column-inner\"><div class=\"wpb_text_column\"><div class=\"wpb_wrapper\"><p><span style=\"color: #1c75bc;\"><strong>Date de d\u00e9but :<\/strong><\/span><br \/>\n##\/##\/####<\/p>\n<p><span style=\"color: #1c75bc;\"><strong>Date de cl\u00f4ture :<\/strong><\/span><br \/>\n##\/##\/####<\/p>\n<p><strong><span style=\"color: #1c75bc;\">Site(s) de l\u2019\u00e9tude :<\/span><\/strong><br \/>\n######<\/p>\n<p><strong><span style=\"color: #1c75bc;\">Financement :<\/span><\/strong><br \/>\n######<\/p>\n<p><span style=\"color: #1c75bc;\"><strong>T\u00e9l\u00e9chargement<\/strong><\/span><br \/>\n<a href=\"https:\/\/onetech.dev\/irc\/data\/PROJECT-12.docx\" target=\"_blank\" rel=\"noopener noreferrer\">Fichier<\/a><\/p>\n<\/div><\/div><\/div><\/div><div class=\"wpb_column vc_column_container\"><div class=\"vc_column-inner\"><div class=\"wpb_text_column\"><div class=\"wpb_wrapper\"><p style=\"text-align: justify;\"><strong>Caract\u00e9risation des communaut\u00e9s microbiennes (microbiome) au niveau des glandes mammaires et association de ce microbiome avec le cancer du sein chez les femmes marocaines<\/strong><\/p>\n<p style=\"text-align: justify;\">Le cancer du sein est le cancer le plus fr\u00e9quent chez les femmes. Il repr\u00e9sente plus du tiers de l\u2019ensemble des nouveaux cas de cancer. Des \u00e9tudes ant\u00e9rieures ont montr\u00e9 que le tissu mammaire n\u2019est pas st\u00e9rile mais contient une population diversifi\u00e9e de bact\u00e9ries appel\u00e9e microbiome. Le microbiome a \u00e9t\u00e9 impliqu\u00e9 dans le d\u00e9veloppement du cancer et de sa progression dans plusieurs parties du corps. Il y a de plus en plus de preuves que les changements dans le microbiome du sein pourraient \u00eatre impliqu\u00e9s dans le d\u00e9veloppement du cancer et son agressivit\u00e9 et que l\u2019\u00e9limination des microorganismes dangereux ou le r\u00e9tablissement du microbiome normal pourrait inverser ce processus.<\/p>\n<p style=\"text-align: justify;\">Le but de cette \u00e9tude est d\u2019identifier et caract\u00e9riser le microbiome des tissus mammaires chez des femmes marocaines. Des parties de tumeurs de patients op\u00e9r\u00e9s seront r\u00e9cup\u00e9r\u00e9es pour une analyse anatomopathologique. Cette analyse permettra de d\u00e9limiter les tumeurs et les tissus sains \u00e0 utiliser. Cette \u00e9tude va se baser sur deux approches, l\u2019approche de s\u00e9quen\u00e7age m\u00e9tag\u00e9nomique et celle du s\u00e9quen\u00e7age g\u00e9nomique.<\/p>\n<p style=\"text-align: justify;\">Ces \u00e9tapes de s\u00e9quen\u00e7age seront suivi par une analyse m\u00e9tag\u00e9nomique \/bioinformatique afin d\u2019identifier le microbime sp\u00e9cifique dans les tissus mammaires canc\u00e9reux. A partir de ce microbiome, les bact\u00e9ries identifi\u00e9es seront caract\u00e9ris\u00e9es pour mieux comprendre les m\u00e9canismes qui peuvent alt\u00e9rer la susceptibilit\u00e9 et la progression du cancer et ainsi \u00e9valuer un r\u00f4le potentiel du microbiome du sein dans la canc\u00e9rogen\u00e8se.<\/p>\n<p><strong>Principal lnvestigator \/ program Director<\/strong><\/p>\n<p>Azeddine IBRAHIMI<br \/>\n###<\/p>\n<p><strong>Collaborators<br \/>\n<\/strong>###<\/p>\n<\/div><\/div><\/div><\/div><\/div><\/div><\/div><\/div><\/div><\/section>\n","protected":false},"excerpt":{"rendered":"Date de d\u00e9but : ##\/##\/#### Date de cl\u00f4ture : ##\/##\/#### Site(s) de l\u2019\u00e9tude : ###### Financement : ###### T\u00e9l\u00e9chargement Fichier Caract\u00e9risation des communaut\u00e9s microbiennes (microbiome) au niveau des glandes mammaires et association de ce microbiome avec le cancer du sein chez les femmes marocaines Le cancer du sein est le cancer le plus fr\u00e9quent chez...","protected":false},"author":1,"featured_media":0,"parent":1163,"menu_order":0,"comment_status":"closed","ping_status":"closed","template":"","meta":{"_acf_changed":false,"footnotes":""},"class_list":["post-1247","page","type-page","status-publish","hentry"],"acf":[],"lang":"fr","translations":{"fr":1247},"pll_sync_post":[],"_links":{"self":[{"href":"https:\/\/onetech.dev\/irc\/wp-json\/wp\/v2\/pages\/1247","targetHints":{"allow":["GET"]}}],"collection":[{"href":"https:\/\/onetech.dev\/irc\/wp-json\/wp\/v2\/pages"}],"about":[{"href":"https:\/\/onetech.dev\/irc\/wp-json\/wp\/v2\/types\/page"}],"author":[{"embeddable":true,"href":"https:\/\/onetech.dev\/irc\/wp-json\/wp\/v2\/users\/1"}],"replies":[{"embeddable":true,"href":"https:\/\/onetech.dev\/irc\/wp-json\/wp\/v2\/comments?post=1247"}],"version-history":[{"count":2,"href":"https:\/\/onetech.dev\/irc\/wp-json\/wp\/v2\/pages\/1247\/revisions"}],"predecessor-version":[{"id":1249,"href":"https:\/\/onetech.dev\/irc\/wp-json\/wp\/v2\/pages\/1247\/revisions\/1249"}],"up":[{"embeddable":true,"href":"https:\/\/onetech.dev\/irc\/wp-json\/wp\/v2\/pages\/1163"}],"wp:attachment":[{"href":"https:\/\/onetech.dev\/irc\/wp-json\/wp\/v2\/media?parent=1247"}],"curies":[{"name":"wp","href":"https:\/\/api.w.org\/{rel}","templated":true}]}}