{"id":1264,"date":"2026-04-23T10:54:38","date_gmt":"2026-04-23T09:54:38","guid":{"rendered":"https:\/\/onetech.dev\/irc\/?page_id=1264"},"modified":"2026-04-23T11:21:52","modified_gmt":"2026-04-23T10:21:52","slug":"aamp-2019","status":"publish","type":"page","link":"https:\/\/onetech.dev\/irc\/recherche\/appels-a-mini-projets-projets-de-recherche\/aamp-2019","title":{"rendered":"AAmP 2019 &#8211; Appels \u00e0 mini projets"},"content":{"rendered":"<section class=\"l-section wpb_row height_auto\"><div class=\"l-section-h i-cf\"><div class=\"g-cols vc_row via_grid cols_1 laptops-cols_inherit tablets-cols_inherit mobiles-cols_1 valign_top type_default stacking_default\"><div class=\"wpb_column vc_column_container\"><div class=\"vc_column-inner\"><div class=\"ult-spacer spacer-69f40fff9e53c\" data-id=\"69f40fff9e53c\" data-height=\"25\" data-height-mobile=\"25\" data-height-tab=\"25\" data-height-tab-portrait=\"\" data-height-mobile-landscape=\"\" style=\"clear:both;display:block;\"><\/div><div id=\"uvc-type-wrap-9141\"  data-ultimate-target='#uvc-type-wrap-9141'  data-responsive-json-new='{\"font-size\":\"desktop:26px;\",\"line-height\":\"\"}'  class=\"uvc-type-wrap  ult-adjust-bottom-margin ult-responsive  uvc-type-align-center uvc-type-no-prefix uvc-wrap-44982379469f40fff9e562\" style=\"text-align:center;\"><span id=\"typed-44982379469f40fff9e562\" class=\"ultimate-typed-main fancytext-typewriter-background-enabled\" style=\"color:#1B76BC;background:#00000000; font-weight:bold; text-transform: unset;\"><\/span><script type=\"text\/javascript\">\n\t\t\t\t\t\tjQuery(function($){ \n\t\t\t\t\t\t\t$(document).ready(function(){\n\t\t\t\t\t\t\t\tif( typeof jQuery(\"#typed-44982379469f40fff9e562\").typed == \"function\"){\n\t\t\t\t\t\t\t\t\t$(\"#typed-44982379469f40fff9e562\").typed({\n\t\t\t\t\t\t\t\t\t\tstrings: [\"Recherche\"],\n\t\t\t\t\t\t\t\t\t\ttypeSpeed: 35,\n\t\t\t\t\t\t\t\t\t\tbackSpeed: 0,\n\t\t\t\t\t\t\t\t\t\tstartDelay: \"200\",\n\t\t\t\t\t\t\t\t\t\tbackDelay: \"1500\",\n\t\t\t\t\t\t\t\t\t\tloop: true,\n\t\t\t\t\t\t\t\t\t\tloopCount: false,\n\t\t\t\t\t\t\t\t\t\tshowCursor: true,\n\t\t\t\t\t\t\t\t\t\tcursorChar: \"|\",\n\t\t\t\t\t\t\t\t\t\tattr: null\n\t\t\t\t\t\t\t\t\t});\n\t\t\t\t\t\t\t\t}\n\t\t\t\t\t\t\t});\n\t\t\t\t\t\t});\n\t\t\t\t\t<\/script><\/div><div class=\"ult-spacer spacer-69f40fff9e75d\" data-id=\"69f40fff9e75d\" data-height=\"10\" data-height-mobile=\"10\" data-height-tab=\"10\" data-height-tab-portrait=\"\" data-height-mobile-landscape=\"\" style=\"clear:both;display:block;\"><\/div><\/div><\/div><\/div><\/div><\/section><section class=\"l-section wpb_row height_auto width_custom\" style=\"--site-content-width:1200px;\"><div class=\"l-section-h i-cf\"><div class=\"g-cols vc_row via_grid cols_1-3 laptops-cols_inherit tablets-cols_inherit mobiles-cols_1 valign_top type_default stacking_default\"><div class=\"wpb_column vc_column_container us_custom_7e20fa79 us_animate_this type_sticky\"><div class=\"vc_column-inner\" style=\"top:180px\"><nav class=\"w-menu us_custom_d97262c1 has_text_color layout_ver style_blocks us_menu_1 with_children type_accordion icontype_chevron iconpos_after\" style=\"--main-gap:0rem;--main-ver-indent:0.8em;--main-hor-indent:0.8em;--main-color:var(--color-header-middle-bg);--main-hover-color:#f7941f;--main-active-color:#f7941f;--sub-gap:25px;\"><ul id=\"menu-projets-de-recherche\" class=\"menu\"><li id=\"menu-item-1121\" class=\"menu-item menu-item-type-post_type menu-item-object-page menu-item-has-children menu-item-1121\"><a href=\"https:\/\/onetech.dev\/irc\/recherche\/appels-a-projets\"><b><\/b><span>Appels \u00e0 projets<\/span><\/a><ul class=\"sub-menu\"><li id=\"menu-item-1178\" class=\"menu-item menu-item-type-post_type menu-item-object-page menu-item-1178\"><a href=\"https:\/\/onetech.dev\/irc\/recherche\/appels-a-projets\/aap-2024\"><b><\/b><span>&ensp; &#8226; AAP 2024<\/span><\/a><\/li><li id=\"menu-item-1165\" class=\"menu-item menu-item-type-post_type menu-item-object-page menu-item-1165\"><a href=\"https:\/\/onetech.dev\/irc\/recherche\/appels-a-projets\/aap-2017\"><b><\/b><span>&ensp; &#8226; AAP 2017<\/span><\/a><\/li><li id=\"menu-item-1160\" class=\"menu-item menu-item-type-post_type menu-item-object-page menu-item-1160\"><a href=\"https:\/\/onetech.dev\/irc\/recherche\/appels-a-projets\/aap-2016\"><b><\/b><span>&ensp; &#8226; AAP 2016<\/span><\/a><\/li><li id=\"menu-item-1150\" class=\"menu-item menu-item-type-post_type menu-item-object-page menu-item-1150\"><a href=\"https:\/\/onetech.dev\/irc\/recherche\/appels-a-projets\/aap-2013\"><b><\/b><span>&ensp; &#8226; AAP 2013<\/span><\/a><\/li><\/ul><\/li><li id=\"menu-item-1120\" class=\"menu-item menu-item-type-post_type menu-item-object-page menu-item-has-children menu-item-1120\"><a href=\"https:\/\/onetech.dev\/irc\/recherche\/appels-a-mini-projets-projets-de-recherche\"><b><\/b><span>Appels \u00e0 mini projets<\/span><\/a><ul class=\"sub-menu\"><li id=\"menu-item-1263\" class=\"menu-item menu-item-type-post_type menu-item-object-page menu-item-1263\"><a href=\"https:\/\/onetech.dev\/irc\/recherche\/appels-a-mini-projets-projets-de-recherche\/aamp-2023\"><b><\/b><span>&ensp; &#8226; AAmP 2023<\/span><\/a><\/li><li id=\"menu-item-1266\" class=\"menu-item menu-item-type-post_type menu-item-object-page menu-item-1266\"><a href=\"https:\/\/onetech.dev\/irc\/recherche\/appels-a-mini-projets-projets-de-recherche\/aamp-2019\"><b><\/b><span>&ensp; &#8226; AAmP 2019<\/span><\/a><\/li><\/ul><\/li><li id=\"menu-item-1137\" class=\"menu-item menu-item-type-post_type menu-item-object-page menu-item-has-children menu-item-1137\"><a href=\"https:\/\/onetech.dev\/irc\/recherche\/projets-internationaux\"><b><\/b><span>Projets internationaux<\/span><\/a><ul class=\"sub-menu\"><li id=\"menu-item-1136\" class=\"menu-item menu-item-type-post_type menu-item-object-page menu-item-1136\"><a href=\"https:\/\/onetech.dev\/irc\/recherche\/projets-internationaux\/projet-edsmar3\"><b><\/b><span>&ensp; &#8226; Projet EDSMAR3<\/span><\/a><\/li><li id=\"menu-item-1135\" class=\"menu-item menu-item-type-post_type menu-item-object-page menu-item-1135\"><a href=\"https:\/\/onetech.dev\/irc\/recherche\/projets-internationaux\/consortium\"><b><\/b><span>&ensp; &#8226; Consortium<\/span><\/a><\/li><\/ul><\/li><\/ul><style>@media ( max-width:600px ){.us_menu_1 .menu{display:block!important}.us_menu_1 .menu>li{margin:0 0 var(--main-gap,0rem)!important}}<\/style><\/nav><div class=\"ult-spacer spacer-69f40fffa0b54\" data-id=\"69f40fffa0b54\" data-height=\"10\" data-height-mobile=\"10\" data-height-tab=\"10\" data-height-tab-portrait=\"\" data-height-mobile-landscape=\"\" style=\"clear:both;display:block;\"><\/div><\/div><\/div><div class=\"wpb_column vc_column_container us_custom_47474b22 us_animate_this\"><div class=\"vc_column-inner\"><div class=\"w-text us_custom_a4dcccfd has_text_color\"><span class=\"w-text-h\"><span class=\"w-text-value\">Projets de Recherche<\/span><\/span><\/div><div class=\"ult-spacer spacer-69f40fffa0dfe\" data-id=\"69f40fffa0dfe\" data-height=\"25\" data-height-mobile=\"25\" data-height-tab=\"25\" data-height-tab-portrait=\"\" data-height-mobile-landscape=\"\" style=\"clear:both;display:block;\"><\/div><div class=\"w-text us_custom_631881a4 has_text_color\"><span class=\"w-text-h\"><span class=\"w-text-value\">Appels \u00e0 mini projets<\/span><\/span><\/div><div class=\"ult-spacer spacer-69f40fffa0ec7\" data-id=\"69f40fffa0ec7\" data-height=\"15\" data-height-mobile=\"15\" data-height-tab=\"15\" data-height-tab-portrait=\"\" data-height-mobile-landscape=\"\" style=\"clear:both;display:block;\"><\/div><div class=\"w-text us_custom_343fa6c4 has_text_color\"><span class=\"w-text-h\"><span class=\"w-text-value\">AAmP 2019<\/span><\/span><\/div><div class=\"ult-spacer spacer-69f40fffa0f7d\" data-id=\"69f40fffa0f7d\" data-height=\"15\" data-height-mobile=\"15\" data-height-tab=\"15\" data-height-tab-portrait=\"\" data-height-mobile-landscape=\"\" style=\"clear:both;display:block;\"><\/div><div class=\"w-text us_custom_451d5dde has_text_color\"><span class=\"w-text-h\"><span class=\"w-text-value\">Liste des projets retenus :<\/span><\/span><\/div><div class=\"ult-spacer spacer-69f40fffa102d\" data-id=\"69f40fffa102d\" data-height=\"25\" data-height-mobile=\"25\" data-height-tab=\"25\" data-height-tab-portrait=\"\" data-height-mobile-landscape=\"\" style=\"clear:both;display:block;\"><\/div><div class=\"w-html\">\n<table id=\"tablepress-17\" class=\"tablepress tablepress-id-17\">\n<thead>\n<tr class=\"row-1\">\n\t<th class=\"column-1\">Titre Projet<\/th><th class=\"column-2\">Coordinateur principal<\/th><th class=\"column-3\">\u00a0<\/th>\n<\/tr>\n<\/thead>\n<tbody class=\"row-striping\">\n<tr class=\"row-2\">\n\t<td class=\"column-1\">Analyse de l\u2019impact du microbiote vulvo-vagino-cervical \/HPV sur le cancer du col de l\u2019ut\u00e9rus au Maroc: Etude cas\/ t\u00e9moin<\/td><td class=\"column-2\">HAMDI\u00a0 SALSABIL<\/td><td class=\"column-3\"><a href=\"#\">D\u00e9tails<\/a><\/td>\n<\/tr>\n<tr class=\"row-3\">\n\t<td class=\"column-1\">Etude d\u2019\u00e9valuation du risque sanitaire et canc\u00e9rig\u00e8ne li\u00e9 \u00e0 l\u2019exposition professionnelle aux pesticides<\/td><td class=\"column-2\">TAHIRI ELOUSROUTI LAYLA<\/td><td class=\"column-3\"><a href=\"#\">D\u00e9tails<\/a><\/td>\n<\/tr>\n<tr class=\"row-4\">\n\t<td class=\"column-1\">L\u2019annonce du diagnostic en canc\u00e9rologie : \u00e9valuation du ressenti des malades et mise en place d\u2019un dispositif d\u2019annonce au CHU Hassan II de F\u00e8s<\/td><td class=\"column-2\">KHALFI\u00a0 SAMIA<\/td><td class=\"column-3\"><a href=\"#\">D\u00e9tails<\/a><\/td>\n<\/tr>\n<tr class=\"row-5\">\n\t<td class=\"column-1\">Profil clinique et \u00e9pid\u00e9miologique du cancer de la prostate dans la r\u00e9gion de l\u2019oriental du Maroc<\/td><td class=\"column-2\">ATASSI MARIAM<\/td><td class=\"column-3\"><a href=\"#\">D\u00e9tails<\/a><\/td>\n<\/tr>\n<tr class=\"row-6\">\n\t<td class=\"column-1\">Exposition aux pesticides et my\u00e9lome multiple : cas de la r\u00e9gion de souss-massa<\/td><td class=\"column-2\">EL MAATAOUI AISSAM<\/td><td class=\"column-3\"><a href=\"#\">D\u00e9tails<\/a><\/td>\n<\/tr>\n<tr class=\"row-7\">\n\t<td class=\"column-1\">Qualit\u00e9 de vie et de prise en charge bio-psychosociale des enfants atteints de Cancer dans la r\u00e9gion F\u00e8s\/Mekn\u00e8s (QVPEC)<\/td><td class=\"column-2\">ABABOU MOHAMMED<\/td><td class=\"column-3\"><a href=\"#\">D\u00e9tails<\/a><\/td>\n<\/tr>\n<tr class=\"row-8\">\n\t<td class=\"column-1\">Evaluation de l'impact p\u00e9dagogique de mod\u00e8les de foie tumoral imprim\u00e9s en 3D sur la formation des r\u00e9sidents<\/td><td class=\"column-2\">BENKABBOU AMINE<\/td><td class=\"column-3\"><a href=\"#\">D\u00e9tails<\/a><\/td>\n<\/tr>\n<tr class=\"row-9\">\n\t<td class=\"column-1\">Application Mobile pour la D\u00e9tection Pr\u00e9coce et le Suivi Des Toxicit\u00e9s en Oncologie M\u00e9dicale : MonitTox (Monitoring Toxicity)<\/td><td class=\"column-2\">AMZERIN MOUNIA<\/td><td class=\"column-3\"><a href=\"#\">D\u00e9tails<\/a><\/td>\n<\/tr>\n<tr class=\"row-10\">\n\t<td class=\"column-1\">Apport du diagnostic mol\u00e9culaire dans la prise en charge des cancers de la thyro\u00efde au sein du service d\u2019anatomopathologie de l\u2019HMIMV de Rabat<\/td><td class=\"column-2\">AL BOUZIDI ABDERRAHMANE<\/td><td class=\"column-3\"><a href=\"#\">D\u00e9tails<\/a><\/td>\n<\/tr>\n<tr class=\"row-11\">\n\t<td class=\"column-1\">Analyse du statut mutationnel des g\u00e8nes BRCA1 et BRCA2 dans le carcinome s\u00e9reux de haut grade de l'ovaire<\/td><td class=\"column-2\">EL KHANNOUSSI BASMA<\/td><td class=\"column-3\"><a href=\"#\">D\u00e9tails<\/a><\/td>\n<\/tr>\n<\/tbody>\n<\/table>\n<!-- #tablepress-17 from cache --><\/div><div class=\"ult-spacer spacer-69f40fffa16c4\" data-id=\"69f40fffa16c4\" data-height=\"25\" data-height-mobile=\"25\" data-height-tab=\"25\" data-height-tab-portrait=\"\" data-height-mobile-landscape=\"\" style=\"clear:both;display:block;\"><\/div><div class=\"w-text us_custom_343fa6c4 has_text_color\"><span class=\"w-text-h\"><span class=\"w-text-value\">AAmP2019 : Les crit\u00e8res d\u2019\u00e9valuation<\/span><\/span><\/div><div class=\"ult-spacer spacer-69f40fffa17b9\" data-id=\"69f40fffa17b9\" data-height=\"15\" data-height-mobile=\"15\" data-height-tab=\"15\" data-height-tab-portrait=\"\" data-height-mobile-landscape=\"\" style=\"clear:both;display:block;\"><\/div><div class=\"wpb_text_column\"><div class=\"wpb_wrapper\"><ul>\n<li style=\"text-align: justify;\">Pertinence et originalit\u00e9 du projet \u00e0 l\u2019\u00e9gard des priorit\u00e9s du <strong>Plan National de Pr\u00e9vention et de Contr\u00f4le du Cancer<\/strong> (PNPCC)<\/li>\n<li style=\"text-align: justify;\"><strong>Exp\u00e9rience du Coordonnateur et partenaires<\/strong><\/li>\n<li style=\"text-align: justify;\"><strong>M\u00e9thodologie et faisabilit\u00e9<\/strong><\/li>\n<li style=\"text-align: justify;\"><strong>Impact<\/strong> scientifique, technique et m\u00e9dical dans la prise en charge des patients<\/li>\n<li style=\"text-align: justify;\"><strong>Potentiel d\u2019utilisation ou de valorisation<\/strong> des r\u00e9sultats du projet<\/li>\n<li style=\"text-align: justify;\">Nature et <strong>qualit\u00e9 des livrables<\/strong> pr\u00e9vus dans le projet<\/li>\n<\/ul>\n<\/div><\/div><div class=\"ult-spacer spacer-69f40fffa1af2\" data-id=\"69f40fffa1af2\" data-height=\"25\" data-height-mobile=\"25\" data-height-tab=\"25\" data-height-tab-portrait=\"\" data-height-mobile-landscape=\"\" style=\"clear:both;display:block;\"><\/div><div class=\"w-text us_custom_343fa6c4 has_text_color\"><span class=\"w-text-h\"><span class=\"w-text-value\">AAmP 2019 : Principaux jalons<\/span><\/span><\/div><div class=\"ult-spacer spacer-69f40fffa1bfd\" data-id=\"69f40fffa1bfd\" data-height=\"15\" data-height-mobile=\"15\" data-height-tab=\"15\" data-height-tab-portrait=\"\" data-height-mobile-landscape=\"\" style=\"clear:both;display:block;\"><\/div><div class=\"w-image align_center\"><div class=\"w-image-h\"><img decoding=\"async\" width=\"1342\" height=\"621\" src=\"https:\/\/onetech.dev\/irc\/data\/chronogramme-AAmP2019-e1591898065456.png\" class=\"attachment-full size-full\" alt=\"\" loading=\"lazy\" srcset=\"https:\/\/onetech.dev\/irc\/data\/chronogramme-AAmP2019-e1591898065456.png 1342w, https:\/\/onetech.dev\/irc\/data\/chronogramme-AAmP2019-e1591898065456-350x162.png 350w, https:\/\/onetech.dev\/irc\/data\/chronogramme-AAmP2019-e1591898065456-1024x474.png 1024w, https:\/\/onetech.dev\/irc\/data\/chronogramme-AAmP2019-e1591898065456-150x69.png 150w\" sizes=\"auto, (max-width: 1342px) 100vw, 1342px\" \/><\/div><\/div><\/div><\/div><\/div><\/div><\/section><section class=\"l-section wpb_row height_small\"><div class=\"l-section-h i-cf\"><div class=\"g-cols vc_row via_grid cols_1 laptops-cols_inherit tablets-cols_inherit mobiles-cols_1 valign_top type_default stacking_default\"><div class=\"wpb_column vc_column_container\"><div class=\"vc_column-inner\"><\/div><\/div><\/div><\/div><\/section>\n","protected":false},"excerpt":{"rendered":"Appels \u00e0 projets&ensp; &#8226; AAP 2024&ensp; &#8226; AAP 2017&ensp; &#8226; AAP 2016&ensp; &#8226; AAP 2013Appels \u00e0 mini projets&ensp; &#8226; AAmP 2023&ensp; &#8226; AAmP 2019Projets internationaux&ensp; &#8226; Projet EDSMAR3&ensp; &#8226; ConsortiumProjets de RechercheAppels \u00e0 mini projetsAAmP 2019Liste des projets retenus : Titre ProjetCoordinateur principal\u00a0 Analyse de l\u2019impact du microbiote vulvo-vagino-cervical \/HPV sur le cancer du col...","protected":false},"author":1,"featured_media":0,"parent":1118,"menu_order":0,"comment_status":"closed","ping_status":"closed","template":"","meta":{"_acf_changed":false,"footnotes":""},"class_list":["post-1264","page","type-page","status-publish","hentry"],"acf":[],"lang":"fr","translations":{"fr":1264},"pll_sync_post":[],"_links":{"self":[{"href":"https:\/\/onetech.dev\/irc\/wp-json\/wp\/v2\/pages\/1264","targetHints":{"allow":["GET"]}}],"collection":[{"href":"https:\/\/onetech.dev\/irc\/wp-json\/wp\/v2\/pages"}],"about":[{"href":"https:\/\/onetech.dev\/irc\/wp-json\/wp\/v2\/types\/page"}],"author":[{"embeddable":true,"href":"https:\/\/onetech.dev\/irc\/wp-json\/wp\/v2\/users\/1"}],"replies":[{"embeddable":true,"href":"https:\/\/onetech.dev\/irc\/wp-json\/wp\/v2\/comments?post=1264"}],"version-history":[{"count":3,"href":"https:\/\/onetech.dev\/irc\/wp-json\/wp\/v2\/pages\/1264\/revisions"}],"predecessor-version":[{"id":1272,"href":"https:\/\/onetech.dev\/irc\/wp-json\/wp\/v2\/pages\/1264\/revisions\/1272"}],"up":[{"embeddable":true,"href":"https:\/\/onetech.dev\/irc\/wp-json\/wp\/v2\/pages\/1118"}],"wp:attachment":[{"href":"https:\/\/onetech.dev\/irc\/wp-json\/wp\/v2\/media?parent=1264"}],"curies":[{"name":"wp","href":"https:\/\/api.w.org\/{rel}","templated":true}]}}