{"id":201,"date":"2026-02-09T14:47:31","date_gmt":"2026-02-09T13:47:31","guid":{"rendered":"https:\/\/onetech.dev\/irc\/?page_id=201"},"modified":"2026-03-03T15:11:18","modified_gmt":"2026-03-03T15:11:18","slug":"les-membres-du-cero","status":"publish","type":"page","link":"https:\/\/onetech.dev\/irc\/cero\/les-membres-du-cero","title":{"rendered":"Les membres du CERO"},"content":{"rendered":"<section class=\"l-section wpb_row height_auto\"><div class=\"l-section-h i-cf\"><div class=\"g-cols vc_row via_grid cols_1 laptops-cols_inherit tablets-cols_inherit mobiles-cols_1 valign_top type_default stacking_default\"><div class=\"wpb_column vc_column_container\"><div class=\"vc_column-inner\"><div class=\"ult-spacer spacer-69f3fdd72bcf8\" data-id=\"69f3fdd72bcf8\" data-height=\"25\" data-height-mobile=\"25\" data-height-tab=\"25\" data-height-tab-portrait=\"\" data-height-mobile-landscape=\"\" style=\"clear:both;display:block;\"><\/div><div id=\"uvc-type-wrap-5932\"  data-ultimate-target='#uvc-type-wrap-5932'  data-responsive-json-new='{\"font-size\":\"desktop:26px;\",\"line-height\":\"\"}'  class=\"uvc-type-wrap  ult-adjust-bottom-margin ult-responsive  uvc-type-align-center  uvc-wrap-291850219869f3fdd72bd22\" style=\"text-align:center;\"><span  data-ultimate-target='#uvc-type-wrap-5932 .mycustfancy'  data-responsive-json-new='{\"font-size\":\"desktop:26px;\",\"line-height\":\"\"}'  class=\"ultimate-typewriter-prefix mycustfancy ult-responsive\" style=\"font-weight:bold;color:#1B76BC; text-transform: unset;\">Comit\u00e9 d\u2019\u00c9thique pour la<\/span><span id=\"typed-291850219869f3fdd72bd22\" class=\"ultimate-typed-main fancytext-typewriter-background-enabled\" style=\"color:#1B76BC;background:#00000000; font-weight:bold; text-transform: unset;\"><\/span><script type=\"text\/javascript\">\n\t\t\t\t\t\tjQuery(function($){ \n\t\t\t\t\t\t\t$(document).ready(function(){\n\t\t\t\t\t\t\t\tif( typeof jQuery(\"#typed-291850219869f3fdd72bd22\").typed == \"function\"){\n\t\t\t\t\t\t\t\t\t$(\"#typed-291850219869f3fdd72bd22\").typed({\n\t\t\t\t\t\t\t\t\t\tstrings: [\"Recherche en Oncologie CERO\"],\n\t\t\t\t\t\t\t\t\t\ttypeSpeed: 35,\n\t\t\t\t\t\t\t\t\t\tbackSpeed: 0,\n\t\t\t\t\t\t\t\t\t\tstartDelay: \"200\",\n\t\t\t\t\t\t\t\t\t\tbackDelay: \"1500\",\n\t\t\t\t\t\t\t\t\t\tloop: true,\n\t\t\t\t\t\t\t\t\t\tloopCount: false,\n\t\t\t\t\t\t\t\t\t\tshowCursor: true,\n\t\t\t\t\t\t\t\t\t\tcursorChar: \"|\",\n\t\t\t\t\t\t\t\t\t\tattr: null\n\t\t\t\t\t\t\t\t\t});\n\t\t\t\t\t\t\t\t}\n\t\t\t\t\t\t\t});\n\t\t\t\t\t\t});\n\t\t\t\t\t<\/script><\/div><div class=\"ult-spacer spacer-69f3fdd72bfb5\" data-id=\"69f3fdd72bfb5\" data-height=\"10\" data-height-mobile=\"10\" data-height-tab=\"10\" data-height-tab-portrait=\"\" data-height-mobile-landscape=\"\" style=\"clear:both;display:block;\"><\/div><\/div><\/div><\/div><\/div><\/section><section class=\"l-section wpb_row height_auto width_custom\" style=\"--site-content-width:1200px;\"><div class=\"l-section-h i-cf\"><div class=\"g-cols vc_row via_grid cols_1-3 laptops-cols_inherit tablets-cols_inherit mobiles-cols_1 valign_top type_default stacking_default\"><div class=\"wpb_column vc_column_container type_sticky\"><div class=\"vc_column-inner\" style=\"top:180px\"><nav class=\"w-menu us_custom_a61e304f layout_ver style_blocks us_menu_1\" style=\"--main-gap:0rem;--main-ver-indent:0.8em;--main-hor-indent:0.8em;--main-color:var(--color-header-middle-bg);--main-hover-color:#f7941f;--main-active-color:#f7941f;\"><ul id=\"menu-cero\" class=\"menu\"><li id=\"menu-item-196\" class=\"menu-item menu-item-type-post_type menu-item-object-page menu-item-196\"><a href=\"https:\/\/onetech.dev\/irc\/cero\/a-propos-du-cero\">\u00c0 propos du CERO<\/a><\/li><li id=\"menu-item-203\" class=\"menu-item menu-item-type-post_type menu-item-object-page menu-item-203\"><a href=\"https:\/\/onetech.dev\/irc\/cero\/les-membres-du-cero\">Les membres du CERO<\/a><\/li><li id=\"menu-item-198\" class=\"menu-item menu-item-type-custom menu-item-object-custom menu-item-198\"><a target=\"_blank\" href=\"https:\/\/app.cero.ma\/login\">Lien vers la plateforme<\/a><\/li><\/ul><style>@media ( max-width:600px ){.us_menu_1 .menu{display:block!important}.us_menu_1 .menu>li{margin:0 0 var(--main-gap,0rem)!important}}<\/style><\/nav><div class=\"ult-spacer spacer-69f3fdd72d12b\" data-id=\"69f3fdd72d12b\" data-height=\"10\" data-height-mobile=\"10\" data-height-tab=\"10\" data-height-tab-portrait=\"\" data-height-mobile-landscape=\"\" style=\"clear:both;display:block;\"><\/div><\/div><\/div><div class=\"wpb_column vc_column_container\"><div class=\"vc_column-inner\"><div class=\"w-text us_custom_11277739 has_text_color\"><span class=\"w-text-h\"><span class=\"w-text-value\">Composition du CERO:<\/span><\/span><\/div><div class=\"ult-spacer spacer-69f3fdd72d39a\" data-id=\"69f3fdd72d39a\" data-height=\"10\" data-height-mobile=\"10\" data-height-tab=\"10\" data-height-tab-portrait=\"\" data-height-mobile-landscape=\"\" style=\"clear:both;display:block;\"><\/div><div class=\"wpb_text_column\"><div class=\"wpb_wrapper\"><ul>\n<li><strong>Effectif<\/strong> : 10 membres, sp\u00e9cialit\u00e9s pluridisciplinaires.<\/li>\n<li style=\"text-align: justify;\"><strong>Membres<\/strong> : selon l\u2019article N\u00b018 de la loi N\u00b028-13, les membres sont les suivants:<\/li>\n<li><strong>Dur\u00e9e du mandat<\/strong> : 5 ans, renouvelable.<\/li>\n<\/ul>\n<\/div><\/div><div class=\"ult-spacer spacer-69f3fdd72d60a\" data-id=\"69f3fdd72d60a\" data-height=\"25\" data-height-mobile=\"25\" data-height-tab=\"25\" data-height-tab-portrait=\"\" data-height-mobile-landscape=\"\" style=\"clear:both;display:block;\"><\/div><div class=\"wpb_text_column\"><div class=\"wpb_wrapper\">\n<table id=\"tablepress-1\" class=\"tablepress tablepress-id-1\">\n<thead>\n<tr class=\"row-1\">\n\t<th class=\"column-1\">Qualit\u00e9<\/th><th class=\"column-2\">Nom et Pr\u00e9nom<\/th>\n<\/tr>\n<\/thead>\n<tbody class=\"row-striping row-hover\">\n<tr class=\"row-2\">\n\t<td class=\"column-1\">Professeur Chercheur en M\u00e9decine ou en M\u00e9decine Dentaire<\/td><td class=\"column-2\">Pr. Karima El Rhazi (Pr\u00e9sidente)<\/td>\n<\/tr>\n<tr class=\"row-3\">\n\t<td class=\"column-1\">Professeur Chercheur en M\u00e9decine ou en M\u00e9decine Dentaire<\/td><td class=\"column-2\">Pr. Samia Arifi (vice-pr\u00e9sidente)<\/td>\n<\/tr>\n<tr class=\"row-4\">\n\t<td class=\"column-1\">Pharmacien biologiste ou similaire<\/td><td class=\"column-2\">DR. El Alami Leena (secr\u00e9taire g\u00e9n\u00e9ral)<\/td>\n<\/tr>\n<tr class=\"row-5\">\n\t<td class=\"column-1\">Professeur Chercheur en pharmacie<\/td><td class=\"column-2\">Pr. Bouchra Meddah<\/td>\n<\/tr>\n<tr class=\"row-6\">\n\t<td class=\"column-1\">M\u00e9decin Dentaire ou Pharmacien sp\u00e9cialis\u00e9 en bio-statistique ou en Epid\u00e9miologie<\/td><td class=\"column-2\">Pr. Nabil Tachfouti<\/td>\n<\/tr>\n<tr class=\"row-7\">\n\t<td class=\"column-1\">Professeur chercheur en sciences juridiques<\/td><td class=\"column-2\">Pr. TIALI Souad<\/td>\n<\/tr>\n<tr class=\"row-8\">\n\t<td class=\"column-1\">Professeur chercheur en sociologie<\/td><td class=\"column-2\">Pr. ECH-CHETYOUY Mohamed<\/td>\n<\/tr>\n<tr class=\"row-9\">\n\t<td class=\"column-1\">Repr\u00e9sentant du Conseil Scientifique Religieux R\u00e9gional Concern\u00e9<\/td><td class=\"column-2\">Pr. Ibn majdoub Hassani Abdelhak<\/td>\n<\/tr>\n<tr class=\"row-10\">\n\t<td class=\"column-1\">Psychiatre<\/td><td class=\"column-2\">Pr. Rachid Aalouane<\/td>\n<\/tr>\n<tr class=\"row-11\">\n\t<td class=\"column-1\">Infirmier polyvalent.<\/td><td class=\"column-2\">Pr. Rachida Chouay<\/td>\n<\/tr>\n<\/tbody>\n<\/table>\n<!-- #tablepress-1 from cache -->\n<\/div><\/div><div class=\"ult-spacer spacer-69f3fdd72de42\" data-id=\"69f3fdd72de42\" data-height=\"25\" data-height-mobile=\"25\" data-height-tab=\"25\" data-height-tab-portrait=\"\" data-height-mobile-landscape=\"\" style=\"clear:both;display:block;\"><\/div><\/div><\/div><\/div><\/div><\/section>\n","protected":false},"excerpt":{"rendered":"Comit\u00e9 d\u2019\u00c9thique pour la\u00c0 propos du CEROLes membres du CEROLien vers la plateformeComposition du CERO: Effectif : 10 membres, sp\u00e9cialit\u00e9s pluridisciplinaires. Membres : selon l\u2019article N\u00b018 de la loi N\u00b028-13, les membres sont les suivants: Dur\u00e9e du mandat : 5 ans, renouvelable. Qualit\u00e9Nom et Pr\u00e9nom Professeur Chercheur en M\u00e9decine ou en M\u00e9decine DentairePr. Karima El...","protected":false},"author":1,"featured_media":0,"parent":233,"menu_order":0,"comment_status":"closed","ping_status":"closed","template":"","meta":{"_acf_changed":false,"footnotes":""},"class_list":["post-201","page","type-page","status-publish","hentry"],"acf":[],"lang":"fr","translations":{"fr":201},"pll_sync_post":[],"_links":{"self":[{"href":"https:\/\/onetech.dev\/irc\/wp-json\/wp\/v2\/pages\/201","targetHints":{"allow":["GET"]}}],"collection":[{"href":"https:\/\/onetech.dev\/irc\/wp-json\/wp\/v2\/pages"}],"about":[{"href":"https:\/\/onetech.dev\/irc\/wp-json\/wp\/v2\/types\/page"}],"author":[{"embeddable":true,"href":"https:\/\/onetech.dev\/irc\/wp-json\/wp\/v2\/users\/1"}],"replies":[{"embeddable":true,"href":"https:\/\/onetech.dev\/irc\/wp-json\/wp\/v2\/comments?post=201"}],"version-history":[{"count":3,"href":"https:\/\/onetech.dev\/irc\/wp-json\/wp\/v2\/pages\/201\/revisions"}],"predecessor-version":[{"id":210,"href":"https:\/\/onetech.dev\/irc\/wp-json\/wp\/v2\/pages\/201\/revisions\/210"}],"up":[{"embeddable":true,"href":"https:\/\/onetech.dev\/irc\/wp-json\/wp\/v2\/pages\/233"}],"wp:attachment":[{"href":"https:\/\/onetech.dev\/irc\/wp-json\/wp\/v2\/media?parent=201"}],"curies":[{"name":"wp","href":"https:\/\/api.w.org\/{rel}","templated":true}]}}