{"id":389,"date":"2026-03-09T13:12:43","date_gmt":"2026-03-09T13:12:43","guid":{"rendered":"https:\/\/onetech.dev\/irc\/?page_id=389"},"modified":"2026-04-20T11:50:57","modified_gmt":"2026-04-20T10:50:57","slug":"cours-formations-presentiels","status":"publish","type":"page","link":"https:\/\/onetech.dev\/irc\/cours-formations\/cours-formations-presentiels","title":{"rendered":"Cours &#038; Formations Pr\u00e9sentiels"},"content":{"rendered":"<section class=\"l-section wpb_row height_auto\"><div class=\"l-section-h i-cf\"><div class=\"g-cols vc_row via_grid cols_1 laptops-cols_inherit tablets-cols_inherit mobiles-cols_1 valign_top type_default stacking_default\"><div class=\"wpb_column vc_column_container\"><div class=\"vc_column-inner\"><div class=\"ult-spacer spacer-69f3fdd638cd8\" data-id=\"69f3fdd638cd8\" data-height=\"25\" data-height-mobile=\"25\" data-height-tab=\"25\" data-height-tab-portrait=\"\" data-height-mobile-landscape=\"\" style=\"clear:both;display:block;\"><\/div><div id=\"uvc-type-wrap-5731\"  data-ultimate-target='#uvc-type-wrap-5731'  data-responsive-json-new='{\"font-size\":\"desktop:26px;\",\"line-height\":\"\"}'  class=\"uvc-type-wrap  ult-adjust-bottom-margin ult-responsive  uvc-type-align-center  uvc-wrap-69974950069f3fdd638cff\" style=\"text-align:center;\"><span  data-ultimate-target='#uvc-type-wrap-5731 .mycustfancy'  data-responsive-json-new='{\"font-size\":\"desktop:26px;\",\"line-height\":\"\"}'  class=\"ultimate-typewriter-prefix mycustfancy ult-responsive\" style=\"font-weight:bold;color:#1B76BC; text-transform: unset;\">Cours &amp;<\/span><span id=\"typed-69974950069f3fdd638cff\" class=\"ultimate-typed-main fancytext-typewriter-background-enabled\" style=\"color:#1B76BC;background:#00000000; font-weight:bold; text-transform: unset;\"><\/span><script type=\"text\/javascript\">\n\t\t\t\t\t\tjQuery(function($){ \n\t\t\t\t\t\t\t$(document).ready(function(){\n\t\t\t\t\t\t\t\tif( typeof jQuery(\"#typed-69974950069f3fdd638cff\").typed == \"function\"){\n\t\t\t\t\t\t\t\t\t$(\"#typed-69974950069f3fdd638cff\").typed({\n\t\t\t\t\t\t\t\t\t\tstrings: [\"Formations\"],\n\t\t\t\t\t\t\t\t\t\ttypeSpeed: 35,\n\t\t\t\t\t\t\t\t\t\tbackSpeed: 0,\n\t\t\t\t\t\t\t\t\t\tstartDelay: \"200\",\n\t\t\t\t\t\t\t\t\t\tbackDelay: \"1500\",\n\t\t\t\t\t\t\t\t\t\tloop: true,\n\t\t\t\t\t\t\t\t\t\tloopCount: false,\n\t\t\t\t\t\t\t\t\t\tshowCursor: true,\n\t\t\t\t\t\t\t\t\t\tcursorChar: \"|\",\n\t\t\t\t\t\t\t\t\t\tattr: null\n\t\t\t\t\t\t\t\t\t});\n\t\t\t\t\t\t\t\t}\n\t\t\t\t\t\t\t});\n\t\t\t\t\t\t});\n\t\t\t\t\t<\/script><\/div><div class=\"ult-spacer spacer-69f3fdd638ef6\" data-id=\"69f3fdd638ef6\" data-height=\"10\" data-height-mobile=\"10\" data-height-tab=\"10\" data-height-tab-portrait=\"\" data-height-mobile-landscape=\"\" style=\"clear:both;display:block;\"><\/div><\/div><\/div><\/div><\/div><\/section><section class=\"l-section wpb_row height_auto width_custom\" style=\"--site-content-width:1200px;\"><div class=\"l-section-h i-cf\"><div class=\"g-cols vc_row via_grid cols_1-3 laptops-cols_inherit tablets-cols_inherit mobiles-cols_1 valign_top type_default stacking_default\"><div class=\"wpb_column vc_column_container us_custom_7e20fa79 us_animate_this type_sticky\"><div class=\"vc_column-inner\" style=\"top:180px\"><nav class=\"w-menu us_custom_a61e304f layout_ver style_blocks us_menu_1\" style=\"--main-gap:0rem;--main-ver-indent:0.8em;--main-hor-indent:0.8em;--main-color:var(--color-header-middle-bg);--main-hover-color:#f7941f;--main-active-color:#f7941f;\"><ul id=\"menu-cours-formations\" class=\"menu\"><li id=\"menu-item-444\" class=\"menu-item menu-item-type-post_type menu-item-object-page menu-item-444\"><a href=\"https:\/\/onetech.dev\/irc\/cours-formations\/cours-formations-presentiels\">Cours &#038; Formations Pr\u00e9sentiels<\/a><\/li><li id=\"menu-item-410\" class=\"menu-item menu-item-type-post_type menu-item-object-page menu-item-410\"><a href=\"https:\/\/onetech.dev\/irc\/cours-formations\/irc-mooc\">IRC-MOOC<\/a><\/li><li id=\"menu-item-409\" class=\"menu-item menu-item-type-post_type menu-item-object-page menu-item-409\"><a href=\"https:\/\/onetech.dev\/irc\/cours-formations\/e-learning\">E-learning<\/a><\/li><li id=\"menu-item-412\" class=\"menu-item menu-item-type-post_type menu-item-object-page menu-item-412\"><a href=\"https:\/\/onetech.dev\/irc\/cours-formations\/webinaire\">Webinaire<\/a><\/li><\/ul><style>@media ( max-width:600px ){.us_menu_1 .menu{display:block!important}.us_menu_1 .menu>li{margin:0 0 var(--main-gap,0rem)!important}}<\/style><\/nav><div class=\"ult-spacer spacer-69f3fdd63a73c\" data-id=\"69f3fdd63a73c\" data-height=\"10\" data-height-mobile=\"10\" data-height-tab=\"10\" data-height-tab-portrait=\"\" data-height-mobile-landscape=\"\" style=\"clear:both;display:block;\"><\/div><\/div><\/div><div class=\"wpb_column vc_column_container us_custom_47474b22 us_animate_this\"><div class=\"vc_column-inner\"><div class=\"w-text us_custom_11277739 has_text_color\"><span class=\"w-text-h\"><span class=\"w-text-value\">Cours &#038; Formations Presentiels<\/span><\/span><\/div><div class=\"ult-spacer spacer-69f3fdd63a9f0\" data-id=\"69f3fdd63a9f0\" data-height=\"25\" data-height-mobile=\"25\" data-height-tab=\"25\" data-height-tab-portrait=\"\" data-height-mobile-landscape=\"\" style=\"clear:both;display:block;\"><\/div><div class=\"g-cols wpb_row us_custom_60e9caca us_animate_this via_grid cols_3 laptops-cols_inherit tablets-cols_inherit mobiles-cols_1 valign_top type_default stacking_default\" style=\"--columns-gap:2.5rem;\"><div class=\"wpb_column vc_column_container us_custom_7e20fa79 us_animate_this\"><div class=\"vc_column-inner\"><div class=\"w-image align_center\"><a ref=\"magnificPopup\" href=\"https:\/\/onetech.dev\/irc\/data\/affiche-2.jpg\" aria-label=\"affiche-2\" class=\"w-image-h\"><img decoding=\"async\" width=\"671\" height=\"900\" src=\"https:\/\/onetech.dev\/irc\/data\/affiche-2.jpg\" class=\"attachment-full size-full\" alt=\"\" loading=\"lazy\" srcset=\"https:\/\/onetech.dev\/irc\/data\/affiche-2.jpg 671w, https:\/\/onetech.dev\/irc\/data\/affiche-2-261x350.jpg 261w, https:\/\/onetech.dev\/irc\/data\/affiche-2-112x150.jpg 112w\" sizes=\"auto, (max-width: 671px) 100vw, 671px\" \/><\/a><\/div><div class=\"ult-spacer spacer-69f3fdd63b0a6\" data-id=\"69f3fdd63b0a6\" data-height=\"20\" data-height-mobile=\"20\" data-height-tab=\"20\" data-height-tab-portrait=\"\" data-height-mobile-landscape=\"\" style=\"clear:both;display:block;\"><\/div><div class=\"w-text us_custom_c314e366\"><span class=\"w-text-h\"><span class=\"w-text-value\">IRC\/ISSB-P Advanced Course On Cancer Biology And Therapy<\/span><\/span><\/div><div class=\"ult-spacer spacer-69f3fdd63b196\" data-id=\"69f3fdd63b196\" data-height=\"10\" data-height-mobile=\"10\" data-height-tab=\"10\" data-height-tab-portrait=\"\" data-height-mobile-landscape=\"\" style=\"clear:both;display:block;\"><\/div><div class=\"w-btn-wrapper align_center\"><a class=\"w-btn us-btn-style_1 icon_atleft\" href=\"https:\/\/onetech.dev\/irc\/cours-formations\/cours-formations-presentiels\/irc-issb-p-advanced-course-on-cancer-biology-and-therapy\"><i class=\"fas fa-external-link\"><\/i><span class=\"w-btn-label\">Acc\u00e9der au contenu<\/span><\/a><\/div><\/div><\/div><div class=\"wpb_column vc_column_container us_custom_8f2ba1f4 us_animate_this\"><div class=\"vc_column-inner\"><div class=\"w-image align_center\"><a ref=\"magnificPopup\" href=\"https:\/\/onetech.dev\/irc\/data\/Programme-1.png\" aria-label=\"Programme-1\" class=\"w-image-h\"><img decoding=\"async\" width=\"671\" height=\"900\" src=\"https:\/\/onetech.dev\/irc\/data\/Programme-1.png\" class=\"attachment-full size-full\" alt=\"\" loading=\"lazy\" srcset=\"https:\/\/onetech.dev\/irc\/data\/Programme-1.png 671w, https:\/\/onetech.dev\/irc\/data\/Programme-1-261x350.png 261w, https:\/\/onetech.dev\/irc\/data\/Programme-1-112x150.png 112w\" sizes=\"auto, (max-width: 671px) 100vw, 671px\" \/><\/a><\/div><div class=\"ult-spacer spacer-69f3fdd63b6e8\" data-id=\"69f3fdd63b6e8\" data-height=\"20\" data-height-mobile=\"20\" data-height-tab=\"20\" data-height-tab-portrait=\"\" data-height-mobile-landscape=\"\" style=\"clear:both;display:block;\"><\/div><div class=\"w-text us_custom_c314e366\"><span class=\"w-text-h\"><span class=\"w-text-value\">2<sup>\u00e8me<\/sup> Cours Francophone International d\u2019\u00c9pid\u00e9miologie et de Pr\u00e9vention des Cancers<\/span><\/span><\/div><div class=\"ult-spacer spacer-69f3fdd63b7e8\" data-id=\"69f3fdd63b7e8\" data-height=\"10\" data-height-mobile=\"10\" data-height-tab=\"10\" data-height-tab-portrait=\"\" data-height-mobile-landscape=\"\" style=\"clear:both;display:block;\"><\/div><div class=\"w-btn-wrapper align_center\"><a class=\"w-btn us-btn-style_1 icon_atleft\" href=\"https:\/\/onetech.dev\/irc\/cours-formations\/cours-formations-presentiels\/2eme-cours-francophone-international-depidemiologie-et-de-prevention-des-cancers\"><i class=\"fas fa-external-link\"><\/i><span class=\"w-btn-label\">Plus de d\u00e9tails<\/span><\/a><\/div><\/div><\/div><div class=\"wpb_column vc_column_container us_custom_47474b22 us_animate_this\"><div class=\"vc_column-inner\"><div class=\"w-image align_center\"><a ref=\"magnificPopup\" href=\"https:\/\/onetech.dev\/irc\/data\/affiche.jpg\" aria-label=\"affiche\" class=\"w-image-h\"><img decoding=\"async\" width=\"671\" height=\"900\" src=\"https:\/\/onetech.dev\/irc\/data\/affiche.jpg\" class=\"attachment-full size-full\" alt=\"\" loading=\"lazy\" srcset=\"https:\/\/onetech.dev\/irc\/data\/affiche.jpg 671w, https:\/\/onetech.dev\/irc\/data\/affiche-261x350.jpg 261w, https:\/\/onetech.dev\/irc\/data\/affiche-112x150.jpg 112w\" sizes=\"auto, (max-width: 671px) 100vw, 671px\" \/><\/a><\/div><div class=\"ult-spacer spacer-69f3fdd63bc9b\" data-id=\"69f3fdd63bc9b\" data-height=\"20\" data-height-mobile=\"20\" data-height-tab=\"20\" data-height-tab-portrait=\"\" data-height-mobile-landscape=\"\" style=\"clear:both;display:block;\"><\/div><div class=\"w-text us_custom_c314e366\"><span class=\"w-text-h\"><span class=\"w-text-value\">Epid\u00e9miologie et Pr\u00e9vention des cancers 2019<\/span><\/span><\/div><div class=\"ult-spacer spacer-69f3fdd63bd7a\" data-id=\"69f3fdd63bd7a\" data-height=\"10\" data-height-mobile=\"10\" data-height-tab=\"10\" data-height-tab-portrait=\"\" data-height-mobile-landscape=\"\" style=\"clear:both;display:block;\"><\/div><div class=\"w-btn-wrapper align_center\"><a class=\"w-btn us-btn-style_1 icon_atleft\" target=\"_blank\" href=\"https:\/\/onetech.dev\/irc\/data\/cours-epidemio_IRC.pdf\"><i class=\"far fa-download\"><\/i><span class=\"w-btn-label\">T\u00e9l\u00e9charger<\/span><\/a><\/div><\/div><\/div><\/div><div class=\"ult-spacer spacer-69f3fdd63be8b\" data-id=\"69f3fdd63be8b\" data-height=\"30\" data-height-mobile=\"30\" data-height-tab=\"30\" data-height-tab-portrait=\"\" data-height-mobile-landscape=\"\" style=\"clear:both;display:block;\"><\/div><div class=\"g-cols wpb_row us_custom_60e9caca us_animate_this via_grid cols_3 laptops-cols_inherit tablets-cols_inherit mobiles-cols_1 valign_top type_default stacking_default\" style=\"--columns-gap:2.5rem;\"><div class=\"wpb_column vc_column_container us_custom_7e20fa79 us_animate_this\"><div class=\"vc_column-inner\"><div class=\"w-image align_center\"><a ref=\"magnificPopup\" href=\"https:\/\/onetech.dev\/irc\/data\/programme-irc-2025.png\" aria-label=\"programme-irc-2025\" class=\"w-image-h\"><img decoding=\"async\" width=\"671\" height=\"900\" src=\"https:\/\/onetech.dev\/irc\/data\/programme-irc-2025.png\" class=\"attachment-full size-full\" alt=\"\" loading=\"lazy\" srcset=\"https:\/\/onetech.dev\/irc\/data\/programme-irc-2025.png 671w, https:\/\/onetech.dev\/irc\/data\/programme-irc-2025-261x350.png 261w, https:\/\/onetech.dev\/irc\/data\/programme-irc-2025-112x150.png 112w\" sizes=\"auto, (max-width: 671px) 100vw, 671px\" \/><\/a><\/div><div class=\"ult-spacer spacer-69f3fdd63c391\" data-id=\"69f3fdd63c391\" data-height=\"20\" data-height-mobile=\"20\" data-height-tab=\"20\" data-height-tab-portrait=\"\" data-height-mobile-landscape=\"\" style=\"clear:both;display:block;\"><\/div><div class=\"w-text us_custom_c314e366\"><span class=\"w-text-h\"><span class=\"w-text-value\">3<sup>\u00e8me<\/sup> cours francophone international d\u2019\u00e9pid\u00e9miologie et de pr\u00e9vention des cancers<\/span><\/span><\/div><div class=\"ult-spacer spacer-69f3fdd63c485\" data-id=\"69f3fdd63c485\" data-height=\"10\" data-height-mobile=\"10\" data-height-tab=\"10\" data-height-tab-portrait=\"\" data-height-mobile-landscape=\"\" style=\"clear:both;display:block;\"><\/div><div class=\"w-btn-wrapper align_center\"><a class=\"w-btn us-btn-style_1 icon_atleft\" href=\"https:\/\/onetech.dev\/irc\/cours-formations\/cours-formations-presentiels\/3eme-cours-francophone-international-depidemiologie-et-de-prevention-des-cancers\"><i class=\"fas fa-external-link\"><\/i><span class=\"w-btn-label\">Plus de d\u00e9tails<\/span><\/a><\/div><\/div><\/div><div class=\"wpb_column vc_column_container us_custom_8f2ba1f4 us_animate_this\"><div class=\"vc_column-inner\"><\/div><\/div><div class=\"wpb_column vc_column_container us_custom_47474b22 us_animate_this\"><div class=\"vc_column-inner\"><\/div><\/div><\/div><\/div><\/div><\/div><\/div><\/section><section class=\"l-section wpb_row height_small\"><div class=\"l-section-h i-cf\"><div class=\"g-cols vc_row via_grid cols_1 laptops-cols_inherit tablets-cols_inherit mobiles-cols_1 valign_top type_default stacking_default\"><div class=\"wpb_column vc_column_container\"><div class=\"vc_column-inner\"><\/div><\/div><\/div><\/div><\/section>\n","protected":false},"excerpt":{"rendered":"Cours &amp;Cours &#038; Formations Pr\u00e9sentielsIRC-MOOCE-learningWebinaireCours &#038; Formations PresentielsIRC\/ISSB-P Advanced Course On Cancer Biology And TherapyAcc\u00e9der au contenu2\u00e8me Cours Francophone International d\u2019\u00c9pid\u00e9miologie et de Pr\u00e9vention des CancersPlus de d\u00e9tailsEpid\u00e9miologie et Pr\u00e9vention des cancers 2019T\u00e9l\u00e9charger3\u00e8me cours francophone international d\u2019\u00e9pid\u00e9miologie et de pr\u00e9vention des cancersPlus de d\u00e9tails","protected":false},"author":1,"featured_media":0,"parent":363,"menu_order":0,"comment_status":"closed","ping_status":"closed","template":"","meta":{"_acf_changed":false,"footnotes":""},"class_list":["post-389","page","type-page","status-publish","hentry"],"acf":[],"lang":"fr","translations":{"fr":389},"pll_sync_post":[],"_links":{"self":[{"href":"https:\/\/onetech.dev\/irc\/wp-json\/wp\/v2\/pages\/389","targetHints":{"allow":["GET"]}}],"collection":[{"href":"https:\/\/onetech.dev\/irc\/wp-json\/wp\/v2\/pages"}],"about":[{"href":"https:\/\/onetech.dev\/irc\/wp-json\/wp\/v2\/types\/page"}],"author":[{"embeddable":true,"href":"https:\/\/onetech.dev\/irc\/wp-json\/wp\/v2\/users\/1"}],"replies":[{"embeddable":true,"href":"https:\/\/onetech.dev\/irc\/wp-json\/wp\/v2\/comments?post=389"}],"version-history":[{"count":7,"href":"https:\/\/onetech.dev\/irc\/wp-json\/wp\/v2\/pages\/389\/revisions"}],"predecessor-version":[{"id":976,"href":"https:\/\/onetech.dev\/irc\/wp-json\/wp\/v2\/pages\/389\/revisions\/976"}],"up":[{"embeddable":true,"href":"https:\/\/onetech.dev\/irc\/wp-json\/wp\/v2\/pages\/363"}],"wp:attachment":[{"href":"https:\/\/onetech.dev\/irc\/wp-json\/wp\/v2\/media?parent=389"}],"curies":[{"name":"wp","href":"https:\/\/api.w.org\/{rel}","templated":true}]}}