{"id":432,"date":"2026-03-09T14:59:39","date_gmt":"2026-03-09T14:59:39","guid":{"rendered":"https:\/\/onetech.dev\/irc\/?page_id=432"},"modified":"2026-03-09T14:59:39","modified_gmt":"2026-03-09T14:59:39","slug":"economie-de-la-sante-et-oncologie","status":"publish","type":"page","link":"https:\/\/onetech.dev\/irc\/cours-formations\/e-learning\/economie-de-la-sante-et-oncologie","title":{"rendered":"Economie de la sant\u00e9 et Oncologie"},"content":{"rendered":"<section class=\"l-section wpb_row height_auto\"><div class=\"l-section-h i-cf\"><div class=\"g-cols vc_row via_grid cols_1 laptops-cols_inherit tablets-cols_inherit mobiles-cols_1 valign_top type_default stacking_default\"><div class=\"wpb_column vc_column_container\"><div class=\"vc_column-inner\"><div class=\"ult-spacer spacer-69f40e3f3f915\" data-id=\"69f40e3f3f915\" data-height=\"25\" data-height-mobile=\"25\" data-height-tab=\"25\" data-height-tab-portrait=\"\" data-height-mobile-landscape=\"\" style=\"clear:both;display:block;\"><\/div><div id=\"uvc-type-wrap-9245\"  data-ultimate-target='#uvc-type-wrap-9245'  data-responsive-json-new='{\"font-size\":\"desktop:26px;\",\"line-height\":\"\"}'  class=\"uvc-type-wrap  ult-adjust-bottom-margin ult-responsive  uvc-type-align-center  uvc-wrap-171226674869f40e3f3f93d\" style=\"text-align:center;\"><span  data-ultimate-target='#uvc-type-wrap-9245 .mycustfancy'  data-responsive-json-new='{\"font-size\":\"desktop:26px;\",\"line-height\":\"\"}'  class=\"ultimate-typewriter-prefix mycustfancy ult-responsive\" style=\"font-weight:bold;color:#1B76BC; text-transform: unset;\">Cours &amp;<\/span><span id=\"typed-171226674869f40e3f3f93d\" class=\"ultimate-typed-main fancytext-typewriter-background-enabled\" style=\"color:#1B76BC;background:#00000000; font-weight:bold; text-transform: unset;\"><\/span><script type=\"text\/javascript\">\n\t\t\t\t\t\tjQuery(function($){ \n\t\t\t\t\t\t\t$(document).ready(function(){\n\t\t\t\t\t\t\t\tif( typeof jQuery(\"#typed-171226674869f40e3f3f93d\").typed == \"function\"){\n\t\t\t\t\t\t\t\t\t$(\"#typed-171226674869f40e3f3f93d\").typed({\n\t\t\t\t\t\t\t\t\t\tstrings: [\"Formations\"],\n\t\t\t\t\t\t\t\t\t\ttypeSpeed: 35,\n\t\t\t\t\t\t\t\t\t\tbackSpeed: 0,\n\t\t\t\t\t\t\t\t\t\tstartDelay: \"200\",\n\t\t\t\t\t\t\t\t\t\tbackDelay: \"1500\",\n\t\t\t\t\t\t\t\t\t\tloop: true,\n\t\t\t\t\t\t\t\t\t\tloopCount: false,\n\t\t\t\t\t\t\t\t\t\tshowCursor: true,\n\t\t\t\t\t\t\t\t\t\tcursorChar: \"|\",\n\t\t\t\t\t\t\t\t\t\tattr: null\n\t\t\t\t\t\t\t\t\t});\n\t\t\t\t\t\t\t\t}\n\t\t\t\t\t\t\t});\n\t\t\t\t\t\t});\n\t\t\t\t\t<\/script><\/div><div class=\"ult-spacer spacer-69f40e3f3fb59\" data-id=\"69f40e3f3fb59\" data-height=\"10\" data-height-mobile=\"10\" data-height-tab=\"10\" data-height-tab-portrait=\"\" data-height-mobile-landscape=\"\" style=\"clear:both;display:block;\"><\/div><\/div><\/div><\/div><\/div><\/section><section class=\"l-section wpb_row height_auto width_custom\" style=\"--site-content-width:1200px;\"><div class=\"l-section-h i-cf\"><div class=\"g-cols vc_row via_grid cols_1-3 laptops-cols_inherit tablets-cols_inherit mobiles-cols_1 valign_top type_default stacking_default\"><div class=\"wpb_column vc_column_container us_custom_7e20fa79 us_animate_this type_sticky\"><div class=\"vc_column-inner\" style=\"top:180px\"><nav class=\"w-menu us_custom_a61e304f layout_ver style_blocks us_menu_1\" style=\"--main-gap:0rem;--main-ver-indent:0.8em;--main-hor-indent:0.8em;--main-color:var(--color-header-middle-bg);--main-hover-color:#f7941f;--main-active-color:#f7941f;\"><ul id=\"menu-cours-formations\" class=\"menu\"><li id=\"menu-item-444\" class=\"menu-item menu-item-type-post_type menu-item-object-page menu-item-444\"><a href=\"https:\/\/onetech.dev\/irc\/cours-formations\/cours-formations-presentiels\">Cours &#038; Formations Pr\u00e9sentiels<\/a><\/li><li id=\"menu-item-410\" class=\"menu-item menu-item-type-post_type menu-item-object-page menu-item-410\"><a href=\"https:\/\/onetech.dev\/irc\/cours-formations\/irc-mooc\">IRC-MOOC<\/a><\/li><li id=\"menu-item-409\" class=\"menu-item menu-item-type-post_type menu-item-object-page menu-item-409\"><a href=\"https:\/\/onetech.dev\/irc\/cours-formations\/e-learning\">E-learning<\/a><\/li><li id=\"menu-item-412\" class=\"menu-item menu-item-type-post_type menu-item-object-page menu-item-412\"><a href=\"https:\/\/onetech.dev\/irc\/cours-formations\/webinaire\">Webinaire<\/a><\/li><\/ul><style>@media ( max-width:600px ){.us_menu_1 .menu{display:block!important}.us_menu_1 .menu>li{margin:0 0 var(--main-gap,0rem)!important}}<\/style><\/nav><div class=\"ult-spacer spacer-69f40e3f4113d\" data-id=\"69f40e3f4113d\" data-height=\"10\" data-height-mobile=\"10\" data-height-tab=\"10\" data-height-tab-portrait=\"\" data-height-mobile-landscape=\"\" style=\"clear:both;display:block;\"><\/div><\/div><\/div><div class=\"wpb_column vc_column_container us_custom_47474b22 us_animate_this\"><div class=\"vc_column-inner\"><div class=\"w-text us_custom_11277739 has_text_color\"><span class=\"w-text-h\"><span class=\"w-text-value\">E-learning<\/span><\/span><\/div><div class=\"ult-spacer spacer-69f40e3f41412\" data-id=\"69f40e3f41412\" data-height=\"25\" data-height-mobile=\"25\" data-height-tab=\"25\" data-height-tab-portrait=\"\" data-height-mobile-landscape=\"\" style=\"clear:both;display:block;\"><\/div><div class=\"w-text us_custom_064d3121\"><span class=\"w-text-h\"><span class=\"w-text-value\">Economie de la sant\u00e9 et Oncologie<\/span><\/span><\/div><div class=\"ult-spacer spacer-69f40e3f414d7\" data-id=\"69f40e3f414d7\" data-height=\"10\" data-height-mobile=\"10\" data-height-tab=\"10\" data-height-tab-portrait=\"\" data-height-mobile-landscape=\"\" style=\"clear:both;display:block;\"><\/div><div class=\"wpb_text_column\"><div class=\"wpb_wrapper\"><p style=\"text-align: justify;\"><strong>Session1:\u00a0<\/strong><br \/>\nIntroduction \u00e0 l\u2019\u00e9conomie de la sant\u00e9 : <em><strong>Chakib BOUKHALFA<br \/>\n<\/strong><\/em>Couverture m\u00e9dicale et sa place dans le syst\u00e8me de sant\u00e9: <em><strong>Laila IBN MAKHLOUF<br \/>\n<\/strong><\/em>Pharmaco \u00e9conomie :<em><strong>Samir AHID<\/strong><\/em><\/p>\n<\/div><\/div><div class=\"ult-spacer spacer-69f40e3f4177a\" data-id=\"69f40e3f4177a\" data-height=\"25\" data-height-mobile=\"25\" data-height-tab=\"25\" data-height-tab-portrait=\"\" data-height-mobile-landscape=\"\" style=\"clear:both;display:block;\"><\/div><div class=\"w-video align_center ratio_16x9 has_iframe\"><div class=\"w-video-h\"><iframe title=\"Youtube video player\" src=\"\/\/www.youtube.com\/embed\/3x79ix4PZYI?autoplay=0&controls=1&origin=https:\/\/onetech.dev\/irc&loop=0&mute=0\" allowfullscreen=\"1\" loading=\"lazy\"><\/iframe><\/div><\/div><div class=\"ult-spacer spacer-69f40e3f41a85\" data-id=\"69f40e3f41a85\" data-height=\"25\" data-height-mobile=\"25\" data-height-tab=\"25\" data-height-tab-portrait=\"\" data-height-mobile-landscape=\"\" style=\"clear:both;display:block;\"><\/div><div class=\"w-separator size_small with_line width_default thick_2 style_solid color_primary align_center\"><div class=\"w-separator-h\"><\/div><\/div><div class=\"wpb_text_column\"><div class=\"wpb_wrapper\"><p style=\"text-align: justify;\"><strong>Session 2:<\/strong><br \/>\nSyst\u00e8me d\u2019information en oncologie : <em><strong>Annass MAJBAR<br \/>\n<\/strong><\/em>D\u00e9pistage et pr\u00e9vention et impact financi\u00e8re sur les syst\u00e8mes de sant\u00e9\u00a0: analyse international : <em><strong>Saad ZBIRI<\/strong><\/em><\/p>\n<\/div><\/div><div class=\"ult-spacer spacer-69f40e3f41cc2\" data-id=\"69f40e3f41cc2\" data-height=\"25\" data-height-mobile=\"25\" data-height-tab=\"25\" data-height-tab-portrait=\"\" data-height-mobile-landscape=\"\" style=\"clear:both;display:block;\"><\/div><div class=\"w-video align_center ratio_16x9 has_iframe\"><div class=\"w-video-h\"><iframe title=\"Youtube video player\" src=\"\/\/www.youtube.com\/embed\/ORlKxsFIKxk?autoplay=0&controls=1&origin=https:\/\/onetech.dev\/irc&loop=0&mute=0\" allowfullscreen=\"1\" loading=\"lazy\"><\/iframe><\/div><\/div><div class=\"ult-spacer spacer-69f40e3f41e51\" data-id=\"69f40e3f41e51\" data-height=\"25\" data-height-mobile=\"25\" data-height-tab=\"25\" data-height-tab-portrait=\"\" data-height-mobile-landscape=\"\" style=\"clear:both;display:block;\"><\/div><div class=\"w-separator size_small with_line width_default thick_2 style_solid color_primary align_center\"><div class=\"w-separator-h\"><\/div><\/div><div class=\"wpb_text_column\"><div class=\"wpb_wrapper\"><p style=\"text-align: justify;\"><strong>Session 3:<br \/>\n<\/strong>Syst\u00e8mes de sant\u00e9 et leurs typologies : <em><strong>Nejjari CHAKIB<br \/>\n<\/strong><\/em>Typologie des co\u00fbts et leurs estimations\u00a0: <em><strong>Chakib BOUKHALFA<br \/>\n<\/strong><\/em>Gestion du co\u00fbt \u00e9lev\u00e9 des patients atteints du cancer: <em><strong>Saad ZBIRI<br \/>\n<\/strong><\/em>\u00c9valuation \u00e9conomique des programmes de sant\u00e9 (Avec le calcul du DALY et QALY ): <em><strong>Chakib BOUKHALFA<br \/>\n<\/strong><\/em>Evaluation du programme de d\u00e9pistage des cancers du col et du sein : <em><strong>Ghali SAADANI<\/strong><\/em><\/p>\n<\/div><\/div><div class=\"ult-spacer spacer-69f40e3f42097\" data-id=\"69f40e3f42097\" data-height=\"25\" data-height-mobile=\"25\" data-height-tab=\"25\" data-height-tab-portrait=\"\" data-height-mobile-landscape=\"\" style=\"clear:both;display:block;\"><\/div><div class=\"w-video align_center ratio_16x9 has_iframe\"><div class=\"w-video-h\"><iframe title=\"Youtube video player\" src=\"\/\/www.youtube.com\/embed\/Y09rbvz7HAk?autoplay=0&controls=1&origin=https:\/\/onetech.dev\/irc&loop=0&mute=0\" allowfullscreen=\"1\" loading=\"lazy\"><\/iframe><\/div><\/div><div class=\"ult-spacer spacer-69f40e3f4222a\" data-id=\"69f40e3f4222a\" data-height=\"25\" data-height-mobile=\"25\" data-height-tab=\"25\" data-height-tab-portrait=\"\" data-height-mobile-landscape=\"\" style=\"clear:both;display:block;\"><\/div><\/div><\/div><\/div><\/div><\/section><section class=\"l-section wpb_row height_small\"><div class=\"l-section-h i-cf\"><div class=\"g-cols vc_row via_grid cols_1 laptops-cols_inherit tablets-cols_inherit mobiles-cols_1 valign_top type_default stacking_default\"><div class=\"wpb_column vc_column_container\"><div class=\"vc_column-inner\"><\/div><\/div><\/div><\/div><\/section>\n","protected":false},"excerpt":{"rendered":"Cours &amp;Cours &#038; Formations Pr\u00e9sentielsIRC-MOOCE-learningWebinaireE-learningEconomie de la sant\u00e9 et OncologieSession1:\u00a0 Introduction \u00e0 l\u2019\u00e9conomie de la sant\u00e9 : Chakib BOUKHALFA Couverture m\u00e9dicale et sa place dans le syst\u00e8me de sant\u00e9: Laila IBN MAKHLOUF Pharmaco \u00e9conomie :Samir AHID Session 2: Syst\u00e8me d\u2019information en oncologie : Annass MAJBAR D\u00e9pistage et pr\u00e9vention et impact financi\u00e8re sur les syst\u00e8mes de...","protected":false},"author":1,"featured_media":0,"parent":394,"menu_order":0,"comment_status":"closed","ping_status":"closed","template":"","meta":{"_acf_changed":false,"footnotes":""},"class_list":["post-432","page","type-page","status-publish","hentry"],"acf":[],"lang":"fr","translations":{"fr":432},"pll_sync_post":[],"_links":{"self":[{"href":"https:\/\/onetech.dev\/irc\/wp-json\/wp\/v2\/pages\/432","targetHints":{"allow":["GET"]}}],"collection":[{"href":"https:\/\/onetech.dev\/irc\/wp-json\/wp\/v2\/pages"}],"about":[{"href":"https:\/\/onetech.dev\/irc\/wp-json\/wp\/v2\/types\/page"}],"author":[{"embeddable":true,"href":"https:\/\/onetech.dev\/irc\/wp-json\/wp\/v2\/users\/1"}],"replies":[{"embeddable":true,"href":"https:\/\/onetech.dev\/irc\/wp-json\/wp\/v2\/comments?post=432"}],"version-history":[{"count":9,"href":"https:\/\/onetech.dev\/irc\/wp-json\/wp\/v2\/pages\/432\/revisions"}],"predecessor-version":[{"id":441,"href":"https:\/\/onetech.dev\/irc\/wp-json\/wp\/v2\/pages\/432\/revisions\/441"}],"up":[{"embeddable":true,"href":"https:\/\/onetech.dev\/irc\/wp-json\/wp\/v2\/pages\/394"}],"wp:attachment":[{"href":"https:\/\/onetech.dev\/irc\/wp-json\/wp\/v2\/media?parent=432"}],"curies":[{"name":"wp","href":"https:\/\/api.w.org\/{rel}","templated":true}]}}