{"id":508,"date":"2026-04-07T14:09:27","date_gmt":"2026-04-07T13:09:27","guid":{"rendered":"https:\/\/onetech.dev\/irc\/?page_id=508"},"modified":"2026-04-20T15:09:05","modified_gmt":"2026-04-20T14:09:05","slug":"repertoire-des-publications-scientifiques-des-aap","status":"publish","type":"page","link":"https:\/\/onetech.dev\/irc\/publications-scientifiques\/repertoire-des-publications-scientifiques-des-aap","title":{"rendered":"R\u00e9pertoire des Publications Scientifiques des AAP"},"content":{"rendered":"<section class=\"l-section wpb_row height_auto\"><div class=\"l-section-h i-cf\"><div class=\"g-cols vc_row via_grid cols_1 laptops-cols_inherit tablets-cols_inherit mobiles-cols_1 valign_top type_default stacking_default\"><div class=\"wpb_column vc_column_container\"><div class=\"vc_column-inner\"><div class=\"ult-spacer spacer-69f402c376db7\" data-id=\"69f402c376db7\" data-height=\"25\" data-height-mobile=\"25\" data-height-tab=\"25\" data-height-tab-portrait=\"\" data-height-mobile-landscape=\"\" style=\"clear:both;display:block;\"><\/div><div id=\"uvc-type-wrap-6502\"  data-ultimate-target='#uvc-type-wrap-6502'  data-responsive-json-new='{\"font-size\":\"desktop:26px;\",\"line-height\":\"\"}'  class=\"uvc-type-wrap  ult-adjust-bottom-margin ult-responsive  uvc-type-align-center  uvc-wrap-76948452669f402c376de4\" style=\"text-align:center;\"><span  data-ultimate-target='#uvc-type-wrap-6502 .mycustfancy'  data-responsive-json-new='{\"font-size\":\"desktop:26px;\",\"line-height\":\"\"}'  class=\"ultimate-typewriter-prefix mycustfancy ult-responsive\" style=\"font-weight:bold;color:#1B76BC; text-transform: unset;\">Publications<\/span><span id=\"typed-76948452669f402c376de4\" class=\"ultimate-typed-main fancytext-typewriter-background-enabled\" style=\"color:#1B76BC;background:#00000000; font-weight:bold; text-transform: unset;\"><\/span><script type=\"text\/javascript\">\n\t\t\t\t\t\tjQuery(function($){ \n\t\t\t\t\t\t\t$(document).ready(function(){\n\t\t\t\t\t\t\t\tif( typeof jQuery(\"#typed-76948452669f402c376de4\").typed == \"function\"){\n\t\t\t\t\t\t\t\t\t$(\"#typed-76948452669f402c376de4\").typed({\n\t\t\t\t\t\t\t\t\t\tstrings: [\"Scientifiques\"],\n\t\t\t\t\t\t\t\t\t\ttypeSpeed: 35,\n\t\t\t\t\t\t\t\t\t\tbackSpeed: 0,\n\t\t\t\t\t\t\t\t\t\tstartDelay: \"200\",\n\t\t\t\t\t\t\t\t\t\tbackDelay: \"1500\",\n\t\t\t\t\t\t\t\t\t\tloop: true,\n\t\t\t\t\t\t\t\t\t\tloopCount: false,\n\t\t\t\t\t\t\t\t\t\tshowCursor: true,\n\t\t\t\t\t\t\t\t\t\tcursorChar: \"|\",\n\t\t\t\t\t\t\t\t\t\tattr: null\n\t\t\t\t\t\t\t\t\t});\n\t\t\t\t\t\t\t\t}\n\t\t\t\t\t\t\t});\n\t\t\t\t\t\t});\n\t\t\t\t\t<\/script><\/div><div class=\"ult-spacer spacer-69f402c37715c\" data-id=\"69f402c37715c\" data-height=\"10\" data-height-mobile=\"10\" data-height-tab=\"10\" data-height-tab-portrait=\"\" data-height-mobile-landscape=\"\" style=\"clear:both;display:block;\"><\/div><\/div><\/div><\/div><\/div><\/section><section class=\"l-section wpb_row height_auto width_custom\" style=\"--site-content-width:1200px;\"><div class=\"l-section-h i-cf\"><div class=\"g-cols vc_row via_grid cols_1 laptops-cols_inherit tablets-cols_inherit mobiles-cols_1 valign_top type_default stacking_default\"><div class=\"wpb_column vc_column_container type_sticky\"><div class=\"vc_column-inner\" style=\"top:180px\"><div class=\"w-text us_custom_11277739 has_text_color\"><span class=\"w-text-h\"><span class=\"w-text-value\">R\u00e9pertoire des Publications Scientifiques Issues des Appels \u00e0 Projets<\/span><\/span><\/div><div class=\"ult-spacer spacer-69f402c377d75\" data-id=\"69f402c377d75\" data-height=\"20\" data-height-mobile=\"20\" data-height-tab=\"20\" data-height-tab-portrait=\"\" data-height-mobile-landscape=\"\" style=\"clear:both;display:block;\"><\/div><div class=\"wpb_text_column\"><div class=\"wpb_wrapper\">\n<table id=\"tablepress-10\" class=\"tablepress tablepress-id-10\">\n<thead>\n<tr class=\"row-1\">\n\t<th class=\"column-1\">Titre publication<\/th><th class=\"column-2\">Ann\u00e9e<\/th><th class=\"column-3\">DOI<\/th>\n<\/tr>\n<\/thead>\n<tbody class=\"row-striping\">\n<tr class=\"row-2\">\n\t<td class=\"column-1\">Pain managment in Morocco: Report from the Moroccan society of pediatric hematology and oncology<\/td><td class=\"column-2\">2015<\/td><td class=\"column-3\">https:\/\/doi.org\/10.3889\/oamjms.2020.5252<\/td>\n<\/tr>\n<tr class=\"row-3\">\n\t<td class=\"column-1\">Pr\u00e9limanry results of the moroccan metronomic chemotherapy protocol : report form the moroccan society of pediatric hematology and oncology<\/td><td class=\"column-2\">2016<\/td><td class=\"column-3\">https:\/\/doi.org\/10.1002\/pbc.26233<\/td>\n<\/tr>\n<tr class=\"row-4\">\n\t<td class=\"column-1\">Types de viande blanche et risque de cancer colorectal au Maroc<\/td><td class=\"column-2\">2016<\/td><td class=\"column-3\">https:\/\/doi.org\/10.1016\/j.respe.2016.06.085<\/td>\n<\/tr>\n<tr class=\"row-5\">\n\t<td class=\"column-1\">DEVELOPEMENT OF AN ELECTROCHEMICAL LABEL FREE BIOSENSOR FOR MICRORNA-125A DETECTION USING PENCIL GRAPHITE ELECTRODE MODIFIED WITH DIFFERENT CARBON NANOMATERIALS<\/td><td class=\"column-2\">2017<\/td><td class=\"column-3\">https:\/\/doi.org\/10.1016\/j.jelechem.2017.10.012<\/td>\n<\/tr>\n<tr class=\"row-6\">\n\t<td class=\"column-1\">Bayesian Estimation of Multivariate Autoregressive Hidden Markov Model with Application to Breast Cancer Biomarker Modeling<\/td><td class=\"column-2\">2017<\/td><td class=\"column-3\">http:\/\/dx.doi.org\/10.5772\/intechopen.70053<\/td>\n<\/tr>\n<tr class=\"row-7\">\n\t<td class=\"column-1\">EWSR1 Rearrangement and CD99 Expression as Diagnostic Biomarkers for Ewing\/PNET Sarcomas in a Moroccan Population<\/td><td class=\"column-2\">2018<\/td><td class=\"column-3\">https:\/\/doi.org\/10.1155\/2018\/7971019<\/td>\n<\/tr>\n<tr class=\"row-8\">\n\t<td class=\"column-1\">Joint effect of smoking and NQO1 C609T polymorphism on undifferentiated nasopharyngeal carcinoma risk in North African population<\/td><td class=\"column-2\">2018<\/td><td class=\"column-3\">https:\/\/doi.org\/10.1002\/mgg3.461<\/td>\n<\/tr>\n<tr class=\"row-9\">\n\t<td class=\"column-1\">Impact d\u2019un projet pilote d\u2019\u00e9ducation th\u00e9rapeutique et de surveillance \u00e0 distance des patients trait\u00e9s par le protocole DHAP au SHOP de Casablanca (Maroc)<\/td><td class=\"column-2\">2018<\/td><td class=\"column-3\">https:\/\/sfh.hematologie.net\/congres<\/td>\n<\/tr>\n<tr class=\"row-10\">\n\t<td class=\"column-1\">\u00ab\u00a0Le r\u00e9gime d\u2019assistance m\u00e9dicale au Maroc (RAMed). Les m\u00e9comptes du volontarisme et de l\u2019opportunisme\u00a0\u00bb<\/td><td class=\"column-2\">2018<\/td><td class=\"column-3\">https:\/\/www.cairn.info\/revue-francaise-des-affaires-sociales-2018-1-page-125.htm<\/td>\n<\/tr>\n<tr class=\"row-11\">\n\t<td class=\"column-1\">Adaptation and validation of a Food Frequency Questionnaire (FFQ) to assess dietary intake in Moroccan adults<\/td><td class=\"column-2\">2018<\/td><td class=\"column-3\">https:\/\/doi.org\/10.1186\/s12937-018-0368-4<\/td>\n<\/tr>\n<tr class=\"row-12\">\n\t<td class=\"column-1\">Dairy products and colorectal cancer in middle eastern and north African countries: a systematic review<\/td><td class=\"column-2\">2018<\/td><td class=\"column-3\">https:\/\/doi.org\/10.1186\/s12885-018-4139-6<\/td>\n<\/tr>\n<tr class=\"row-13\">\n\t<td class=\"column-1\">Inflammatory Breast Cancer: A Literature Review.<\/td><td class=\"column-2\">2018<\/td><td class=\"column-3\">https:\/\/doi.org\/10.14740\/wjon1161<\/td>\n<\/tr>\n<tr class=\"row-14\">\n\t<td class=\"column-1\">Studies on the Dual Cytotoxicity and Antioxidant Properties of Berberis vulgarisExtracts and Its Main Constituent Berberine<\/td><td class=\"column-2\">2018<\/td><td class=\"column-3\">https:\/\/doi.org\/10.1155\/2018\/3018498<\/td>\n<\/tr>\n<tr class=\"row-15\">\n\t<td class=\"column-1\">More insights into the pharmacological effects of artemisinin<\/td><td class=\"column-2\">2018<\/td><td class=\"column-3\">https:\/\/doi.org\/10.1002\/ptr.5958<\/td>\n<\/tr>\n<tr class=\"row-16\">\n\t<td class=\"column-1\">Oncogenic Human Papillomavirus involvement in epithelial ovarian carcinoma among women in Morocco<\/td><td class=\"column-2\">2019<\/td><td class=\"column-3\">https:\/\/dx.doi.org\/10.6026%2F97320630015055<\/td>\n<\/tr>\n<tr class=\"row-17\">\n\t<td class=\"column-1\">A computational approach to the study of interactions between proteins and miR10-b, miR-335, and miR-21 involved in breast cancer<\/td><td class=\"column-2\">2019<\/td><td class=\"column-3\">https:\/\/doi.org\/10.5114\/wo.2019.91544<\/td>\n<\/tr>\n<tr class=\"row-18\">\n\t<td class=\"column-1\">On the use of clustering algorithms in medical domain<\/td><td class=\"column-2\">2019<\/td><td class=\"column-3\">http:\/\/www.ceser.in\/ceserp\/index.php\/ijai\/article\/view\/6265<\/td>\n<\/tr>\n<tr class=\"row-19\">\n\t<td class=\"column-1\">La Trappe des d\u00e9cisions irr\u00e9fl\u00e9chies\u00a0: le R\u00e9gime d\u2019assistance m\u00e9dicale (RAMed) au Maroc et le Plan S\u00e9same au S\u00e9n\u00e9gal<\/td><td class=\"column-2\">2019<\/td><td class=\"column-3\">https:\/\/doi.org\/10.3917\/med.187.0015<\/td>\n<\/tr>\n<tr class=\"row-20\">\n\t<td class=\"column-1\">Interactions hospitali\u00e8res au Maroc\u00a0: les politiques d\u2019acc\u00e8s aux soins dans la perspective des patients<\/td><td class=\"column-2\">2019<\/td><td class=\"column-3\">https:\/\/doi.org\/10.3917\/med.187.0015<\/td>\n<\/tr>\n<tr class=\"row-21\">\n\t<td class=\"column-1\">La persistance des in\u00e9galit\u00e9s dans un dispositif de lutte contre les in\u00e9galit\u00e9s m\u00e9dicales: l'acc\u00e8s aux soins d'oncologie \u00e0 f\u00e8s et \u00e0 mekn\u00e8s<\/td><td class=\"column-2\">2019<\/td><td class=\"column-3\">https:\/\/ideas.repec.org\/a\/cai\/meddbu\/med_187_0085.html<\/td>\n<\/tr>\n<tr class=\"row-22\">\n\t<td class=\"column-1\">The Ultrasound-guided Erector Spinae plane block allows opioid-free Anesthesia in the modified radical mastectomy with axillary lymph node dissection: A pilot study about 14 cases from the national Institut of oncology of Morocco<\/td><td class=\"column-2\">2019<\/td><td class=\"column-3\">https:\/\/www.medicalsciencejournal.com\/search?keyword=Abdelilah+Ghannam<\/td>\n<\/tr>\n<tr class=\"row-23\">\n\t<td class=\"column-1\">Update of the Moroccan Food Composition Tables: Towards a more reliable tool for nutrition research<\/td><td class=\"column-2\">2019<\/td><td class=\"column-3\">https:\/\/doi.org\/10.1016\/j.jfca.2019.103397<\/td>\n<\/tr>\n<tr class=\"row-24\">\n\t<td class=\"column-1\">Consumption of meat, traditional and modern processed meat and colorectal cancer risk among the Moroccan population: A large-scale case-control study<\/td><td class=\"column-2\">2019<\/td><td class=\"column-3\">https:\/\/doi.org\/10.1002\/ijc.32689<\/td>\n<\/tr>\n<tr class=\"row-25\">\n\t<td class=\"column-1\">Behavioural, nutritional and genetic risk factors of colorectal cancers in Morocco: Protocol for a multi-center case-control study<\/td><td class=\"column-2\">2019<\/td><td class=\"column-3\">https:\/\/preprints.jmir.org\/preprint\/13998<\/td>\n<\/tr>\n<tr class=\"row-26\">\n\t<td class=\"column-1\">Concordance with the World Cancer Research Fund\/American Institute for Cancer Research recommendations for cancer prevention and colorectal cancer risk in Morocco: A large, population-based case-control study<\/td><td class=\"column-2\">2019<\/td><td class=\"column-3\">https:\/\/doi.org\/10.1002\/ijc.32263<\/td>\n<\/tr>\n<tr class=\"row-27\">\n\t<td class=\"column-1\">Consumption of modern and traditional Moroccan dairy products and colorectal cancer risk: a case control study<\/td><td class=\"column-2\">2019<\/td><td class=\"column-3\">https:\/\/doi.org\/10.1007\/s00394-019-01954-1<\/td>\n<\/tr>\n<tr class=\"row-28\">\n\t<td class=\"column-1\">Natural Products as Cytotoxic Agents in Chemotherapy against Cancer<\/td><td class=\"column-2\">2019<\/td><td class=\"column-3\">http:\/\/dx.doi.org\/10.5772\/intechopen.72744<\/td>\n<\/tr>\n<tr class=\"row-29\">\n\t<td class=\"column-1\">Scientific Advances in the Diagnosis of Emerging and Reemerging Viral Human Pathogens<\/td><td class=\"column-2\">2020<\/td><td class=\"column-3\">https:\/\/doi.org\/10.1016\/B978-0-12-814966-9.00007-X<\/td>\n<\/tr>\n<tr class=\"row-30\">\n\t<td class=\"column-1\">Involvement and Roles of Long Noncoding RNAs in the Molecular Mechanisms of Emerging and Reemerging Viral Infections<\/td><td class=\"column-2\">2020<\/td><td class=\"column-3\">https:\/\/doi.org\/10.1016\/B978-0-12-814966-9.00006-8<\/td>\n<\/tr>\n<tr class=\"row-31\">\n\t<td class=\"column-1\">Application of Nanodiagnostics in Viral Infectious Diseases<\/td><td class=\"column-2\">2020<\/td><td class=\"column-3\">https:\/\/doi.org\/10.1016\/B978-0-12-814966-9.00010-x<\/td>\n<\/tr>\n<tr class=\"row-32\">\n\t<td class=\"column-1\">OBSERVATORY OF THE QUALITY OF SURGICAL PROCEDURES FOR DIGESTIVE CANCERS (OBCHIR): PROTOCOL OF A PROSPECTIVE, MULTICENTRIC COHORT STUDY (PILOT STUDY) JMSR<\/td><td class=\"column-2\">2020<\/td><td class=\"column-3\">https:\/\/www.journal-jmsr.net\/uploads\/113\/7761_pdf.pdf<\/td>\n<\/tr>\n<tr class=\"row-33\">\n\t<td class=\"column-1\">Metro-SMHOP 01: Metronomics combination with cyclophosphamide-etoposide and valproic acid for refractory and relapsing pediatric malignancies<\/td><td class=\"column-2\">2020<\/td><td class=\"column-3\">https:\/\/doi.org\/10.1002\/pbc.28508<\/td>\n<\/tr>\n<tr class=\"row-34\">\n\t<td class=\"column-1\">Modified Mediterranean diet score adapted to a southern Mediterranean population and its relation to overweight and obesity risk.<\/td><td class=\"column-2\">2020<\/td><td class=\"column-3\">https:\/\/doi.org\/10.1017\/S1368980020002062<\/td>\n<\/tr>\n<tr class=\"row-35\">\n\t<td class=\"column-1\">Associations between nutritional factors and KRAS mutations in colorectal cancer: A systematic review<\/td><td class=\"column-2\">2020<\/td><td class=\"column-3\">https:\/\/doi.org\/10.1186\/s12885-020-07189-2<\/td>\n<\/tr>\n<tr class=\"row-36\">\n\t<td class=\"column-1\">Extended healthy lifestyle index and colorectal cancer risk in the Moroccan population<\/td><td class=\"column-2\">2020<\/td><td class=\"column-3\">https:\/\/doi.org\/10.1007\/s00394-020-02311-3<\/td>\n<\/tr>\n<tr class=\"row-37\">\n\t<td class=\"column-1\">Meat and Colorectal Cancer in Middle Eastern and North African Countries: Update of literature review<\/td><td class=\"column-2\">2020<\/td><td class=\"column-3\">https:\/\/doi.org\/10.1186\/s40985-020-00127-4<\/td>\n<\/tr>\n<tr class=\"row-38\">\n\t<td class=\"column-1\">BRAFV600E hot spot mutation in thyroid carcinomas: first Moroccan experience from a single-institution retrospective study<\/td><td class=\"column-2\">2020<\/td><td class=\"column-3\">https:\/\/dx.doi.org\/10.4314\/ahs.v20i4.40<\/td>\n<\/tr>\n<tr class=\"row-39\">\n\t<td class=\"column-1\">Methods for detection of mitochondrial reactive oxygen species in senescent cells (5% de rendement de ce projet IRC)<\/td><td class=\"column-2\">2020<\/td><td class=\"column-3\">https:\/\/doi.org\/10.1016\/bs.mcb.2022.09.011<\/td>\n<\/tr>\n<tr class=\"row-40\">\n\t<td class=\"column-1\">Upregulation of miR\u201121 Expression in Gastric Cancer and Its Clinicopathological Feature Association<\/td><td class=\"column-2\">2021<\/td><td class=\"column-3\">https:\/\/doi.org\/10.1007\/s12029-021-00691-1<\/td>\n<\/tr>\n<tr class=\"row-41\">\n\t<td class=\"column-1\">Long noncoding RNA HOTAIR as a biomarker for the detection of Cervical Cancer and Cervical Intraepithelial Neoplasia<\/td><td class=\"column-2\">2021<\/td><td class=\"column-3\">https:\/\/doi.org\/10.1007\/s40944-021-00552-6(0123456789().,-volV)(0123456789,-().volV)<\/td>\n<\/tr>\n<tr class=\"row-42\">\n\t<td class=\"column-1\">The Biological Significance of Long noncoding RNAs Dysregulation and their Mechanism of Regulating Signaling Pathways in Cervical Cancer<\/td><td class=\"column-2\">2021<\/td><td class=\"column-3\">https:\/\/doi.org\/10.22088\/ijmcm.bums.10.2.75<\/td>\n<\/tr>\n<tr class=\"row-43\">\n\t<td class=\"column-1\">Diagnostic value of MicroRNA 21 in endometrial cancer and its differential expression in relation to clinicopathological parameters: Preliminary findings from fresh biopsies.<\/td><td class=\"column-2\">2021<\/td><td class=\"column-3\">https:\/\/doi.org\/10.2174\/2211536610666210604122816<\/td>\n<\/tr>\n<tr class=\"row-44\">\n\t<td class=\"column-1\">Prevalence of specific and recurrent\/founder pathogenic variants in BRCA genes in breast and ovarian cancer in North Africa<\/td><td class=\"column-2\">2021<\/td><td class=\"column-3\">http:\/\/dx.doi.org\/10.21203\/rs.3.rs-743340\/v1<\/td>\n<\/tr>\n<tr class=\"row-45\">\n\t<td class=\"column-1\">Upregulation of miR\u201121 Expression in Gastric Cancer and Its Clinicopathological Feature Association<\/td><td class=\"column-2\">2021<\/td><td class=\"column-3\">https:\/\/doi.org\/10.1007\/s12029-021-00691-1<\/td>\n<\/tr>\n<tr class=\"row-46\">\n\t<td class=\"column-1\">How can multidisciplinary approach improves prognosis of soft tissue sarcomas of extremities?<\/td><td class=\"column-2\">2021<\/td><td class=\"column-3\">https:\/\/doi.org\/10.1155\/2021\/8871557<\/td>\n<\/tr>\n<tr class=\"row-47\">\n\t<td class=\"column-1\">Circulating cell-free epstein-barr virus DNA levels and clinical features in Moroccan patients with nasopharyngeal carcinoma<\/td><td class=\"column-2\">2021<\/td><td class=\"column-3\">https:\/\/doi.org\/10.1186\/s13027-021-00353-8<\/td>\n<\/tr>\n<tr class=\"row-48\">\n\t<td class=\"column-1\">Chronic pain assessment and management during post-treatment follow up should be considered as a high value quality indicator for specialist breast cancer center<\/td><td class=\"column-2\">2021<\/td><td class=\"column-3\">https:\/\/doi.org\/10.1016\/j.breast.2021.09.001<\/td>\n<\/tr>\n<tr class=\"row-49\">\n\t<td class=\"column-1\">Patterns of care of breast cancer patients in Morocco _ A study of variations in patient profile, tumour characteristics and standard of care over a decade<\/td><td class=\"column-2\">2021<\/td><td class=\"column-3\">https:\/\/doi.org\/10.1016\/j.breast.2021.07.009<\/td>\n<\/tr>\n<tr class=\"row-50\">\n\t<td class=\"column-1\">Molecular classification of soft tissue sarcomas for adequate diagnosis: A study on the northeast population of Morocco<\/td><td class=\"column-2\">2022<\/td><td class=\"column-3\">https:\/\/doi.org\/10.1016\/j.heliyon.2022.e10673<\/td>\n<\/tr>\n<tr class=\"row-51\">\n\t<td class=\"column-1\">Prognostic value of Epstein-Barr virus DNA load in nasopharyngeal carcinoma: a meta-analysis<\/td><td class=\"column-2\">2022<\/td><td class=\"column-3\">https:\/\/www.panafrican-med-journal.com\/\/content\/article\/41\/6\/full<\/td>\n<\/tr>\n<tr class=\"row-52\">\n\t<td class=\"column-1\">Assessment of lipid peroxidation status in serum of Moroccan patients with nasopharyngeal carcinoma<\/td><td class=\"column-2\">2022<\/td><td class=\"column-3\">https:\/\/doi.org\/10.5114\/wo.2023.124498<\/td>\n<\/tr>\n<tr class=\"row-53\">\n\t<td class=\"column-1\">Genetic polymorphisms in ERCC1 gene and their association with response to radiotherapy in Moroccan patients with nasopharyngeal carcinoma<\/td><td class=\"column-2\">2022<\/td><td class=\"column-3\">https:\/\/doi.org\/10.31557\/apjcp.2023.24.1.93<\/td>\n<\/tr>\n<tr class=\"row-54\">\n\t<td class=\"column-1\">Audit of laparoscopic surgery for colon cancer in Morocco: A report of the results of a prospective multicentre cohort study<\/td><td class=\"column-2\">2022<\/td><td class=\"column-3\">https:\/\/doi.org\/10.1016\/j.amsu.2022.104290<\/td>\n<\/tr>\n<tr class=\"row-55\">\n\t<td class=\"column-1\">Delivering colorectal cancer screening integrated with primary health care services in Morocco: Lessons learned from a demonstration project<\/td><td class=\"column-2\">2022<\/td><td class=\"column-3\">https:\/\/doi.org\/10.1002\/cncr.34061<\/td>\n<\/tr>\n<tr class=\"row-56\">\n\t<td class=\"column-1\">Assessment of patient\u2019s feeling and psychological impact of Announcement of cancer diagnosis at HASSAN II university hospital in Fez<\/td><td class=\"column-2\">2022<\/td><td class=\"column-3\">https:\/\/www.oncologyradiotherapy.com\/articles\/assessment-of-patients-feeling-and-psychological-impact-of-announcement-of-cancer-diagnosis-at-hassan-ii-university-hospital-in-fe-93509.html<\/td>\n<\/tr>\n<tr class=\"row-57\">\n\t<td class=\"column-1\">Burnout among physicians and caregivers in oncology: the Moroccan experience<\/td><td class=\"column-2\">2022<\/td><td class=\"column-3\">https:\/\/doi.org\/10.3332\/ecancer.2022.1473<\/td>\n<\/tr>\n<tr class=\"row-58\">\n\t<td class=\"column-1\">Molecular approach of renal cell carcinoma using FISH method : a prospective study (23 cases) and state of the art<\/td><td class=\"column-2\">2022<\/td><td class=\"column-3\">https:\/\/doi.org\/10.21203\/rs.3.rs-1920794\/v1<\/td>\n<\/tr>\n<tr class=\"row-59\">\n\t<td class=\"column-1\">Epidemiological, Clinicopathological and Prognosis Features of Moroccan Patients with Nasopharyngeal Carcinoma<\/td><td class=\"column-2\">2023<\/td><td class=\"column-3\">https:\/\/doi.org\/10.31557\/apjcp.2023.24.5.1477<\/td>\n<\/tr>\n<tr class=\"row-60\">\n\t<td class=\"column-1\">Metagenomics Analysis of Breast Microbiome Highlights the Abundance of Rothia Genus in Tumor Tissues<\/td><td class=\"column-2\">2023<\/td><td class=\"column-3\">https:\/\/doi.org\/10.3390\/jpm13030450<\/td>\n<\/tr>\n<tr class=\"row-61\">\n\t<td class=\"column-1\">Targeted Gene Panel Sequencing Unveiled New Pathogenic Mutations in Patients With Breast Cancer<\/td><td class=\"column-2\">2023<\/td><td class=\"column-3\">https:\/\/doi.org\/10.1177\/11779322231182054<\/td>\n<\/tr>\n<tr class=\"row-62\">\n\t<td class=\"column-1\">Screening of monoclonal gammopathies in a population of pesticide applicators: a prospective study. Cancer Epidemiology<\/td><td class=\"column-2\">2023<\/td><td class=\"column-3\">https:\/\/doi.org\/10.22541\/au.166662723.34466136\/v1<\/td>\n<\/tr>\n<tr class=\"row-63\">\n\t<td class=\"column-1\">Invitroevaluationofdioscinandprotodioscin againstER-positiveandtriple-negativebreast cancer<\/td><td class=\"column-2\">2023<\/td><td class=\"column-3\">https:\/\/doi.org\/10.1371\/journal.pone.0272781.g001<\/td>\n<\/tr>\n<tr class=\"row-64\">\n\t<td class=\"column-1\">Screening for monoclonal gammopathies of undetermined signification in a population of pesticide applicators: a prospective study<\/td><td class=\"column-2\">2024<\/td><td class=\"column-3\">https:\/\/doi: 10.1016\/j.cca.2024.118434<\/td>\n<\/tr>\n<tr class=\"row-65\">\n\t<td class=\"column-1\">ABL1 mutation screening in Moroccan patients with Chronic Myeloid Leukemia (CML) and Tyrosine Kinase Inhibitor (TKI) resistance.<\/td><td class=\"column-2\">2024<\/td><td class=\"column-3\">https:\/\/doi.org\/10.1016\/j.cancergen.2024.08.083<\/td>\n<\/tr>\n<\/tbody>\n<\/table>\n<!-- #tablepress-10 from cache -->\n<\/div><\/div><div class=\"ult-spacer spacer-69f402c378c3e\" data-id=\"69f402c378c3e\" data-height=\"60\" data-height-mobile=\"60\" data-height-tab=\"60\" data-height-tab-portrait=\"\" data-height-mobile-landscape=\"\" style=\"clear:both;display:block;\"><\/div><\/div><\/div><\/div><\/div><\/section>\n","protected":false},"excerpt":{"rendered":"PublicationsR\u00e9pertoire des Publications Scientifiques Issues des Appels \u00e0 Projets Titre publicationAnn\u00e9eDOI Pain managment in Morocco: Report from the Moroccan society of pediatric hematology and oncology2015https:\/\/doi.org\/10.3889\/oamjms.2020.5252 Pr\u00e9limanry results of the moroccan metronomic chemotherapy protocol : report form the moroccan society of pediatric hematology and oncology2016https:\/\/doi.org\/10.1002\/pbc.26233 Types de viande blanche et risque de cancer colorectal au Maroc2016https:\/\/doi.org\/10.1016\/j.respe.2016.06.085...","protected":false},"author":1,"featured_media":0,"parent":498,"menu_order":0,"comment_status":"closed","ping_status":"closed","template":"","meta":{"_acf_changed":false,"footnotes":""},"class_list":["post-508","page","type-page","status-publish","hentry"],"acf":[],"lang":"fr","translations":{"fr":508},"pll_sync_post":[],"_links":{"self":[{"href":"https:\/\/onetech.dev\/irc\/wp-json\/wp\/v2\/pages\/508","targetHints":{"allow":["GET"]}}],"collection":[{"href":"https:\/\/onetech.dev\/irc\/wp-json\/wp\/v2\/pages"}],"about":[{"href":"https:\/\/onetech.dev\/irc\/wp-json\/wp\/v2\/types\/page"}],"author":[{"embeddable":true,"href":"https:\/\/onetech.dev\/irc\/wp-json\/wp\/v2\/users\/1"}],"replies":[{"embeddable":true,"href":"https:\/\/onetech.dev\/irc\/wp-json\/wp\/v2\/comments?post=508"}],"version-history":[{"count":5,"href":"https:\/\/onetech.dev\/irc\/wp-json\/wp\/v2\/pages\/508\/revisions"}],"predecessor-version":[{"id":512,"href":"https:\/\/onetech.dev\/irc\/wp-json\/wp\/v2\/pages\/508\/revisions\/512"}],"up":[{"embeddable":true,"href":"https:\/\/onetech.dev\/irc\/wp-json\/wp\/v2\/pages\/498"}],"wp:attachment":[{"href":"https:\/\/onetech.dev\/irc\/wp-json\/wp\/v2\/media?parent=508"}],"curies":[{"name":"wp","href":"https:\/\/api.w.org\/{rel}","templated":true}]}}