{"id":575,"date":"2026-04-09T19:02:45","date_gmt":"2026-04-09T18:02:45","guid":{"rendered":"https:\/\/onetech.dev\/irc\/?page_id=575"},"modified":"2026-04-20T14:33:58","modified_gmt":"2026-04-20T13:33:58","slug":"registre-populationnel","status":"publish","type":"page","link":"https:\/\/onetech.dev\/irc\/registres-des-cancers\/registre-populationnel","title":{"rendered":"Registre Populationnel"},"content":{"rendered":"<section class=\"l-section wpb_row height_auto\"><div class=\"l-section-h i-cf\"><div class=\"g-cols vc_row via_grid cols_1 laptops-cols_inherit tablets-cols_inherit mobiles-cols_1 valign_top type_default stacking_default\"><div class=\"wpb_column vc_column_container\"><div class=\"vc_column-inner\"><div class=\"ult-spacer spacer-69f3fdd7f2c19\" data-id=\"69f3fdd7f2c19\" data-height=\"25\" data-height-mobile=\"25\" data-height-tab=\"25\" data-height-tab-portrait=\"\" data-height-mobile-landscape=\"\" style=\"clear:both;display:block;\"><\/div><div id=\"uvc-type-wrap-4116\"  data-ultimate-target='#uvc-type-wrap-4116'  data-responsive-json-new='{\"font-size\":\"desktop:26px;\",\"line-height\":\"\"}'  class=\"uvc-type-wrap  ult-adjust-bottom-margin ult-responsive  uvc-type-align-center  uvc-wrap-179074139469f3fdd7f2c41\" style=\"text-align:center;\"><span  data-ultimate-target='#uvc-type-wrap-4116 .mycustfancy'  data-responsive-json-new='{\"font-size\":\"desktop:26px;\",\"line-height\":\"\"}'  class=\"ultimate-typewriter-prefix mycustfancy ult-responsive\" style=\"font-weight:bold;color:#1B76BC; text-transform: unset;\">Registres des<\/span><span id=\"typed-179074139469f3fdd7f2c41\" class=\"ultimate-typed-main fancytext-typewriter-background-enabled\" style=\"color:#1B76BC;background:#00000000; font-weight:bold; text-transform: unset;\"><\/span><script type=\"text\/javascript\">\n\t\t\t\t\t\tjQuery(function($){ \n\t\t\t\t\t\t\t$(document).ready(function(){\n\t\t\t\t\t\t\t\tif( typeof jQuery(\"#typed-179074139469f3fdd7f2c41\").typed == \"function\"){\n\t\t\t\t\t\t\t\t\t$(\"#typed-179074139469f3fdd7f2c41\").typed({\n\t\t\t\t\t\t\t\t\t\tstrings: [\"Cancers\"],\n\t\t\t\t\t\t\t\t\t\ttypeSpeed: 35,\n\t\t\t\t\t\t\t\t\t\tbackSpeed: 0,\n\t\t\t\t\t\t\t\t\t\tstartDelay: \"200\",\n\t\t\t\t\t\t\t\t\t\tbackDelay: \"1500\",\n\t\t\t\t\t\t\t\t\t\tloop: true,\n\t\t\t\t\t\t\t\t\t\tloopCount: false,\n\t\t\t\t\t\t\t\t\t\tshowCursor: true,\n\t\t\t\t\t\t\t\t\t\tcursorChar: \"|\",\n\t\t\t\t\t\t\t\t\t\tattr: null\n\t\t\t\t\t\t\t\t\t});\n\t\t\t\t\t\t\t\t}\n\t\t\t\t\t\t\t});\n\t\t\t\t\t\t});\n\t\t\t\t\t<\/script><\/div><div class=\"ult-spacer spacer-69f3fdd7f2e55\" data-id=\"69f3fdd7f2e55\" data-height=\"10\" data-height-mobile=\"10\" data-height-tab=\"10\" data-height-tab-portrait=\"\" data-height-mobile-landscape=\"\" style=\"clear:both;display:block;\"><\/div><\/div><\/div><\/div><\/div><\/section><section class=\"l-section wpb_row height_auto width_custom\" style=\"--site-content-width:1200px;\"><div class=\"l-section-h i-cf\"><div class=\"g-cols vc_row via_grid cols_1 laptops-cols_inherit tablets-cols_inherit mobiles-cols_1 valign_top type_default stacking_default\"><div class=\"wpb_column vc_column_container us_custom_60e9caca us_animate_this\"><div class=\"vc_column-inner\"><div class=\"w-text us_custom_11277739 has_text_color\"><span class=\"w-text-h\"><span class=\"w-text-value\">Registre Populationnel<\/span><\/span><\/div><div class=\"ult-spacer spacer-69f3fdd7f35b7\" data-id=\"69f3fdd7f35b7\" data-height=\"30\" data-height-mobile=\"30\" data-height-tab=\"30\" data-height-tab-portrait=\"\" data-height-mobile-landscape=\"\" style=\"clear:both;display:block;\"><\/div><div class=\"wpb_text_column\"><div class=\"wpb_wrapper\"><p style=\"text-align: justify;\">Les registres des cancers constituent un outil indispensable pour \u00e9tudier la pathologie canc\u00e9reuse dans une population. Ces registres fournissent les donn\u00e9es concernant les indicateurs \u00e9pid\u00e9miologiques en termes d\u2019incidence, de pr\u00e9valence, de survie et d\u2019autres indicateurs pertinents. Les donn\u00e9es collect\u00e9es par les registres permettent d\u2019analyser et de diffuser des donn\u00e9es sur le cancer dans le but d\u2019appr\u00e9cier l\u2019efficience globale du syst\u00e8me sanitaire. Ces m\u00eames donn\u00e9es permettent \u00e9galement d\u2019alimenter la recherche \u00e0 travers les \u00e9tudes \u00e9pid\u00e9miologiques, les \u00e9tudes cohortes&#8230;<\/p>\n<p style=\"text-align: justify;\">Au Maroc, les informations li\u00e9es aux cancers proviennent du registre de la r\u00e9gion du grand Casablanca et du registre de la ville de Rabat.<\/p>\n<\/div><\/div><div class=\"ult-spacer spacer-69f3fdd7f3822\" data-id=\"69f3fdd7f3822\" data-height=\"30\" data-height-mobile=\"30\" data-height-tab=\"30\" data-height-tab-portrait=\"\" data-height-mobile-landscape=\"\" style=\"clear:both;display:block;\"><\/div><div class=\"w-text us_custom_b605b6f0 has_text_color\"><span class=\"w-text-h\"><span class=\"w-text-value\">Au Maroc<\/span><\/span><\/div><div class=\"ult-spacer spacer-69f3fdd7f391e\" data-id=\"69f3fdd7f391e\" data-height=\"20\" data-height-mobile=\"20\" data-height-tab=\"20\" data-height-tab-portrait=\"\" data-height-mobile-landscape=\"\" style=\"clear:both;display:block;\"><\/div><div class=\"g-cols wpb_row via_grid cols_2 laptops-cols_inherit tablets-cols_inherit mobiles-cols_1 valign_top type_default stacking_default\" style=\"--columns-gap:3rem;\"><div class=\"wpb_column vc_column_container us_custom_7e20fa79 us_animate_this\"><div class=\"vc_column-inner\"><div class=\"wpb_text_column\"><div class=\"wpb_wrapper\"><p style=\"text-align: justify;\"><strong>Le Registre du Grand Casablanca<\/strong>, en terme de population observ\u00e9e, est l\u2019un des plus grands de l\u2019Afrique du Nord ; il inclue la population urbaine de la grande ville industrielle et commerciale, mais il observe aussi une fraction non n\u00e9gligeable de population rurale.<\/p>\n<p><a href=\"https:\/\/onetech.dev\/irc\/data\/Registre_des_Cancers_de_la_Reegion_du_grand_Casablanca_2004.pdf\" target=\"_blank\" rel=\"noopener\">Registre des cancers du Grand Casablanca 2004<\/a><br \/>\n<a href=\"https:\/\/onetech.dev\/irc\/data\/registre-des-cancers-gd-casa.pdf\" target=\"_blank\" rel=\"noopener\">Registre des cancers du Grand Casablanca 2005-2007<\/a><br \/>\n<a href=\"https:\/\/onetech.dev\/irc\/data\/RapportRCGC17_final_Modifieimprimeur-2.pdf\" target=\"_blank\" rel=\"noopener\">Registre des cancers du Grand Casablanca 2008-2012<\/a><br \/>\n<a href=\"https:\/\/onetech.dev\/irc\/data\/Registre_des_Cancers_de_la_Region_du_Grand_Casablanca_2013-2017.pdf\" target=\"_blank\" rel=\"noopener\">Registre des cancers du Grand Casablanca 2013-2017<\/a><br \/>\n<a href=\"https:\/\/onetech.dev\/irc\/data\/Registre_des_Cancers_de_la_Region_du_Grand_Casablanca_2018-2021_1_nJ8oeD2.pdf\" target=\"_blank\" rel=\"noopener\">Registre des cancers du Grand Casablanca 2018-2021<\/a><\/p>\n<\/div><\/div><div class=\"ult-spacer spacer-69f3fdd7f3e5d\" data-id=\"69f3fdd7f3e5d\" data-height=\"30\" data-height-mobile=\"30\" data-height-tab=\"30\" data-height-tab-portrait=\"\" data-height-mobile-landscape=\"\" style=\"clear:both;display:block;\"><\/div><div class=\"w-actionbox color_light controls_bottom\"><div class=\"w-actionbox-text\"><h3 class=\"w-actionbox-title\" style=\"font-size:18px\"><strong>Portail en ligne du Registre des cancers de la R\u00e9gion du Grand Casablanca<\/strong><\/h3><\/div><div class=\"w-actionbox-controls\"><a class=\"w-btn us-btn-style_1 icon_atleft\" href=\"https:\/\/onetech.dev\/irc\/registres-des-cancers\/registre-populationnel\/registre-des-cancers-du-grand-casablanca\"><i class=\"fas fa-sign-in-alt\"><\/i><span class=\"w-btn-label\">Acc\u00e9der<\/span><\/a><\/div><\/div><\/div><\/div><div class=\"wpb_column vc_column_container us_custom_47474b22 us_animate_this\"><div class=\"vc_column-inner\"><div class=\"wpb_text_column\"><div class=\"wpb_wrapper\"><p style=\"text-align: justify;\"><strong>Le Registre des cancers de Rabat<\/strong> est un registre de population qui enregistre d\u2019une mani\u00e8re exhaustive et permanente tous les cas incidents de cancers diagnostiqu\u00e9s \u00e0 partir de l\u2019ann\u00e9e 2005.<\/p>\n<p><a href=\"https:\/\/onetech.dev\/irc\/data\/Registre-des-Cancers-de-Rabat.pdf\" target=\"_blank\" rel=\"noopener\">Registre des cancers de Rabat 2005<\/a><br \/>\n<a href=\"https:\/\/onetech.dev\/irc\/data\/Registre_Cancer_Rabat_2006-2008.pdf\" target=\"_blank\" rel=\"noopener\">Registre des cancers de Rabat 2006-2008<\/a><br \/>\n<a href=\"https:\/\/onetech.dev\/irc\/data\/Registre_Cancer_Rabat_2009-2012.pdf\" target=\"_blank\" rel=\"noopener\">Registre des cancers de Rabat 2009-2012<\/a><\/p>\n<\/div><\/div><\/div><\/div><\/div><div class=\"ult-spacer spacer-69f3fdd800095\" data-id=\"69f3fdd800095\" data-height=\"30\" data-height-mobile=\"30\" data-height-tab=\"30\" data-height-tab-portrait=\"\" data-height-mobile-landscape=\"\" style=\"clear:both;display:block;\"><\/div><div class=\"w-text us_custom_b605b6f0 has_text_color\"><span class=\"w-text-h\"><span class=\"w-text-value\">Dans le monde<\/span><\/span><\/div><div class=\"ult-spacer spacer-69f3fdd80017d\" data-id=\"69f3fdd80017d\" data-height=\"20\" data-height-mobile=\"20\" data-height-tab=\"20\" data-height-tab-portrait=\"\" data-height-mobile-landscape=\"\" style=\"clear:both;display:block;\"><\/div><div class=\"g-cols wpb_row via_grid cols_4 laptops-cols_inherit tablets-cols_inherit mobiles-cols_1 valign_top type_default stacking_default\" style=\"--columns-gap:3rem;\"><div class=\"wpb_column vc_column_container us_custom_7e20fa79 us_animate_this\"><div class=\"vc_column-inner\"><div class=\"w-image align_center\"><a target=\"_blank\" href=\"https:\/\/www.encr.eu\/\" aria-label=\"ENCR\" class=\"w-image-h\"><img decoding=\"async\" width=\"300\" height=\"150\" src=\"https:\/\/onetech.dev\/irc\/data\/ENCR.jpg\" class=\"attachment-full size-full\" alt=\"\" loading=\"lazy\" srcset=\"https:\/\/onetech.dev\/irc\/data\/ENCR.jpg 300w, https:\/\/onetech.dev\/irc\/data\/ENCR-150x75.jpg 150w\" sizes=\"auto, (max-width: 300px) 100vw, 300px\" \/><\/a><\/div><\/div><\/div><div class=\"wpb_column vc_column_container us_custom_8f2ba1f4 us_animate_this\"><div class=\"vc_column-inner\"><div class=\"w-image align_center\"><a target=\"_blank\" href=\"https:\/\/gicr.iarc.fr\/\" aria-label=\"GICR\" class=\"w-image-h\"><img decoding=\"async\" width=\"300\" height=\"150\" src=\"https:\/\/onetech.dev\/irc\/data\/GICR.jpg\" class=\"attachment-full size-full\" alt=\"\" loading=\"lazy\" srcset=\"https:\/\/onetech.dev\/irc\/data\/GICR.jpg 300w, https:\/\/onetech.dev\/irc\/data\/GICR-150x75.jpg 150w\" sizes=\"auto, (max-width: 300px) 100vw, 300px\" \/><\/a><\/div><\/div><\/div><div class=\"wpb_column vc_column_container us_custom_8f2ba1f4 us_animate_this\"><div class=\"vc_column-inner\"><div class=\"w-image align_center\"><a target=\"_blank\" href=\"http:\/\/www.iacr.com.fr\/\" aria-label=\"IACR\" class=\"w-image-h\"><img decoding=\"async\" width=\"300\" height=\"150\" src=\"https:\/\/onetech.dev\/irc\/data\/IACR.jpg\" class=\"attachment-full size-full\" alt=\"\" loading=\"lazy\" srcset=\"https:\/\/onetech.dev\/irc\/data\/IACR.jpg 300w, https:\/\/onetech.dev\/irc\/data\/IACR-150x75.jpg 150w\" sizes=\"auto, (max-width: 300px) 100vw, 300px\" \/><\/a><\/div><\/div><\/div><div class=\"wpb_column vc_column_container us_custom_47474b22 us_animate_this\"><div class=\"vc_column-inner\"><div class=\"w-image align_center\"><a target=\"_blank\" href=\"https:\/\/www.naaccr.org\/\" aria-label=\"NAACCR\" class=\"w-image-h\"><img decoding=\"async\" width=\"300\" height=\"150\" src=\"https:\/\/onetech.dev\/irc\/data\/NAACCR.jpg\" class=\"attachment-full size-full\" alt=\"\" loading=\"lazy\" srcset=\"https:\/\/onetech.dev\/irc\/data\/NAACCR.jpg 300w, https:\/\/onetech.dev\/irc\/data\/NAACCR-150x75.jpg 150w\" sizes=\"auto, (max-width: 300px) 100vw, 300px\" \/><\/a><\/div><\/div><\/div><\/div><\/div><\/div><\/div><\/div><\/section><section class=\"l-section wpb_row height_small\"><div class=\"l-section-h i-cf\"><div class=\"g-cols vc_row via_grid cols_1 laptops-cols_inherit tablets-cols_inherit mobiles-cols_1 valign_top type_default stacking_default\"><div class=\"wpb_column vc_column_container\"><div class=\"vc_column-inner\"><\/div><\/div><\/div><\/div><\/section>\n","protected":false},"excerpt":{"rendered":"Registres desRegistre PopulationnelLes registres des cancers constituent un outil indispensable pour \u00e9tudier la pathologie canc\u00e9reuse dans une population. Ces registres fournissent les donn\u00e9es concernant les indicateurs \u00e9pid\u00e9miologiques en termes d\u2019incidence, de pr\u00e9valence, de survie et d\u2019autres indicateurs pertinents. Les donn\u00e9es collect\u00e9es par les registres permettent d\u2019analyser et de diffuser des donn\u00e9es sur le cancer dans...","protected":false},"author":1,"featured_media":0,"parent":546,"menu_order":0,"comment_status":"closed","ping_status":"closed","template":"","meta":{"_acf_changed":false,"footnotes":""},"class_list":["post-575","page","type-page","status-publish","hentry"],"acf":[],"lang":"fr","translations":{"fr":575},"pll_sync_post":[],"_links":{"self":[{"href":"https:\/\/onetech.dev\/irc\/wp-json\/wp\/v2\/pages\/575","targetHints":{"allow":["GET"]}}],"collection":[{"href":"https:\/\/onetech.dev\/irc\/wp-json\/wp\/v2\/pages"}],"about":[{"href":"https:\/\/onetech.dev\/irc\/wp-json\/wp\/v2\/types\/page"}],"author":[{"embeddable":true,"href":"https:\/\/onetech.dev\/irc\/wp-json\/wp\/v2\/users\/1"}],"replies":[{"embeddable":true,"href":"https:\/\/onetech.dev\/irc\/wp-json\/wp\/v2\/comments?post=575"}],"version-history":[{"count":4,"href":"https:\/\/onetech.dev\/irc\/wp-json\/wp\/v2\/pages\/575\/revisions"}],"predecessor-version":[{"id":1026,"href":"https:\/\/onetech.dev\/irc\/wp-json\/wp\/v2\/pages\/575\/revisions\/1026"}],"up":[{"embeddable":true,"href":"https:\/\/onetech.dev\/irc\/wp-json\/wp\/v2\/pages\/546"}],"wp:attachment":[{"href":"https:\/\/onetech.dev\/irc\/wp-json\/wp\/v2\/media?parent=575"}],"curies":[{"name":"wp","href":"https:\/\/api.w.org\/{rel}","templated":true}]}}