{"id":891,"date":"2026-04-13T13:30:18","date_gmt":"2026-04-13T12:30:18","guid":{"rendered":"https:\/\/onetech.dev\/irc\/?page_id=891"},"modified":"2026-04-13T13:30:18","modified_gmt":"2026-04-13T12:30:18","slug":"presentation-pathologie-numerique","status":"publish","type":"page","link":"https:\/\/onetech.dev\/irc\/projets-phares\/presentation-pathologie-numerique","title":{"rendered":"Pr\u00e9sentation &#8211; Pathologie Num\u00e9rique"},"content":{"rendered":"<section class=\"l-section wpb_row height_auto\"><div class=\"l-section-h i-cf\"><div class=\"g-cols vc_row via_grid cols_1 laptops-cols_inherit tablets-cols_inherit mobiles-cols_1 valign_top type_default stacking_default\"><div class=\"wpb_column vc_column_container\"><div class=\"vc_column-inner\"><div class=\"ult-spacer spacer-69f3fdd64a00a\" data-id=\"69f3fdd64a00a\" data-height=\"25\" data-height-mobile=\"25\" data-height-tab=\"25\" data-height-tab-portrait=\"\" data-height-mobile-landscape=\"\" style=\"clear:both;display:block;\"><\/div><div id=\"uvc-type-wrap-1626\"  data-ultimate-target='#uvc-type-wrap-1626'  data-responsive-json-new='{\"font-size\":\"desktop:26px;\",\"line-height\":\"\"}'  class=\"uvc-type-wrap  ult-adjust-bottom-margin ult-responsive  uvc-type-align-center  uvc-wrap-133870928569f3fdd64a032\" style=\"text-align:center;\"><span  data-ultimate-target='#uvc-type-wrap-1626 .mycustfancy'  data-responsive-json-new='{\"font-size\":\"desktop:26px;\",\"line-height\":\"\"}'  class=\"ultimate-typewriter-prefix mycustfancy ult-responsive\" style=\"font-weight:bold;color:#1B76BC; text-transform: unset;\">Projets<\/span><span id=\"typed-133870928569f3fdd64a032\" class=\"ultimate-typed-main fancytext-typewriter-background-enabled\" style=\"color:#1B76BC;background:#00000000; font-weight:bold; text-transform: unset;\"><\/span><script type=\"text\/javascript\">\n\t\t\t\t\t\tjQuery(function($){ \n\t\t\t\t\t\t\t$(document).ready(function(){\n\t\t\t\t\t\t\t\tif( typeof jQuery(\"#typed-133870928569f3fdd64a032\").typed == \"function\"){\n\t\t\t\t\t\t\t\t\t$(\"#typed-133870928569f3fdd64a032\").typed({\n\t\t\t\t\t\t\t\t\t\tstrings: [\"Phares\"],\n\t\t\t\t\t\t\t\t\t\ttypeSpeed: 35,\n\t\t\t\t\t\t\t\t\t\tbackSpeed: 0,\n\t\t\t\t\t\t\t\t\t\tstartDelay: \"200\",\n\t\t\t\t\t\t\t\t\t\tbackDelay: \"1500\",\n\t\t\t\t\t\t\t\t\t\tloop: true,\n\t\t\t\t\t\t\t\t\t\tloopCount: false,\n\t\t\t\t\t\t\t\t\t\tshowCursor: true,\n\t\t\t\t\t\t\t\t\t\tcursorChar: \"|\",\n\t\t\t\t\t\t\t\t\t\tattr: null\n\t\t\t\t\t\t\t\t\t});\n\t\t\t\t\t\t\t\t}\n\t\t\t\t\t\t\t});\n\t\t\t\t\t\t});\n\t\t\t\t\t<\/script><\/div><div class=\"ult-spacer spacer-69f3fdd64a2ce\" data-id=\"69f3fdd64a2ce\" data-height=\"10\" data-height-mobile=\"10\" data-height-tab=\"10\" data-height-tab-portrait=\"\" data-height-mobile-landscape=\"\" style=\"clear:both;display:block;\"><\/div><\/div><\/div><\/div><\/div><\/section><section class=\"l-section wpb_row height_auto width_custom\" style=\"--site-content-width:1200px;\"><div class=\"l-section-h i-cf\"><div class=\"g-cols vc_row via_grid cols_1-3 laptops-cols_inherit tablets-cols_inherit mobiles-cols_1 valign_top type_default stacking_default\"><div class=\"wpb_column vc_column_container us_custom_7e20fa79 us_animate_this type_sticky\"><div class=\"vc_column-inner\" style=\"top:180px\"><nav class=\"w-menu us_custom_d97262c1 has_text_color layout_ver style_blocks us_menu_1 with_children type_accordion icontype_chevron iconpos_after\" style=\"--main-gap:0rem;--main-ver-indent:0.8em;--main-hor-indent:0.8em;--main-color:var(--color-header-middle-bg);--main-hover-color:#f7941f;--main-active-color:#f7941f;--sub-gap:25px;\"><ul id=\"menu-projets-phares\" class=\"menu\"><li id=\"menu-item-836\" class=\"menu-item menu-item-type-custom menu-item-object-custom menu-item-has-children menu-item-836\"><a href=\"#\"><b><\/b><span>Essais Cliniques<\/span><\/a><ul class=\"sub-menu\"><li id=\"menu-item-886\" class=\"menu-item menu-item-type-post_type menu-item-object-page menu-item-886\"><a href=\"https:\/\/onetech.dev\/irc\/projets-phares\/presentation-essais-cliniques\"><b><\/b><span>&ensp; &#8226; Pr\u00e9sentation<\/span><\/a><\/li><li id=\"menu-item-885\" class=\"menu-item menu-item-type-post_type menu-item-object-page menu-item-885\"><a href=\"https:\/\/onetech.dev\/irc\/projets-phares\/evenements-essais-cliniques\"><b><\/b><span>&ensp; &#8226; \u00c9v\u00e8nements<\/span><\/a><\/li><\/ul><\/li><li id=\"menu-item-837\" class=\"menu-item menu-item-type-custom menu-item-object-custom menu-item-has-children menu-item-837\"><a href=\"#\"><b><\/b><span>Pathologie Num\u00e9rique<\/span><\/a><ul class=\"sub-menu\"><li id=\"menu-item-989\" class=\"menu-item menu-item-type-post_type menu-item-object-page menu-item-989\"><a href=\"https:\/\/onetech.dev\/irc\/projets-phares\/presentation-pathologie-numerique\"><b><\/b><span>&ensp; &#8226; Pr\u00e9sentation<\/span><\/a><\/li><li id=\"menu-item-988\" class=\"menu-item menu-item-type-post_type menu-item-object-page menu-item-988\"><a href=\"https:\/\/onetech.dev\/irc\/projets-phares\/comite-de-pilotage-pathologie-numerique\"><b><\/b><span>&ensp; &#8226; Comit\u00e9 de pilotage<\/span><\/a><\/li><li id=\"menu-item-987\" class=\"menu-item menu-item-type-post_type menu-item-object-page menu-item-987\"><a href=\"https:\/\/onetech.dev\/irc\/projets-phares\/strategie-pathologie-numerique\"><b><\/b><span>&ensp; &#8226; Strat\u00e9gie<\/span><\/a><\/li><li id=\"menu-item-986\" class=\"menu-item menu-item-type-post_type menu-item-object-page menu-item-986\"><a href=\"https:\/\/onetech.dev\/irc\/projets-phares\/evenements-pathologie-numerique\"><b><\/b><span>&ensp; &#8226; \u00c9v\u00e8nements<\/span><\/a><\/li><\/ul><\/li><li id=\"menu-item-838\" class=\"menu-item menu-item-type-custom menu-item-object-custom menu-item-has-children menu-item-838\"><a href=\"#\"><b><\/b><span>Biobanques<\/span><\/a><ul class=\"sub-menu\"><li id=\"menu-item-985\" class=\"menu-item menu-item-type-post_type menu-item-object-page menu-item-985\"><a href=\"https:\/\/onetech.dev\/irc\/projets-phares\/presentation-biobanques\"><b><\/b><span>&ensp; &#8226; Pr\u00e9sentation<\/span><\/a><\/li><li id=\"menu-item-984\" class=\"menu-item menu-item-type-post_type menu-item-object-page menu-item-984\"><a href=\"https:\/\/onetech.dev\/irc\/projets-phares\/strategie-biobanques\"><b><\/b><span>&ensp; &#8226; Strat\u00e9gie<\/span><\/a><\/li><li id=\"menu-item-999\" class=\"menu-item menu-item-type-post_type menu-item-object-page menu-item-999\"><a href=\"https:\/\/onetech.dev\/irc\/projets-phares\/comite-de-pilotage-biobanques\"><b><\/b><span>&ensp; &#8226; Comit\u00e9 de pilotage<\/span><\/a><\/li><li id=\"menu-item-1007\" class=\"menu-item menu-item-type-post_type menu-item-object-page menu-item-1007\"><a href=\"https:\/\/onetech.dev\/irc\/projets-phares\/evenements-biobanques\"><b><\/b><span>&ensp; &#8226; \u00c9v\u00e8nements<\/span><\/a><\/li><\/ul><\/li><li id=\"menu-item-983\" class=\"menu-item menu-item-type-post_type menu-item-object-page menu-item-983\"><a href=\"https:\/\/onetech.dev\/irc\/projets-phares\/omics\"><b><\/b><span>OMICS<\/span><\/a><\/li><li id=\"menu-item-840\" class=\"menu-item menu-item-type-custom menu-item-object-custom menu-item-840\"><a target=\"_blank\" href=\"https:\/\/covid.irc.ma\/\"><b><\/b><span>COVID &#038; Cancer<\/span><\/a><\/li><\/ul><style>@media ( max-width:600px ){.us_menu_1 .menu{display:block!important}.us_menu_1 .menu>li{margin:0 0 var(--main-gap,0rem)!important}}<\/style><\/nav><div class=\"ult-spacer spacer-69f3fdd64ca6d\" data-id=\"69f3fdd64ca6d\" data-height=\"10\" data-height-mobile=\"10\" data-height-tab=\"10\" data-height-tab-portrait=\"\" data-height-mobile-landscape=\"\" style=\"clear:both;display:block;\"><\/div><\/div><\/div><div class=\"wpb_column vc_column_container us_custom_47474b22 us_animate_this\"><div class=\"vc_column-inner\"><div class=\"w-text us_custom_a4dcccfd has_text_color\"><span class=\"w-text-h\"><span class=\"w-text-value\">Pr\u00e9sentation de la Pathologie Num\u00e9rique<\/span><\/span><\/div><div class=\"ult-spacer spacer-69f3fdd64cdd6\" data-id=\"69f3fdd64cdd6\" data-height=\"25\" data-height-mobile=\"25\" data-height-tab=\"25\" data-height-tab-portrait=\"\" data-height-mobile-landscape=\"\" style=\"clear:both;display:block;\"><\/div><div class=\"wpb_text_column\"><div class=\"wpb_wrapper\"><div class=\"col-md-8 column\">\n<div class=\"wpb_text_column wpb_content_element \">\n<div class=\"wpb_wrapper\">\n<table width=\"0\">\n<tbody>\n<tr>\n<td width=\"123\">Intitul\u00e9<\/td>\n<td width=\"441\">PROJET PILOTE DE \u00ab\u00a0PATHOLOGIE NUMERIQUE\u00a0\u00bb<\/p>\n<p>Mise en place de la pathologie num\u00e9rique dans 4 provinces du Maroc<\/td>\n<\/tr>\n<tr>\n<td width=\"123\">Responsables<\/td>\n<td width=\"441\">Minist\u00e8re de la Sant\u00e9 (MS),<\/p>\n<p>Fondation Lalla Salma- Pr\u00e9vention et traitement des cancers (FLSC)<\/p>\n<p>Institut de Recherche sur le Cancer (IRC)<\/td>\n<\/tr>\n<tr>\n<td width=\"123\">Site<\/td>\n<td width=\"441\">Minist\u00e8re de la Sant\u00e9(MS)<\/p>\n<p>Institut de Recherche sur le Cancer (IRC)<\/td>\n<\/tr>\n<tr>\n<td width=\"123\">Dur\u00e9e<\/td>\n<td width=\"441\">3 ans (2019-2021)<\/td>\n<\/tr>\n<\/tbody>\n<\/table>\n<\/div>\n<\/div>\n<\/div>\n<p>&nbsp;<\/p>\n<p style=\"text-align: justify;\">L\u2019id\u00e9e de la mise en place d\u2019un r\u00e9seau de pathologie num\u00e9rique et de t\u00e9l\u00e9pathologie peut sembler de prime \u00e0 bord incongrue et un simple effet de mode. Mais la consid\u00e9rer comme un fort levier de restructuration de la biopathologie et de sa (re) mise \u00e0 niveau donne \u00e0 cette id\u00e9e une autre dimension, celle d\u2019un support consid\u00e9rable pour le reste \u00e0 venir.<\/p>\n<p style=\"text-align: justify;\">Cette approche permettra de r\u00e9soudre un probl\u00e8me de sant\u00e9 publique\u00a0 dans des zones \u00e0 forte activit\u00e9 (d\u00e9pistage, chirurgie, exploration invasive..) et en p\u00e9nurie d\u2019anatomo-pathologistes.<\/p>\n<p style=\"text-align: justify;\">Ce projet pilote va permettre de lancer et de mettre en place la pathologie num\u00e9rique sur des sites choisis selon des crit\u00e8res bien d\u00e9finis, et ainsi de rendre des r\u00e9sultats rapides, fiables, \u00e0 travers un r\u00e9seau d\u2019experts, dans une approche de partenariat public- priv\u00e9 \u00ab\u00a0PPP\u00a0\u00bb.<\/p>\n<p style=\"text-align: justify;\">La p\u00e9rennisation et la g\u00e9n\u00e9ralisation de cette approche num\u00e9rique r\u00e8glera la probl\u00e9matique de l\u2019anatomopathologie au Maroc, en tant qu\u2019\u00e9l\u00e9ment important dans la prise en charge de nos patients en canc\u00e9rologie.<\/p>\n<p style=\"text-align: justify;\">Ce projet pilote repr\u00e9sente un des grands piliers du projet \u00ab\u00a0Moroccan Oncology Big Data, 2020\u00a0\/ 2029\u00a0\u00bb, et une base de l\u2019enseignement et de la formation. Aussi, il contribuera directement \u00e0 la progression de la recherche et d\u00e9veloppement \u00e0 travers l\u2019intelligence artificielle.<\/p>\n<\/div><\/div><\/div><\/div><\/div><\/div><\/section><section class=\"l-section wpb_row height_small\"><div class=\"l-section-h i-cf\"><div class=\"g-cols vc_row via_grid cols_1 laptops-cols_inherit tablets-cols_inherit mobiles-cols_1 valign_top type_default stacking_default\"><div class=\"wpb_column vc_column_container\"><div class=\"vc_column-inner\"><\/div><\/div><\/div><\/div><\/section>\n","protected":false},"excerpt":{"rendered":"ProjetsEssais Cliniques&ensp; &#8226; Pr\u00e9sentation&ensp; &#8226; \u00c9v\u00e8nementsPathologie Num\u00e9rique&ensp; &#8226; Pr\u00e9sentation&ensp; &#8226; Comit\u00e9 de pilotage&ensp; &#8226; Strat\u00e9gie&ensp; &#8226; \u00c9v\u00e8nementsBiobanques&ensp; &#8226; Pr\u00e9sentation&ensp; &#8226; Strat\u00e9gie&ensp; &#8226; Comit\u00e9 de pilotage&ensp; &#8226; \u00c9v\u00e8nementsOMICSCOVID &#038; CancerPr\u00e9sentation de la Pathologie Num\u00e9rique Intitul\u00e9 PROJET PILOTE DE \u00ab\u00a0PATHOLOGIE NUMERIQUE\u00a0\u00bb Mise en place de la pathologie num\u00e9rique dans 4 provinces du Maroc Responsables Minist\u00e8re de la...","protected":false},"author":1,"featured_media":0,"parent":834,"menu_order":0,"comment_status":"closed","ping_status":"closed","template":"","meta":{"_acf_changed":false,"footnotes":""},"class_list":["post-891","page","type-page","status-publish","hentry"],"acf":[],"lang":"fr","translations":{"fr":891},"pll_sync_post":[],"_links":{"self":[{"href":"https:\/\/onetech.dev\/irc\/wp-json\/wp\/v2\/pages\/891","targetHints":{"allow":["GET"]}}],"collection":[{"href":"https:\/\/onetech.dev\/irc\/wp-json\/wp\/v2\/pages"}],"about":[{"href":"https:\/\/onetech.dev\/irc\/wp-json\/wp\/v2\/types\/page"}],"author":[{"embeddable":true,"href":"https:\/\/onetech.dev\/irc\/wp-json\/wp\/v2\/users\/1"}],"replies":[{"embeddable":true,"href":"https:\/\/onetech.dev\/irc\/wp-json\/wp\/v2\/comments?post=891"}],"version-history":[{"count":2,"href":"https:\/\/onetech.dev\/irc\/wp-json\/wp\/v2\/pages\/891\/revisions"}],"predecessor-version":[{"id":893,"href":"https:\/\/onetech.dev\/irc\/wp-json\/wp\/v2\/pages\/891\/revisions\/893"}],"up":[{"embeddable":true,"href":"https:\/\/onetech.dev\/irc\/wp-json\/wp\/v2\/pages\/834"}],"wp:attachment":[{"href":"https:\/\/onetech.dev\/irc\/wp-json\/wp\/v2\/media?parent=891"}],"curies":[{"name":"wp","href":"https:\/\/api.w.org\/{rel}","templated":true}]}}