{"id":899,"date":"2026-04-13T13:44:18","date_gmt":"2026-04-13T12:44:18","guid":{"rendered":"https:\/\/onetech.dev\/irc\/?page_id=899"},"modified":"2026-04-13T13:44:18","modified_gmt":"2026-04-13T12:44:18","slug":"strategie-pathologie-numerique","status":"publish","type":"page","link":"https:\/\/onetech.dev\/irc\/projets-phares\/strategie-pathologie-numerique","title":{"rendered":"Strat\u00e9gie &#8211; Pathologie Num\u00e9rique"},"content":{"rendered":"<section class=\"l-section wpb_row height_auto\"><div class=\"l-section-h i-cf\"><div class=\"g-cols vc_row via_grid cols_1 laptops-cols_inherit tablets-cols_inherit mobiles-cols_1 valign_top type_default stacking_default\"><div class=\"wpb_column vc_column_container\"><div class=\"vc_column-inner\"><div class=\"ult-spacer spacer-69f400811f5ff\" data-id=\"69f400811f5ff\" data-height=\"25\" data-height-mobile=\"25\" data-height-tab=\"25\" data-height-tab-portrait=\"\" data-height-mobile-landscape=\"\" style=\"clear:both;display:block;\"><\/div><div id=\"uvc-type-wrap-9605\"  data-ultimate-target='#uvc-type-wrap-9605'  data-responsive-json-new='{\"font-size\":\"desktop:26px;\",\"line-height\":\"\"}'  class=\"uvc-type-wrap  ult-adjust-bottom-margin ult-responsive  uvc-type-align-center  uvc-wrap-386969108969f400811f628\" style=\"text-align:center;\"><span  data-ultimate-target='#uvc-type-wrap-9605 .mycustfancy'  data-responsive-json-new='{\"font-size\":\"desktop:26px;\",\"line-height\":\"\"}'  class=\"ultimate-typewriter-prefix mycustfancy ult-responsive\" style=\"font-weight:bold;color:#1B76BC; text-transform: unset;\">Projets<\/span><span id=\"typed-386969108969f400811f628\" class=\"ultimate-typed-main fancytext-typewriter-background-enabled\" style=\"color:#1B76BC;background:#00000000; font-weight:bold; text-transform: unset;\"><\/span><script type=\"text\/javascript\">\n\t\t\t\t\t\tjQuery(function($){ \n\t\t\t\t\t\t\t$(document).ready(function(){\n\t\t\t\t\t\t\t\tif( typeof jQuery(\"#typed-386969108969f400811f628\").typed == \"function\"){\n\t\t\t\t\t\t\t\t\t$(\"#typed-386969108969f400811f628\").typed({\n\t\t\t\t\t\t\t\t\t\tstrings: [\"Phares\"],\n\t\t\t\t\t\t\t\t\t\ttypeSpeed: 35,\n\t\t\t\t\t\t\t\t\t\tbackSpeed: 0,\n\t\t\t\t\t\t\t\t\t\tstartDelay: \"200\",\n\t\t\t\t\t\t\t\t\t\tbackDelay: \"1500\",\n\t\t\t\t\t\t\t\t\t\tloop: true,\n\t\t\t\t\t\t\t\t\t\tloopCount: false,\n\t\t\t\t\t\t\t\t\t\tshowCursor: true,\n\t\t\t\t\t\t\t\t\t\tcursorChar: \"|\",\n\t\t\t\t\t\t\t\t\t\tattr: null\n\t\t\t\t\t\t\t\t\t});\n\t\t\t\t\t\t\t\t}\n\t\t\t\t\t\t\t});\n\t\t\t\t\t\t});\n\t\t\t\t\t<\/script><\/div><div class=\"ult-spacer spacer-69f400811f84b\" data-id=\"69f400811f84b\" data-height=\"10\" data-height-mobile=\"10\" data-height-tab=\"10\" data-height-tab-portrait=\"\" data-height-mobile-landscape=\"\" style=\"clear:both;display:block;\"><\/div><\/div><\/div><\/div><\/div><\/section><section class=\"l-section wpb_row height_auto width_custom\" style=\"--site-content-width:1200px;\"><div class=\"l-section-h i-cf\"><div class=\"g-cols vc_row via_grid cols_1-3 laptops-cols_inherit tablets-cols_inherit mobiles-cols_1 valign_top type_default stacking_default\"><div class=\"wpb_column vc_column_container us_custom_7e20fa79 us_animate_this type_sticky\"><div class=\"vc_column-inner\" style=\"top:180px\"><nav class=\"w-menu us_custom_d97262c1 has_text_color layout_ver style_blocks us_menu_1 with_children type_accordion icontype_chevron iconpos_after\" style=\"--main-gap:0rem;--main-ver-indent:0.8em;--main-hor-indent:0.8em;--main-color:var(--color-header-middle-bg);--main-hover-color:#f7941f;--main-active-color:#f7941f;--sub-gap:25px;\"><ul id=\"menu-projets-phares\" class=\"menu\"><li id=\"menu-item-836\" class=\"menu-item menu-item-type-custom menu-item-object-custom menu-item-has-children menu-item-836\"><a href=\"#\"><b><\/b><span>Essais Cliniques<\/span><\/a><ul class=\"sub-menu\"><li id=\"menu-item-886\" class=\"menu-item menu-item-type-post_type menu-item-object-page menu-item-886\"><a href=\"https:\/\/onetech.dev\/irc\/projets-phares\/presentation-essais-cliniques\"><b><\/b><span>&ensp; &#8226; Pr\u00e9sentation<\/span><\/a><\/li><li id=\"menu-item-885\" class=\"menu-item menu-item-type-post_type menu-item-object-page menu-item-885\"><a href=\"https:\/\/onetech.dev\/irc\/projets-phares\/evenements-essais-cliniques\"><b><\/b><span>&ensp; &#8226; \u00c9v\u00e8nements<\/span><\/a><\/li><\/ul><\/li><li id=\"menu-item-837\" class=\"menu-item menu-item-type-custom menu-item-object-custom menu-item-has-children menu-item-837\"><a href=\"#\"><b><\/b><span>Pathologie Num\u00e9rique<\/span><\/a><ul class=\"sub-menu\"><li id=\"menu-item-989\" class=\"menu-item menu-item-type-post_type menu-item-object-page menu-item-989\"><a href=\"https:\/\/onetech.dev\/irc\/projets-phares\/presentation-pathologie-numerique\"><b><\/b><span>&ensp; &#8226; Pr\u00e9sentation<\/span><\/a><\/li><li id=\"menu-item-988\" class=\"menu-item menu-item-type-post_type menu-item-object-page menu-item-988\"><a href=\"https:\/\/onetech.dev\/irc\/projets-phares\/comite-de-pilotage-pathologie-numerique\"><b><\/b><span>&ensp; &#8226; Comit\u00e9 de pilotage<\/span><\/a><\/li><li id=\"menu-item-987\" class=\"menu-item menu-item-type-post_type menu-item-object-page menu-item-987\"><a href=\"https:\/\/onetech.dev\/irc\/projets-phares\/strategie-pathologie-numerique\"><b><\/b><span>&ensp; &#8226; Strat\u00e9gie<\/span><\/a><\/li><li id=\"menu-item-986\" class=\"menu-item menu-item-type-post_type menu-item-object-page menu-item-986\"><a href=\"https:\/\/onetech.dev\/irc\/projets-phares\/evenements-pathologie-numerique\"><b><\/b><span>&ensp; &#8226; \u00c9v\u00e8nements<\/span><\/a><\/li><\/ul><\/li><li id=\"menu-item-838\" class=\"menu-item menu-item-type-custom menu-item-object-custom menu-item-has-children menu-item-838\"><a href=\"#\"><b><\/b><span>Biobanques<\/span><\/a><ul class=\"sub-menu\"><li id=\"menu-item-985\" class=\"menu-item menu-item-type-post_type menu-item-object-page menu-item-985\"><a href=\"https:\/\/onetech.dev\/irc\/projets-phares\/presentation-biobanques\"><b><\/b><span>&ensp; &#8226; Pr\u00e9sentation<\/span><\/a><\/li><li id=\"menu-item-984\" class=\"menu-item menu-item-type-post_type menu-item-object-page menu-item-984\"><a href=\"https:\/\/onetech.dev\/irc\/projets-phares\/strategie-biobanques\"><b><\/b><span>&ensp; &#8226; Strat\u00e9gie<\/span><\/a><\/li><li id=\"menu-item-999\" class=\"menu-item menu-item-type-post_type menu-item-object-page menu-item-999\"><a href=\"https:\/\/onetech.dev\/irc\/projets-phares\/comite-de-pilotage-biobanques\"><b><\/b><span>&ensp; &#8226; Comit\u00e9 de pilotage<\/span><\/a><\/li><li id=\"menu-item-1007\" class=\"menu-item menu-item-type-post_type menu-item-object-page menu-item-1007\"><a href=\"https:\/\/onetech.dev\/irc\/projets-phares\/evenements-biobanques\"><b><\/b><span>&ensp; &#8226; \u00c9v\u00e8nements<\/span><\/a><\/li><\/ul><\/li><li id=\"menu-item-983\" class=\"menu-item menu-item-type-post_type menu-item-object-page menu-item-983\"><a href=\"https:\/\/onetech.dev\/irc\/projets-phares\/omics\"><b><\/b><span>OMICS<\/span><\/a><\/li><li id=\"menu-item-840\" class=\"menu-item menu-item-type-custom menu-item-object-custom menu-item-840\"><a target=\"_blank\" href=\"https:\/\/covid.irc.ma\/\"><b><\/b><span>COVID &#038; Cancer<\/span><\/a><\/li><\/ul><style>@media ( max-width:600px ){.us_menu_1 .menu{display:block!important}.us_menu_1 .menu>li{margin:0 0 var(--main-gap,0rem)!important}}<\/style><\/nav><div class=\"ult-spacer spacer-69f4008122e48\" data-id=\"69f4008122e48\" data-height=\"10\" data-height-mobile=\"10\" data-height-tab=\"10\" data-height-tab-portrait=\"\" data-height-mobile-landscape=\"\" style=\"clear:both;display:block;\"><\/div><\/div><\/div><div class=\"wpb_column vc_column_container us_custom_47474b22 us_animate_this\"><div class=\"vc_column-inner\"><div class=\"w-text us_custom_a4dcccfd has_text_color\"><span class=\"w-text-h\"><span class=\"w-text-value\">Strat\u00e9gie<\/span><\/span><\/div><div class=\"ult-spacer spacer-69f4008123135\" data-id=\"69f4008123135\" data-height=\"25\" data-height-mobile=\"25\" data-height-tab=\"25\" data-height-tab-portrait=\"\" data-height-mobile-landscape=\"\" style=\"clear:both;display:block;\"><\/div><div class=\"wpb_text_column\"><div class=\"wpb_wrapper\">\n<table id=\"tablepress-7\" class=\"tablepress tablepress-id-7\">\n<thead>\n<tr class=\"row-1\">\n\t<th colspan=\"2\" class=\"column-1\">Les diff\u00e9rentes phases du projet \u00ab PATHOLOGIE NUMERIQUE AU MAROC \u00bb<\/th>\n<\/tr>\n<\/thead>\n<tbody class=\"row-striping row-hover\">\n<tr class=\"row-2\">\n\t<td class=\"column-1\">Phase I<\/td><td class=\"column-2\">Mise \u00e0 niveau des laboratoires d\u2019anatomopathologie et installation de la pathologie num\u00e9rique<\/td>\n<\/tr>\n<tr class=\"row-3\">\n\t<td class=\"column-1\">Phase II<\/td><td class=\"column-2\">Collecte de donn\u00e9es, publications et mod\u00e9lisation de l\u2019\u00e9tude pilote<\/td>\n<\/tr>\n<tr class=\"row-4\">\n\t<td class=\"column-1\">Phase III<\/td><td class=\"column-2\">Evaluation et g\u00e9n\u00e9ralisation du r\u00e9seau de pathologie num\u00e9rique<\/td>\n<\/tr>\n<\/tbody>\n<\/table>\n<!-- #tablepress-7 from cache -->\n<\/div><\/div><\/div><\/div><\/div><\/div><\/section><section class=\"l-section wpb_row height_small\"><div class=\"l-section-h i-cf\"><div class=\"g-cols vc_row via_grid cols_1 laptops-cols_inherit tablets-cols_inherit mobiles-cols_1 valign_top type_default stacking_default\"><div class=\"wpb_column vc_column_container\"><div class=\"vc_column-inner\"><\/div><\/div><\/div><\/div><\/section>\n","protected":false},"excerpt":{"rendered":"ProjetsEssais Cliniques&ensp; &#8226; Pr\u00e9sentation&ensp; &#8226; \u00c9v\u00e8nementsPathologie Num\u00e9rique&ensp; &#8226; Pr\u00e9sentation&ensp; &#8226; Comit\u00e9 de pilotage&ensp; &#8226; Strat\u00e9gie&ensp; &#8226; \u00c9v\u00e8nementsBiobanques&ensp; &#8226; Pr\u00e9sentation&ensp; &#8226; Strat\u00e9gie&ensp; &#8226; Comit\u00e9 de pilotage&ensp; &#8226; \u00c9v\u00e8nementsOMICSCOVID &#038; CancerStrat\u00e9gie Les diff\u00e9rentes phases du projet \u00ab PATHOLOGIE NUMERIQUE AU MAROC \u00bb Phase IMise \u00e0 niveau des laboratoires d\u2019anatomopathologie et installation de la pathologie num\u00e9rique Phase IICollecte...","protected":false},"author":1,"featured_media":0,"parent":834,"menu_order":0,"comment_status":"closed","ping_status":"closed","template":"","meta":{"_acf_changed":false,"footnotes":""},"class_list":["post-899","page","type-page","status-publish","hentry"],"acf":[],"lang":"fr","translations":{"fr":899},"pll_sync_post":[],"_links":{"self":[{"href":"https:\/\/onetech.dev\/irc\/wp-json\/wp\/v2\/pages\/899","targetHints":{"allow":["GET"]}}],"collection":[{"href":"https:\/\/onetech.dev\/irc\/wp-json\/wp\/v2\/pages"}],"about":[{"href":"https:\/\/onetech.dev\/irc\/wp-json\/wp\/v2\/types\/page"}],"author":[{"embeddable":true,"href":"https:\/\/onetech.dev\/irc\/wp-json\/wp\/v2\/users\/1"}],"replies":[{"embeddable":true,"href":"https:\/\/onetech.dev\/irc\/wp-json\/wp\/v2\/comments?post=899"}],"version-history":[{"count":3,"href":"https:\/\/onetech.dev\/irc\/wp-json\/wp\/v2\/pages\/899\/revisions"}],"predecessor-version":[{"id":906,"href":"https:\/\/onetech.dev\/irc\/wp-json\/wp\/v2\/pages\/899\/revisions\/906"}],"up":[{"embeddable":true,"href":"https:\/\/onetech.dev\/irc\/wp-json\/wp\/v2\/pages\/834"}],"wp:attachment":[{"href":"https:\/\/onetech.dev\/irc\/wp-json\/wp\/v2\/media?parent=899"}],"curies":[{"name":"wp","href":"https:\/\/api.w.org\/{rel}","templated":true}]}}