{"id":913,"date":"2026-04-13T13:59:50","date_gmt":"2026-04-13T12:59:50","guid":{"rendered":"https:\/\/onetech.dev\/irc\/?page_id=913"},"modified":"2026-04-13T13:59:50","modified_gmt":"2026-04-13T12:59:50","slug":"presentation-biobanques","status":"publish","type":"page","link":"https:\/\/onetech.dev\/irc\/projets-phares\/presentation-biobanques","title":{"rendered":"Pr\u00e9sentation &#8211; Biobanques"},"content":{"rendered":"<section class=\"l-section wpb_row height_auto\"><div class=\"l-section-h i-cf\"><div class=\"g-cols vc_row via_grid cols_1 laptops-cols_inherit tablets-cols_inherit mobiles-cols_1 valign_top type_default stacking_default\"><div class=\"wpb_column vc_column_container\"><div class=\"vc_column-inner\"><div class=\"ult-spacer spacer-69f3fdd61e790\" data-id=\"69f3fdd61e790\" data-height=\"25\" data-height-mobile=\"25\" data-height-tab=\"25\" data-height-tab-portrait=\"\" data-height-mobile-landscape=\"\" style=\"clear:both;display:block;\"><\/div><div id=\"uvc-type-wrap-6576\"  data-ultimate-target='#uvc-type-wrap-6576'  data-responsive-json-new='{\"font-size\":\"desktop:26px;\",\"line-height\":\"\"}'  class=\"uvc-type-wrap  ult-adjust-bottom-margin ult-responsive  uvc-type-align-center  uvc-wrap-423610229969f3fdd61e7ba\" style=\"text-align:center;\"><span  data-ultimate-target='#uvc-type-wrap-6576 .mycustfancy'  data-responsive-json-new='{\"font-size\":\"desktop:26px;\",\"line-height\":\"\"}'  class=\"ultimate-typewriter-prefix mycustfancy ult-responsive\" style=\"font-weight:bold;color:#1B76BC; text-transform: unset;\">Projets<\/span><span id=\"typed-423610229969f3fdd61e7ba\" class=\"ultimate-typed-main fancytext-typewriter-background-enabled\" style=\"color:#1B76BC;background:#00000000; font-weight:bold; text-transform: unset;\"><\/span><script type=\"text\/javascript\">\n\t\t\t\t\t\tjQuery(function($){ \n\t\t\t\t\t\t\t$(document).ready(function(){\n\t\t\t\t\t\t\t\tif( typeof jQuery(\"#typed-423610229969f3fdd61e7ba\").typed == \"function\"){\n\t\t\t\t\t\t\t\t\t$(\"#typed-423610229969f3fdd61e7ba\").typed({\n\t\t\t\t\t\t\t\t\t\tstrings: [\"Phares\"],\n\t\t\t\t\t\t\t\t\t\ttypeSpeed: 35,\n\t\t\t\t\t\t\t\t\t\tbackSpeed: 0,\n\t\t\t\t\t\t\t\t\t\tstartDelay: \"200\",\n\t\t\t\t\t\t\t\t\t\tbackDelay: \"1500\",\n\t\t\t\t\t\t\t\t\t\tloop: true,\n\t\t\t\t\t\t\t\t\t\tloopCount: false,\n\t\t\t\t\t\t\t\t\t\tshowCursor: true,\n\t\t\t\t\t\t\t\t\t\tcursorChar: \"|\",\n\t\t\t\t\t\t\t\t\t\tattr: null\n\t\t\t\t\t\t\t\t\t});\n\t\t\t\t\t\t\t\t}\n\t\t\t\t\t\t\t});\n\t\t\t\t\t\t});\n\t\t\t\t\t<\/script><\/div><div class=\"ult-spacer spacer-69f3fdd61ea24\" data-id=\"69f3fdd61ea24\" data-height=\"10\" data-height-mobile=\"10\" data-height-tab=\"10\" data-height-tab-portrait=\"\" data-height-mobile-landscape=\"\" style=\"clear:both;display:block;\"><\/div><\/div><\/div><\/div><\/div><\/section><section class=\"l-section wpb_row height_auto width_custom\" style=\"--site-content-width:1200px;\"><div class=\"l-section-h i-cf\"><div class=\"g-cols vc_row via_grid cols_1-3 laptops-cols_inherit tablets-cols_inherit mobiles-cols_1 valign_top type_default stacking_default\"><div class=\"wpb_column vc_column_container us_custom_7e20fa79 us_animate_this type_sticky\"><div class=\"vc_column-inner\" style=\"top:180px\"><nav class=\"w-menu us_custom_d97262c1 has_text_color layout_ver style_blocks us_menu_1 with_children type_accordion icontype_chevron iconpos_after\" style=\"--main-gap:0rem;--main-ver-indent:0.8em;--main-hor-indent:0.8em;--main-color:var(--color-header-middle-bg);--main-hover-color:#f7941f;--main-active-color:#f7941f;--sub-gap:25px;\"><ul id=\"menu-projets-phares\" class=\"menu\"><li id=\"menu-item-836\" class=\"menu-item menu-item-type-custom menu-item-object-custom menu-item-has-children menu-item-836\"><a href=\"#\"><b><\/b><span>Essais Cliniques<\/span><\/a><ul class=\"sub-menu\"><li id=\"menu-item-886\" class=\"menu-item menu-item-type-post_type menu-item-object-page menu-item-886\"><a href=\"https:\/\/onetech.dev\/irc\/projets-phares\/presentation-essais-cliniques\"><b><\/b><span>&ensp; &#8226; Pr\u00e9sentation<\/span><\/a><\/li><li id=\"menu-item-885\" class=\"menu-item menu-item-type-post_type menu-item-object-page menu-item-885\"><a href=\"https:\/\/onetech.dev\/irc\/projets-phares\/evenements-essais-cliniques\"><b><\/b><span>&ensp; &#8226; \u00c9v\u00e8nements<\/span><\/a><\/li><\/ul><\/li><li id=\"menu-item-837\" class=\"menu-item menu-item-type-custom menu-item-object-custom menu-item-has-children menu-item-837\"><a href=\"#\"><b><\/b><span>Pathologie Num\u00e9rique<\/span><\/a><ul class=\"sub-menu\"><li id=\"menu-item-989\" class=\"menu-item menu-item-type-post_type menu-item-object-page menu-item-989\"><a href=\"https:\/\/onetech.dev\/irc\/projets-phares\/presentation-pathologie-numerique\"><b><\/b><span>&ensp; &#8226; Pr\u00e9sentation<\/span><\/a><\/li><li id=\"menu-item-988\" class=\"menu-item menu-item-type-post_type menu-item-object-page menu-item-988\"><a href=\"https:\/\/onetech.dev\/irc\/projets-phares\/comite-de-pilotage-pathologie-numerique\"><b><\/b><span>&ensp; &#8226; Comit\u00e9 de pilotage<\/span><\/a><\/li><li id=\"menu-item-987\" class=\"menu-item menu-item-type-post_type menu-item-object-page menu-item-987\"><a href=\"https:\/\/onetech.dev\/irc\/projets-phares\/strategie-pathologie-numerique\"><b><\/b><span>&ensp; &#8226; Strat\u00e9gie<\/span><\/a><\/li><li id=\"menu-item-986\" class=\"menu-item menu-item-type-post_type menu-item-object-page menu-item-986\"><a href=\"https:\/\/onetech.dev\/irc\/projets-phares\/evenements-pathologie-numerique\"><b><\/b><span>&ensp; &#8226; \u00c9v\u00e8nements<\/span><\/a><\/li><\/ul><\/li><li id=\"menu-item-838\" class=\"menu-item menu-item-type-custom menu-item-object-custom menu-item-has-children menu-item-838\"><a href=\"#\"><b><\/b><span>Biobanques<\/span><\/a><ul class=\"sub-menu\"><li id=\"menu-item-985\" class=\"menu-item menu-item-type-post_type menu-item-object-page menu-item-985\"><a href=\"https:\/\/onetech.dev\/irc\/projets-phares\/presentation-biobanques\"><b><\/b><span>&ensp; &#8226; Pr\u00e9sentation<\/span><\/a><\/li><li id=\"menu-item-984\" class=\"menu-item menu-item-type-post_type menu-item-object-page menu-item-984\"><a href=\"https:\/\/onetech.dev\/irc\/projets-phares\/strategie-biobanques\"><b><\/b><span>&ensp; &#8226; Strat\u00e9gie<\/span><\/a><\/li><li id=\"menu-item-999\" class=\"menu-item menu-item-type-post_type menu-item-object-page menu-item-999\"><a href=\"https:\/\/onetech.dev\/irc\/projets-phares\/comite-de-pilotage-biobanques\"><b><\/b><span>&ensp; &#8226; Comit\u00e9 de pilotage<\/span><\/a><\/li><li id=\"menu-item-1007\" class=\"menu-item menu-item-type-post_type menu-item-object-page menu-item-1007\"><a href=\"https:\/\/onetech.dev\/irc\/projets-phares\/evenements-biobanques\"><b><\/b><span>&ensp; &#8226; \u00c9v\u00e8nements<\/span><\/a><\/li><\/ul><\/li><li id=\"menu-item-983\" class=\"menu-item menu-item-type-post_type menu-item-object-page menu-item-983\"><a href=\"https:\/\/onetech.dev\/irc\/projets-phares\/omics\"><b><\/b><span>OMICS<\/span><\/a><\/li><li id=\"menu-item-840\" class=\"menu-item menu-item-type-custom menu-item-object-custom menu-item-840\"><a target=\"_blank\" href=\"https:\/\/covid.irc.ma\/\"><b><\/b><span>COVID &#038; Cancer<\/span><\/a><\/li><\/ul><style>@media ( max-width:600px ){.us_menu_1 .menu{display:block!important}.us_menu_1 .menu>li{margin:0 0 var(--main-gap,0rem)!important}}<\/style><\/nav><div class=\"ult-spacer spacer-69f3fdd622139\" data-id=\"69f3fdd622139\" data-height=\"10\" data-height-mobile=\"10\" data-height-tab=\"10\" data-height-tab-portrait=\"\" data-height-mobile-landscape=\"\" style=\"clear:both;display:block;\"><\/div><\/div><\/div><div class=\"wpb_column vc_column_container us_custom_47474b22 us_animate_this\"><div class=\"vc_column-inner\"><div class=\"w-text us_custom_d6e33a60 has_text_color\"><span class=\"w-text-h\"><span class=\"w-text-value\">Pr\u00e9sentation<\/span><\/span><\/div><div class=\"ult-spacer spacer-69f3fdd6224bc\" data-id=\"69f3fdd6224bc\" data-height=\"25\" data-height-mobile=\"25\" data-height-tab=\"25\" data-height-tab-portrait=\"\" data-height-mobile-landscape=\"\" style=\"clear:both;display:block;\"><\/div><div class=\"w-text us_custom_11277739 has_text_color\"><span class=\"w-text-h\"><span class=\"w-text-value\">Projet pilote \u00ab Biobanque en canc\u00e9rologie \u00bb 2019 -2021<\/span><\/span><\/div><div class=\"ult-spacer spacer-69f3fdd6225a0\" data-id=\"69f3fdd6225a0\" data-height=\"10\" data-height-mobile=\"10\" data-height-tab=\"10\" data-height-tab-portrait=\"\" data-height-mobile-landscape=\"\" style=\"clear:both;display:block;\"><\/div><div class=\"wpb_text_column\"><div class=\"wpb_wrapper\"><p style=\"text-align: justify;\">La recherche biom\u00e9dicale d\u00e9ploie de nouvelles technologies fond\u00e9es sur l\u2019analyse des microorganismes ou des \u00e9l\u00e9ments du corps humain tels que l\u2019ADN, l\u2019ARN, les tumeurs ou encore le plasma. En utilisant ces ressources biologiques, la g\u00e9nomique, la prot\u00e9omique, associ\u00e9es aux techniques de l\u2019imagerie, ont abouti \u00e0 des progr\u00e8s remarquables au cours des derni\u00e8res d\u00e9cennies. Ainsi, une meilleure compr\u00e9hension de la pathog\u00e9nie et de l\u2019\u00e9pid\u00e9miologie d\u2019agents microbiens a \u00e9t\u00e9 possible pour de nombreuses maladies permettant de pr\u00e9ciser la variation g\u00e9n\u00e9tique des agents pathog\u00e8nes et de r\u00e9volutionner ainsi le d\u00e9veloppement de vaccins. En outre, ces nouvelles techniques associ\u00e9es \u00e0 la bio-informatique ont permis un d\u00e9veloppement notable de biomarqueurs g\u00e9n\u00e9tiques de maladies chroniques, telles que le cancer, les maladies neurod\u00e9g\u00e9n\u00e9ratives\u2026 La r\u00e9alisation de ces \u00e9tudes a n\u00e9cessit\u00e9 le recrutement d\u2019un grand nombre de patients et la collecte d\u2019\u00e9chantillons biologiques (sang, tumeurs\u2026), l\u2019extraction des acides nucleiques et leur conservation dans des conditions contr\u00f4l\u00e9es. Pour ce faire, ces \u00e9tudes se sont appuy\u00e9es sur des centres de ressources biologiques ou des biobanques, unit\u00e9s fonctionnelles diss\u00e9min\u00e9es dans les h\u00f4pitaux et les instituts de recherche m\u00e9dicale, ayant la mission de collecter, transformer, analyser, stocker et distribuer lesdites ressources. Ces diff\u00e9rentes op\u00e9rations sont r\u00e9alis\u00e9es dans le respect des droits fondamentaux des personnes sources. Les biobanques, outils de la recherche biom\u00e9dicale contemporaine, ouvrent la voie \u00e0 ce que serait la m\u00e9decine de pr\u00e9cision adoss\u00e9e \u00e0 des th\u00e9rapies cibl\u00e9es.<\/p>\n<p style=\"text-align: justify;\">Malgr\u00e9 ces avanc\u00e9es majeures dans la compr\u00e9hension des pathologies, plusieurs facteurs ont limit\u00e9 le transfert de la recherche fondamentale vers des applications cliniques au b\u00e9n\u00e9fice du patient. Parmi ceux ci, la n\u00e9cessit\u00e9 de garantir la qualit\u00e9 des \u00e9chantillons, d\u2019harmoniser les proc\u00e9dures de collecte et de conservation\u037e d\u2019augmenter les capacit\u00e9s \u00e0 recruter des patients\u037e de mettre en \u0153uvre l\u2019interop\u00e9rabilit\u00e9 des bases de donn\u00e9es cliniques et analytiques permettant la constitution d\u2019entrep\u00f4ts de donn\u00e9es et, surtout, de maintenir la confiance du public dans ces activit\u00e9s.<\/p>\n<p style=\"text-align: justify;\">Plusieurs pays de l\u2019Union europ\u00e9enne financent le d\u00e9veloppement d\u2019infrastructures nationales pour les biobanques. Ces infrastructures refl\u00e8tent et accompagnent un changement d\u2019\u00e9chelle de la recherche biom\u00e9dicale du XXI si\u00e8cle, qui passe d\u2019un niveau local \u00e0 une dimension globale avec la constitution de consortia de recherche internationaux n\u00e9cessaire pour d\u00e9m\u00ealer la complexit\u00e9 des maladies chroniques et pour d\u00e9tecter les variants g\u00e9n\u00e9tiques d\u2019effet modeste. Cela implique des \u00e9changes internationaux, dans un cadre bien d\u00e9fini, d\u2019\u00e9chantillons biologiques et de donn\u00e9es anonymis\u00e9es, produites par un r\u00e9seau dynamique d\u2019\u00e9quipes multidisciplinaires de diff\u00e9rents pays. Le r\u00f4le des infrastructures dans ces r\u00e9seaux est de mutualiser les moyens et expertises afin de r\u00e9pondre aux attentes des acteurs de la recherche en facilitant le flux d\u2019informations entre les chercheurs et les institutions et en favorisant l\u2019organisation et le d\u00e9veloppement de bases ou d\u2019entrep\u00f4ts agr\u00e9geant un grand volume de donn\u00e9es (big data).<\/p>\n<p style=\"text-align: justify;\">Le projet biobanques pose une question d\u2019importance majeure : comment r\u00e9ussir \u00e0 faire \u00e9voluer les pratiques des professionnels de la sant\u00e9 pour les amener \u00e0 assurer une qualit\u00e9 optimale des \u00e9chantillons biologiques (et leurs donn\u00e9es associ\u00e9es) utiles \u00e0 la qualit\u00e9 des soins et la prise en charge des patients ?<\/p>\n<p style=\"text-align: justify;\">Cette question comporte principalement un versant \u00e9videmment scientifique et technique, mais pas uniquement. Son autre versant est manag\u00e9rial. Il s\u2019agit d\u2019amener les professionnels \u00e0 faire \u00e9voluer leurs pratiques, donc leurs comportements, ce qui correspond au final \u00e0 faire \u00e9voluer leur culture scientifique et technique sur la question de la qualit\u00e9 de l\u2019\u00e9chantillon biologique et les donn\u00e9es associ\u00e9es. L\u2019originalit\u00e9 de la d\u00e9marche de ce projet r\u00e9side dans le fait qu\u2019elle propose, dans une logique collaborative, un accompagnement pluridisciplinaire du changement scientifique et technique au b\u00e9n\u00e9fice de la sant\u00e9 des patients.<\/p>\n<\/div><\/div><div class=\"ult-spacer spacer-69f3fdd6228f0\" data-id=\"69f3fdd6228f0\" data-height=\"25\" data-height-mobile=\"25\" data-height-tab=\"25\" data-height-tab-portrait=\"\" data-height-mobile-landscape=\"\" style=\"clear:both;display:block;\"><\/div><div class=\"w-text us_custom_11277739 has_text_color\"><span class=\"w-text-h\"><span class=\"w-text-value\">Les Enjeux strat\u00e9giques :<\/span><\/span><\/div><div class=\"ult-spacer spacer-69f3fdd6229ef\" data-id=\"69f3fdd6229ef\" data-height=\"10\" data-height-mobile=\"10\" data-height-tab=\"10\" data-height-tab-portrait=\"\" data-height-mobile-landscape=\"\" style=\"clear:both;display:block;\"><\/div><div class=\"wpb_text_column\"><div class=\"wpb_wrapper\"><ul>\n<li style=\"text-align: justify;\">Etude des Populations<\/li>\n<li style=\"text-align: justify;\">Recherche translationnelle<\/li>\n<li style=\"text-align: justify;\">Valorisation des \u00e9chantillons (int\u00e9gration de r\u00e9seaux d\u2019excellence, d\u00e9veloppement de projets de recherche) : financement de la recherche m\u00e9dicale au Maroc<\/li>\n<li style=\"text-align: justify;\">Valorisation du patrimoine biologique et de l\u2019expertise scientifique du Maroc<\/li>\n<li style=\"text-align: justify;\">Etude des profils (biologique\/g\u00e9n\u00e9tique) du cancer au Maroc<\/li>\n<\/ul>\n<\/div><\/div><div class=\"ult-spacer spacer-69f3fdd622b7d\" data-id=\"69f3fdd622b7d\" data-height=\"25\" data-height-mobile=\"25\" data-height-tab=\"25\" data-height-tab-portrait=\"\" data-height-mobile-landscape=\"\" style=\"clear:both;display:block;\"><\/div><div class=\"w-text us_custom_11277739 has_text_color\"><span class=\"w-text-h\"><span class=\"w-text-value\">Impact sur la valorisation\u202f:<\/span><\/span><\/div><div class=\"ult-spacer spacer-69f3fdd622c5d\" data-id=\"69f3fdd622c5d\" data-height=\"10\" data-height-mobile=\"10\" data-height-tab=\"10\" data-height-tab-portrait=\"\" data-height-mobile-landscape=\"\" style=\"clear:both;display:block;\"><\/div><div class=\"wpb_text_column\"><div class=\"wpb_wrapper\"><ul>\n<li style=\"text-align: justify;\">D\u00e9velopper des projets innovants,<\/li>\n<li style=\"text-align: justify;\">D\u00e9velopper des partenariats public-priv\u00e9,<\/li>\n<li style=\"text-align: justify;\">Valoriser les collections biologiques,<\/li>\n<li style=\"text-align: justify;\">Mutualiser les ressources biologiques,<\/li>\n<li style=\"text-align: justify;\">Porter la recherche Marocaine au plus haut niveau d\u2019excellence et d\u2019expertise dans la r\u00e9gion MEA<\/li>\n<li style=\"text-align: justify;\">Etablir des liens de collaboration avec les industriels,<\/li>\n<li style=\"text-align: left;\">Structurer le r\u00e9seau des centres de ressources biologiques,<\/li>\n<li style=\"text-align: justify;\">Am\u00e9liorer la qualit\u00e9 des processus et prestations engag\u00e9s autour des collections d\u2019\u00e9chantillons biologiques,<\/li>\n<\/ul>\n<\/div><\/div><div class=\"ult-spacer spacer-69f3fdd622df9\" data-id=\"69f3fdd622df9\" data-height=\"25\" data-height-mobile=\"25\" data-height-tab=\"25\" data-height-tab-portrait=\"\" data-height-mobile-landscape=\"\" style=\"clear:both;display:block;\"><\/div><div class=\"w-text us_custom_11277739 has_text_color\"><span class=\"w-text-h\"><span class=\"w-text-value\">Impact sur la prise en charge des patients marocains :<\/span><\/span><\/div><div class=\"ult-spacer spacer-69f3fdd622ed0\" data-id=\"69f3fdd622ed0\" data-height=\"10\" data-height-mobile=\"10\" data-height-tab=\"10\" data-height-tab-portrait=\"\" data-height-mobile-landscape=\"\" style=\"clear:both;display:block;\"><\/div><div class=\"wpb_text_column\"><div class=\"wpb_wrapper\"><ul>\n<li style=\"text-align: justify;\">D\u00e9velopper une m\u00e9decine personnalis\u00e9e,<\/li>\n<li style=\"text-align: justify;\">D\u00e9velopper de nouvelles strat\u00e9gies th\u00e9rapeutiques,<\/li>\n<li style=\"text-align: justify;\">Identifier de nouveaux sites th\u00e9rapeutiques,<\/li>\n<li style=\"text-align: justify;\">Am\u00e9liorer la qualit\u00e9 de la prise en charge des patients<\/li>\n<\/ul>\n<\/div><\/div><\/div><\/div><\/div><\/div><\/section><section class=\"l-section wpb_row height_small\"><div class=\"l-section-h i-cf\"><div class=\"g-cols vc_row via_grid cols_1 laptops-cols_inherit tablets-cols_inherit mobiles-cols_1 valign_top type_default stacking_default\"><div class=\"wpb_column vc_column_container\"><div class=\"vc_column-inner\"><\/div><\/div><\/div><\/div><\/section>\n","protected":false},"excerpt":{"rendered":"ProjetsEssais Cliniques&ensp; &#8226; Pr\u00e9sentation&ensp; &#8226; \u00c9v\u00e8nementsPathologie Num\u00e9rique&ensp; &#8226; Pr\u00e9sentation&ensp; &#8226; Comit\u00e9 de pilotage&ensp; &#8226; Strat\u00e9gie&ensp; &#8226; \u00c9v\u00e8nementsBiobanques&ensp; &#8226; Pr\u00e9sentation&ensp; &#8226; Strat\u00e9gie&ensp; &#8226; Comit\u00e9 de pilotage&ensp; &#8226; \u00c9v\u00e8nementsOMICSCOVID &#038; CancerPr\u00e9sentationProjet pilote \u00ab Biobanque en canc\u00e9rologie \u00bb 2019 -2021La recherche biom\u00e9dicale d\u00e9ploie de nouvelles technologies fond\u00e9es sur l\u2019analyse des microorganismes ou des \u00e9l\u00e9ments du corps humain tels...","protected":false},"author":1,"featured_media":0,"parent":834,"menu_order":0,"comment_status":"closed","ping_status":"closed","template":"","meta":{"_acf_changed":false,"footnotes":""},"class_list":["post-913","page","type-page","status-publish","hentry"],"acf":[],"lang":"fr","translations":{"fr":913},"pll_sync_post":[],"_links":{"self":[{"href":"https:\/\/onetech.dev\/irc\/wp-json\/wp\/v2\/pages\/913","targetHints":{"allow":["GET"]}}],"collection":[{"href":"https:\/\/onetech.dev\/irc\/wp-json\/wp\/v2\/pages"}],"about":[{"href":"https:\/\/onetech.dev\/irc\/wp-json\/wp\/v2\/types\/page"}],"author":[{"embeddable":true,"href":"https:\/\/onetech.dev\/irc\/wp-json\/wp\/v2\/users\/1"}],"replies":[{"embeddable":true,"href":"https:\/\/onetech.dev\/irc\/wp-json\/wp\/v2\/comments?post=913"}],"version-history":[{"count":5,"href":"https:\/\/onetech.dev\/irc\/wp-json\/wp\/v2\/pages\/913\/revisions"}],"predecessor-version":[{"id":918,"href":"https:\/\/onetech.dev\/irc\/wp-json\/wp\/v2\/pages\/913\/revisions\/918"}],"up":[{"embeddable":true,"href":"https:\/\/onetech.dev\/irc\/wp-json\/wp\/v2\/pages\/834"}],"wp:attachment":[{"href":"https:\/\/onetech.dev\/irc\/wp-json\/wp\/v2\/media?parent=913"}],"curies":[{"name":"wp","href":"https:\/\/api.w.org\/{rel}","templated":true}]}}