{"id":951,"date":"2026-04-20T11:24:14","date_gmt":"2026-04-20T10:24:14","guid":{"rendered":"https:\/\/onetech.dev\/irc\/?page_id=951"},"modified":"2026-04-20T11:24:14","modified_gmt":"2026-04-20T10:24:14","slug":"2eme-cours-francophone-international-depidemiologie-et-de-prevention-des-cancers","status":"publish","type":"page","link":"https:\/\/onetech.dev\/irc\/cours-formations\/cours-formations-presentiels\/2eme-cours-francophone-international-depidemiologie-et-de-prevention-des-cancers","title":{"rendered":"2\u00e9me Cours Francophone International d&rsquo;\u00c9pid\u00e9miologie et de Pr\u00e9vention des Cancers"},"content":{"rendered":"<section class=\"l-section wpb_row height_auto\"><div class=\"l-section-h i-cf\"><div class=\"g-cols vc_row via_grid cols_1 laptops-cols_inherit tablets-cols_inherit mobiles-cols_1 valign_top type_default stacking_default\"><div class=\"wpb_column vc_column_container\"><div class=\"vc_column-inner\"><div class=\"ult-spacer spacer-69f40e0d048f3\" data-id=\"69f40e0d048f3\" data-height=\"25\" data-height-mobile=\"25\" data-height-tab=\"25\" data-height-tab-portrait=\"\" data-height-mobile-landscape=\"\" style=\"clear:both;display:block;\"><\/div><div id=\"uvc-type-wrap-8330\"  data-ultimate-target='#uvc-type-wrap-8330'  data-responsive-json-new='{\"font-size\":\"desktop:26px;\",\"line-height\":\"\"}'  class=\"uvc-type-wrap  ult-adjust-bottom-margin ult-responsive  uvc-type-align-center  uvc-wrap-164233163769f40e0d0491b\" style=\"text-align:center;\"><span  data-ultimate-target='#uvc-type-wrap-8330 .mycustfancy'  data-responsive-json-new='{\"font-size\":\"desktop:26px;\",\"line-height\":\"\"}'  class=\"ultimate-typewriter-prefix mycustfancy ult-responsive\" style=\"font-weight:bold;color:#1B76BC; text-transform: unset;\">Cours &amp;<\/span><span id=\"typed-164233163769f40e0d0491b\" class=\"ultimate-typed-main fancytext-typewriter-background-enabled\" style=\"color:#1B76BC;background:#00000000; font-weight:bold; text-transform: unset;\"><\/span><script type=\"text\/javascript\">\n\t\t\t\t\t\tjQuery(function($){ \n\t\t\t\t\t\t\t$(document).ready(function(){\n\t\t\t\t\t\t\t\tif( typeof jQuery(\"#typed-164233163769f40e0d0491b\").typed == \"function\"){\n\t\t\t\t\t\t\t\t\t$(\"#typed-164233163769f40e0d0491b\").typed({\n\t\t\t\t\t\t\t\t\t\tstrings: [\"Formations\"],\n\t\t\t\t\t\t\t\t\t\ttypeSpeed: 35,\n\t\t\t\t\t\t\t\t\t\tbackSpeed: 0,\n\t\t\t\t\t\t\t\t\t\tstartDelay: \"200\",\n\t\t\t\t\t\t\t\t\t\tbackDelay: \"1500\",\n\t\t\t\t\t\t\t\t\t\tloop: true,\n\t\t\t\t\t\t\t\t\t\tloopCount: false,\n\t\t\t\t\t\t\t\t\t\tshowCursor: true,\n\t\t\t\t\t\t\t\t\t\tcursorChar: \"|\",\n\t\t\t\t\t\t\t\t\t\tattr: null\n\t\t\t\t\t\t\t\t\t});\n\t\t\t\t\t\t\t\t}\n\t\t\t\t\t\t\t});\n\t\t\t\t\t\t});\n\t\t\t\t\t<\/script><\/div><div class=\"ult-spacer spacer-69f40e0d04bda\" data-id=\"69f40e0d04bda\" data-height=\"10\" data-height-mobile=\"10\" data-height-tab=\"10\" data-height-tab-portrait=\"\" data-height-mobile-landscape=\"\" style=\"clear:both;display:block;\"><\/div><\/div><\/div><\/div><\/div><\/section><section class=\"l-section wpb_row height_auto width_custom\" style=\"--site-content-width:1200px;\"><div class=\"l-section-h i-cf\"><div class=\"g-cols vc_row via_grid cols_1-3 laptops-cols_inherit tablets-cols_inherit mobiles-cols_1 valign_top type_default stacking_default\"><div class=\"wpb_column vc_column_container us_custom_7e20fa79 us_animate_this type_sticky\"><div class=\"vc_column-inner\" style=\"top:180px\"><nav class=\"w-menu us_custom_a61e304f layout_ver style_blocks us_menu_1\" style=\"--main-gap:0rem;--main-ver-indent:0.8em;--main-hor-indent:0.8em;--main-color:var(--color-header-middle-bg);--main-hover-color:#f7941f;--main-active-color:#f7941f;\"><ul id=\"menu-cours-formations\" class=\"menu\"><li id=\"menu-item-444\" class=\"menu-item menu-item-type-post_type menu-item-object-page menu-item-444\"><a href=\"https:\/\/onetech.dev\/irc\/cours-formations\/cours-formations-presentiels\">Cours &#038; Formations Pr\u00e9sentiels<\/a><\/li><li id=\"menu-item-410\" class=\"menu-item menu-item-type-post_type menu-item-object-page menu-item-410\"><a href=\"https:\/\/onetech.dev\/irc\/cours-formations\/irc-mooc\">IRC-MOOC<\/a><\/li><li id=\"menu-item-409\" class=\"menu-item menu-item-type-post_type menu-item-object-page menu-item-409\"><a href=\"https:\/\/onetech.dev\/irc\/cours-formations\/e-learning\">E-learning<\/a><\/li><li id=\"menu-item-412\" class=\"menu-item menu-item-type-post_type menu-item-object-page menu-item-412\"><a href=\"https:\/\/onetech.dev\/irc\/cours-formations\/webinaire\">Webinaire<\/a><\/li><\/ul><style>@media ( max-width:600px ){.us_menu_1 .menu{display:block!important}.us_menu_1 .menu>li{margin:0 0 var(--main-gap,0rem)!important}}<\/style><\/nav><div class=\"ult-spacer spacer-69f40e0d06405\" data-id=\"69f40e0d06405\" data-height=\"10\" data-height-mobile=\"10\" data-height-tab=\"10\" data-height-tab-portrait=\"\" data-height-mobile-landscape=\"\" style=\"clear:both;display:block;\"><\/div><\/div><\/div><div class=\"wpb_column vc_column_container us_custom_47474b22 us_animate_this\"><div class=\"vc_column-inner\"><div class=\"w-text us_custom_11277739 has_text_color\"><span class=\"w-text-h\"><span class=\"w-text-value\">2<sup>\u00e8me<\/sup> Cours Francophone International d\u2019\u00c9pid\u00e9miologie et de Pr\u00e9vention des Cancers<\/span><\/span><\/div><div class=\"ult-spacer spacer-69f40e0d066b5\" data-id=\"69f40e0d066b5\" data-height=\"25\" data-height-mobile=\"25\" data-height-tab=\"25\" data-height-tab-portrait=\"\" data-height-mobile-landscape=\"\" style=\"clear:both;display:block;\"><\/div><div class=\"w-text us_custom_4930b9c6 has_text_color\"><span class=\"w-text-h\"><span class=\"w-text-value\">Objectif Principal<\/span><\/span><\/div><div class=\"ult-spacer spacer-69f40e0d0677a\" data-id=\"69f40e0d0677a\" data-height=\"25\" data-height-mobile=\"25\" data-height-tab=\"25\" data-height-tab-portrait=\"\" data-height-mobile-landscape=\"\" style=\"clear:both;display:block;\"><\/div><div class=\"wpb_text_column\"><div class=\"wpb_wrapper\"><p style=\"text-align: justify;\">L\u2019objectif du cours est de permettre aux participants d\u2019acqu\u00e9rir les connaissances indispensables qu\u2019il faut avoir de trois disciplines scientifiques \u00ab \u00e9pid\u00e9miologie des cancers, pr\u00e9vention des cancers et contr\u00f4le des facteurs de risques, d\u00e9pistage et d\u00e9tection pr\u00e9coce des cancers \u00bb qui constituent le \u00ab corpus \u00bb du cours afin de renforcer leurs capacit\u00e9s d\u2019intervention dans le domaine de la <strong>pr\u00e9vention et du contr\u00f4le du cancer<\/strong>.<\/p>\n<\/div><\/div><div class=\"ult-spacer spacer-69f40e0d069b1\" data-id=\"69f40e0d069b1\" data-height=\"25\" data-height-mobile=\"25\" data-height-tab=\"25\" data-height-tab-portrait=\"\" data-height-mobile-landscape=\"\" style=\"clear:both;display:block;\"><\/div><div class=\"w-text us_custom_4930b9c6 has_text_color\"><span class=\"w-text-h\"><span class=\"w-text-value\">Objectifs Sp\u00e9cifiques<\/span><\/span><\/div><div class=\"ult-spacer spacer-69f40e0d06a93\" data-id=\"69f40e0d06a93\" data-height=\"25\" data-height-mobile=\"25\" data-height-tab=\"25\" data-height-tab-portrait=\"\" data-height-mobile-landscape=\"\" style=\"clear:both;display:block;\"><\/div><div class=\"wpb_text_column\"><div class=\"wpb_wrapper\"><ul>\n<li style=\"text-align: justify;\">Soutenir le d\u00e9veloppement des comp\u00e9tences m\u00e9dicales dans les disciplines de la pr\u00e9vention des cancers notamment la lutte contre le tabagisme, l\u2019adoption de modes de vie sains, la vaccination contre le HPV et le HBV, la pr\u00e9vention en milieu professionnel aux expositions aux produits canc\u00e9rig\u00e8nes ;<\/li>\n<li style=\"text-align: justify;\">Former les professionnels de sant\u00e9 en mati\u00e8re de m\u00e9thodologie de recherche et de biostatistiques<\/li>\n<\/ul>\n<\/div><\/div><div class=\"ult-spacer spacer-69f40e0d06bcc\" data-id=\"69f40e0d06bcc\" data-height=\"25\" data-height-mobile=\"25\" data-height-tab=\"25\" data-height-tab-portrait=\"\" data-height-mobile-landscape=\"\" style=\"clear:both;display:block;\"><\/div><div class=\"w-btn-wrapper align_center\"><a class=\"w-btn us-btn-style_1 icon_atleft\" target=\"_blank\" href=\"https:\/\/onetech.dev\/irc\/data\/Programme.pdf\"><i class=\"far fa-download\"><\/i><span class=\"w-btn-label\">Programme<\/span><\/a><\/div><\/div><\/div><\/div><\/div><\/section><section class=\"l-section wpb_row height_small\"><div class=\"l-section-h i-cf\"><div class=\"g-cols vc_row via_grid cols_1 laptops-cols_inherit tablets-cols_inherit mobiles-cols_1 valign_top type_default stacking_default\"><div class=\"wpb_column vc_column_container\"><div class=\"vc_column-inner\"><\/div><\/div><\/div><\/div><\/section>\n","protected":false},"excerpt":{"rendered":"Cours &amp;Cours &#038; Formations Pr\u00e9sentielsIRC-MOOCE-learningWebinaire2\u00e8me Cours Francophone International d\u2019\u00c9pid\u00e9miologie et de Pr\u00e9vention des CancersObjectif PrincipalL\u2019objectif du cours est de permettre aux participants d\u2019acqu\u00e9rir les connaissances indispensables qu\u2019il faut avoir de trois disciplines scientifiques \u00ab \u00e9pid\u00e9miologie des cancers, pr\u00e9vention des cancers et contr\u00f4le des facteurs de risques, d\u00e9pistage et d\u00e9tection pr\u00e9coce des cancers \u00bb qui constituent...","protected":false},"author":1,"featured_media":0,"parent":389,"menu_order":0,"comment_status":"closed","ping_status":"closed","template":"","meta":{"_acf_changed":false,"footnotes":""},"class_list":["post-951","page","type-page","status-publish","hentry"],"acf":[],"lang":"fr","translations":{"fr":951},"pll_sync_post":[],"_links":{"self":[{"href":"https:\/\/onetech.dev\/irc\/wp-json\/wp\/v2\/pages\/951","targetHints":{"allow":["GET"]}}],"collection":[{"href":"https:\/\/onetech.dev\/irc\/wp-json\/wp\/v2\/pages"}],"about":[{"href":"https:\/\/onetech.dev\/irc\/wp-json\/wp\/v2\/types\/page"}],"author":[{"embeddable":true,"href":"https:\/\/onetech.dev\/irc\/wp-json\/wp\/v2\/users\/1"}],"replies":[{"embeddable":true,"href":"https:\/\/onetech.dev\/irc\/wp-json\/wp\/v2\/comments?post=951"}],"version-history":[{"count":4,"href":"https:\/\/onetech.dev\/irc\/wp-json\/wp\/v2\/pages\/951\/revisions"}],"predecessor-version":[{"id":955,"href":"https:\/\/onetech.dev\/irc\/wp-json\/wp\/v2\/pages\/951\/revisions\/955"}],"up":[{"embeddable":true,"href":"https:\/\/onetech.dev\/irc\/wp-json\/wp\/v2\/pages\/389"}],"wp:attachment":[{"href":"https:\/\/onetech.dev\/irc\/wp-json\/wp\/v2\/media?parent=951"}],"curies":[{"name":"wp","href":"https:\/\/api.w.org\/{rel}","templated":true}]}}