{"id":977,"date":"2026-04-20T13:21:08","date_gmt":"2026-04-20T12:21:08","guid":{"rendered":"https:\/\/onetech.dev\/irc\/?page_id=977"},"modified":"2026-04-20T13:21:08","modified_gmt":"2026-04-20T12:21:08","slug":"omics","status":"publish","type":"page","link":"https:\/\/onetech.dev\/irc\/projets-phares\/omics","title":{"rendered":"OMICS"},"content":{"rendered":"<section class=\"l-section wpb_row height_auto\"><div class=\"l-section-h i-cf\"><div class=\"g-cols vc_row via_grid cols_1 laptops-cols_inherit tablets-cols_inherit mobiles-cols_1 valign_top type_default stacking_default\"><div class=\"wpb_column vc_column_container\"><div class=\"vc_column-inner\"><div class=\"ult-spacer spacer-69f40281881ae\" data-id=\"69f40281881ae\" data-height=\"25\" data-height-mobile=\"25\" data-height-tab=\"25\" data-height-tab-portrait=\"\" data-height-mobile-landscape=\"\" style=\"clear:both;display:block;\"><\/div><div id=\"uvc-type-wrap-1788\"  data-ultimate-target='#uvc-type-wrap-1788'  data-responsive-json-new='{\"font-size\":\"desktop:26px;\",\"line-height\":\"\"}'  class=\"uvc-type-wrap  ult-adjust-bottom-margin ult-responsive  uvc-type-align-center  uvc-wrap-38341661769f40281881d8\" style=\"text-align:center;\"><span  data-ultimate-target='#uvc-type-wrap-1788 .mycustfancy'  data-responsive-json-new='{\"font-size\":\"desktop:26px;\",\"line-height\":\"\"}'  class=\"ultimate-typewriter-prefix mycustfancy ult-responsive\" style=\"font-weight:bold;color:#1B76BC; text-transform: unset;\">Projets<\/span><span id=\"typed-38341661769f40281881d8\" class=\"ultimate-typed-main fancytext-typewriter-background-enabled\" style=\"color:#1B76BC;background:#00000000; font-weight:bold; text-transform: unset;\"><\/span><script type=\"text\/javascript\">\n\t\t\t\t\t\tjQuery(function($){ \n\t\t\t\t\t\t\t$(document).ready(function(){\n\t\t\t\t\t\t\t\tif( typeof jQuery(\"#typed-38341661769f40281881d8\").typed == \"function\"){\n\t\t\t\t\t\t\t\t\t$(\"#typed-38341661769f40281881d8\").typed({\n\t\t\t\t\t\t\t\t\t\tstrings: [\"Phares\"],\n\t\t\t\t\t\t\t\t\t\ttypeSpeed: 35,\n\t\t\t\t\t\t\t\t\t\tbackSpeed: 0,\n\t\t\t\t\t\t\t\t\t\tstartDelay: \"200\",\n\t\t\t\t\t\t\t\t\t\tbackDelay: \"1500\",\n\t\t\t\t\t\t\t\t\t\tloop: true,\n\t\t\t\t\t\t\t\t\t\tloopCount: false,\n\t\t\t\t\t\t\t\t\t\tshowCursor: true,\n\t\t\t\t\t\t\t\t\t\tcursorChar: \"|\",\n\t\t\t\t\t\t\t\t\t\tattr: null\n\t\t\t\t\t\t\t\t\t});\n\t\t\t\t\t\t\t\t}\n\t\t\t\t\t\t\t});\n\t\t\t\t\t\t});\n\t\t\t\t\t<\/script><\/div><div class=\"ult-spacer spacer-69f40281883ab\" data-id=\"69f40281883ab\" data-height=\"10\" data-height-mobile=\"10\" data-height-tab=\"10\" data-height-tab-portrait=\"\" data-height-mobile-landscape=\"\" style=\"clear:both;display:block;\"><\/div><\/div><\/div><\/div><\/div><\/section><section class=\"l-section wpb_row height_auto width_custom\" style=\"--site-content-width:1200px;\"><div class=\"l-section-h i-cf\"><div class=\"g-cols vc_row via_grid cols_1-3 laptops-cols_inherit tablets-cols_inherit mobiles-cols_1 valign_top type_default stacking_default\"><div class=\"wpb_column vc_column_container us_custom_7e20fa79 us_animate_this type_sticky\"><div class=\"vc_column-inner\" style=\"top:180px\"><nav class=\"w-menu us_custom_d97262c1 has_text_color layout_ver style_blocks us_menu_1 with_children type_accordion icontype_chevron iconpos_after\" style=\"--main-gap:0rem;--main-ver-indent:0.8em;--main-hor-indent:0.8em;--main-color:var(--color-header-middle-bg);--main-hover-color:#f7941f;--main-active-color:#f7941f;--sub-gap:25px;\"><ul id=\"menu-projets-phares\" class=\"menu\"><li id=\"menu-item-836\" class=\"menu-item menu-item-type-custom menu-item-object-custom menu-item-has-children menu-item-836\"><a href=\"#\"><b><\/b><span>Essais Cliniques<\/span><\/a><ul class=\"sub-menu\"><li id=\"menu-item-886\" class=\"menu-item menu-item-type-post_type menu-item-object-page menu-item-886\"><a href=\"https:\/\/onetech.dev\/irc\/projets-phares\/presentation-essais-cliniques\"><b><\/b><span>&ensp; &#8226; Pr\u00e9sentation<\/span><\/a><\/li><li id=\"menu-item-885\" class=\"menu-item menu-item-type-post_type menu-item-object-page menu-item-885\"><a href=\"https:\/\/onetech.dev\/irc\/projets-phares\/evenements-essais-cliniques\"><b><\/b><span>&ensp; &#8226; \u00c9v\u00e8nements<\/span><\/a><\/li><\/ul><\/li><li id=\"menu-item-837\" class=\"menu-item menu-item-type-custom menu-item-object-custom menu-item-has-children menu-item-837\"><a href=\"#\"><b><\/b><span>Pathologie Num\u00e9rique<\/span><\/a><ul class=\"sub-menu\"><li id=\"menu-item-989\" class=\"menu-item menu-item-type-post_type menu-item-object-page menu-item-989\"><a href=\"https:\/\/onetech.dev\/irc\/projets-phares\/presentation-pathologie-numerique\"><b><\/b><span>&ensp; &#8226; Pr\u00e9sentation<\/span><\/a><\/li><li id=\"menu-item-988\" class=\"menu-item menu-item-type-post_type menu-item-object-page menu-item-988\"><a href=\"https:\/\/onetech.dev\/irc\/projets-phares\/comite-de-pilotage-pathologie-numerique\"><b><\/b><span>&ensp; &#8226; Comit\u00e9 de pilotage<\/span><\/a><\/li><li id=\"menu-item-987\" class=\"menu-item menu-item-type-post_type menu-item-object-page menu-item-987\"><a href=\"https:\/\/onetech.dev\/irc\/projets-phares\/strategie-pathologie-numerique\"><b><\/b><span>&ensp; &#8226; Strat\u00e9gie<\/span><\/a><\/li><li id=\"menu-item-986\" class=\"menu-item menu-item-type-post_type menu-item-object-page menu-item-986\"><a href=\"https:\/\/onetech.dev\/irc\/projets-phares\/evenements-pathologie-numerique\"><b><\/b><span>&ensp; &#8226; \u00c9v\u00e8nements<\/span><\/a><\/li><\/ul><\/li><li id=\"menu-item-838\" class=\"menu-item menu-item-type-custom menu-item-object-custom menu-item-has-children menu-item-838\"><a href=\"#\"><b><\/b><span>Biobanques<\/span><\/a><ul class=\"sub-menu\"><li id=\"menu-item-985\" class=\"menu-item menu-item-type-post_type menu-item-object-page menu-item-985\"><a href=\"https:\/\/onetech.dev\/irc\/projets-phares\/presentation-biobanques\"><b><\/b><span>&ensp; &#8226; Pr\u00e9sentation<\/span><\/a><\/li><li id=\"menu-item-984\" class=\"menu-item menu-item-type-post_type menu-item-object-page menu-item-984\"><a href=\"https:\/\/onetech.dev\/irc\/projets-phares\/strategie-biobanques\"><b><\/b><span>&ensp; &#8226; Strat\u00e9gie<\/span><\/a><\/li><li id=\"menu-item-999\" class=\"menu-item menu-item-type-post_type menu-item-object-page menu-item-999\"><a href=\"https:\/\/onetech.dev\/irc\/projets-phares\/comite-de-pilotage-biobanques\"><b><\/b><span>&ensp; &#8226; Comit\u00e9 de pilotage<\/span><\/a><\/li><li id=\"menu-item-1007\" class=\"menu-item menu-item-type-post_type menu-item-object-page menu-item-1007\"><a href=\"https:\/\/onetech.dev\/irc\/projets-phares\/evenements-biobanques\"><b><\/b><span>&ensp; &#8226; \u00c9v\u00e8nements<\/span><\/a><\/li><\/ul><\/li><li id=\"menu-item-983\" class=\"menu-item menu-item-type-post_type menu-item-object-page menu-item-983\"><a href=\"https:\/\/onetech.dev\/irc\/projets-phares\/omics\"><b><\/b><span>OMICS<\/span><\/a><\/li><li id=\"menu-item-840\" class=\"menu-item menu-item-type-custom menu-item-object-custom menu-item-840\"><a target=\"_blank\" href=\"https:\/\/covid.irc.ma\/\"><b><\/b><span>COVID &#038; Cancer<\/span><\/a><\/li><\/ul><style>@media ( max-width:600px ){.us_menu_1 .menu{display:block!important}.us_menu_1 .menu>li{margin:0 0 var(--main-gap,0rem)!important}}<\/style><\/nav><div class=\"ult-spacer spacer-69f402818affe\" data-id=\"69f402818affe\" data-height=\"10\" data-height-mobile=\"10\" data-height-tab=\"10\" data-height-tab-portrait=\"\" data-height-mobile-landscape=\"\" style=\"clear:both;display:block;\"><\/div><\/div><\/div><div class=\"wpb_column vc_column_container us_custom_47474b22 us_animate_this\"><div class=\"vc_column-inner\"><div class=\"w-text us_custom_a4dcccfd has_text_color\"><span class=\"w-text-h\"><span class=\"w-text-value\">OMICS<\/span><\/span><\/div><div class=\"ult-spacer spacer-69f402818b2a1\" data-id=\"69f402818b2a1\" data-height=\"25\" data-height-mobile=\"25\" data-height-tab=\"25\" data-height-tab-portrait=\"\" data-height-mobile-landscape=\"\" style=\"clear:both;display:block;\"><\/div><div class=\"wpb_text_column\"><div class=\"wpb_wrapper\"><p>En cours de d\u00e9veloppement.<\/p>\n<\/div><\/div><\/div><\/div><\/div><\/div><\/section><section class=\"l-section wpb_row height_small\"><div class=\"l-section-h i-cf\"><div class=\"g-cols vc_row via_grid cols_1 laptops-cols_inherit tablets-cols_inherit mobiles-cols_1 valign_top type_default stacking_default\"><div class=\"wpb_column vc_column_container\"><div class=\"vc_column-inner\"><\/div><\/div><\/div><\/div><\/section>\n","protected":false},"excerpt":{"rendered":"ProjetsEssais Cliniques&ensp; &#8226; Pr\u00e9sentation&ensp; &#8226; \u00c9v\u00e8nementsPathologie Num\u00e9rique&ensp; &#8226; Pr\u00e9sentation&ensp; &#8226; Comit\u00e9 de pilotage&ensp; &#8226; Strat\u00e9gie&ensp; &#8226; \u00c9v\u00e8nementsBiobanques&ensp; &#8226; Pr\u00e9sentation&ensp; &#8226; Strat\u00e9gie&ensp; &#8226; Comit\u00e9 de pilotage&ensp; &#8226; \u00c9v\u00e8nementsOMICSCOVID &#038; CancerOMICSEn cours de d\u00e9veloppement.","protected":false},"author":1,"featured_media":0,"parent":834,"menu_order":0,"comment_status":"closed","ping_status":"closed","template":"","meta":{"_acf_changed":false,"footnotes":""},"class_list":["post-977","page","type-page","status-publish","hentry"],"acf":[],"lang":"fr","translations":{"fr":977},"pll_sync_post":[],"_links":{"self":[{"href":"https:\/\/onetech.dev\/irc\/wp-json\/wp\/v2\/pages\/977","targetHints":{"allow":["GET"]}}],"collection":[{"href":"https:\/\/onetech.dev\/irc\/wp-json\/wp\/v2\/pages"}],"about":[{"href":"https:\/\/onetech.dev\/irc\/wp-json\/wp\/v2\/types\/page"}],"author":[{"embeddable":true,"href":"https:\/\/onetech.dev\/irc\/wp-json\/wp\/v2\/users\/1"}],"replies":[{"embeddable":true,"href":"https:\/\/onetech.dev\/irc\/wp-json\/wp\/v2\/comments?post=977"}],"version-history":[{"count":1,"href":"https:\/\/onetech.dev\/irc\/wp-json\/wp\/v2\/pages\/977\/revisions"}],"predecessor-version":[{"id":978,"href":"https:\/\/onetech.dev\/irc\/wp-json\/wp\/v2\/pages\/977\/revisions\/978"}],"up":[{"embeddable":true,"href":"https:\/\/onetech.dev\/irc\/wp-json\/wp\/v2\/pages\/834"}],"wp:attachment":[{"href":"https:\/\/onetech.dev\/irc\/wp-json\/wp\/v2\/media?parent=977"}],"curies":[{"name":"wp","href":"https:\/\/api.w.org\/{rel}","templated":true}]}}