{"id":106,"date":"2025-11-15T22:07:37","date_gmt":"2025-11-15T21:07:37","guid":{"rendered":"https:\/\/onetech.dev\/lipas\/?post_type=product&#038;p=106"},"modified":"2025-11-15T22:07:47","modified_gmt":"2025-11-15T21:07:47","slug":"boite-a-bill-inkjoy-rouge","status":"publish","type":"product","link":"https:\/\/onetech.dev\/lipas\/produit\/boite-a-bill-inkjoy-rouge","title":{"rendered":"Boite a bill Inkjoy ROUGE"},"content":{"rendered":"<h1 class=\"product_title entry-title\">Boite de 50 Stylos Paper Mate Inkjoy ROUGE<\/h1>\n<p>Optimisez votre plaisir d\u2019\u00e9crire avec le stylo bille Papermate Inkjoy 100.<br \/>\nUtilisant une encre \u00e0 faible viscosit\u00e9 r\u00e9sistante aux bavures, c\u2019est l\u2019alli\u00e9 id\u00e9al pour r\u00e9aliser des \u00e9critures douces et agr\u00e9ables. Sa pointe conique 1 mm donnant un trait de 0,7 mm vous offre une belle \u00e9criture moyenne. Ce n\u2019est pas tout, ce stylo bille vous procure \u00e9galement un confort d\u2019\u00e9criture id\u00e9al.<br \/>\nSi cet article vous int\u00e9resse, retrouvez-le chez Bruneau. Il est disponible en 4 couleurs d\u2019encre au choix : noir, bleu, rouge, vert.<\/p>\n","protected":false},"excerpt":{"rendered":"<p>Boite de 50 Stylos Paper Mate Inkjoy ROUGE Optimisez votre plaisir d\u2019\u00e9crire avec le stylo bille Papermate Inkjoy 100. Utilisant une encre \u00e0 faible viscosit\u00e9 r\u00e9sistante aux bavures, c\u2019est l\u2019alli\u00e9 id\u00e9al pour r\u00e9aliser des \u00e9critures douces et agr\u00e9ables. Sa pointe conique 1 mm donnant un trait de 0,7 mm vous offre une belle \u00e9criture moyenne&#8230;.<\/p>\n","protected":false},"featured_media":136,"template":"","meta":[],"product_brand":[],"product_cat":[20,21],"product_tag":[],"class_list":{"0":"post-106","1":"product","2":"type-product","3":"status-publish","4":"has-post-thumbnail","6":"product_cat-ecritures-et-correction","7":"product_cat-ecritures-et-correction-fourniture-de-bureau","9":"first","10":"instock","11":"taxable","12":"shipping-taxable","13":"purchasable","14":"product-type-simple"},"_links":{"self":[{"href":"https:\/\/onetech.dev\/lipas\/wp-json\/wp\/v2\/product\/106","targetHints":{"allow":["GET"]}}],"collection":[{"href":"https:\/\/onetech.dev\/lipas\/wp-json\/wp\/v2\/product"}],"about":[{"href":"https:\/\/onetech.dev\/lipas\/wp-json\/wp\/v2\/types\/product"}],"wp:featuredmedia":[{"embeddable":true,"href":"https:\/\/onetech.dev\/lipas\/wp-json\/wp\/v2\/media\/136"}],"wp:attachment":[{"href":"https:\/\/onetech.dev\/lipas\/wp-json\/wp\/v2\/media?parent=106"}],"wp:term":[{"taxonomy":"product_brand","embeddable":true,"href":"https:\/\/onetech.dev\/lipas\/wp-json\/wp\/v2\/product_brand?post=106"},{"taxonomy":"product_cat","embeddable":true,"href":"https:\/\/onetech.dev\/lipas\/wp-json\/wp\/v2\/product_cat?post=106"},{"taxonomy":"product_tag","embeddable":true,"href":"https:\/\/onetech.dev\/lipas\/wp-json\/wp\/v2\/product_tag?post=106"}],"curies":[{"name":"wp","href":"https:\/\/api.w.org\/{rel}","templated":true}]}}