{"id":108,"date":"2025-11-15T22:07:37","date_gmt":"2025-11-15T21:07:37","guid":{"rendered":"https:\/\/onetech.dev\/lipas\/?post_type=product&#038;p=108"},"modified":"2025-11-15T22:07:48","modified_gmt":"2025-11-15T21:07:48","slug":"paquet-de-100-chemises-dossiers","status":"publish","type":"product","link":"https:\/\/onetech.dev\/lipas\/produit\/paquet-de-100-chemises-dossiers","title":{"rendered":"Paquet de 100 chemises dossiers"},"content":{"rendered":"","protected":false},"excerpt":{"rendered":"<p style=\"text-align: justify;\">Rock\u00a0\u00bbs est la gamme c\u00e9l\u00e8bre pour ses chemises aux couleurs vives, lumineuses et \u00e9clatantes. Avec Rock\u00a0\u00bbs, vos chemises se distinguent et votre classement couleur devient facile \u00e0 rep\u00e9rer pour une meilleure organisation de vos dossiers.<br \/>\nLa carte est noble, rigide et r\u00e9sistante, elle est certifi\u00e9e PEFC, issue de for\u00eats g\u00e9r\u00e9es durablement. Elle est fabriqu\u00e9e localement dans les usines du Groupe Exacompta-Clairefontaine.<br \/>\nGaranti\u00e9 100 ans d&rsquo;archivage, cette chemise accompagne votre classement pour longtemps.<br \/>\nCouleurs assorties : Bleu &#8211; Framboise &#8211; Gris &#8211; Havane &#8211; Jaune citron &#8211; Ocre &#8211; Rose &#8211; Rouge &#8211; Vert &#8211; Violine.<\/p>\n","protected":false},"featured_media":138,"template":"","meta":[],"product_brand":[],"product_cat":[22,17],"product_tag":[],"class_list":{"0":"post-108","1":"product","2":"type-product","3":"status-publish","4":"has-post-thumbnail","6":"product_cat-classement","7":"product_cat-fourniture-de-bureau","9":"first","10":"instock","11":"taxable","12":"shipping-taxable","13":"purchasable","14":"product-type-simple"},"_links":{"self":[{"href":"https:\/\/onetech.dev\/lipas\/wp-json\/wp\/v2\/product\/108","targetHints":{"allow":["GET"]}}],"collection":[{"href":"https:\/\/onetech.dev\/lipas\/wp-json\/wp\/v2\/product"}],"about":[{"href":"https:\/\/onetech.dev\/lipas\/wp-json\/wp\/v2\/types\/product"}],"wp:featuredmedia":[{"embeddable":true,"href":"https:\/\/onetech.dev\/lipas\/wp-json\/wp\/v2\/media\/138"}],"wp:attachment":[{"href":"https:\/\/onetech.dev\/lipas\/wp-json\/wp\/v2\/media?parent=108"}],"wp:term":[{"taxonomy":"product_brand","embeddable":true,"href":"https:\/\/onetech.dev\/lipas\/wp-json\/wp\/v2\/product_brand?post=108"},{"taxonomy":"product_cat","embeddable":true,"href":"https:\/\/onetech.dev\/lipas\/wp-json\/wp\/v2\/product_cat?post=108"},{"taxonomy":"product_tag","embeddable":true,"href":"https:\/\/onetech.dev\/lipas\/wp-json\/wp\/v2\/product_tag?post=108"}],"curies":[{"name":"wp","href":"https:\/\/api.w.org\/{rel}","templated":true}]}}