{"id":152,"date":"2025-11-15T22:07:49","date_gmt":"2025-11-15T21:07:49","guid":{"rendered":"https:\/\/onetech.dev\/lipas\/?post_type=product&#038;p=152"},"modified":"2025-11-15T22:07:54","modified_gmt":"2025-11-15T21:07:54","slug":"lot-de-50-chemises-lustrees-imprimes-3-rabats-exacompta-355g-m","status":"publish","type":"product","link":"https:\/\/onetech.dev\/lipas\/produit\/lot-de-50-chemises-lustrees-imprimes-3-rabats-exacompta-355g-m","title":{"rendered":"Lot de 50 Chemises lustr\u00e9es imprim\u00e9s 3 rabats Exacompta 355g\/m"},"content":{"rendered":"","protected":false},"excerpt":{"rendered":"<p style=\"text-align: justify;\">Cette chemise peut se classer dans un classeur ou un classeur \u00e0 levier gr\u00e2ce \u00e0 ses 4 perforations. On peut ainsi organiser son classement en sous-dossier, soigneusement identifi\u00e9 gr\u00e2ce aux lignes et grilles imprim\u00e9es. Carte lustr\u00e9e 4,75\/10\u00e8 355 g\/m\u00b2 , dimensions 24&#215;32 cm pour A4. Couleurs assorties.<\/p>\n","protected":false},"featured_media":180,"template":"","meta":[],"product_brand":[],"product_cat":[22,17],"product_tag":[],"class_list":{"0":"post-152","1":"product","2":"type-product","3":"status-publish","4":"has-post-thumbnail","6":"product_cat-classement","7":"product_cat-fourniture-de-bureau","9":"first","10":"instock","11":"taxable","12":"shipping-taxable","13":"purchasable","14":"product-type-simple"},"_links":{"self":[{"href":"https:\/\/onetech.dev\/lipas\/wp-json\/wp\/v2\/product\/152","targetHints":{"allow":["GET"]}}],"collection":[{"href":"https:\/\/onetech.dev\/lipas\/wp-json\/wp\/v2\/product"}],"about":[{"href":"https:\/\/onetech.dev\/lipas\/wp-json\/wp\/v2\/types\/product"}],"wp:featuredmedia":[{"embeddable":true,"href":"https:\/\/onetech.dev\/lipas\/wp-json\/wp\/v2\/media\/180"}],"wp:attachment":[{"href":"https:\/\/onetech.dev\/lipas\/wp-json\/wp\/v2\/media?parent=152"}],"wp:term":[{"taxonomy":"product_brand","embeddable":true,"href":"https:\/\/onetech.dev\/lipas\/wp-json\/wp\/v2\/product_brand?post=152"},{"taxonomy":"product_cat","embeddable":true,"href":"https:\/\/onetech.dev\/lipas\/wp-json\/wp\/v2\/product_cat?post=152"},{"taxonomy":"product_tag","embeddable":true,"href":"https:\/\/onetech.dev\/lipas\/wp-json\/wp\/v2\/product_tag?post=152"}],"curies":[{"name":"wp","href":"https:\/\/api.w.org\/{rel}","templated":true}]}}