{"id":153,"date":"2025-11-15T22:07:49","date_gmt":"2025-11-15T21:07:49","guid":{"rendered":"https:\/\/onetech.dev\/lipas\/?post_type=product&#038;p=153"},"modified":"2025-11-15T22:07:54","modified_gmt":"2025-11-15T21:07:54","slug":"paquets-de-100-chemises-exacompta-180g-m%c2%b2","status":"publish","type":"product","link":"https:\/\/onetech.dev\/lipas\/produit\/paquets-de-100-chemises-exacompta-180g-m%c2%b2","title":{"rendered":"Paquets de 100 Chemises Exacompta 180g\/m\u00b2"},"content":{"rendered":"","protected":false},"excerpt":{"rendered":"<p style=\"text-align: justify;\">Chemise semi-rigide en carte recycl\u00e9 tr\u00e8s r\u00e9sistante 180g\/m\u00b2, dim 24 x 32 cm pour document A4 capacit\u00e9 200 feuilles. Disponible en 5 Couleurs Pastels assorties : Bulle-Rose-Vert -Bleu-Jaune. Teintes Pastels.<\/p>\n","protected":false},"featured_media":181,"template":"","meta":[],"product_brand":[],"product_cat":[22,17],"product_tag":[],"class_list":{"0":"post-153","1":"product","2":"type-product","3":"status-publish","4":"has-post-thumbnail","6":"product_cat-classement","7":"product_cat-fourniture-de-bureau","9":"first","10":"instock","11":"taxable","12":"shipping-taxable","13":"purchasable","14":"product-type-simple"},"_links":{"self":[{"href":"https:\/\/onetech.dev\/lipas\/wp-json\/wp\/v2\/product\/153","targetHints":{"allow":["GET"]}}],"collection":[{"href":"https:\/\/onetech.dev\/lipas\/wp-json\/wp\/v2\/product"}],"about":[{"href":"https:\/\/onetech.dev\/lipas\/wp-json\/wp\/v2\/types\/product"}],"wp:featuredmedia":[{"embeddable":true,"href":"https:\/\/onetech.dev\/lipas\/wp-json\/wp\/v2\/media\/181"}],"wp:attachment":[{"href":"https:\/\/onetech.dev\/lipas\/wp-json\/wp\/v2\/media?parent=153"}],"wp:term":[{"taxonomy":"product_brand","embeddable":true,"href":"https:\/\/onetech.dev\/lipas\/wp-json\/wp\/v2\/product_brand?post=153"},{"taxonomy":"product_cat","embeddable":true,"href":"https:\/\/onetech.dev\/lipas\/wp-json\/wp\/v2\/product_cat?post=153"},{"taxonomy":"product_tag","embeddable":true,"href":"https:\/\/onetech.dev\/lipas\/wp-json\/wp\/v2\/product_tag?post=153"}],"curies":[{"name":"wp","href":"https:\/\/api.w.org\/{rel}","templated":true}]}}