{"id":156,"date":"2025-11-15T22:07:49","date_gmt":"2025-11-15T21:07:49","guid":{"rendered":"https:\/\/onetech.dev\/lipas\/?post_type=product&#038;p=156"},"modified":"2025-11-15T22:07:57","modified_gmt":"2025-11-15T21:07:57","slug":"porte-documents-classeur-serie-luxe-bleu-marine","status":"publish","type":"product","link":"https:\/\/onetech.dev\/lipas\/produit\/porte-documents-classeur-serie-luxe-bleu-marine","title":{"rendered":"Porte-documents classeur s\u00e9rie luxe Bleu Marine"},"content":{"rendered":"","protected":false},"excerpt":{"rendered":"<p style=\"text-align: justify;\">Relieur pr\u00e9sentoir porte-tarif fabrique en carton redouble (2,5 mm) plein PVC luxe soude couleurs, m\u00e9canisme a anneaux rond, avec syst\u00e8me de 3 couvertures qui lui donne une assise pyramide, poign\u00e9e en plastique rigide.<\/p>\n","protected":false},"featured_media":184,"template":"","meta":[],"product_brand":[],"product_cat":[22],"product_tag":[],"class_list":{"0":"post-156","1":"product","2":"type-product","3":"status-publish","4":"has-post-thumbnail","6":"product_cat-classement","8":"first","9":"instock","10":"taxable","11":"shipping-taxable","12":"purchasable","13":"product-type-simple"},"_links":{"self":[{"href":"https:\/\/onetech.dev\/lipas\/wp-json\/wp\/v2\/product\/156","targetHints":{"allow":["GET"]}}],"collection":[{"href":"https:\/\/onetech.dev\/lipas\/wp-json\/wp\/v2\/product"}],"about":[{"href":"https:\/\/onetech.dev\/lipas\/wp-json\/wp\/v2\/types\/product"}],"wp:featuredmedia":[{"embeddable":true,"href":"https:\/\/onetech.dev\/lipas\/wp-json\/wp\/v2\/media\/184"}],"wp:attachment":[{"href":"https:\/\/onetech.dev\/lipas\/wp-json\/wp\/v2\/media?parent=156"}],"wp:term":[{"taxonomy":"product_brand","embeddable":true,"href":"https:\/\/onetech.dev\/lipas\/wp-json\/wp\/v2\/product_brand?post=156"},{"taxonomy":"product_cat","embeddable":true,"href":"https:\/\/onetech.dev\/lipas\/wp-json\/wp\/v2\/product_cat?post=156"},{"taxonomy":"product_tag","embeddable":true,"href":"https:\/\/onetech.dev\/lipas\/wp-json\/wp\/v2\/product_tag?post=156"}],"curies":[{"name":"wp","href":"https:\/\/api.w.org\/{rel}","templated":true}]}}