{"id":165,"date":"2025-11-15T22:07:50","date_gmt":"2025-11-15T21:07:50","guid":{"rendered":"https:\/\/onetech.dev\/lipas\/?post_type=product&#038;p=165"},"modified":"2025-11-15T22:08:00","modified_gmt":"2025-11-15T21:08:00","slug":"porte-documents-valisette-serie-luxe","status":"publish","type":"product","link":"https:\/\/onetech.dev\/lipas\/produit\/porte-documents-valisette-serie-luxe","title":{"rendered":"Porte-documents valisette s\u00e9rie luxe"},"content":{"rendered":"","protected":false},"excerpt":{"rendered":"<p style=\"text-align: justify;\">Relieur valisette en carton redoubl\u00e9 (2,3 mm) plein simili cuir couleurs \u00e0 double m\u00e9canisme, 4 anneaux en D, avec poign\u00e9e souple, fermeture avec bouton \u00e0 pression.<\/p>\n","protected":false},"featured_media":194,"template":"","meta":[],"product_brand":[],"product_cat":[22,17],"product_tag":[],"class_list":{"0":"post-165","1":"product","2":"type-product","3":"status-publish","4":"has-post-thumbnail","6":"product_cat-classement","7":"product_cat-fourniture-de-bureau","9":"first","10":"instock","11":"taxable","12":"shipping-taxable","13":"purchasable","14":"product-type-simple"},"_links":{"self":[{"href":"https:\/\/onetech.dev\/lipas\/wp-json\/wp\/v2\/product\/165","targetHints":{"allow":["GET"]}}],"collection":[{"href":"https:\/\/onetech.dev\/lipas\/wp-json\/wp\/v2\/product"}],"about":[{"href":"https:\/\/onetech.dev\/lipas\/wp-json\/wp\/v2\/types\/product"}],"wp:featuredmedia":[{"embeddable":true,"href":"https:\/\/onetech.dev\/lipas\/wp-json\/wp\/v2\/media\/194"}],"wp:attachment":[{"href":"https:\/\/onetech.dev\/lipas\/wp-json\/wp\/v2\/media?parent=165"}],"wp:term":[{"taxonomy":"product_brand","embeddable":true,"href":"https:\/\/onetech.dev\/lipas\/wp-json\/wp\/v2\/product_brand?post=165"},{"taxonomy":"product_cat","embeddable":true,"href":"https:\/\/onetech.dev\/lipas\/wp-json\/wp\/v2\/product_cat?post=165"},{"taxonomy":"product_tag","embeddable":true,"href":"https:\/\/onetech.dev\/lipas\/wp-json\/wp\/v2\/product_tag?post=165"}],"curies":[{"name":"wp","href":"https:\/\/api.w.org\/{rel}","templated":true}]}}