{"id":201,"date":"2025-11-15T22:08:02","date_gmt":"2025-11-15T21:08:02","guid":{"rendered":"https:\/\/onetech.dev\/lipas\/?post_type=product&#038;p=201"},"modified":"2025-11-15T22:08:04","modified_gmt":"2025-11-15T21:08:04","slug":"classeur-a-levier-simili-cuir-32x28x5","status":"publish","type":"product","link":"https:\/\/onetech.dev\/lipas\/produit\/classeur-a-levier-simili-cuir-32x28x5","title":{"rendered":"Classeur \u00e0 Levier Simili Cuir 32x28x5"},"content":{"rendered":"","protected":false},"excerpt":{"rendered":"<p style=\"text-align: justify;\">Classeur plein simili cuir couleur ext\u00e9rieur et\/ou int\u00e9rieur en carton redouble (2,3 mm), avec porte-\u00e9tiquette transparente au dos, \u0153illet de pr\u00e9hension chrome.<\/p>\n","protected":false},"featured_media":231,"template":"","meta":[],"product_brand":[],"product_cat":[22,17],"product_tag":[],"class_list":{"0":"post-201","1":"product","2":"type-product","3":"status-publish","4":"has-post-thumbnail","6":"product_cat-classement","7":"product_cat-fourniture-de-bureau","9":"first","10":"instock","11":"taxable","12":"shipping-taxable","13":"purchasable","14":"product-type-simple"},"_links":{"self":[{"href":"https:\/\/onetech.dev\/lipas\/wp-json\/wp\/v2\/product\/201","targetHints":{"allow":["GET"]}}],"collection":[{"href":"https:\/\/onetech.dev\/lipas\/wp-json\/wp\/v2\/product"}],"about":[{"href":"https:\/\/onetech.dev\/lipas\/wp-json\/wp\/v2\/types\/product"}],"wp:featuredmedia":[{"embeddable":true,"href":"https:\/\/onetech.dev\/lipas\/wp-json\/wp\/v2\/media\/231"}],"wp:attachment":[{"href":"https:\/\/onetech.dev\/lipas\/wp-json\/wp\/v2\/media?parent=201"}],"wp:term":[{"taxonomy":"product_brand","embeddable":true,"href":"https:\/\/onetech.dev\/lipas\/wp-json\/wp\/v2\/product_brand?post=201"},{"taxonomy":"product_cat","embeddable":true,"href":"https:\/\/onetech.dev\/lipas\/wp-json\/wp\/v2\/product_cat?post=201"},{"taxonomy":"product_tag","embeddable":true,"href":"https:\/\/onetech.dev\/lipas\/wp-json\/wp\/v2\/product_tag?post=201"}],"curies":[{"name":"wp","href":"https:\/\/api.w.org\/{rel}","templated":true}]}}