{"id":89,"date":"2025-11-15T22:07:37","date_gmt":"2025-11-15T21:07:37","guid":{"rendered":"https:\/\/onetech.dev\/lipas\/?post_type=product&#038;p=89"},"modified":"2025-11-15T22:07:41","modified_gmt":"2025-11-15T21:07:41","slug":"stylos-bic-a-bille-cristale-noir","status":"publish","type":"product","link":"https:\/\/onetech.dev\/lipas\/produit\/stylos-bic-a-bille-cristale-noir","title":{"rendered":"stylos BIC \u00e0 Bille CRISTALE &#8211; NOIR"},"content":{"rendered":"<h1 class=\"product_title entry-title\">Stylo bille (Noir) Bic Cristal Original Boite de 50 Stylo<\/h1>\n<div class=\"woocommerce-product-details__short-description\">\n<div class=\"woocommerce-product-details__short-description\">\n<div class=\"woocommerce-product-details__short-description\">\n<p>Le stylo bille Bic Cristal Original vous assurera une belle \u00e9criture. De plus, il est tr\u00e8s confortable en main, gr\u00e2ce \u00e0 son corps hexagonal. Avec sa pointe conique \u00d8 1 mm, de trait 0,32 mm, vous profitez d\u2019une exp\u00e9rience calligraphique incomparable quand vous r\u00e9digez une lettre, une note ou un document entier \u00e0 la main. Ecrit jusqu\u2019\u00e0 2 fois plus longtemps que les stylos bille classiques : 3 km de longueur d\u2019\u00e9criture.*<\/p>\n<p>Ce stylo fonctionne \u00e0 l\u2019aide d\u2019une encre \u00e0 base d\u2019huile, gage de sa performance. Il permet un trac\u00e9 net, et ne permet aucune fuite. Sa pointe est prot\u00e9g\u00e9e par un capuchon ventil\u00e9 conforme \u00e0 la norme de s\u00e9curit\u00e9.<\/p>\n<p>Rechargeable, c\u2019est un style \u00e9conomique et pratique. La couleur transparente du corps permettra de garder un \u0153il sur le niveau d\u2019encre. Certifi\u00e9 NF Environnement et sans PVC, ce produit est \u00e9cologique et conforme aux normes de qualit\u00e9 requises.<\/p>\n<p>Pour vos travaux d\u2019\u00e9criture, vous avez 4 couleurs d\u2019encre au choix : noir, bleu, rouge, vert.<\/p>\n<\/div>\n<\/div>\n<\/div>\n","protected":false},"excerpt":{"rendered":"<p>Stylo bille (Noir) Bic Cristal Original Boite de 50 Stylo Le stylo bille Bic Cristal Original vous assurera une belle \u00e9criture. De plus, il est tr\u00e8s confortable en main, gr\u00e2ce \u00e0 son corps hexagonal. Avec sa pointe conique \u00d8 1 mm, de trait 0,32 mm, vous profitez d\u2019une exp\u00e9rience calligraphique incomparable quand vous r\u00e9digez une&#8230;<\/p>\n","protected":false},"featured_media":119,"template":"","meta":[],"product_brand":[],"product_cat":[20,21],"product_tag":[],"class_list":{"0":"post-89","1":"product","2":"type-product","3":"status-publish","4":"has-post-thumbnail","6":"product_cat-ecritures-et-correction","7":"product_cat-ecritures-et-correction-fourniture-de-bureau","9":"first","10":"instock","11":"taxable","12":"shipping-taxable","13":"purchasable","14":"product-type-simple"},"_links":{"self":[{"href":"https:\/\/onetech.dev\/lipas\/wp-json\/wp\/v2\/product\/89","targetHints":{"allow":["GET"]}}],"collection":[{"href":"https:\/\/onetech.dev\/lipas\/wp-json\/wp\/v2\/product"}],"about":[{"href":"https:\/\/onetech.dev\/lipas\/wp-json\/wp\/v2\/types\/product"}],"wp:featuredmedia":[{"embeddable":true,"href":"https:\/\/onetech.dev\/lipas\/wp-json\/wp\/v2\/media\/119"}],"wp:attachment":[{"href":"https:\/\/onetech.dev\/lipas\/wp-json\/wp\/v2\/media?parent=89"}],"wp:term":[{"taxonomy":"product_brand","embeddable":true,"href":"https:\/\/onetech.dev\/lipas\/wp-json\/wp\/v2\/product_brand?post=89"},{"taxonomy":"product_cat","embeddable":true,"href":"https:\/\/onetech.dev\/lipas\/wp-json\/wp\/v2\/product_cat?post=89"},{"taxonomy":"product_tag","embeddable":true,"href":"https:\/\/onetech.dev\/lipas\/wp-json\/wp\/v2\/product_tag?post=89"}],"curies":[{"name":"wp","href":"https:\/\/api.w.org\/{rel}","templated":true}]}}