{"id":94,"date":"2025-11-15T22:07:37","date_gmt":"2025-11-15T21:07:37","guid":{"rendered":"https:\/\/onetech.dev\/lipas\/?post_type=product&#038;p=94"},"modified":"2025-11-15T22:07:43","modified_gmt":"2025-11-15T21:07:43","slug":"stylo-bille-bic-orange-rouge","status":"publish","type":"product","link":"https:\/\/onetech.dev\/lipas\/produit\/stylo-bille-bic-orange-rouge","title":{"rendered":"Stylo bille Bic Orange \u2013 ROUGE"},"content":{"rendered":"<h1 class=\"product_title entry-title\">Boite de 20 Stylo bille Bic Orange \u2013 \u00e9criture extra-fine \u2013 ROUGE<\/h1>\n<div class=\"woocommerce-product-details__short-description\">\n<div class=\"woocommerce-product-details__short-description\">\n<div class=\"woocommerce-product-details__short-description\">\n<p>Alliant fluidit\u00e9 et douceur d\u2019\u00e9criture, le stylo bille de Bic est un alli\u00e9 de choix pour vos prises de note. Le mod\u00e8le Cristal Orange pr\u00e9sente un corps fin et un capuchon pour prot\u00e9ger sa pointe. Avec son aspect conique et sa bille de diam\u00e8tre 0,8 mm, elle permet une \u00e9criture extra-fine et un trait de 0,3 mm. Pratique pour distinguer facilement les lettres et la lisibilit\u00e9 !<\/p>\n<p>Ce stylo r\u00e9alis\u00e9 sans PVC est certifi\u00e9 NF Environnement. De plus, il b\u00e9n\u00e9ficie du label \u00ab Produit vert \u00bb, preuves ind\u00e9niables de sa fiabilit\u00e9 en mati\u00e8re de qualit\u00e9 et de s\u00e9curit\u00e9 !<\/p>\n<p>Couleur d\u2019encre disponible : rouge, vert, noir et bleu.<br \/>\nLong\u00e9vit\u00e9 : jusqu\u2019\u00e0 3500 m d\u2019\u00e9criture (test SGS 2012\/2013 (pour les encres noire et bleue).<br \/>\nFabrication fran\u00e7aise.<\/p>\n<\/div>\n<\/div>\n<\/div>\n","protected":false},"excerpt":{"rendered":"<p>Boite de 20 Stylo bille Bic Orange \u2013 \u00e9criture extra-fine \u2013 ROUGE Alliant fluidit\u00e9 et douceur d\u2019\u00e9criture, le stylo bille de Bic est un alli\u00e9 de choix pour vos prises de note. Le mod\u00e8le Cristal Orange pr\u00e9sente un corps fin et un capuchon pour prot\u00e9ger sa pointe. Avec son aspect conique et sa bille de&#8230;<\/p>\n","protected":false},"featured_media":124,"template":"","meta":[],"product_brand":[],"product_cat":[20,21],"product_tag":[],"class_list":{"0":"post-94","1":"product","2":"type-product","3":"status-publish","4":"has-post-thumbnail","6":"product_cat-ecritures-et-correction","7":"product_cat-ecritures-et-correction-fourniture-de-bureau","9":"first","10":"instock","11":"taxable","12":"shipping-taxable","13":"purchasable","14":"product-type-simple"},"_links":{"self":[{"href":"https:\/\/onetech.dev\/lipas\/wp-json\/wp\/v2\/product\/94","targetHints":{"allow":["GET"]}}],"collection":[{"href":"https:\/\/onetech.dev\/lipas\/wp-json\/wp\/v2\/product"}],"about":[{"href":"https:\/\/onetech.dev\/lipas\/wp-json\/wp\/v2\/types\/product"}],"wp:featuredmedia":[{"embeddable":true,"href":"https:\/\/onetech.dev\/lipas\/wp-json\/wp\/v2\/media\/124"}],"wp:attachment":[{"href":"https:\/\/onetech.dev\/lipas\/wp-json\/wp\/v2\/media?parent=94"}],"wp:term":[{"taxonomy":"product_brand","embeddable":true,"href":"https:\/\/onetech.dev\/lipas\/wp-json\/wp\/v2\/product_brand?post=94"},{"taxonomy":"product_cat","embeddable":true,"href":"https:\/\/onetech.dev\/lipas\/wp-json\/wp\/v2\/product_cat?post=94"},{"taxonomy":"product_tag","embeddable":true,"href":"https:\/\/onetech.dev\/lipas\/wp-json\/wp\/v2\/product_tag?post=94"}],"curies":[{"name":"wp","href":"https:\/\/api.w.org\/{rel}","templated":true}]}}