{"id":99,"date":"2025-11-15T22:07:37","date_gmt":"2025-11-15T21:07:37","guid":{"rendered":"https:\/\/onetech.dev\/lipas\/?post_type=product&#038;p=99"},"modified":"2025-11-15T22:07:45","modified_gmt":"2025-11-15T21:07:45","slug":"marqueur-effacable-bic-velleda-bleu","status":"publish","type":"product","link":"https:\/\/onetech.dev\/lipas\/produit\/marqueur-effacable-bic-velleda-bleu","title":{"rendered":"Marqueur effa\u00e7able Bic Velleda BLEU"},"content":{"rendered":"<p>marqueur effa\u00e7able de Bic Velleda. Pratiques, ses couleurs vives et lumineuses offrent une bonne lisibilit\u00e9 sur le support. Muni d\u2019une pointe ogive \u00e0 trait de 1,9 mm, ce marqueur permet diff\u00e9rentes tailles d\u2019\u00e9criture.<br \/>\nBien pratique aussi sa pointe bloqu\u00e9e qui ne s\u2019enfonce pas et r\u00e9siste \u00e0 une pression normale. Si vous avez la main un peu forte, ce marqueur vous convient.<br \/>\nCet outil utilisant une encre c\u00e9tone ne laisse aucune trace apr\u00e8s effacement, et son odeur est neutre.<br \/>\nCe produit poss\u00e8de une certification NF environnement pour son caract\u00e8re \u00e9cologique.<br \/>\nChoisissez entre les 4 couleurs d\u2019encre propos\u00e9es : noir, bleu, rouge et vert.<br \/>\nFabriqu\u00e9 en France. De belles dimensions (diam\u00e8tre de 1.8 cm et longueur de 10.8 cm) pour une meilleure pr\u00e9hension.<\/p>\n","protected":false},"excerpt":{"rendered":"<p>marqueur effa\u00e7able de Bic Velleda. Pratiques, ses couleurs vives et lumineuses offrent une bonne lisibilit\u00e9 sur le support. Muni d\u2019une pointe ogive \u00e0 trait de 1,9 mm, ce marqueur permet diff\u00e9rentes tailles d\u2019\u00e9criture. Bien pratique aussi sa pointe bloqu\u00e9e qui ne s\u2019enfonce pas et r\u00e9siste \u00e0 une pression normale. Si vous avez la main un&#8230;<\/p>\n","protected":false},"featured_media":129,"template":"","meta":[],"product_brand":[],"product_cat":[21,20],"product_tag":[],"class_list":{"0":"post-99","1":"product","2":"type-product","3":"status-publish","4":"has-post-thumbnail","6":"product_cat-ecritures-et-correction-fourniture-de-bureau","7":"product_cat-ecritures-et-correction","9":"first","10":"instock","11":"taxable","12":"shipping-taxable","13":"purchasable","14":"product-type-simple"},"_links":{"self":[{"href":"https:\/\/onetech.dev\/lipas\/wp-json\/wp\/v2\/product\/99","targetHints":{"allow":["GET"]}}],"collection":[{"href":"https:\/\/onetech.dev\/lipas\/wp-json\/wp\/v2\/product"}],"about":[{"href":"https:\/\/onetech.dev\/lipas\/wp-json\/wp\/v2\/types\/product"}],"wp:featuredmedia":[{"embeddable":true,"href":"https:\/\/onetech.dev\/lipas\/wp-json\/wp\/v2\/media\/129"}],"wp:attachment":[{"href":"https:\/\/onetech.dev\/lipas\/wp-json\/wp\/v2\/media?parent=99"}],"wp:term":[{"taxonomy":"product_brand","embeddable":true,"href":"https:\/\/onetech.dev\/lipas\/wp-json\/wp\/v2\/product_brand?post=99"},{"taxonomy":"product_cat","embeddable":true,"href":"https:\/\/onetech.dev\/lipas\/wp-json\/wp\/v2\/product_cat?post=99"},{"taxonomy":"product_tag","embeddable":true,"href":"https:\/\/onetech.dev\/lipas\/wp-json\/wp\/v2\/product_tag?post=99"}],"curies":[{"name":"wp","href":"https:\/\/api.w.org\/{rel}","templated":true}]}}