{"id":7,"date":"2026-04-04T13:07:33","date_gmt":"2026-04-04T11:07:33","guid":{"rendered":"https:\/\/onetech.dev\/psychocoaching\/?page_id=7"},"modified":"2026-04-06T13:16:12","modified_gmt":"2026-04-06T12:16:12","slug":"accueil","status":"publish","type":"page","link":"https:\/\/onetech.dev\/psychocoaching\/","title":{"rendered":"Accueil"},"content":{"rendered":"<section class=\"l-section wpb_row height_small width_full\"><div class=\"l-section-h i-cf\"><div class=\"g-cols vc_row via_grid cols_1-4-1 laptops-cols_inherit tablets-cols_inherit mobiles-cols_1 valign_top type_default stacking_default\"><div class=\"wpb_column vc_column_container\"><div class=\"vc_column-inner\"><\/div><\/div><div class=\"wpb_column vc_column_container us_custom_60e9caca us_animate_this\"><div class=\"vc_column-inner\"><div class=\"wpb_text_column us_custom_1e0e9307\"><div class=\"wpb_wrapper\"><p style=\"text-align: center;\"><em>D\u00e9couvrez nos services de psychologie et de coaching avec un psychologue en ligne pour un accompagnement personnalis\u00e9, adapt\u00e9 \u00e0 vos besoins sp\u00e9cifiques. Notre \u00e9quipe d&rsquo;experts est l\u00e0 pour vous soutenir et vous guider \u00e0 chaque \u00e9tape de votre parcours.<\/em><\/p>\n<\/div><\/div><div class=\"ult-spacer spacer-69f3ef4354d51\" data-id=\"69f3ef4354d51\" data-height=\"20\" data-height-mobile=\"20\" data-height-tab=\"20\" data-height-tab-portrait=\"\" data-height-mobile-landscape=\"\" style=\"clear:both;display:block;\"><\/div><div class=\"w-image align_center\"><div class=\"w-image-h\"><img decoding=\"async\" width=\"117\" height=\"150\" src=\"https:\/\/onetech.dev\/psychocoaching\/data\/file_000000004124720aac369d728e245d02-3-117x150.png\" class=\"attachment-thumbnail size-thumbnail\" alt=\"\" loading=\"lazy\" srcset=\"https:\/\/onetech.dev\/psychocoaching\/data\/file_000000004124720aac369d728e245d02-3-117x150.png 117w, https:\/\/onetech.dev\/psychocoaching\/data\/file_000000004124720aac369d728e245d02-3-235x300.png 235w, https:\/\/onetech.dev\/psychocoaching\/data\/file_000000004124720aac369d728e245d02-3.png 300w\" sizes=\"auto, (max-width: 117px) 100vw, 117px\" \/><\/div><\/div><\/div><\/div><div class=\"wpb_column vc_column_container\"><div class=\"vc_column-inner\"><\/div><\/div><\/div><\/div><\/section><section class=\"l-section wpb_row height_small\"><div class=\"l-section-h i-cf\"><div class=\"g-cols vc_row via_grid cols_2 laptops-cols_inherit tablets-cols_inherit mobiles-cols_1 valign_top type_default stacking_default\"><div class=\"wpb_column vc_column_container us_custom_7e20fa79 us_animate_this\"><div class=\"vc_column-inner\"><div class=\"wpb_text_column\"><div class=\"wpb_wrapper\"><p style=\"text-align: justify;\">Chez Psychocoaching.ma, nous vous proposons un accompagnement professionnel en psychologie et coaching avec un psychologue en ligne , accessible partout au Maroc. Que vous soyez \u00e0 Casablanca, F\u00e8s, Mekn\u00e8s, Rabat, ou Agadir, nos psychologues qualifi\u00e9s sont l\u00e0 pour vous aider \u00e0 surmonter vos d\u00e9fis personnels et professionnels.<\/p>\n<p style=\"text-align: justify;\">Notre service de psychologie en ligne vous permet de consulter un psychologue depuis le confort de votre maison, facilitant ainsi l\u2019acc\u00e8s \u00e0 un soutien psychologique de qualit\u00e9. De plus, notre programme de coaching est con\u00e7u pour vous aider \u00e0 atteindre vos objectifs de vie et de carri\u00e8re, en vous offrant des outils pratiques et un suivi personnalis\u00e9.<\/p>\n<p style=\"text-align: justify;\">Explorez notre site pour d\u00e9couvrir comment nos services de psychologie et coaching peuvent am\u00e9liorer votre bien-\u00eatre et votre performance. Avec Psychocoaching.ma, b\u00e9n\u00e9ficiez d\u2019un accompagnement sur mesure, adapt\u00e9 \u00e0 vos besoins sp\u00e9cifiques, o\u00f9 que vous soyez au Maroc.<\/p>\n<\/div><\/div><div class=\"ult-spacer spacer-69f3ef4355906\" data-id=\"69f3ef4355906\" data-height=\"20\" data-height-mobile=\"20\" data-height-tab=\"20\" data-height-tab-portrait=\"\" data-height-mobile-landscape=\"\" style=\"clear:both;display:block;\"><\/div><div class=\"w-btn-wrapper align_none\"><a class=\"w-btn us-btn-style_1 icon_atleft\" href=\"#\"><i class=\"far fa-calendar-alt\"><\/i><span class=\"w-btn-label\">Prendre rendez-vous<\/span><\/a><\/div><\/div><\/div><div class=\"wpb_column vc_column_container us_custom_ae4994c8 us_animate_this has_bg_color\"><div class=\"vc_column-inner\"><\/div><\/div><\/div><\/div><\/section><section class=\"l-section wpb_row height_small\"><div class=\"l-section-h i-cf\"><div class=\"g-cols vc_row via_grid cols_1 laptops-cols_inherit tablets-cols_inherit mobiles-cols_1 valign_top type_default stacking_default\"><div class=\"wpb_column vc_column_container\"><div class=\"vc_column-inner\"><h3 class=\"w-text us_custom_8176d4de has_text_color\"><span class=\"w-text-h\"><span class=\"w-text-value\">Notre Expertise<\/span><\/span><\/h3><div class=\"ult-spacer spacer-69f3ef435608f\" data-id=\"69f3ef435608f\" data-height=\"10\" data-height-mobile=\"10\" data-height-tab=\"10\" data-height-tab-portrait=\"\" data-height-mobile-landscape=\"\" style=\"clear:both;display:block;\"><\/div><div class=\"g-cols wpb_row via_grid cols_2 laptops-cols_inherit tablets-cols_inherit mobiles-cols_1 valign_top type_default stacking_default\" style=\"--columns-gap:3rem;\"><div class=\"wpb_column vc_column_container us_custom_7e20fa79 us_animate_this\"><div class=\"vc_column-inner\"><h3 class=\"w-text us_custom_d6e33a60 has_text_color\"><span class=\"w-text-h\"><span class=\"w-text-value\">PSYCHOTH\u00c9RAPIE<\/span><\/span><\/h3><div class=\"wpb_text_column\"><div class=\"wpb_wrapper\"><p style=\"text-align: justify;\">Sur Psychocoaching.ma, Une psychoth\u00e9rapie, ou th\u00e9rapie, avec un psychologue vous aidera \u00e0 sortir d\u2019une situation difficile, \u00e0 comprendre vos sch\u00e9mas de fonctionnement et \u00e0 reprendre votre vie en main. En tant que psychologues, nous sommes form\u00e9s aux psychoth\u00e9rapies classiques ainsi qu&rsquo;aux th\u00e9rapies cognitives et comportementales (TCC).<\/p>\n<\/div><\/div><\/div><\/div><div class=\"wpb_column vc_column_container us_custom_47474b22 us_animate_this\"><div class=\"vc_column-inner\"><h3 class=\"w-text us_custom_d6e33a60 has_text_color\"><span class=\"w-text-h\"><span class=\"w-text-value\">COACHING<\/span><\/span><\/h3><div class=\"wpb_text_column\"><div class=\"wpb_wrapper\"><p style=\"text-align: justify;\">vous cherchez un coach au maroc? Sur Psychocoaching.ma, nous offrons des s\u00e9ances de coaching. \u00c0 la diff\u00e9rence de la th\u00e9rapie, le coaching cible la r\u00e9solution de situations sp\u00e9cifiques: par exemple, surmonter un manque de confiance en soi, trouver l\u2019\u00e2me s\u0153ur, r\u00e9gler des probl\u00e8mes professionnels ou personnels, etc.<\/p>\n<\/div><\/div><\/div><\/div><\/div><div class=\"ult-spacer spacer-69f3ef43568ae\" data-id=\"69f3ef43568ae\" data-height=\"30\" data-height-mobile=\"30\" data-height-tab=\"30\" data-height-tab-portrait=\"\" data-height-mobile-landscape=\"\" style=\"clear:both;display:block;\"><\/div><div class=\"g-cols wpb_row via_grid cols_2 laptops-cols_inherit tablets-cols_inherit mobiles-cols_1 valign_top type_default stacking_default\" style=\"--columns-gap:3rem;\"><div class=\"wpb_column vc_column_container us_custom_7e20fa79 us_animate_this\"><div class=\"vc_column-inner\"><h3 class=\"w-text us_custom_d6e33a60 has_text_color\"><span class=\"w-text-h\"><span class=\"w-text-value\">S\u00c9ANCES DE CONSEIL<\/span><\/span><\/h3><div class=\"wpb_text_column\"><div class=\"wpb_wrapper\"><p style=\"text-align: justify;\">Les s\u00e9ances de conseil propos\u00e9es chez Psychocoaching.ma par nos psychologues visent \u00e0 r\u00e9soudre, en une \u00e0 trois s\u00e9ances, des probl\u00e9matiques qui ne n\u00e9cessitent pas de recourir \u00e0 une psychoth\u00e9rapie.<\/p>\n<\/div><\/div><\/div><\/div><div class=\"wpb_column vc_column_container us_custom_47474b22 us_animate_this\"><div class=\"vc_column-inner\"><h3 class=\"w-text us_custom_d6e33a60 has_text_color\"><span class=\"w-text-h\"><span class=\"w-text-value\">CONFLITS DE COUPLES<\/span><\/span><\/h3><div class=\"wpb_text_column\"><div class=\"wpb_wrapper\"><p style=\"text-align: justify;\">Sur Psychocoaching.ma, nous sommes sp\u00e9cialis\u00e9s dans la th\u00e9rapie de couple pour vous aider \u00e0 surmonter les conflits et renforcer votre relation. Nos psychologues qualifi\u00e9s offrent des solutions adapt\u00e9es aux couples de tout le Maroc.<\/p>\n<\/div><\/div><\/div><\/div><\/div><\/div><\/div><\/div><\/div><\/section><section class=\"l-section wpb_row height_medium with_img parallax_ver\"><div class=\"l-section-img\" role=\"img\" aria-label=\"Image\" data-img-width=\"2560\" data-img-height=\"1707\" style=\"background-image: url(https:\/\/onetech.dev\/psychocoaching\/data\/psychologue-en-linge-maroc.jpg);\"><\/div><div class=\"l-section-h i-cf\"><div class=\"g-cols vc_row via_grid cols_2 laptops-cols_inherit tablets-cols_inherit mobiles-cols_1 valign_top type_default stacking_default\"><div class=\"wpb_column vc_column_container\"><div class=\"vc_column-inner\"><\/div><\/div><div class=\"wpb_column vc_column_container\"><div class=\"vc_column-inner\"><div class=\"ult-spacer spacer-69f3ef4357625\" data-id=\"69f3ef4357625\" data-height=\"50\" data-height-mobile=\"50\" data-height-tab=\"50\" data-height-tab-portrait=\"\" data-height-mobile-landscape=\"\" style=\"clear:both;display:block;\"><\/div><div class=\"w-text us_custom_e4d34830 has_text_color\"><span class=\"w-text-h\"><span class=\"w-text-value\">psychocoching.ma<\/span><\/span><\/div><div class=\"w-separator size_medium with_line width_30 thick_2 style_solid color_border align_center\"><div class=\"w-separator-h\"><\/div><\/div><div class=\"wpb_text_column us_custom_f7aa219d has_text_color\"><div class=\"wpb_wrapper\"><p>Des services de consultation psychologique et de coaching avec un psychologue en ligne sur mesure pour r\u00e9pondre aux besoins individuels, conjugaux et familiaux<\/p>\n<\/div><\/div><div class=\"ult-spacer spacer-69f3ef43578a9\" data-id=\"69f3ef43578a9\" data-height=\"50\" data-height-mobile=\"50\" data-height-tab=\"50\" data-height-tab-portrait=\"\" data-height-mobile-landscape=\"\" style=\"clear:both;display:block;\"><\/div><div class=\"w-btn-wrapper align_none\"><a class=\"w-btn us-btn-style_1 icon_atleft\" href=\"#\"><i class=\"far fa-calendar-alt\"><\/i><span class=\"w-btn-label\">Prendre rendez-vous<\/span><\/a><\/div><\/div><\/div><\/div><\/div><\/section><section class=\"l-section wpb_row height_medium width_custom\" style=\"--site-content-width:1200px;\"><div class=\"l-section-h i-cf\"><div class=\"g-cols vc_row via_grid cols_1 laptops-cols_inherit tablets-cols_inherit mobiles-cols_1 valign_top type_default stacking_default\"><div class=\"wpb_column vc_column_container\"><div class=\"vc_column-inner\"><div class=\"g-cols wpb_row via_grid cols_4 laptops-cols_inherit tablets-cols_inherit mobiles-cols_1 valign_top type_default stacking_default\" style=\"--columns-gap:3rem;\"><div class=\"wpb_column vc_column_container us_custom_7e20fa79 us_animate_this\"><div class=\"vc_column-inner\"><div class=\"wpb_text_column\"><div class=\"wpb_wrapper\"><p><img decoding=\"async\" class=\"aligncenter wp-image-24\" src=\"https:\/\/onetech.dev\/psychocoaching\/data\/SVG-copie.svg\" alt=\"\" width=\"130\" \/><\/p>\n<\/div><\/div><div class=\"ult-spacer spacer-69f3ef43581fa\" data-id=\"69f3ef43581fa\" data-height=\"10\" data-height-mobile=\"10\" data-height-tab=\"10\" data-height-tab-portrait=\"\" data-height-mobile-landscape=\"\" style=\"clear:both;display:block;\"><\/div><h3 class=\"w-text us_custom_803ff386 has_text_color\"><span class=\"w-text-h\"><span class=\"w-text-value\">Consultations Individuelles<\/span><\/span><\/h3><div class=\"wpb_text_column\"><div class=\"wpb_wrapper\"><p style=\"text-align: center;\">B\u00e9n\u00e9ficiez de l\u2019accompagnement personnalis\u00e9 d\u2019un psychologue dipl\u00f4m\u00e9 et sp\u00e9cialis\u00e9 pour r\u00e9soudre efficacement et durablement vos probl\u00e9matiques.<\/p>\n<\/div><\/div><\/div><\/div><div class=\"wpb_column vc_column_container us_custom_47474b22 us_animate_this\"><div class=\"vc_column-inner\"><div class=\"wpb_text_column\"><div class=\"wpb_wrapper\"><p><img decoding=\"async\" class=\"aligncenter wp-image-24\" src=\"https:\/\/onetech.dev\/psychocoaching\/data\/SVG-copie.svg\" alt=\"\" width=\"130\" \/><\/p>\n<\/div><\/div><div class=\"ult-spacer spacer-69f3ef435861b\" data-id=\"69f3ef435861b\" data-height=\"10\" data-height-mobile=\"10\" data-height-tab=\"10\" data-height-tab-portrait=\"\" data-height-mobile-landscape=\"\" style=\"clear:both;display:block;\"><\/div><h3 class=\"w-text us_custom_803ff386 has_text_color\"><span class=\"w-text-h\"><span class=\"w-text-value\">Th\u00e9rapies Conjugales<\/span><\/span><\/h3><div class=\"wpb_text_column\"><div class=\"wpb_wrapper\"><p style=\"text-align: center;\">Relancer le dialogue pour mieux s\u2019\u00e9couter et se comprendre avec votre partenaire. Restaurer la communication et aborder vos probl\u00e8mes d\u00e9licats.<\/p>\n<\/div><\/div><\/div><\/div><div class=\"wpb_column vc_column_container\"><div class=\"vc_column-inner\"><div class=\"wpb_text_column\"><div class=\"wpb_wrapper\"><p><img decoding=\"async\" class=\"aligncenter wp-image-24\" src=\"https:\/\/onetech.dev\/psychocoaching\/data\/SVG-copie.svg\" alt=\"\" width=\"130\" \/><\/p>\n<\/div><\/div><div class=\"ult-spacer spacer-69f3ef43589fa\" data-id=\"69f3ef43589fa\" data-height=\"10\" data-height-mobile=\"10\" data-height-tab=\"10\" data-height-tab-portrait=\"\" data-height-mobile-landscape=\"\" style=\"clear:both;display:block;\"><\/div><h3 class=\"w-text us_custom_803ff386 has_text_color\"><span class=\"w-text-h\"><span class=\"w-text-value\">Th\u00e9rapies Collectives<\/span><\/span><\/h3><div class=\"wpb_text_column\"><div class=\"wpb_wrapper\"><p style=\"text-align: center;\">Partager vos exp\u00e9riences avec d\u2019autres individus confront\u00e9s \u00e0 une probl\u00e9matique similaire dans un contexte professionnel.<\/p>\n<\/div><\/div><\/div><\/div><div class=\"wpb_column vc_column_container\"><div class=\"vc_column-inner\"><div class=\"wpb_text_column\"><div class=\"wpb_wrapper\"><p><img decoding=\"async\" class=\"aligncenter wp-image-24\" src=\"https:\/\/onetech.dev\/psychocoaching\/data\/SVG-copie.svg\" alt=\"\" width=\"130\" \/><\/p>\n<\/div><\/div><div class=\"ult-spacer spacer-69f3ef4358dd7\" data-id=\"69f3ef4358dd7\" data-height=\"10\" data-height-mobile=\"10\" data-height-tab=\"10\" data-height-tab-portrait=\"\" data-height-mobile-landscape=\"\" style=\"clear:both;display:block;\"><\/div><h3 class=\"w-text us_custom_803ff386 has_text_color\"><span class=\"w-text-h\"><span class=\"w-text-value\">Consultations pour Adolescents<\/span><\/span><\/h3><div class=\"wpb_text_column\"><div class=\"wpb_wrapper\"><p style=\"text-align: center;\">Accompagnement attentif pour les adolescents confront\u00e9s \u00e0 divers d\u00e9fis pendant cette p\u00e9riode de vie.<\/p>\n<\/div><\/div><\/div><\/div><\/div><\/div><\/div><\/div><\/div><\/section><section class=\"l-section wpb_row height_small\"><div class=\"l-section-h i-cf\"><div class=\"g-cols vc_row via_grid cols_1 laptops-cols_inherit tablets-cols_inherit mobiles-cols_1 valign_top type_default stacking_default\"><div class=\"wpb_column vc_column_container\"><div class=\"vc_column-inner\"><h3 class=\"w-text us_custom_8176d4de has_text_color\"><span class=\"w-text-h\"><span class=\"w-text-value\">Choisissez l&rsquo;abonnement qui vous correspond<\/span><\/span><\/h3><div class=\"ult-spacer spacer-69f3ef4359493\" data-id=\"69f3ef4359493\" data-height=\"10\" data-height-mobile=\"10\" data-height-tab=\"10\" data-height-tab-portrait=\"\" data-height-mobile-landscape=\"\" style=\"clear:both;display:block;\"><\/div><div class=\"wpb_text_column\"><div class=\"wpb_wrapper\"><p style=\"text-align: center;\">Les vid\u00e9o-consultations s&rsquo;adaptent parfaitement \u00e0 vos besoins de suivi coaching- psychologique avec un psychologue en ligne , offrant une flexibilit\u00e9 et une praticit\u00e9 tout en restant abordables.<\/p>\n<\/div><\/div><div class=\"ult-spacer spacer-69f3ef4359592\" data-id=\"69f3ef4359592\" data-height=\"40\" data-height-mobile=\"40\" data-height-tab=\"40\" data-height-tab-portrait=\"\" data-height-mobile-landscape=\"\" style=\"clear:both;display:block;\"><\/div><div class=\"w-pricing style_simple items_4\"><div class=\"w-pricing-item type_default\"><div class=\"w-pricing-item-h\"><div class=\"w-pricing-item-header\"><div class=\"w-pricing-item-title\">Pack Basique<\/div><div class=\"w-pricing-item-price\">300 Dh<small>1 S\u00e9ance<\/small><\/div><\/div><ul class=\"w-pricing-item-features\"><li class=\"w-pricing-item-feature\">Une consultation vid\u00e9o d'une dur\u00e9e de 45-60 minutes :<\/li><li class=\"w-pricing-item-feature\">- Int\u00e9gration de questionnaires<\/li><li class=\"w-pricing-item-feature\">- Options de chat disponibles<\/li><li class=\"w-pricing-item-feature\">- Confidentialit\u00e9 garantie<\/li><\/ul><div class=\"w-pricing-item-footer\"><a class=\"w-btn us-btn-style_1\" style=\"font-size:15px\" href=\"#\"><span class=\"w-btn-label\">R\u00e9servez Imm\u00e9diatement<\/span><\/a><\/div><\/div><\/div><div class=\"w-pricing-item type_featured\"><div class=\"w-pricing-item-h\"><div class=\"w-pricing-item-header\"><div class=\"w-pricing-item-title\">Pack Couple \/ S\u00e9ance Max<\/div><div class=\"w-pricing-item-price\">550 Dh<small>1 S\u00e9ance<\/small><\/div><\/div><ul class=\"w-pricing-item-features\"><li class=\"w-pricing-item-feature\">Une consultation vid\u00e9o d'une dur\u00e9e de 75-90 minutes :<\/li><li class=\"w-pricing-item-feature\">- Int\u00e9gration de questionnaires<\/li><li class=\"w-pricing-item-feature\">- Options de chat disponibles<\/li><li class=\"w-pricing-item-feature\">- Confidentialit\u00e9 garantie<\/li><li class=\"w-pricing-item-feature\">- Enti\u00e8rement en ligne<\/li><\/ul><div class=\"w-pricing-item-footer\"><a class=\"w-btn us-btn-style_1\" style=\"font-size:15px\" href=\"#\"><span class=\"w-btn-label\">R\u00e9servez Imm\u00e9diatement<\/span><\/a><\/div><\/div><\/div><div class=\"w-pricing-item type_default\"><div class=\"w-pricing-item-h\"><div class=\"w-pricing-item-header\"><div class=\"w-pricing-item-title\">Pack Pro<\/div><div class=\"w-pricing-item-price\">1 100 Dh<small>4 S\u00e9ances<\/small><\/div><\/div><ul class=\"w-pricing-item-features\"><li class=\"w-pricing-item-feature\">Une consultation vid\u00e9o d'une dur\u00e9e de 45-60 minutes :<\/li><li class=\"w-pricing-item-feature\">- Int\u00e9gration de questionnaires<\/li><li class=\"w-pricing-item-feature\">- Options de chat disponibles<\/li><li class=\"w-pricing-item-feature\">- Confidentialit\u00e9 garantie<\/li><li class=\"w-pricing-item-feature\">- Enti\u00e8rement en ligne<\/li><\/ul><div class=\"w-pricing-item-footer\"><a class=\"w-btn us-btn-style_1\" style=\"font-size:15px\" href=\"#\"><span class=\"w-btn-label\">R\u00e9servez Imm\u00e9diatement<\/span><\/a><\/div><\/div><\/div><div class=\"w-pricing-item type_default\"><div class=\"w-pricing-item-h\"><div class=\"w-pricing-item-header\"><div class=\"w-pricing-item-title\">Pack Pro +<\/div><div class=\"w-pricing-item-price\">2 700 Dh<small>10 S\u00e9ances<\/small><\/div><\/div><ul class=\"w-pricing-item-features\"><li class=\"w-pricing-item-feature\">Une consultation vid\u00e9o d'une dur\u00e9e de 45-60 minutes :<\/li><li class=\"w-pricing-item-feature\">- Int\u00e9gration de questionnaires<\/li><li class=\"w-pricing-item-feature\">- Options de chat disponibles<\/li><li class=\"w-pricing-item-feature\">- Confidentialit\u00e9 garantie<\/li><li class=\"w-pricing-item-feature\">- Enti\u00e8rement en ligne<\/li><\/ul><div class=\"w-pricing-item-footer\"><a class=\"w-btn us-btn-style_1\" style=\"font-size:15px\" href=\"#\"><span class=\"w-btn-label\">R\u00e9servez Imm\u00e9diatement<\/span><\/a><\/div><\/div><\/div><\/div><\/div><\/div><\/div><\/div><\/section>\n","protected":false},"excerpt":{"rendered":"D\u00e9couvrez nos services de psychologie et de coaching avec un psychologue en ligne pour un accompagnement personnalis\u00e9, adapt\u00e9 \u00e0 vos besoins sp\u00e9cifiques. Notre \u00e9quipe d&rsquo;experts est l\u00e0 pour vous soutenir et vous guider \u00e0 chaque \u00e9tape de votre parcours. Chez Psychocoaching.ma, nous vous proposons un accompagnement professionnel en psychologie et coaching avec un psychologue en...","protected":false},"author":1,"featured_media":0,"parent":0,"menu_order":0,"comment_status":"closed","ping_status":"closed","template":"","meta":{"footnotes":""},"class_list":["post-7","page","type-page","status-publish","hentry"],"_links":{"self":[{"href":"https:\/\/onetech.dev\/psychocoaching\/wp-json\/wp\/v2\/pages\/7","targetHints":{"allow":["GET"]}}],"collection":[{"href":"https:\/\/onetech.dev\/psychocoaching\/wp-json\/wp\/v2\/pages"}],"about":[{"href":"https:\/\/onetech.dev\/psychocoaching\/wp-json\/wp\/v2\/types\/page"}],"author":[{"embeddable":true,"href":"https:\/\/onetech.dev\/psychocoaching\/wp-json\/wp\/v2\/users\/1"}],"replies":[{"embeddable":true,"href":"https:\/\/onetech.dev\/psychocoaching\/wp-json\/wp\/v2\/comments?post=7"}],"version-history":[{"count":7,"href":"https:\/\/onetech.dev\/psychocoaching\/wp-json\/wp\/v2\/pages\/7\/revisions"}],"predecessor-version":[{"id":26,"href":"https:\/\/onetech.dev\/psychocoaching\/wp-json\/wp\/v2\/pages\/7\/revisions\/26"}],"wp:attachment":[{"href":"https:\/\/onetech.dev\/psychocoaching\/wp-json\/wp\/v2\/media?parent=7"}],"curies":[{"name":"wp","href":"https:\/\/api.w.org\/{rel}","templated":true}]}}